{"id":138339,"date":"2024-02-13T14:09:50","date_gmt":"2024-02-13T12:09:50","guid":{"rendered":"https:\/\/metaltale.com\/produktas\/logu-un-slegu-sledzenes-ontario\/"},"modified":"2024-02-13T14:09:50","modified_gmt":"2024-02-13T12:09:50","slug":"logu-un-slegu-sledzenes-ontario","status":"publish","type":"product","link":"https:\/\/metaltale.com\/lv\/produkts\/logu-un-slegu-sledzenes-ontario\/","title":{"rendered":"Logu un sl\u0113\u0123u sl\u0113dzenes ONTARIO"},"content":{"rendered":"<div class=\"prod_data\">\n<p><strong>Modelis<\/strong> AG.7233<br \/>\n<strong>EAN.<\/strong>  5905369911989<br \/>\n<strong>Materi\u0101ls<\/strong> T\u0113rauds<br \/>\n<strong>Kop\u0113jais augstums (cm<\/strong> ) 6,5<br \/>\n<strong>Kop\u0113jais platums (cm<\/strong> ) 8<br \/>\n<strong>Kop\u0113j\u0101 projekcija (cm<\/strong> ) 3,5<br \/>\nKr\u0101sa Melna<br \/>\n<strong>Virsmas tips<\/strong> Gluda <strong>virsma<\/strong> <\/p>\n<p>Pied\u0101v\u0101t\u0101 skr\u016bve ir ide\u0101ls produkts visiem, kas nov\u0113rt\u0113 vienk\u0101r\u0161\u012bbu un klasi. Priek\u0161roc\u012bba ir ar\u012b meln\u0101s kr\u0101sas daudzpus\u012bba, kas \u013cauj aizdari izmantot visda\u017e\u0101d\u0101kajos iek\u0101rtojumos, s\u0101kot no b\u0113ni\u0146u un beidzot ar lauku un modernu interjeru. Nelielais izm\u0113rs padara to ide\u0101li piem\u0113rotu logu aizv\u0113r\u0161anai, sl\u0113\u0123iem vai m\u0113be\u013cu durv\u012bm.<\/p>\n<hr>\n<\/div>\n","protected":false},"excerpt":{"rendered":"<p>Modelis AG.7233 EAN. 5905369911989 Materi\u0101ls T\u0113rauds Kop\u0113jais augstums (cm ) 6,5 Kop\u0113jais platums (cm ) 8 Kop\u0113j\u0101 projekcija (cm )<\/p>\n","protected":false},"featured_media":86506,"comment_status":"open","ping_status":"closed","template":"","meta":{"_acf_changed":false,"pmpro_default_level":""},"product_brand":[],"product_cat":[23889,23837,23865,23890],"product_tag":[],"class_list":{"0":"post-138339","1":"product","2":"type-product","3":"status-publish","4":"has-post-thumbnail","6":"product_cat-duru-spynos-lv","7":"product_cat-mebeles-piederumi","8":"product_cat-sklasciai-ir-kabliukai-lv","9":"product_cat-spynos-lv","10":"pmpro-has-access","12":"first","13":"instock","14":"shipping-taxable","15":"purchasable","16":"product-type-simple"},"acf":[],"yoast_head":"<!-- This site is optimized with the Yoast SEO plugin v24.9 - https:\/\/yoast.com\/wordpress\/plugins\/seo\/ -->\n<title>Logu un sl\u0113\u0123u sl\u0113dzenes ONTARIO - MetalTale.com<\/title>\n<meta name=\"robots\" content=\"index, follow, max-snippet:-1, max-image-preview:large, max-video-preview:-1\" \/>\n<link rel=\"canonical\" href=\"https:\/\/metaltale.com\/lv\/produkts\/logu-un-slegu-sledzenes-ontario\/\" \/>\n<meta property=\"og:locale\" content=\"lv_LV\" \/>\n<meta property=\"og:type\" content=\"article\" \/>\n<meta property=\"og:title\" content=\"Logu un sl\u0113\u0123u sl\u0113dzenes ONTARIO - MetalTale.com\" \/>\n<meta property=\"og:description\" content=\"Modelis AG.7233 EAN. 5905369911989 Materi\u0101ls T\u0113rauds Kop\u0113jais augstums (cm ) 6,5 Kop\u0113jais platums (cm ) 8 Kop\u0113j\u0101 projekcija (cm )\" \/>\n<meta property=\"og:url\" content=\"https:\/\/metaltale.com\/lv\/produkts\/logu-un-slegu-sledzenes-ontario\/\" \/>\n<meta property=\"og:site_name\" content=\"MetalTale.com\" \/>\n<meta property=\"og:image\" content=\"https:\/\/metaltale.com\/wp-content\/uploads\/2023\/10\/Skobel-TIESUS-ATSTUMAS-ONTARIJUJE.jpg\" \/>\n\t<meta property=\"og:image:width\" content=\"800\" \/>\n\t<meta property=\"og:image:height\" content=\"800\" \/>\n\t<meta property=\"og:image:type\" content=\"image\/jpeg\" \/>\n<meta name=\"twitter:card\" content=\"summary_large_image\" \/>\n<script type=\"application\/ld+json\" class=\"yoast-schema-graph\">{\"@context\":\"https:\/\/schema.org\",\"@graph\":[{\"@type\":\"WebPage\",\"@id\":\"https:\/\/metaltale.com\/lv\/produkts\/logu-un-slegu-sledzenes-ontario\/\",\"url\":\"https:\/\/metaltale.com\/lv\/produkts\/logu-un-slegu-sledzenes-ontario\/\",\"name\":\"Logu un sl\u0113\u0123u sl\u0113dzenes ONTARIO - MetalTale.com\",\"isPartOf\":{\"@id\":\"https:\/\/metaltale.com\/lv\/#website\"},\"primaryImageOfPage\":{\"@id\":\"https:\/\/metaltale.com\/lv\/produkts\/logu-un-slegu-sledzenes-ontario\/#primaryimage\"},\"image\":{\"@id\":\"https:\/\/metaltale.com\/lv\/produkts\/logu-un-slegu-sledzenes-ontario\/#primaryimage\"},\"thumbnailUrl\":\"https:\/\/metaltale.com\/wp-content\/uploads\/2023\/10\/Skobel-TIESUS-ATSTUMAS-ONTARIJUJE.jpg\",\"datePublished\":\"2024-02-13T12:09:50+00:00\",\"breadcrumb\":{\"@id\":\"https:\/\/metaltale.com\/lv\/produkts\/logu-un-slegu-sledzenes-ontario\/#breadcrumb\"},\"inLanguage\":\"lv-LV\",\"potentialAction\":[{\"@type\":\"ReadAction\",\"target\":[\"https:\/\/metaltale.com\/lv\/produkts\/logu-un-slegu-sledzenes-ontario\/\"]}]},{\"@type\":\"ImageObject\",\"inLanguage\":\"lv-LV\",\"@id\":\"https:\/\/metaltale.com\/lv\/produkts\/logu-un-slegu-sledzenes-ontario\/#primaryimage\",\"url\":\"https:\/\/metaltale.com\/wp-content\/uploads\/2023\/10\/Skobel-TIESUS-ATSTUMAS-ONTARIJUJE.jpg\",\"contentUrl\":\"https:\/\/metaltale.com\/wp-content\/uploads\/2023\/10\/Skobel-TIESUS-ATSTUMAS-ONTARIJUJE.jpg\",\"width\":800,\"height\":800,\"caption\":\"Logu un sl\u0113\u0123u sl\u0113dzenes ONTARIO\"},{\"@type\":\"BreadcrumbList\",\"@id\":\"https:\/\/metaltale.com\/lv\/produkts\/logu-un-slegu-sledzenes-ontario\/#breadcrumb\",\"itemListElement\":[{\"@type\":\"ListItem\",\"position\":1,\"name\":\"Home\",\"item\":\"https:\/\/metaltale.com\/lv\/majas\/\"},{\"@type\":\"ListItem\",\"position\":2,\"name\":\"Veikals\",\"item\":\"https:\/\/metaltale.com\/lv\/shop\/\"},{\"@type\":\"ListItem\",\"position\":3,\"name\":\"Logu un sl\u0113\u0123u sl\u0113dzenes ONTARIO\"}]},{\"@type\":\"WebSite\",\"@id\":\"https:\/\/metaltale.com\/lv\/#website\",\"url\":\"https:\/\/metaltale.com\/lv\/\",\"name\":\"Metaltale.com\",\"description\":\"\",\"potentialAction\":[{\"@type\":\"SearchAction\",\"target\":{\"@type\":\"EntryPoint\",\"urlTemplate\":\"https:\/\/metaltale.com\/lv\/?s={search_term_string}\"},\"query-input\":{\"@type\":\"PropertyValueSpecification\",\"valueRequired\":true,\"valueName\":\"search_term_string\"}}],\"inLanguage\":\"lv-LV\"}]}<\/script>\n<!-- \/ Yoast SEO plugin. -->","yoast_head_json":{"title":"Logu un sl\u0113\u0123u sl\u0113dzenes ONTARIO - MetalTale.com","robots":{"index":"index","follow":"follow","max-snippet":"max-snippet:-1","max-image-preview":"max-image-preview:large","max-video-preview":"max-video-preview:-1"},"canonical":"https:\/\/metaltale.com\/lv\/produkts\/logu-un-slegu-sledzenes-ontario\/","og_locale":"lv_LV","og_type":"article","og_title":"Logu un sl\u0113\u0123u sl\u0113dzenes ONTARIO - MetalTale.com","og_description":"Modelis AG.7233 EAN. 5905369911989 Materi\u0101ls T\u0113rauds Kop\u0113jais augstums (cm ) 6,5 Kop\u0113jais platums (cm ) 8 Kop\u0113j\u0101 projekcija (cm )","og_url":"https:\/\/metaltale.com\/lv\/produkts\/logu-un-slegu-sledzenes-ontario\/","og_site_name":"MetalTale.com","og_image":[{"width":800,"height":800,"url":"https:\/\/metaltale.com\/wp-content\/uploads\/2023\/10\/Skobel-TIESUS-ATSTUMAS-ONTARIJUJE.jpg","type":"image\/jpeg"}],"twitter_card":"summary_large_image","schema":{"@context":"https:\/\/schema.org","@graph":[{"@type":"WebPage","@id":"https:\/\/metaltale.com\/lv\/produkts\/logu-un-slegu-sledzenes-ontario\/","url":"https:\/\/metaltale.com\/lv\/produkts\/logu-un-slegu-sledzenes-ontario\/","name":"Logu un sl\u0113\u0123u sl\u0113dzenes ONTARIO - MetalTale.com","isPartOf":{"@id":"https:\/\/metaltale.com\/lv\/#website"},"primaryImageOfPage":{"@id":"https:\/\/metaltale.com\/lv\/produkts\/logu-un-slegu-sledzenes-ontario\/#primaryimage"},"image":{"@id":"https:\/\/metaltale.com\/lv\/produkts\/logu-un-slegu-sledzenes-ontario\/#primaryimage"},"thumbnailUrl":"https:\/\/metaltale.com\/wp-content\/uploads\/2023\/10\/Skobel-TIESUS-ATSTUMAS-ONTARIJUJE.jpg","datePublished":"2024-02-13T12:09:50+00:00","breadcrumb":{"@id":"https:\/\/metaltale.com\/lv\/produkts\/logu-un-slegu-sledzenes-ontario\/#breadcrumb"},"inLanguage":"lv-LV","potentialAction":[{"@type":"ReadAction","target":["https:\/\/metaltale.com\/lv\/produkts\/logu-un-slegu-sledzenes-ontario\/"]}]},{"@type":"ImageObject","inLanguage":"lv-LV","@id":"https:\/\/metaltale.com\/lv\/produkts\/logu-un-slegu-sledzenes-ontario\/#primaryimage","url":"https:\/\/metaltale.com\/wp-content\/uploads\/2023\/10\/Skobel-TIESUS-ATSTUMAS-ONTARIJUJE.jpg","contentUrl":"https:\/\/metaltale.com\/wp-content\/uploads\/2023\/10\/Skobel-TIESUS-ATSTUMAS-ONTARIJUJE.jpg","width":800,"height":800,"caption":"Logu un sl\u0113\u0123u sl\u0113dzenes ONTARIO"},{"@type":"BreadcrumbList","@id":"https:\/\/metaltale.com\/lv\/produkts\/logu-un-slegu-sledzenes-ontario\/#breadcrumb","itemListElement":[{"@type":"ListItem","position":1,"name":"Home","item":"https:\/\/metaltale.com\/lv\/majas\/"},{"@type":"ListItem","position":2,"name":"Veikals","item":"https:\/\/metaltale.com\/lv\/shop\/"},{"@type":"ListItem","position":3,"name":"Logu un sl\u0113\u0123u sl\u0113dzenes ONTARIO"}]},{"@type":"WebSite","@id":"https:\/\/metaltale.com\/lv\/#website","url":"https:\/\/metaltale.com\/lv\/","name":"Metaltale.com","description":"","potentialAction":[{"@type":"SearchAction","target":{"@type":"EntryPoint","urlTemplate":"https:\/\/metaltale.com\/lv\/?s={search_term_string}"},"query-input":{"@type":"PropertyValueSpecification","valueRequired":true,"valueName":"search_term_string"}}],"inLanguage":"lv-LV"}]}},"_links":{"self":[{"href":"https:\/\/metaltale.com\/lv\/wp-json\/wp\/v2\/product\/138339","targetHints":{"allow":["GET"]}}],"collection":[{"href":"https:\/\/metaltale.com\/lv\/wp-json\/wp\/v2\/product"}],"about":[{"href":"https:\/\/metaltale.com\/lv\/wp-json\/wp\/v2\/types\/product"}],"replies":[{"embeddable":true,"href":"https:\/\/metaltale.com\/lv\/wp-json\/wp\/v2\/comments?post=138339"}],"version-history":[{"count":0,"href":"https:\/\/metaltale.com\/lv\/wp-json\/wp\/v2\/product\/138339\/revisions"}],"wp:featuredmedia":[{"embeddable":true,"href":"https:\/\/metaltale.com\/lv\/wp-json\/wp\/v2\/media\/86506"}],"wp:attachment":[{"href":"https:\/\/metaltale.com\/lv\/wp-json\/wp\/v2\/media?parent=138339"}],"wp:term":[{"taxonomy":"product_brand","embeddable":true,"href":"https:\/\/metaltale.com\/lv\/wp-json\/wp\/v2\/product_brand?post=138339"},{"taxonomy":"product_cat","embeddable":true,"href":"https:\/\/metaltale.com\/lv\/wp-json\/wp\/v2\/product_cat?post=138339"},{"taxonomy":"product_tag","embeddable":true,"href":"https:\/\/metaltale.com\/lv\/wp-json\/wp\/v2\/product_tag?post=138339"}],"curies":[{"name":"wp","href":"https:\/\/api.w.org\/{rel}","templated":true}]}}