{"id":138333,"date":"2024-02-13T14:09:50","date_gmt":"2024-02-13T12:09:50","guid":{"rendered":"https:\/\/metaltale.com\/produktas\/straight-distance-sledzene-logiem-zaluzijam-un-slegiem\/"},"modified":"2026-04-10T17:00:49","modified_gmt":"2026-04-10T15:00:49","slug":"straight-distance-sledzene-logiem-zaluzijam-un-slegiem","status":"publish","type":"product","link":"https:\/\/metaltale.com\/lv\/produkts\/straight-distance-sledzene-logiem-zaluzijam-un-slegiem\/","title":{"rendered":"STRAIGHT DISTANCE sl\u0113dzene logiem, \u017eal\u016bzij\u0101m un sl\u0113\u0123iem"},"content":{"rendered":"<div class=\"prod_data\">\n<p><strong>Modelis<\/strong> AG.12603<br \/>\n<strong>EAN.<\/strong>  5905369912023<br \/>\n<strong>Materi\u0101ls<\/strong> T\u0113rauds<br \/>\n<strong>Kop\u0113jais augstums (cm<\/strong> ) 6,5<br \/>\n<strong>Kop\u0113jais platums (cm<\/strong> ) 7,5<br \/>\n<strong>Kop\u0113j\u0101 projekcija (cm<\/strong> ) 2,5<br \/>\nKr\u0101sa Melna<br \/>\n<strong>Apdare<\/strong> Lakots<br \/>\n<strong>Virsmas tips<\/strong> Gluda <strong>virsma<\/strong> <\/p>\n<p>No augst\u0101k\u0101s kvalit\u0101tes t\u0113rauda izgatavoto bl\u012bv\u0113jumu var\u0113s izmantot k\u0101 logu vai sl\u0113\u0123u aizb\u012bdni un pat k\u0101 m\u0113be\u013cu sl\u0113dzeni. Meln\u0101s kr\u0101sas daudzpus\u012bba apvienojum\u0101 ar t\u0101s vienk\u0101r\u0161o un klasisko formu \u013cauj kombin\u0113t pied\u0101v\u0101to modeli ar da\u017e\u0101diem noform\u0113jumiem.<\/p>\n<hr>\n<\/div>\n","protected":false},"excerpt":{"rendered":"<p>Modelis AG.12603 EAN. 5905369912023 Materi\u0101ls T\u0113rauds Kop\u0113jais augstums (cm ) 6,5 Kop\u0113jais platums (cm ) 7,5 Kop\u0113j\u0101 projekcija (cm )<\/p>\n","protected":false},"featured_media":86482,"comment_status":"open","ping_status":"closed","template":"","meta":{"_acf_changed":false,"pmpro_default_level":""},"product_brand":[],"product_cat":[23892,23837,23865,23890],"product_tag":[],"class_list":{"0":"post-138333","1":"product","2":"type-product","3":"status-publish","4":"has-post-thumbnail","6":"product_cat-baldu-spynos-lv","7":"product_cat-mebeles-piederumi","8":"product_cat-sklasciai-ir-kabliukai-lv","9":"product_cat-spynos-lv","10":"pmpro-has-access","12":"first","13":"instock","14":"shipping-taxable","15":"purchasable","16":"product-type-simple"},"acf":[],"yoast_head":"<!-- This site is optimized with the Yoast SEO plugin v24.9 - https:\/\/yoast.com\/wordpress\/plugins\/seo\/ -->\n<title>STRAIGHT DISTANCE sl\u0113dzene logiem, \u017eal\u016bzij\u0101m un sl\u0113\u0123iem - MetalTale.com<\/title>\n<meta name=\"robots\" content=\"index, follow, max-snippet:-1, max-image-preview:large, max-video-preview:-1\" \/>\n<link rel=\"canonical\" href=\"https:\/\/metaltale.com\/lv\/produkts\/straight-distance-sledzene-logiem-zaluzijam-un-slegiem\/\" \/>\n<meta property=\"og:locale\" content=\"lv_LV\" \/>\n<meta property=\"og:type\" content=\"article\" \/>\n<meta property=\"og:title\" content=\"STRAIGHT DISTANCE sl\u0113dzene logiem, \u017eal\u016bzij\u0101m un sl\u0113\u0123iem - MetalTale.com\" \/>\n<meta property=\"og:description\" content=\"Modelis AG.12603 EAN. 5905369912023 Materi\u0101ls T\u0113rauds Kop\u0113jais augstums (cm ) 6,5 Kop\u0113jais platums (cm ) 7,5 Kop\u0113j\u0101 projekcija (cm )\" \/>\n<meta property=\"og:url\" content=\"https:\/\/metaltale.com\/lv\/produkts\/straight-distance-sledzene-logiem-zaluzijam-un-slegiem\/\" \/>\n<meta property=\"og:site_name\" content=\"MetalTale.com\" \/>\n<meta property=\"article:modified_time\" content=\"2026-04-10T15:00:49+00:00\" \/>\n<meta property=\"og:image\" content=\"https:\/\/metaltale.com\/wp-content\/uploads\/2023\/10\/Skobel-TIESUS-TARPIKLIS.jpg\" \/>\n\t<meta property=\"og:image:width\" content=\"800\" \/>\n\t<meta property=\"og:image:height\" content=\"800\" \/>\n\t<meta property=\"og:image:type\" content=\"image\/jpeg\" \/>\n<meta name=\"twitter:card\" content=\"summary_large_image\" \/>\n<script type=\"application\/ld+json\" class=\"yoast-schema-graph\">{\"@context\":\"https:\/\/schema.org\",\"@graph\":[{\"@type\":\"WebPage\",\"@id\":\"https:\/\/metaltale.com\/lv\/produkts\/straight-distance-sledzene-logiem-zaluzijam-un-slegiem\/\",\"url\":\"https:\/\/metaltale.com\/lv\/produkts\/straight-distance-sledzene-logiem-zaluzijam-un-slegiem\/\",\"name\":\"STRAIGHT DISTANCE sl\u0113dzene logiem, \u017eal\u016bzij\u0101m un sl\u0113\u0123iem - MetalTale.com\",\"isPartOf\":{\"@id\":\"https:\/\/metaltale.com\/lv\/#website\"},\"primaryImageOfPage\":{\"@id\":\"https:\/\/metaltale.com\/lv\/produkts\/straight-distance-sledzene-logiem-zaluzijam-un-slegiem\/#primaryimage\"},\"image\":{\"@id\":\"https:\/\/metaltale.com\/lv\/produkts\/straight-distance-sledzene-logiem-zaluzijam-un-slegiem\/#primaryimage\"},\"thumbnailUrl\":\"https:\/\/metaltale.com\/wp-content\/uploads\/2023\/10\/Skobel-TIESUS-TARPIKLIS.jpg\",\"datePublished\":\"2024-02-13T12:09:50+00:00\",\"dateModified\":\"2026-04-10T15:00:49+00:00\",\"breadcrumb\":{\"@id\":\"https:\/\/metaltale.com\/lv\/produkts\/straight-distance-sledzene-logiem-zaluzijam-un-slegiem\/#breadcrumb\"},\"inLanguage\":\"lv-LV\",\"potentialAction\":[{\"@type\":\"ReadAction\",\"target\":[\"https:\/\/metaltale.com\/lv\/produkts\/straight-distance-sledzene-logiem-zaluzijam-un-slegiem\/\"]}]},{\"@type\":\"ImageObject\",\"inLanguage\":\"lv-LV\",\"@id\":\"https:\/\/metaltale.com\/lv\/produkts\/straight-distance-sledzene-logiem-zaluzijam-un-slegiem\/#primaryimage\",\"url\":\"https:\/\/metaltale.com\/wp-content\/uploads\/2023\/10\/Skobel-TIESUS-TARPIKLIS.jpg\",\"contentUrl\":\"https:\/\/metaltale.com\/wp-content\/uploads\/2023\/10\/Skobel-TIESUS-TARPIKLIS.jpg\",\"width\":800,\"height\":800},{\"@type\":\"BreadcrumbList\",\"@id\":\"https:\/\/metaltale.com\/lv\/produkts\/straight-distance-sledzene-logiem-zaluzijam-un-slegiem\/#breadcrumb\",\"itemListElement\":[{\"@type\":\"ListItem\",\"position\":1,\"name\":\"Home\",\"item\":\"https:\/\/metaltale.com\/lv\/majas\/\"},{\"@type\":\"ListItem\",\"position\":2,\"name\":\"Veikals\",\"item\":\"https:\/\/metaltale.com\/lv\/shop\/\"},{\"@type\":\"ListItem\",\"position\":3,\"name\":\"STRAIGHT DISTANCE sl\u0113dzene logiem, \u017eal\u016bzij\u0101m un sl\u0113\u0123iem\"}]},{\"@type\":\"WebSite\",\"@id\":\"https:\/\/metaltale.com\/lv\/#website\",\"url\":\"https:\/\/metaltale.com\/lv\/\",\"name\":\"Metaltale.com\",\"description\":\"\",\"potentialAction\":[{\"@type\":\"SearchAction\",\"target\":{\"@type\":\"EntryPoint\",\"urlTemplate\":\"https:\/\/metaltale.com\/lv\/?s={search_term_string}\"},\"query-input\":{\"@type\":\"PropertyValueSpecification\",\"valueRequired\":true,\"valueName\":\"search_term_string\"}}],\"inLanguage\":\"lv-LV\"}]}<\/script>\n<!-- \/ Yoast SEO plugin. -->","yoast_head_json":{"title":"STRAIGHT DISTANCE sl\u0113dzene logiem, \u017eal\u016bzij\u0101m un sl\u0113\u0123iem - MetalTale.com","robots":{"index":"index","follow":"follow","max-snippet":"max-snippet:-1","max-image-preview":"max-image-preview:large","max-video-preview":"max-video-preview:-1"},"canonical":"https:\/\/metaltale.com\/lv\/produkts\/straight-distance-sledzene-logiem-zaluzijam-un-slegiem\/","og_locale":"lv_LV","og_type":"article","og_title":"STRAIGHT DISTANCE sl\u0113dzene logiem, \u017eal\u016bzij\u0101m un sl\u0113\u0123iem - MetalTale.com","og_description":"Modelis AG.12603 EAN. 5905369912023 Materi\u0101ls T\u0113rauds Kop\u0113jais augstums (cm ) 6,5 Kop\u0113jais platums (cm ) 7,5 Kop\u0113j\u0101 projekcija (cm )","og_url":"https:\/\/metaltale.com\/lv\/produkts\/straight-distance-sledzene-logiem-zaluzijam-un-slegiem\/","og_site_name":"MetalTale.com","article_modified_time":"2026-04-10T15:00:49+00:00","og_image":[{"width":800,"height":800,"url":"https:\/\/metaltale.com\/wp-content\/uploads\/2023\/10\/Skobel-TIESUS-TARPIKLIS.jpg","type":"image\/jpeg"}],"twitter_card":"summary_large_image","schema":{"@context":"https:\/\/schema.org","@graph":[{"@type":"WebPage","@id":"https:\/\/metaltale.com\/lv\/produkts\/straight-distance-sledzene-logiem-zaluzijam-un-slegiem\/","url":"https:\/\/metaltale.com\/lv\/produkts\/straight-distance-sledzene-logiem-zaluzijam-un-slegiem\/","name":"STRAIGHT DISTANCE sl\u0113dzene logiem, \u017eal\u016bzij\u0101m un sl\u0113\u0123iem - MetalTale.com","isPartOf":{"@id":"https:\/\/metaltale.com\/lv\/#website"},"primaryImageOfPage":{"@id":"https:\/\/metaltale.com\/lv\/produkts\/straight-distance-sledzene-logiem-zaluzijam-un-slegiem\/#primaryimage"},"image":{"@id":"https:\/\/metaltale.com\/lv\/produkts\/straight-distance-sledzene-logiem-zaluzijam-un-slegiem\/#primaryimage"},"thumbnailUrl":"https:\/\/metaltale.com\/wp-content\/uploads\/2023\/10\/Skobel-TIESUS-TARPIKLIS.jpg","datePublished":"2024-02-13T12:09:50+00:00","dateModified":"2026-04-10T15:00:49+00:00","breadcrumb":{"@id":"https:\/\/metaltale.com\/lv\/produkts\/straight-distance-sledzene-logiem-zaluzijam-un-slegiem\/#breadcrumb"},"inLanguage":"lv-LV","potentialAction":[{"@type":"ReadAction","target":["https:\/\/metaltale.com\/lv\/produkts\/straight-distance-sledzene-logiem-zaluzijam-un-slegiem\/"]}]},{"@type":"ImageObject","inLanguage":"lv-LV","@id":"https:\/\/metaltale.com\/lv\/produkts\/straight-distance-sledzene-logiem-zaluzijam-un-slegiem\/#primaryimage","url":"https:\/\/metaltale.com\/wp-content\/uploads\/2023\/10\/Skobel-TIESUS-TARPIKLIS.jpg","contentUrl":"https:\/\/metaltale.com\/wp-content\/uploads\/2023\/10\/Skobel-TIESUS-TARPIKLIS.jpg","width":800,"height":800},{"@type":"BreadcrumbList","@id":"https:\/\/metaltale.com\/lv\/produkts\/straight-distance-sledzene-logiem-zaluzijam-un-slegiem\/#breadcrumb","itemListElement":[{"@type":"ListItem","position":1,"name":"Home","item":"https:\/\/metaltale.com\/lv\/majas\/"},{"@type":"ListItem","position":2,"name":"Veikals","item":"https:\/\/metaltale.com\/lv\/shop\/"},{"@type":"ListItem","position":3,"name":"STRAIGHT DISTANCE sl\u0113dzene logiem, \u017eal\u016bzij\u0101m un sl\u0113\u0123iem"}]},{"@type":"WebSite","@id":"https:\/\/metaltale.com\/lv\/#website","url":"https:\/\/metaltale.com\/lv\/","name":"Metaltale.com","description":"","potentialAction":[{"@type":"SearchAction","target":{"@type":"EntryPoint","urlTemplate":"https:\/\/metaltale.com\/lv\/?s={search_term_string}"},"query-input":{"@type":"PropertyValueSpecification","valueRequired":true,"valueName":"search_term_string"}}],"inLanguage":"lv-LV"}]}},"_links":{"self":[{"href":"https:\/\/metaltale.com\/lv\/wp-json\/wp\/v2\/product\/138333","targetHints":{"allow":["GET"]}}],"collection":[{"href":"https:\/\/metaltale.com\/lv\/wp-json\/wp\/v2\/product"}],"about":[{"href":"https:\/\/metaltale.com\/lv\/wp-json\/wp\/v2\/types\/product"}],"replies":[{"embeddable":true,"href":"https:\/\/metaltale.com\/lv\/wp-json\/wp\/v2\/comments?post=138333"}],"version-history":[{"count":0,"href":"https:\/\/metaltale.com\/lv\/wp-json\/wp\/v2\/product\/138333\/revisions"}],"wp:featuredmedia":[{"embeddable":true,"href":"https:\/\/metaltale.com\/lv\/wp-json\/wp\/v2\/media\/86482"}],"wp:attachment":[{"href":"https:\/\/metaltale.com\/lv\/wp-json\/wp\/v2\/media?parent=138333"}],"wp:term":[{"taxonomy":"product_brand","embeddable":true,"href":"https:\/\/metaltale.com\/lv\/wp-json\/wp\/v2\/product_brand?post=138333"},{"taxonomy":"product_cat","embeddable":true,"href":"https:\/\/metaltale.com\/lv\/wp-json\/wp\/v2\/product_cat?post=138333"},{"taxonomy":"product_tag","embeddable":true,"href":"https:\/\/metaltale.com\/lv\/wp-json\/wp\/v2\/product_tag?post=138333"}],"curies":[{"name":"wp","href":"https:\/\/api.w.org\/{rel}","templated":true}]}}