{"id":138308,"date":"2024-02-13T14:09:05","date_gmt":"2024-02-13T12:09:05","guid":{"rendered":"https:\/\/metaltale.com\/produktas\/durvju-pieklauvejs-lauvas-galva\/"},"modified":"2024-02-13T14:09:05","modified_gmt":"2024-02-13T12:09:05","slug":"durvju-pieklauvejs-lauvas-galva","status":"publish","type":"product","link":"https:\/\/metaltale.com\/lv\/produkts\/durvju-pieklauvejs-lauvas-galva\/","title":{"rendered":"Durvju pieklauv\u0113js Lauvas galva"},"content":{"rendered":"<div class=\"prod_data\">\n<p><strong>Modelis<\/strong> 01.357.AI.100<br \/>\n<strong>EAN.<\/strong>  5905369918865<br \/>\nMateri\u0101ls Ketus<br \/>\n<strong>Kop\u0113jais augstums (cm<\/strong> ) 19<br \/>\nKop\u0113jais platums (cm ) 11<br \/>\n<strong>Kop\u0113j\u0101 projekcija (cm<\/strong> ) 4<br \/>\nT\u0113rauda <strong>kr\u0101sa<\/strong> <\/p>\n<p>Durvju pieklauv\u0113t\u0101ji ir aksesu\u0101ri, ko \u012bpa\u0161i izmanto kop\u0101 ar mas\u012bvkoka un mas\u012bvkoka durv\u012bm. Daudzus gadsimtus paz\u012bstami, tie ir \u013coti funkcion\u0101ls un iztur\u012bgs risin\u0101jums daudziem lauku interjeriem.<\/p>\n<p>Prezent\u0113tais klauv\u0113jamais meh\u0101nisms bija izgatavots no \u010duguna, nodro\u0161inot visaugst\u0101k\u0101s kvalit\u0101tes materi\u0101lu un uzman\u012bbu deta\u013c\u0101m. Klauv\u0113jkr\u0101nam ir lauvas galvas forma, kas palielina t\u0101 pievilc\u012bbu un padara to ide\u0101li piem\u0113rotu lauku klimatiskajiem apst\u0101k\u013ciem. Neapstr\u0101d\u0101t\u0101 t\u0113rauda kr\u0101sa tikai pastiprina t\u0101 retro raksturu.<\/p>\n<\/div>\n","protected":false},"excerpt":{"rendered":"<p>Modelis 01.357.AI.100 EAN. 5905369918865 Materi\u0101ls Ketus Kop\u0113jais augstums (cm ) 19 Kop\u0113jais platums (cm ) 11 Kop\u0113j\u0101 projekcija (cm )<\/p>\n","protected":false},"featured_media":101482,"comment_status":"open","ping_status":"closed","template":"","meta":{"_acf_changed":false,"pmpro_default_level":""},"product_brand":[],"product_cat":[23851,23837],"product_tag":[],"class_list":{"0":"post-138308","1":"product","2":"type-product","3":"status-publish","4":"has-post-thumbnail","6":"product_cat-durvju-klauveji","7":"product_cat-mebeles-piederumi","8":"pmpro-has-access","10":"first","11":"instock","12":"shipping-taxable","13":"purchasable","14":"product-type-simple"},"acf":[],"yoast_head":"<!-- This site is optimized with the Yoast SEO plugin v24.9 - https:\/\/yoast.com\/wordpress\/plugins\/seo\/ -->\n<title>Durvju pieklauv\u0113js Lauvas galva - MetalTale.com<\/title>\n<meta name=\"robots\" content=\"index, follow, max-snippet:-1, max-image-preview:large, max-video-preview:-1\" \/>\n<link rel=\"canonical\" href=\"https:\/\/metaltale.com\/lv\/produkts\/durvju-pieklauvejs-lauvas-galva\/\" \/>\n<meta property=\"og:locale\" content=\"lv_LV\" \/>\n<meta property=\"og:type\" content=\"article\" \/>\n<meta property=\"og:title\" content=\"Durvju pieklauv\u0113js Lauvas galva - MetalTale.com\" \/>\n<meta property=\"og:description\" content=\"Modelis 01.357.AI.100 EAN. 5905369918865 Materi\u0101ls Ketus Kop\u0113jais augstums (cm ) 19 Kop\u0113jais platums (cm ) 11 Kop\u0113j\u0101 projekcija (cm )\" \/>\n<meta property=\"og:url\" content=\"https:\/\/metaltale.com\/lv\/produkts\/durvju-pieklauvejs-lauvas-galva\/\" \/>\n<meta property=\"og:site_name\" content=\"MetalTale.com\" \/>\n<meta name=\"twitter:card\" content=\"summary_large_image\" \/>\n<meta name=\"twitter:label1\" content=\"Est. reading time\" \/>\n\t<meta name=\"twitter:data1\" content=\"1 minute\" \/>\n<script type=\"application\/ld+json\" class=\"yoast-schema-graph\">{\"@context\":\"https:\/\/schema.org\",\"@graph\":[{\"@type\":\"WebPage\",\"@id\":\"https:\/\/metaltale.com\/lv\/produkts\/durvju-pieklauvejs-lauvas-galva\/\",\"url\":\"https:\/\/metaltale.com\/lv\/produkts\/durvju-pieklauvejs-lauvas-galva\/\",\"name\":\"Durvju pieklauv\u0113js Lauvas galva - MetalTale.com\",\"isPartOf\":{\"@id\":\"https:\/\/metaltale.com\/lv\/#website\"},\"primaryImageOfPage\":{\"@id\":\"https:\/\/metaltale.com\/lv\/produkts\/durvju-pieklauvejs-lauvas-galva\/#primaryimage\"},\"image\":{\"@id\":\"https:\/\/metaltale.com\/lv\/produkts\/durvju-pieklauvejs-lauvas-galva\/#primaryimage\"},\"thumbnailUrl\":\"https:\/\/metaltale.com\/wp-content\/uploads\/2023\/11\/Durx173-trankytuvas-LIx16ATO-GALVA.jpg\",\"datePublished\":\"2024-02-13T12:09:05+00:00\",\"breadcrumb\":{\"@id\":\"https:\/\/metaltale.com\/lv\/produkts\/durvju-pieklauvejs-lauvas-galva\/#breadcrumb\"},\"inLanguage\":\"lv-LV\",\"potentialAction\":[{\"@type\":\"ReadAction\",\"target\":[\"https:\/\/metaltale.com\/lv\/produkts\/durvju-pieklauvejs-lauvas-galva\/\"]}]},{\"@type\":\"ImageObject\",\"inLanguage\":\"lv-LV\",\"@id\":\"https:\/\/metaltale.com\/lv\/produkts\/durvju-pieklauvejs-lauvas-galva\/#primaryimage\",\"url\":\"https:\/\/metaltale.com\/wp-content\/uploads\/2023\/11\/Durx173-trankytuvas-LIx16ATO-GALVA.jpg\",\"contentUrl\":\"https:\/\/metaltale.com\/wp-content\/uploads\/2023\/11\/Durx173-trankytuvas-LIx16ATO-GALVA.jpg\",\"width\":800,\"height\":800,\"caption\":\"Durvju pieklauv\u0113js Lauvas galva\"},{\"@type\":\"BreadcrumbList\",\"@id\":\"https:\/\/metaltale.com\/lv\/produkts\/durvju-pieklauvejs-lauvas-galva\/#breadcrumb\",\"itemListElement\":[{\"@type\":\"ListItem\",\"position\":1,\"name\":\"Home\",\"item\":\"https:\/\/metaltale.com\/lv\/majas\/\"},{\"@type\":\"ListItem\",\"position\":2,\"name\":\"Veikals\",\"item\":\"https:\/\/metaltale.com\/lv\/shop\/\"},{\"@type\":\"ListItem\",\"position\":3,\"name\":\"Durvju pieklauv\u0113js Lauvas galva\"}]},{\"@type\":\"WebSite\",\"@id\":\"https:\/\/metaltale.com\/lv\/#website\",\"url\":\"https:\/\/metaltale.com\/lv\/\",\"name\":\"Metaltale.com\",\"description\":\"\",\"potentialAction\":[{\"@type\":\"SearchAction\",\"target\":{\"@type\":\"EntryPoint\",\"urlTemplate\":\"https:\/\/metaltale.com\/lv\/?s={search_term_string}\"},\"query-input\":{\"@type\":\"PropertyValueSpecification\",\"valueRequired\":true,\"valueName\":\"search_term_string\"}}],\"inLanguage\":\"lv-LV\"}]}<\/script>\n<!-- \/ Yoast SEO plugin. -->","yoast_head_json":{"title":"Durvju pieklauv\u0113js Lauvas galva - MetalTale.com","robots":{"index":"index","follow":"follow","max-snippet":"max-snippet:-1","max-image-preview":"max-image-preview:large","max-video-preview":"max-video-preview:-1"},"canonical":"https:\/\/metaltale.com\/lv\/produkts\/durvju-pieklauvejs-lauvas-galva\/","og_locale":"lv_LV","og_type":"article","og_title":"Durvju pieklauv\u0113js Lauvas galva - MetalTale.com","og_description":"Modelis 01.357.AI.100 EAN. 5905369918865 Materi\u0101ls Ketus Kop\u0113jais augstums (cm ) 19 Kop\u0113jais platums (cm ) 11 Kop\u0113j\u0101 projekcija (cm )","og_url":"https:\/\/metaltale.com\/lv\/produkts\/durvju-pieklauvejs-lauvas-galva\/","og_site_name":"MetalTale.com","twitter_card":"summary_large_image","twitter_misc":{"Est. reading time":"1 minute"},"schema":{"@context":"https:\/\/schema.org","@graph":[{"@type":"WebPage","@id":"https:\/\/metaltale.com\/lv\/produkts\/durvju-pieklauvejs-lauvas-galva\/","url":"https:\/\/metaltale.com\/lv\/produkts\/durvju-pieklauvejs-lauvas-galva\/","name":"Durvju pieklauv\u0113js Lauvas galva - MetalTale.com","isPartOf":{"@id":"https:\/\/metaltale.com\/lv\/#website"},"primaryImageOfPage":{"@id":"https:\/\/metaltale.com\/lv\/produkts\/durvju-pieklauvejs-lauvas-galva\/#primaryimage"},"image":{"@id":"https:\/\/metaltale.com\/lv\/produkts\/durvju-pieklauvejs-lauvas-galva\/#primaryimage"},"thumbnailUrl":"https:\/\/metaltale.com\/wp-content\/uploads\/2023\/11\/Durx173-trankytuvas-LIx16ATO-GALVA.jpg","datePublished":"2024-02-13T12:09:05+00:00","breadcrumb":{"@id":"https:\/\/metaltale.com\/lv\/produkts\/durvju-pieklauvejs-lauvas-galva\/#breadcrumb"},"inLanguage":"lv-LV","potentialAction":[{"@type":"ReadAction","target":["https:\/\/metaltale.com\/lv\/produkts\/durvju-pieklauvejs-lauvas-galva\/"]}]},{"@type":"ImageObject","inLanguage":"lv-LV","@id":"https:\/\/metaltale.com\/lv\/produkts\/durvju-pieklauvejs-lauvas-galva\/#primaryimage","url":"https:\/\/metaltale.com\/wp-content\/uploads\/2023\/11\/Durx173-trankytuvas-LIx16ATO-GALVA.jpg","contentUrl":"https:\/\/metaltale.com\/wp-content\/uploads\/2023\/11\/Durx173-trankytuvas-LIx16ATO-GALVA.jpg","width":800,"height":800,"caption":"Durvju pieklauv\u0113js Lauvas galva"},{"@type":"BreadcrumbList","@id":"https:\/\/metaltale.com\/lv\/produkts\/durvju-pieklauvejs-lauvas-galva\/#breadcrumb","itemListElement":[{"@type":"ListItem","position":1,"name":"Home","item":"https:\/\/metaltale.com\/lv\/majas\/"},{"@type":"ListItem","position":2,"name":"Veikals","item":"https:\/\/metaltale.com\/lv\/shop\/"},{"@type":"ListItem","position":3,"name":"Durvju pieklauv\u0113js Lauvas galva"}]},{"@type":"WebSite","@id":"https:\/\/metaltale.com\/lv\/#website","url":"https:\/\/metaltale.com\/lv\/","name":"Metaltale.com","description":"","potentialAction":[{"@type":"SearchAction","target":{"@type":"EntryPoint","urlTemplate":"https:\/\/metaltale.com\/lv\/?s={search_term_string}"},"query-input":{"@type":"PropertyValueSpecification","valueRequired":true,"valueName":"search_term_string"}}],"inLanguage":"lv-LV"}]}},"_links":{"self":[{"href":"https:\/\/metaltale.com\/lv\/wp-json\/wp\/v2\/product\/138308","targetHints":{"allow":["GET"]}}],"collection":[{"href":"https:\/\/metaltale.com\/lv\/wp-json\/wp\/v2\/product"}],"about":[{"href":"https:\/\/metaltale.com\/lv\/wp-json\/wp\/v2\/types\/product"}],"replies":[{"embeddable":true,"href":"https:\/\/metaltale.com\/lv\/wp-json\/wp\/v2\/comments?post=138308"}],"version-history":[{"count":0,"href":"https:\/\/metaltale.com\/lv\/wp-json\/wp\/v2\/product\/138308\/revisions"}],"wp:featuredmedia":[{"embeddable":true,"href":"https:\/\/metaltale.com\/lv\/wp-json\/wp\/v2\/media\/101482"}],"wp:attachment":[{"href":"https:\/\/metaltale.com\/lv\/wp-json\/wp\/v2\/media?parent=138308"}],"wp:term":[{"taxonomy":"product_brand","embeddable":true,"href":"https:\/\/metaltale.com\/lv\/wp-json\/wp\/v2\/product_brand?post=138308"},{"taxonomy":"product_cat","embeddable":true,"href":"https:\/\/metaltale.com\/lv\/wp-json\/wp\/v2\/product_cat?post=138308"},{"taxonomy":"product_tag","embeddable":true,"href":"https:\/\/metaltale.com\/lv\/wp-json\/wp\/v2\/product_tag?post=138308"}],"curies":[{"name":"wp","href":"https:\/\/api.w.org\/{rel}","templated":true}]}}