{"id":138292,"date":"2024-02-13T14:17:06","date_gmt":"2024-02-13T12:17:06","guid":{"rendered":"https:\/\/metaltale.com\/produktas\/durvju-sledzenu-cilindri-30-35\/"},"modified":"2024-02-13T14:17:06","modified_gmt":"2024-02-13T12:17:06","slug":"durvju-sledzenu-cilindri-30-35","status":"publish","type":"product","link":"https:\/\/metaltale.com\/lv\/produkts\/durvju-sledzenu-cilindri-30-35\/","title":{"rendered":"Durvju sl\u0113dze\u0146u cilindri 30\/35"},"content":{"rendered":"<div class=\"prod_data\">\n<p><strong>Modelis<\/strong> AG. C60384-PRGR<br \/>\n<strong>Materi\u0101ls<\/strong> Misi\u0146\u0161<br \/>\nKr\u0101sa Melna<br \/>\n<strong>Apdare<\/strong> M\u012bksta, sat\u012bna efekts<br \/>\n<strong>Virsmas tips<\/strong> Gluda <strong>virsma<\/strong><br \/>\nDaudzums komplekt\u0101 1 gab.<\/p>\n<hr>\n<p>&#8211; misi\u0146a patenta durvju ieliktnis meln\u0101 kr\u0101s\u0101<br \/>\nProduktu var izmantot ugunsdro\u0161\u0101s un d\u016bmiztur\u012bg\u0101s iek\u0161durv\u012bs un \u0101rdurv\u012bs (3. l\u012bmenis saska\u0146\u0101 ar EN 1303:2015).<br \/>\n&#8211; Augsta iztur\u012bba pret koroziju (no -20 l\u012bdz +80)<br \/>\n&#8211; Iztur\u012bbas testi (vair\u0101k nek\u0101 100 000 testa ciklu) ir apstiprin\u0101ju\u0161i visaugst\u0101ko produkta kvalit\u0101ti.<br \/>\n&#8211; Komplekt\u0101 ir 3 atsl\u0113gas<\/p>\n<hr>\n<p>Durvju sl\u0113dze\u0146u ielikt\u0146i ir neaizst\u0101jams produkts katr\u0101 m\u0101jsaimniec\u012bb\u0101. Dro\u0161\u012bba ir vissvar\u012bg\u0101k\u0101 durvju ielikt\u0146a iez\u012bme, ta\u010du pareiza kr\u0101sa un dizains ir papildu priek\u0161roc\u012bba, jo \u012bpa\u0161i kombin\u0101cij\u0101 ar stiliz\u0113tiem durvju rokturiem. Melnais sl\u0113dzenes ieliktnis smalki akcent\u0113s veikala pied\u0101v\u0101jum\u0101 eso\u0161o durvju rokturu skaistumu ar t\u0101du pa\u0161u apdari (sat\u012bna melns, lakota virsma). Pla\u0161ais izm\u0113ru kl\u0101sts nodro\u0161ina perfektu piegulumu j\u016bsu durvju v\u0113rtnei, un testi apliecina visaugst\u0101ko produkta kvalit\u0101ti.<\/p>\n<hr>\n<\/div>\n","protected":false},"excerpt":{"rendered":"<p>Modelis AG. C60384-PRGR Materi\u0101ls Misi\u0146\u0161 Kr\u0101sa Melna Apdare M\u012bksta, sat\u012bna efekts Virsmas tips Gluda virsma Daudzums komplekt\u0101 1 gab. &#8211;<\/p>\n","protected":false},"featured_media":87210,"comment_status":"open","ping_status":"closed","template":"","meta":{"_acf_changed":false,"pmpro_default_level":""},"product_brand":[],"product_cat":[23889,23837,23890],"product_tag":[],"class_list":{"0":"post-138292","1":"product","2":"type-product","3":"status-publish","4":"has-post-thumbnail","6":"product_cat-duru-spynos-lv","7":"product_cat-mebeles-piederumi","8":"product_cat-spynos-lv","9":"pmpro-has-access","11":"first","12":"outofstock","13":"shipping-taxable","14":"purchasable","15":"product-type-simple"},"acf":[],"yoast_head":"<!-- This site is optimized with the Yoast SEO plugin v24.9 - https:\/\/yoast.com\/wordpress\/plugins\/seo\/ -->\n<title>Durvju sl\u0113dze\u0146u cilindri 30\/35 - MetalTale.com<\/title>\n<meta name=\"robots\" content=\"index, follow, max-snippet:-1, max-image-preview:large, max-video-preview:-1\" \/>\n<link rel=\"canonical\" href=\"https:\/\/metaltale.com\/lv\/produkts\/durvju-sledzenu-cilindri-30-35\/\" \/>\n<meta property=\"og:locale\" content=\"lv_LV\" \/>\n<meta property=\"og:type\" content=\"article\" \/>\n<meta property=\"og:title\" content=\"Durvju sl\u0113dze\u0146u cilindri 30\/35 - MetalTale.com\" \/>\n<meta property=\"og:description\" content=\"Modelis AG. C60384-PRGR Materi\u0101ls Misi\u0146\u0161 Kr\u0101sa Melna Apdare M\u012bksta, sat\u012bna efekts Virsmas tips Gluda virsma Daudzums komplekt\u0101 1 gab. &#8211;\" \/>\n<meta property=\"og:url\" content=\"https:\/\/metaltale.com\/lv\/produkts\/durvju-sledzenu-cilindri-30-35\/\" \/>\n<meta property=\"og:site_name\" content=\"MetalTale.com\" \/>\n<meta property=\"og:image\" content=\"https:\/\/metaltale.com\/wp-content\/uploads\/2023\/10\/Patento-intarpas-3030-juodas.jpg\" \/>\n\t<meta property=\"og:image:width\" content=\"800\" \/>\n\t<meta property=\"og:image:height\" content=\"800\" \/>\n\t<meta property=\"og:image:type\" content=\"image\/jpeg\" \/>\n<meta name=\"twitter:card\" content=\"summary_large_image\" \/>\n<meta name=\"twitter:label1\" content=\"Est. reading time\" \/>\n\t<meta name=\"twitter:data1\" content=\"1 minute\" \/>\n<script type=\"application\/ld+json\" class=\"yoast-schema-graph\">{\"@context\":\"https:\/\/schema.org\",\"@graph\":[{\"@type\":\"WebPage\",\"@id\":\"https:\/\/metaltale.com\/lv\/produkts\/durvju-sledzenu-cilindri-30-35\/\",\"url\":\"https:\/\/metaltale.com\/lv\/produkts\/durvju-sledzenu-cilindri-30-35\/\",\"name\":\"Durvju sl\u0113dze\u0146u cilindri 30\/35 - MetalTale.com\",\"isPartOf\":{\"@id\":\"https:\/\/metaltale.com\/lv\/#website\"},\"primaryImageOfPage\":{\"@id\":\"https:\/\/metaltale.com\/lv\/produkts\/durvju-sledzenu-cilindri-30-35\/#primaryimage\"},\"image\":{\"@id\":\"https:\/\/metaltale.com\/lv\/produkts\/durvju-sledzenu-cilindri-30-35\/#primaryimage\"},\"thumbnailUrl\":\"https:\/\/metaltale.com\/wp-content\/uploads\/2023\/10\/Patento-intarpas-3030-juodas.jpg\",\"datePublished\":\"2024-02-13T12:17:06+00:00\",\"breadcrumb\":{\"@id\":\"https:\/\/metaltale.com\/lv\/produkts\/durvju-sledzenu-cilindri-30-35\/#breadcrumb\"},\"inLanguage\":\"lv-LV\",\"potentialAction\":[{\"@type\":\"ReadAction\",\"target\":[\"https:\/\/metaltale.com\/lv\/produkts\/durvju-sledzenu-cilindri-30-35\/\"]}]},{\"@type\":\"ImageObject\",\"inLanguage\":\"lv-LV\",\"@id\":\"https:\/\/metaltale.com\/lv\/produkts\/durvju-sledzenu-cilindri-30-35\/#primaryimage\",\"url\":\"https:\/\/metaltale.com\/wp-content\/uploads\/2023\/10\/Patento-intarpas-3030-juodas.jpg\",\"contentUrl\":\"https:\/\/metaltale.com\/wp-content\/uploads\/2023\/10\/Patento-intarpas-3030-juodas.jpg\",\"width\":800,\"height\":800,\"caption\":\"Durvju sl\u0113dze\u0146u cilindri 30\/30\"},{\"@type\":\"BreadcrumbList\",\"@id\":\"https:\/\/metaltale.com\/lv\/produkts\/durvju-sledzenu-cilindri-30-35\/#breadcrumb\",\"itemListElement\":[{\"@type\":\"ListItem\",\"position\":1,\"name\":\"Home\",\"item\":\"https:\/\/metaltale.com\/lv\/majas\/\"},{\"@type\":\"ListItem\",\"position\":2,\"name\":\"Veikals\",\"item\":\"https:\/\/metaltale.com\/lv\/shop\/\"},{\"@type\":\"ListItem\",\"position\":3,\"name\":\"Durvju sl\u0113dze\u0146u cilindri 30\/35\"}]},{\"@type\":\"WebSite\",\"@id\":\"https:\/\/metaltale.com\/lv\/#website\",\"url\":\"https:\/\/metaltale.com\/lv\/\",\"name\":\"Metaltale.com\",\"description\":\"\",\"potentialAction\":[{\"@type\":\"SearchAction\",\"target\":{\"@type\":\"EntryPoint\",\"urlTemplate\":\"https:\/\/metaltale.com\/lv\/?s={search_term_string}\"},\"query-input\":{\"@type\":\"PropertyValueSpecification\",\"valueRequired\":true,\"valueName\":\"search_term_string\"}}],\"inLanguage\":\"lv-LV\"}]}<\/script>\n<!-- \/ Yoast SEO plugin. -->","yoast_head_json":{"title":"Durvju sl\u0113dze\u0146u cilindri 30\/35 - MetalTale.com","robots":{"index":"index","follow":"follow","max-snippet":"max-snippet:-1","max-image-preview":"max-image-preview:large","max-video-preview":"max-video-preview:-1"},"canonical":"https:\/\/metaltale.com\/lv\/produkts\/durvju-sledzenu-cilindri-30-35\/","og_locale":"lv_LV","og_type":"article","og_title":"Durvju sl\u0113dze\u0146u cilindri 30\/35 - MetalTale.com","og_description":"Modelis AG. C60384-PRGR Materi\u0101ls Misi\u0146\u0161 Kr\u0101sa Melna Apdare M\u012bksta, sat\u012bna efekts Virsmas tips Gluda virsma Daudzums komplekt\u0101 1 gab. &#8211;","og_url":"https:\/\/metaltale.com\/lv\/produkts\/durvju-sledzenu-cilindri-30-35\/","og_site_name":"MetalTale.com","og_image":[{"width":800,"height":800,"url":"https:\/\/metaltale.com\/wp-content\/uploads\/2023\/10\/Patento-intarpas-3030-juodas.jpg","type":"image\/jpeg"}],"twitter_card":"summary_large_image","twitter_misc":{"Est. reading time":"1 minute"},"schema":{"@context":"https:\/\/schema.org","@graph":[{"@type":"WebPage","@id":"https:\/\/metaltale.com\/lv\/produkts\/durvju-sledzenu-cilindri-30-35\/","url":"https:\/\/metaltale.com\/lv\/produkts\/durvju-sledzenu-cilindri-30-35\/","name":"Durvju sl\u0113dze\u0146u cilindri 30\/35 - MetalTale.com","isPartOf":{"@id":"https:\/\/metaltale.com\/lv\/#website"},"primaryImageOfPage":{"@id":"https:\/\/metaltale.com\/lv\/produkts\/durvju-sledzenu-cilindri-30-35\/#primaryimage"},"image":{"@id":"https:\/\/metaltale.com\/lv\/produkts\/durvju-sledzenu-cilindri-30-35\/#primaryimage"},"thumbnailUrl":"https:\/\/metaltale.com\/wp-content\/uploads\/2023\/10\/Patento-intarpas-3030-juodas.jpg","datePublished":"2024-02-13T12:17:06+00:00","breadcrumb":{"@id":"https:\/\/metaltale.com\/lv\/produkts\/durvju-sledzenu-cilindri-30-35\/#breadcrumb"},"inLanguage":"lv-LV","potentialAction":[{"@type":"ReadAction","target":["https:\/\/metaltale.com\/lv\/produkts\/durvju-sledzenu-cilindri-30-35\/"]}]},{"@type":"ImageObject","inLanguage":"lv-LV","@id":"https:\/\/metaltale.com\/lv\/produkts\/durvju-sledzenu-cilindri-30-35\/#primaryimage","url":"https:\/\/metaltale.com\/wp-content\/uploads\/2023\/10\/Patento-intarpas-3030-juodas.jpg","contentUrl":"https:\/\/metaltale.com\/wp-content\/uploads\/2023\/10\/Patento-intarpas-3030-juodas.jpg","width":800,"height":800,"caption":"Durvju sl\u0113dze\u0146u cilindri 30\/30"},{"@type":"BreadcrumbList","@id":"https:\/\/metaltale.com\/lv\/produkts\/durvju-sledzenu-cilindri-30-35\/#breadcrumb","itemListElement":[{"@type":"ListItem","position":1,"name":"Home","item":"https:\/\/metaltale.com\/lv\/majas\/"},{"@type":"ListItem","position":2,"name":"Veikals","item":"https:\/\/metaltale.com\/lv\/shop\/"},{"@type":"ListItem","position":3,"name":"Durvju sl\u0113dze\u0146u cilindri 30\/35"}]},{"@type":"WebSite","@id":"https:\/\/metaltale.com\/lv\/#website","url":"https:\/\/metaltale.com\/lv\/","name":"Metaltale.com","description":"","potentialAction":[{"@type":"SearchAction","target":{"@type":"EntryPoint","urlTemplate":"https:\/\/metaltale.com\/lv\/?s={search_term_string}"},"query-input":{"@type":"PropertyValueSpecification","valueRequired":true,"valueName":"search_term_string"}}],"inLanguage":"lv-LV"}]}},"_links":{"self":[{"href":"https:\/\/metaltale.com\/lv\/wp-json\/wp\/v2\/product\/138292","targetHints":{"allow":["GET"]}}],"collection":[{"href":"https:\/\/metaltale.com\/lv\/wp-json\/wp\/v2\/product"}],"about":[{"href":"https:\/\/metaltale.com\/lv\/wp-json\/wp\/v2\/types\/product"}],"replies":[{"embeddable":true,"href":"https:\/\/metaltale.com\/lv\/wp-json\/wp\/v2\/comments?post=138292"}],"version-history":[{"count":0,"href":"https:\/\/metaltale.com\/lv\/wp-json\/wp\/v2\/product\/138292\/revisions"}],"wp:featuredmedia":[{"embeddable":true,"href":"https:\/\/metaltale.com\/lv\/wp-json\/wp\/v2\/media\/87210"}],"wp:attachment":[{"href":"https:\/\/metaltale.com\/lv\/wp-json\/wp\/v2\/media?parent=138292"}],"wp:term":[{"taxonomy":"product_brand","embeddable":true,"href":"https:\/\/metaltale.com\/lv\/wp-json\/wp\/v2\/product_brand?post=138292"},{"taxonomy":"product_cat","embeddable":true,"href":"https:\/\/metaltale.com\/lv\/wp-json\/wp\/v2\/product_cat?post=138292"},{"taxonomy":"product_tag","embeddable":true,"href":"https:\/\/metaltale.com\/lv\/wp-json\/wp\/v2\/product_tag?post=138292"}],"curies":[{"name":"wp","href":"https:\/\/api.w.org\/{rel}","templated":true}]}}