{"id":138277,"date":"2024-02-13T14:17:06","date_gmt":"2024-02-13T12:17:06","guid":{"rendered":"https:\/\/metaltale.com\/produktas\/logu-rokturis-preston\/"},"modified":"2024-02-13T14:17:06","modified_gmt":"2024-02-13T12:17:06","slug":"logu-rokturis-preston","status":"publish","type":"product","link":"https:\/\/metaltale.com\/lv\/produkts\/logu-rokturis-preston\/","title":{"rendered":"Logu rokturis PRESTON"},"content":{"rendered":"<div class=\"prod_data\">\n<p><strong>Modelis<\/strong> B.KOPNAS<br \/>\n<strong>EAN.<\/strong>  5905369903564<br \/>\nMateri\u0101ls Met\u0101ls<br \/>\n<strong>Kop\u0113jais augstums (cm<\/strong> ) 7<br \/>\n<strong>Kop\u0113jais platums (cm<\/strong> ) 8<br \/>\n<strong>Kop\u0113j\u0101 projekcija (cm<\/strong> ) 5<br \/>\nKr\u0101sa Melna<br \/>\n<strong>Virsmas tips<\/strong> Gluda <strong>virsma<\/strong><br \/>\n<strong>PAPILDU INFORM\u0100CIJA<\/strong> No\u0146emama \u0161ina<\/p>\n<p>Melnais Preston loga rokturis ir ne tikai praktisks, bet ar\u012b \u013coti dekorat\u012bvs. Roktura eso forma padara to \u013coti \u0113rti lietojamu. Rokturis ir ieteicams moderniem papla\u0161in\u0101miem logiem un klasiskiem koka logiem. \u0160im rokturim iesak\u0101m izmantot ar\u012b citus Preston s\u0113rijas produktus.<\/p>\n<\/div>\n","protected":false},"excerpt":{"rendered":"<p>Modelis B.KOPNAS EAN. 5905369903564 Materi\u0101ls Met\u0101ls Kop\u0113jais augstums (cm ) 7 Kop\u0113jais platums (cm ) 8 Kop\u0113j\u0101 projekcija (cm )<\/p>\n","protected":false},"featured_media":87126,"comment_status":"open","ping_status":"closed","template":"","meta":{"_acf_changed":false,"pmpro_default_level":""},"product_brand":[],"product_cat":[24081,23879,23837],"product_tag":[],"class_list":{"0":"post-138277","1":"product","2":"type-product","3":"status-publish","4":"has-post-thumbnail","6":"product_cat-rokturi","7":"product_cat-langu-rankeneles-lv","8":"product_cat-mebeles-piederumi","9":"pmpro-has-access","11":"first","12":"instock","13":"shipping-taxable","14":"purchasable","15":"product-type-simple"},"acf":[],"yoast_head":"<!-- This site is optimized with the Yoast SEO plugin v24.9 - https:\/\/yoast.com\/wordpress\/plugins\/seo\/ -->\n<title>Logu rokturis PRESTON - MetalTale.com<\/title>\n<meta name=\"robots\" content=\"index, follow, max-snippet:-1, max-image-preview:large, max-video-preview:-1\" \/>\n<link rel=\"canonical\" href=\"https:\/\/metaltale.com\/lv\/produkts\/logu-rokturis-preston\/\" \/>\n<meta property=\"og:locale\" content=\"lv_LV\" \/>\n<meta property=\"og:type\" content=\"article\" \/>\n<meta property=\"og:title\" content=\"Logu rokturis PRESTON - MetalTale.com\" \/>\n<meta property=\"og:description\" content=\"Modelis B.KOPNAS EAN. 5905369903564 Materi\u0101ls Met\u0101ls Kop\u0113jais augstums (cm ) 7 Kop\u0113jais platums (cm ) 8 Kop\u0113j\u0101 projekcija (cm )\" \/>\n<meta property=\"og:url\" content=\"https:\/\/metaltale.com\/lv\/produkts\/logu-rokturis-preston\/\" \/>\n<meta property=\"og:site_name\" content=\"MetalTale.com\" \/>\n<meta property=\"og:image\" content=\"https:\/\/metaltale.com\/wp-content\/uploads\/2023\/10\/Langx173-rankena-PRESTON.jpg\" \/>\n\t<meta property=\"og:image:width\" content=\"800\" \/>\n\t<meta property=\"og:image:height\" content=\"800\" \/>\n\t<meta property=\"og:image:type\" content=\"image\/jpeg\" \/>\n<meta name=\"twitter:card\" content=\"summary_large_image\" \/>\n<script type=\"application\/ld+json\" class=\"yoast-schema-graph\">{\"@context\":\"https:\/\/schema.org\",\"@graph\":[{\"@type\":\"WebPage\",\"@id\":\"https:\/\/metaltale.com\/lv\/produkts\/logu-rokturis-preston\/\",\"url\":\"https:\/\/metaltale.com\/lv\/produkts\/logu-rokturis-preston\/\",\"name\":\"Logu rokturis PRESTON - MetalTale.com\",\"isPartOf\":{\"@id\":\"https:\/\/metaltale.com\/lv\/#website\"},\"primaryImageOfPage\":{\"@id\":\"https:\/\/metaltale.com\/lv\/produkts\/logu-rokturis-preston\/#primaryimage\"},\"image\":{\"@id\":\"https:\/\/metaltale.com\/lv\/produkts\/logu-rokturis-preston\/#primaryimage\"},\"thumbnailUrl\":\"https:\/\/metaltale.com\/wp-content\/uploads\/2023\/10\/Langx173-rankena-PRESTON.jpg\",\"datePublished\":\"2024-02-13T12:17:06+00:00\",\"breadcrumb\":{\"@id\":\"https:\/\/metaltale.com\/lv\/produkts\/logu-rokturis-preston\/#breadcrumb\"},\"inLanguage\":\"lv-LV\",\"potentialAction\":[{\"@type\":\"ReadAction\",\"target\":[\"https:\/\/metaltale.com\/lv\/produkts\/logu-rokturis-preston\/\"]}]},{\"@type\":\"ImageObject\",\"inLanguage\":\"lv-LV\",\"@id\":\"https:\/\/metaltale.com\/lv\/produkts\/logu-rokturis-preston\/#primaryimage\",\"url\":\"https:\/\/metaltale.com\/wp-content\/uploads\/2023\/10\/Langx173-rankena-PRESTON.jpg\",\"contentUrl\":\"https:\/\/metaltale.com\/wp-content\/uploads\/2023\/10\/Langx173-rankena-PRESTON.jpg\",\"width\":800,\"height\":800,\"caption\":\"Logu rokturis PRESTON\"},{\"@type\":\"BreadcrumbList\",\"@id\":\"https:\/\/metaltale.com\/lv\/produkts\/logu-rokturis-preston\/#breadcrumb\",\"itemListElement\":[{\"@type\":\"ListItem\",\"position\":1,\"name\":\"Home\",\"item\":\"https:\/\/metaltale.com\/lv\/majas\/\"},{\"@type\":\"ListItem\",\"position\":2,\"name\":\"Veikals\",\"item\":\"https:\/\/metaltale.com\/lv\/shop\/\"},{\"@type\":\"ListItem\",\"position\":3,\"name\":\"Logu rokturis PRESTON\"}]},{\"@type\":\"WebSite\",\"@id\":\"https:\/\/metaltale.com\/lv\/#website\",\"url\":\"https:\/\/metaltale.com\/lv\/\",\"name\":\"Metaltale.com\",\"description\":\"\",\"potentialAction\":[{\"@type\":\"SearchAction\",\"target\":{\"@type\":\"EntryPoint\",\"urlTemplate\":\"https:\/\/metaltale.com\/lv\/?s={search_term_string}\"},\"query-input\":{\"@type\":\"PropertyValueSpecification\",\"valueRequired\":true,\"valueName\":\"search_term_string\"}}],\"inLanguage\":\"lv-LV\"}]}<\/script>\n<!-- \/ Yoast SEO plugin. -->","yoast_head_json":{"title":"Logu rokturis PRESTON - MetalTale.com","robots":{"index":"index","follow":"follow","max-snippet":"max-snippet:-1","max-image-preview":"max-image-preview:large","max-video-preview":"max-video-preview:-1"},"canonical":"https:\/\/metaltale.com\/lv\/produkts\/logu-rokturis-preston\/","og_locale":"lv_LV","og_type":"article","og_title":"Logu rokturis PRESTON - MetalTale.com","og_description":"Modelis B.KOPNAS EAN. 5905369903564 Materi\u0101ls Met\u0101ls Kop\u0113jais augstums (cm ) 7 Kop\u0113jais platums (cm ) 8 Kop\u0113j\u0101 projekcija (cm )","og_url":"https:\/\/metaltale.com\/lv\/produkts\/logu-rokturis-preston\/","og_site_name":"MetalTale.com","og_image":[{"width":800,"height":800,"url":"https:\/\/metaltale.com\/wp-content\/uploads\/2023\/10\/Langx173-rankena-PRESTON.jpg","type":"image\/jpeg"}],"twitter_card":"summary_large_image","schema":{"@context":"https:\/\/schema.org","@graph":[{"@type":"WebPage","@id":"https:\/\/metaltale.com\/lv\/produkts\/logu-rokturis-preston\/","url":"https:\/\/metaltale.com\/lv\/produkts\/logu-rokturis-preston\/","name":"Logu rokturis PRESTON - MetalTale.com","isPartOf":{"@id":"https:\/\/metaltale.com\/lv\/#website"},"primaryImageOfPage":{"@id":"https:\/\/metaltale.com\/lv\/produkts\/logu-rokturis-preston\/#primaryimage"},"image":{"@id":"https:\/\/metaltale.com\/lv\/produkts\/logu-rokturis-preston\/#primaryimage"},"thumbnailUrl":"https:\/\/metaltale.com\/wp-content\/uploads\/2023\/10\/Langx173-rankena-PRESTON.jpg","datePublished":"2024-02-13T12:17:06+00:00","breadcrumb":{"@id":"https:\/\/metaltale.com\/lv\/produkts\/logu-rokturis-preston\/#breadcrumb"},"inLanguage":"lv-LV","potentialAction":[{"@type":"ReadAction","target":["https:\/\/metaltale.com\/lv\/produkts\/logu-rokturis-preston\/"]}]},{"@type":"ImageObject","inLanguage":"lv-LV","@id":"https:\/\/metaltale.com\/lv\/produkts\/logu-rokturis-preston\/#primaryimage","url":"https:\/\/metaltale.com\/wp-content\/uploads\/2023\/10\/Langx173-rankena-PRESTON.jpg","contentUrl":"https:\/\/metaltale.com\/wp-content\/uploads\/2023\/10\/Langx173-rankena-PRESTON.jpg","width":800,"height":800,"caption":"Logu rokturis PRESTON"},{"@type":"BreadcrumbList","@id":"https:\/\/metaltale.com\/lv\/produkts\/logu-rokturis-preston\/#breadcrumb","itemListElement":[{"@type":"ListItem","position":1,"name":"Home","item":"https:\/\/metaltale.com\/lv\/majas\/"},{"@type":"ListItem","position":2,"name":"Veikals","item":"https:\/\/metaltale.com\/lv\/shop\/"},{"@type":"ListItem","position":3,"name":"Logu rokturis PRESTON"}]},{"@type":"WebSite","@id":"https:\/\/metaltale.com\/lv\/#website","url":"https:\/\/metaltale.com\/lv\/","name":"Metaltale.com","description":"","potentialAction":[{"@type":"SearchAction","target":{"@type":"EntryPoint","urlTemplate":"https:\/\/metaltale.com\/lv\/?s={search_term_string}"},"query-input":{"@type":"PropertyValueSpecification","valueRequired":true,"valueName":"search_term_string"}}],"inLanguage":"lv-LV"}]}},"_links":{"self":[{"href":"https:\/\/metaltale.com\/lv\/wp-json\/wp\/v2\/product\/138277","targetHints":{"allow":["GET"]}}],"collection":[{"href":"https:\/\/metaltale.com\/lv\/wp-json\/wp\/v2\/product"}],"about":[{"href":"https:\/\/metaltale.com\/lv\/wp-json\/wp\/v2\/types\/product"}],"replies":[{"embeddable":true,"href":"https:\/\/metaltale.com\/lv\/wp-json\/wp\/v2\/comments?post=138277"}],"version-history":[{"count":0,"href":"https:\/\/metaltale.com\/lv\/wp-json\/wp\/v2\/product\/138277\/revisions"}],"wp:featuredmedia":[{"embeddable":true,"href":"https:\/\/metaltale.com\/lv\/wp-json\/wp\/v2\/media\/87126"}],"wp:attachment":[{"href":"https:\/\/metaltale.com\/lv\/wp-json\/wp\/v2\/media?parent=138277"}],"wp:term":[{"taxonomy":"product_brand","embeddable":true,"href":"https:\/\/metaltale.com\/lv\/wp-json\/wp\/v2\/product_brand?post=138277"},{"taxonomy":"product_cat","embeddable":true,"href":"https:\/\/metaltale.com\/lv\/wp-json\/wp\/v2\/product_cat?post=138277"},{"taxonomy":"product_tag","embeddable":true,"href":"https:\/\/metaltale.com\/lv\/wp-json\/wp\/v2\/product_tag?post=138277"}],"curies":[{"name":"wp","href":"https:\/\/api.w.org\/{rel}","templated":true}]}}