{"id":138256,"date":"2024-02-13T14:15:05","date_gmt":"2024-02-13T12:15:05","guid":{"rendered":"https:\/\/metaltale.com\/produktas\/durvju-rokturi-bristol\/"},"modified":"2024-02-13T14:15:05","modified_gmt":"2024-02-13T12:15:05","slug":"durvju-rokturi-bristol","status":"publish","type":"product","link":"https:\/\/metaltale.com\/lv\/produkts\/durvju-rokturi-bristol\/","title":{"rendered":"Durvju rokturi BRISTOL"},"content":{"rendered":"<div class=\"prod_data\">\n<p><strong>Modelis<\/strong> B.BL. PRGR<br \/>\n<strong>Materi\u0101ls<\/strong> T\u0113rauds<br \/>\n<strong>Kop\u0113jais augstums (cm<\/strong> ) 24<br \/>\n<strong>Kop\u0113jais platums (cm<\/strong> ) 14<br \/>\n<strong>Kop\u0113j\u0101 projekcija (cm<\/strong> ) 7<br \/>\n<strong>Pal\u012bdz\u012bba<\/strong> N\u0113<br \/>\nMont\u0101\u017eas skr\u016bves J\u0101<br \/>\nKr\u0101sa Melna<br \/>\n<strong>Virsmas tips<\/strong> Gluda <strong>virsma<\/strong><br \/>\n<strong>Skaits komplekt\u0101<\/strong> 2 x rokturis\/rokturis + serde + stiprin\u0101juma skr\u016bves<\/p>\n<p>&#8211; Komplekt\u0101 ietilpst divi rokturi (l\u012bdz 1 durvju v\u0113rtnei), serde un mont\u0101\u017eas elementi.<br \/>\n&#8211; izstr\u0101d\u0101jumu var izmantot iek\u0161durv\u012bm un \u0101rdurv\u012bm.<br \/>\nNav roktura atspie\u0161an\u0101s meh\u0101nisma<\/p>\n<hr>\n<p>BRISTOL t\u0113rauda rokturi ar melnu mar\u0137\u0113jumu ir risin\u0101jums, kas piem\u0113rots gan ieejas, gan iek\u0161durv\u012bm. Klasiskais melnais un unik\u0101lais dizains papildin\u0101s jebkura interjera iek\u0101rtojumu, skaisti izce\u013cot durvju v\u0113rtnes stilu un raksturu. Modelis ir pieejams vair\u0101k\u0101s versij\u0101s &#8211; ar rozeti, tualetes z\u012bmi, ievieto\u0161anas z\u012bmi un atsl\u0113gu. Ir tik daudz iesp\u0113ju, ka \u0161o roktura modeli noteikti var izmantot vis\u0101m m\u0101jas vai dz\u012bvok\u013ca durv\u012bm.<\/p>\n<hr>\n<\/div>\n","protected":false},"excerpt":{"rendered":"<p>Modelis B.BL. PRGR Materi\u0101ls T\u0113rauds Kop\u0113jais augstums (cm ) 24 Kop\u0113jais platums (cm ) 14 Kop\u0113j\u0101 projekcija (cm ) 7<\/p>\n","protected":false},"featured_media":131869,"comment_status":"open","ping_status":"closed","template":"","meta":{"_acf_changed":false,"pmpro_default_level":""},"product_brand":[],"product_cat":[24134,24081,23837],"product_tag":[],"class_list":{"0":"post-138256","1":"product","2":"type-product","3":"status-publish","4":"has-post-thumbnail","6":"product_cat-durvju-rokturi","7":"product_cat-rokturi","8":"product_cat-mebeles-piederumi","9":"pmpro-has-access","11":"first","12":"instock","13":"shipping-taxable","14":"purchasable","15":"product-type-simple"},"acf":[],"yoast_head":"<!-- This site is optimized with the Yoast SEO plugin v24.9 - https:\/\/yoast.com\/wordpress\/plugins\/seo\/ -->\n<title>Durvju rokturi BRISTOL - MetalTale.com<\/title>\n<meta name=\"robots\" content=\"index, follow, max-snippet:-1, max-image-preview:large, max-video-preview:-1\" \/>\n<link rel=\"canonical\" href=\"https:\/\/metaltale.com\/lv\/produkts\/durvju-rokturi-bristol\/\" \/>\n<meta property=\"og:locale\" content=\"lv_LV\" \/>\n<meta property=\"og:type\" content=\"article\" \/>\n<meta property=\"og:title\" content=\"Durvju rokturi BRISTOL - MetalTale.com\" \/>\n<meta property=\"og:description\" content=\"Modelis B.BL. PRGR Materi\u0101ls T\u0113rauds Kop\u0113jais augstums (cm ) 24 Kop\u0113jais platums (cm ) 14 Kop\u0113j\u0101 projekcija (cm ) 7\" \/>\n<meta property=\"og:url\" content=\"https:\/\/metaltale.com\/lv\/produkts\/durvju-rokturi-bristol\/\" \/>\n<meta property=\"og:site_name\" content=\"MetalTale.com\" \/>\n<meta property=\"og:image\" content=\"https:\/\/metaltale.com\/wp-content\/uploads\/2024\/02\/Duru-rankenos-BRISTOL.jpg\" \/>\n\t<meta property=\"og:image:width\" content=\"800\" \/>\n\t<meta property=\"og:image:height\" content=\"800\" \/>\n\t<meta property=\"og:image:type\" content=\"image\/jpeg\" \/>\n<meta name=\"twitter:card\" content=\"summary_large_image\" \/>\n<meta name=\"twitter:label1\" content=\"Est. reading time\" \/>\n\t<meta name=\"twitter:data1\" content=\"1 minute\" \/>\n<script type=\"application\/ld+json\" class=\"yoast-schema-graph\">{\"@context\":\"https:\/\/schema.org\",\"@graph\":[{\"@type\":\"WebPage\",\"@id\":\"https:\/\/metaltale.com\/lv\/produkts\/durvju-rokturi-bristol\/\",\"url\":\"https:\/\/metaltale.com\/lv\/produkts\/durvju-rokturi-bristol\/\",\"name\":\"Durvju rokturi BRISTOL - MetalTale.com\",\"isPartOf\":{\"@id\":\"https:\/\/metaltale.com\/lv\/#website\"},\"primaryImageOfPage\":{\"@id\":\"https:\/\/metaltale.com\/lv\/produkts\/durvju-rokturi-bristol\/#primaryimage\"},\"image\":{\"@id\":\"https:\/\/metaltale.com\/lv\/produkts\/durvju-rokturi-bristol\/#primaryimage\"},\"thumbnailUrl\":\"https:\/\/metaltale.com\/wp-content\/uploads\/2024\/02\/Duru-rankenos-BRISTOL.jpg\",\"datePublished\":\"2024-02-13T12:15:05+00:00\",\"breadcrumb\":{\"@id\":\"https:\/\/metaltale.com\/lv\/produkts\/durvju-rokturi-bristol\/#breadcrumb\"},\"inLanguage\":\"lv-LV\",\"potentialAction\":[{\"@type\":\"ReadAction\",\"target\":[\"https:\/\/metaltale.com\/lv\/produkts\/durvju-rokturi-bristol\/\"]}]},{\"@type\":\"ImageObject\",\"inLanguage\":\"lv-LV\",\"@id\":\"https:\/\/metaltale.com\/lv\/produkts\/durvju-rokturi-bristol\/#primaryimage\",\"url\":\"https:\/\/metaltale.com\/wp-content\/uploads\/2024\/02\/Duru-rankenos-BRISTOL.jpg\",\"contentUrl\":\"https:\/\/metaltale.com\/wp-content\/uploads\/2024\/02\/Duru-rankenos-BRISTOL.jpg\",\"width\":800,\"height\":800,\"caption\":\"Durvju rokturi BRISTOL\"},{\"@type\":\"BreadcrumbList\",\"@id\":\"https:\/\/metaltale.com\/lv\/produkts\/durvju-rokturi-bristol\/#breadcrumb\",\"itemListElement\":[{\"@type\":\"ListItem\",\"position\":1,\"name\":\"Home\",\"item\":\"https:\/\/metaltale.com\/lv\/majas\/\"},{\"@type\":\"ListItem\",\"position\":2,\"name\":\"Veikals\",\"item\":\"https:\/\/metaltale.com\/lv\/shop\/\"},{\"@type\":\"ListItem\",\"position\":3,\"name\":\"Durvju rokturi BRISTOL\"}]},{\"@type\":\"WebSite\",\"@id\":\"https:\/\/metaltale.com\/lv\/#website\",\"url\":\"https:\/\/metaltale.com\/lv\/\",\"name\":\"Metaltale.com\",\"description\":\"\",\"potentialAction\":[{\"@type\":\"SearchAction\",\"target\":{\"@type\":\"EntryPoint\",\"urlTemplate\":\"https:\/\/metaltale.com\/lv\/?s={search_term_string}\"},\"query-input\":{\"@type\":\"PropertyValueSpecification\",\"valueRequired\":true,\"valueName\":\"search_term_string\"}}],\"inLanguage\":\"lv-LV\"}]}<\/script>\n<!-- \/ Yoast SEO plugin. -->","yoast_head_json":{"title":"Durvju rokturi BRISTOL - MetalTale.com","robots":{"index":"index","follow":"follow","max-snippet":"max-snippet:-1","max-image-preview":"max-image-preview:large","max-video-preview":"max-video-preview:-1"},"canonical":"https:\/\/metaltale.com\/lv\/produkts\/durvju-rokturi-bristol\/","og_locale":"lv_LV","og_type":"article","og_title":"Durvju rokturi BRISTOL - MetalTale.com","og_description":"Modelis B.BL. PRGR Materi\u0101ls T\u0113rauds Kop\u0113jais augstums (cm ) 24 Kop\u0113jais platums (cm ) 14 Kop\u0113j\u0101 projekcija (cm ) 7","og_url":"https:\/\/metaltale.com\/lv\/produkts\/durvju-rokturi-bristol\/","og_site_name":"MetalTale.com","og_image":[{"width":800,"height":800,"url":"https:\/\/metaltale.com\/wp-content\/uploads\/2024\/02\/Duru-rankenos-BRISTOL.jpg","type":"image\/jpeg"}],"twitter_card":"summary_large_image","twitter_misc":{"Est. reading time":"1 minute"},"schema":{"@context":"https:\/\/schema.org","@graph":[{"@type":"WebPage","@id":"https:\/\/metaltale.com\/lv\/produkts\/durvju-rokturi-bristol\/","url":"https:\/\/metaltale.com\/lv\/produkts\/durvju-rokturi-bristol\/","name":"Durvju rokturi BRISTOL - MetalTale.com","isPartOf":{"@id":"https:\/\/metaltale.com\/lv\/#website"},"primaryImageOfPage":{"@id":"https:\/\/metaltale.com\/lv\/produkts\/durvju-rokturi-bristol\/#primaryimage"},"image":{"@id":"https:\/\/metaltale.com\/lv\/produkts\/durvju-rokturi-bristol\/#primaryimage"},"thumbnailUrl":"https:\/\/metaltale.com\/wp-content\/uploads\/2024\/02\/Duru-rankenos-BRISTOL.jpg","datePublished":"2024-02-13T12:15:05+00:00","breadcrumb":{"@id":"https:\/\/metaltale.com\/lv\/produkts\/durvju-rokturi-bristol\/#breadcrumb"},"inLanguage":"lv-LV","potentialAction":[{"@type":"ReadAction","target":["https:\/\/metaltale.com\/lv\/produkts\/durvju-rokturi-bristol\/"]}]},{"@type":"ImageObject","inLanguage":"lv-LV","@id":"https:\/\/metaltale.com\/lv\/produkts\/durvju-rokturi-bristol\/#primaryimage","url":"https:\/\/metaltale.com\/wp-content\/uploads\/2024\/02\/Duru-rankenos-BRISTOL.jpg","contentUrl":"https:\/\/metaltale.com\/wp-content\/uploads\/2024\/02\/Duru-rankenos-BRISTOL.jpg","width":800,"height":800,"caption":"Durvju rokturi BRISTOL"},{"@type":"BreadcrumbList","@id":"https:\/\/metaltale.com\/lv\/produkts\/durvju-rokturi-bristol\/#breadcrumb","itemListElement":[{"@type":"ListItem","position":1,"name":"Home","item":"https:\/\/metaltale.com\/lv\/majas\/"},{"@type":"ListItem","position":2,"name":"Veikals","item":"https:\/\/metaltale.com\/lv\/shop\/"},{"@type":"ListItem","position":3,"name":"Durvju rokturi BRISTOL"}]},{"@type":"WebSite","@id":"https:\/\/metaltale.com\/lv\/#website","url":"https:\/\/metaltale.com\/lv\/","name":"Metaltale.com","description":"","potentialAction":[{"@type":"SearchAction","target":{"@type":"EntryPoint","urlTemplate":"https:\/\/metaltale.com\/lv\/?s={search_term_string}"},"query-input":{"@type":"PropertyValueSpecification","valueRequired":true,"valueName":"search_term_string"}}],"inLanguage":"lv-LV"}]}},"_links":{"self":[{"href":"https:\/\/metaltale.com\/lv\/wp-json\/wp\/v2\/product\/138256","targetHints":{"allow":["GET"]}}],"collection":[{"href":"https:\/\/metaltale.com\/lv\/wp-json\/wp\/v2\/product"}],"about":[{"href":"https:\/\/metaltale.com\/lv\/wp-json\/wp\/v2\/types\/product"}],"replies":[{"embeddable":true,"href":"https:\/\/metaltale.com\/lv\/wp-json\/wp\/v2\/comments?post=138256"}],"version-history":[{"count":0,"href":"https:\/\/metaltale.com\/lv\/wp-json\/wp\/v2\/product\/138256\/revisions"}],"wp:featuredmedia":[{"embeddable":true,"href":"https:\/\/metaltale.com\/lv\/wp-json\/wp\/v2\/media\/131869"}],"wp:attachment":[{"href":"https:\/\/metaltale.com\/lv\/wp-json\/wp\/v2\/media?parent=138256"}],"wp:term":[{"taxonomy":"product_brand","embeddable":true,"href":"https:\/\/metaltale.com\/lv\/wp-json\/wp\/v2\/product_brand?post=138256"},{"taxonomy":"product_cat","embeddable":true,"href":"https:\/\/metaltale.com\/lv\/wp-json\/wp\/v2\/product_cat?post=138256"},{"taxonomy":"product_tag","embeddable":true,"href":"https:\/\/metaltale.com\/lv\/wp-json\/wp\/v2\/product_tag?post=138256"}],"curies":[{"name":"wp","href":"https:\/\/api.w.org\/{rel}","templated":true}]}}