{"id":138245,"date":"2024-02-13T14:15:05","date_gmt":"2024-02-13T12:15:05","guid":{"rendered":"https:\/\/metaltale.com\/produktas\/durvju-rokturi-crosby-72-mm-ar-sledzeni\/"},"modified":"2024-02-13T14:15:05","modified_gmt":"2024-02-13T12:15:05","slug":"durvju-rokturi-crosby-72-mm-ar-sledzeni","status":"publish","type":"product","link":"https:\/\/metaltale.com\/lv\/produkts\/durvju-rokturi-crosby-72-mm-ar-sledzeni\/","title":{"rendered":"Durvju rokturi CROSBY 72 mm ar sl\u0113dzeni"},"content":{"rendered":"<div class=\"prod_data\">\n<h2>M\u0113be\u013cu papildapr\u012bkojums &#8211; Durvju rokturis CROSBY 72 MM<\/h2>\n<p><strong>Modelis:<\/strong> B.CYWK-72<br \/>\n<strong>Materi\u0101ls:<\/strong> met\u0101ls<br \/>\n<strong>Kop\u0113jais augstums (cm<\/strong> ): 24<br \/>\n<strong>Kop\u0113jais platums (cm<\/strong> ): 14<br \/>\n<strong>Kop\u0113j\u0101 projekcija (cm<\/strong> ): 6<br \/>\n<strong>Att\u0101lums starp rokturi un atsl\u0113gas caurumu (mm):<\/strong> 72 mm<br \/>\n<strong>Kr\u0101sa:<\/strong> melna, mat\u0113ta<br \/>\n<strong>Virsma:<\/strong> gluda<br \/>\n<strong>Daudzums komplekt\u0101:<\/strong> 1 rokturis (ab\u0101m durvju pus\u0113m) + serde + stiprin\u0101juma skr\u016bves<\/p>\n<p>Vienk\u0101r\u0161s, klasisks un \u013coti univers\u0101ls melnais t\u0113rauda rokturis ir \u013coti labs risin\u0101jums iek\u0161durv\u012bm. \u0160ie rokturi ir lieliski piem\u0113roti gan minim\u0101lisma, gan \u013coti dekor\u0113t\u0101m durv\u012bm. Rokturis ir \u013coti \u0113rts un garant\u0113 lieto\u0161anas komfortu.<\/p>\n<\/div>\n","protected":false},"excerpt":{"rendered":"<p>M\u0113be\u013cu papildapr\u012bkojums &#8211; Durvju rokturis CROSBY 72 MM Modelis: B.CYWK-72 Materi\u0101ls: met\u0101ls Kop\u0113jais augstums (cm ): 24 Kop\u0113jais platums (cm<\/p>\n","protected":false},"featured_media":131060,"comment_status":"open","ping_status":"closed","template":"","meta":{"_acf_changed":false,"pmpro_default_level":""},"product_brand":[],"product_cat":[24134,24081,23837],"product_tag":[],"class_list":{"0":"post-138245","1":"product","2":"type-product","3":"status-publish","4":"has-post-thumbnail","6":"product_cat-durvju-rokturi","7":"product_cat-rokturi","8":"product_cat-mebeles-piederumi","9":"pmpro-has-access","11":"first","12":"instock","13":"shipping-taxable","14":"purchasable","15":"product-type-simple"},"acf":[],"yoast_head":"<!-- This site is optimized with the Yoast SEO plugin v24.9 - https:\/\/yoast.com\/wordpress\/plugins\/seo\/ -->\n<title>Durvju rokturi CROSBY 72 mm ar sl\u0113dzeni - MetalTale.com<\/title>\n<meta name=\"robots\" content=\"index, follow, max-snippet:-1, max-image-preview:large, max-video-preview:-1\" \/>\n<link rel=\"canonical\" href=\"https:\/\/metaltale.com\/lv\/produkts\/durvju-rokturi-crosby-72-mm-ar-sledzeni\/\" \/>\n<meta property=\"og:locale\" content=\"lv_LV\" \/>\n<meta property=\"og:type\" content=\"article\" \/>\n<meta property=\"og:title\" content=\"Durvju rokturi CROSBY 72 mm ar sl\u0113dzeni - MetalTale.com\" \/>\n<meta property=\"og:description\" content=\"M\u0113be\u013cu papildapr\u012bkojums &#8211; Durvju rokturis CROSBY 72 MM Modelis: B.CYWK-72 Materi\u0101ls: met\u0101ls Kop\u0113jais augstums (cm ): 24 Kop\u0113jais platums (cm\" \/>\n<meta property=\"og:url\" content=\"https:\/\/metaltale.com\/lv\/produkts\/durvju-rokturi-crosby-72-mm-ar-sledzeni\/\" \/>\n<meta property=\"og:site_name\" content=\"MetalTale.com\" \/>\n<meta property=\"og:image\" content=\"https:\/\/metaltale.com\/wp-content\/uploads\/2024\/02\/Duru-rankenos-CROSBY-72-mm-su-uzraktu.jpg\" \/>\n\t<meta property=\"og:image:width\" content=\"800\" \/>\n\t<meta property=\"og:image:height\" content=\"800\" \/>\n\t<meta property=\"og:image:type\" content=\"image\/jpeg\" \/>\n<meta name=\"twitter:card\" content=\"summary_large_image\" \/>\n<meta name=\"twitter:label1\" content=\"Est. reading time\" \/>\n\t<meta name=\"twitter:data1\" content=\"1 minute\" \/>\n<script type=\"application\/ld+json\" class=\"yoast-schema-graph\">{\"@context\":\"https:\/\/schema.org\",\"@graph\":[{\"@type\":\"WebPage\",\"@id\":\"https:\/\/metaltale.com\/lv\/produkts\/durvju-rokturi-crosby-72-mm-ar-sledzeni\/\",\"url\":\"https:\/\/metaltale.com\/lv\/produkts\/durvju-rokturi-crosby-72-mm-ar-sledzeni\/\",\"name\":\"Durvju rokturi CROSBY 72 mm ar sl\u0113dzeni - MetalTale.com\",\"isPartOf\":{\"@id\":\"https:\/\/metaltale.com\/lv\/#website\"},\"primaryImageOfPage\":{\"@id\":\"https:\/\/metaltale.com\/lv\/produkts\/durvju-rokturi-crosby-72-mm-ar-sledzeni\/#primaryimage\"},\"image\":{\"@id\":\"https:\/\/metaltale.com\/lv\/produkts\/durvju-rokturi-crosby-72-mm-ar-sledzeni\/#primaryimage\"},\"thumbnailUrl\":\"https:\/\/metaltale.com\/wp-content\/uploads\/2024\/02\/Duru-rankenos-CROSBY-72-mm-su-uzraktu.jpg\",\"datePublished\":\"2024-02-13T12:15:05+00:00\",\"breadcrumb\":{\"@id\":\"https:\/\/metaltale.com\/lv\/produkts\/durvju-rokturi-crosby-72-mm-ar-sledzeni\/#breadcrumb\"},\"inLanguage\":\"lv-LV\",\"potentialAction\":[{\"@type\":\"ReadAction\",\"target\":[\"https:\/\/metaltale.com\/lv\/produkts\/durvju-rokturi-crosby-72-mm-ar-sledzeni\/\"]}]},{\"@type\":\"ImageObject\",\"inLanguage\":\"lv-LV\",\"@id\":\"https:\/\/metaltale.com\/lv\/produkts\/durvju-rokturi-crosby-72-mm-ar-sledzeni\/#primaryimage\",\"url\":\"https:\/\/metaltale.com\/wp-content\/uploads\/2024\/02\/Duru-rankenos-CROSBY-72-mm-su-uzraktu.jpg\",\"contentUrl\":\"https:\/\/metaltale.com\/wp-content\/uploads\/2024\/02\/Duru-rankenos-CROSBY-72-mm-su-uzraktu.jpg\",\"width\":800,\"height\":800,\"caption\":\"Durvju rokturi CROSBY 72 mm ar sl\u0113dzeni\"},{\"@type\":\"BreadcrumbList\",\"@id\":\"https:\/\/metaltale.com\/lv\/produkts\/durvju-rokturi-crosby-72-mm-ar-sledzeni\/#breadcrumb\",\"itemListElement\":[{\"@type\":\"ListItem\",\"position\":1,\"name\":\"Home\",\"item\":\"https:\/\/metaltale.com\/lv\/majas\/\"},{\"@type\":\"ListItem\",\"position\":2,\"name\":\"Veikals\",\"item\":\"https:\/\/metaltale.com\/lv\/shop\/\"},{\"@type\":\"ListItem\",\"position\":3,\"name\":\"Durvju rokturi CROSBY 72 mm ar sl\u0113dzeni\"}]},{\"@type\":\"WebSite\",\"@id\":\"https:\/\/metaltale.com\/lv\/#website\",\"url\":\"https:\/\/metaltale.com\/lv\/\",\"name\":\"Metaltale.com\",\"description\":\"\",\"potentialAction\":[{\"@type\":\"SearchAction\",\"target\":{\"@type\":\"EntryPoint\",\"urlTemplate\":\"https:\/\/metaltale.com\/lv\/?s={search_term_string}\"},\"query-input\":{\"@type\":\"PropertyValueSpecification\",\"valueRequired\":true,\"valueName\":\"search_term_string\"}}],\"inLanguage\":\"lv-LV\"}]}<\/script>\n<!-- \/ Yoast SEO plugin. -->","yoast_head_json":{"title":"Durvju rokturi CROSBY 72 mm ar sl\u0113dzeni - MetalTale.com","robots":{"index":"index","follow":"follow","max-snippet":"max-snippet:-1","max-image-preview":"max-image-preview:large","max-video-preview":"max-video-preview:-1"},"canonical":"https:\/\/metaltale.com\/lv\/produkts\/durvju-rokturi-crosby-72-mm-ar-sledzeni\/","og_locale":"lv_LV","og_type":"article","og_title":"Durvju rokturi CROSBY 72 mm ar sl\u0113dzeni - MetalTale.com","og_description":"M\u0113be\u013cu papildapr\u012bkojums &#8211; Durvju rokturis CROSBY 72 MM Modelis: B.CYWK-72 Materi\u0101ls: met\u0101ls Kop\u0113jais augstums (cm ): 24 Kop\u0113jais platums (cm","og_url":"https:\/\/metaltale.com\/lv\/produkts\/durvju-rokturi-crosby-72-mm-ar-sledzeni\/","og_site_name":"MetalTale.com","og_image":[{"width":800,"height":800,"url":"https:\/\/metaltale.com\/wp-content\/uploads\/2024\/02\/Duru-rankenos-CROSBY-72-mm-su-uzraktu.jpg","type":"image\/jpeg"}],"twitter_card":"summary_large_image","twitter_misc":{"Est. reading time":"1 minute"},"schema":{"@context":"https:\/\/schema.org","@graph":[{"@type":"WebPage","@id":"https:\/\/metaltale.com\/lv\/produkts\/durvju-rokturi-crosby-72-mm-ar-sledzeni\/","url":"https:\/\/metaltale.com\/lv\/produkts\/durvju-rokturi-crosby-72-mm-ar-sledzeni\/","name":"Durvju rokturi CROSBY 72 mm ar sl\u0113dzeni - MetalTale.com","isPartOf":{"@id":"https:\/\/metaltale.com\/lv\/#website"},"primaryImageOfPage":{"@id":"https:\/\/metaltale.com\/lv\/produkts\/durvju-rokturi-crosby-72-mm-ar-sledzeni\/#primaryimage"},"image":{"@id":"https:\/\/metaltale.com\/lv\/produkts\/durvju-rokturi-crosby-72-mm-ar-sledzeni\/#primaryimage"},"thumbnailUrl":"https:\/\/metaltale.com\/wp-content\/uploads\/2024\/02\/Duru-rankenos-CROSBY-72-mm-su-uzraktu.jpg","datePublished":"2024-02-13T12:15:05+00:00","breadcrumb":{"@id":"https:\/\/metaltale.com\/lv\/produkts\/durvju-rokturi-crosby-72-mm-ar-sledzeni\/#breadcrumb"},"inLanguage":"lv-LV","potentialAction":[{"@type":"ReadAction","target":["https:\/\/metaltale.com\/lv\/produkts\/durvju-rokturi-crosby-72-mm-ar-sledzeni\/"]}]},{"@type":"ImageObject","inLanguage":"lv-LV","@id":"https:\/\/metaltale.com\/lv\/produkts\/durvju-rokturi-crosby-72-mm-ar-sledzeni\/#primaryimage","url":"https:\/\/metaltale.com\/wp-content\/uploads\/2024\/02\/Duru-rankenos-CROSBY-72-mm-su-uzraktu.jpg","contentUrl":"https:\/\/metaltale.com\/wp-content\/uploads\/2024\/02\/Duru-rankenos-CROSBY-72-mm-su-uzraktu.jpg","width":800,"height":800,"caption":"Durvju rokturi CROSBY 72 mm ar sl\u0113dzeni"},{"@type":"BreadcrumbList","@id":"https:\/\/metaltale.com\/lv\/produkts\/durvju-rokturi-crosby-72-mm-ar-sledzeni\/#breadcrumb","itemListElement":[{"@type":"ListItem","position":1,"name":"Home","item":"https:\/\/metaltale.com\/lv\/majas\/"},{"@type":"ListItem","position":2,"name":"Veikals","item":"https:\/\/metaltale.com\/lv\/shop\/"},{"@type":"ListItem","position":3,"name":"Durvju rokturi CROSBY 72 mm ar sl\u0113dzeni"}]},{"@type":"WebSite","@id":"https:\/\/metaltale.com\/lv\/#website","url":"https:\/\/metaltale.com\/lv\/","name":"Metaltale.com","description":"","potentialAction":[{"@type":"SearchAction","target":{"@type":"EntryPoint","urlTemplate":"https:\/\/metaltale.com\/lv\/?s={search_term_string}"},"query-input":{"@type":"PropertyValueSpecification","valueRequired":true,"valueName":"search_term_string"}}],"inLanguage":"lv-LV"}]}},"_links":{"self":[{"href":"https:\/\/metaltale.com\/lv\/wp-json\/wp\/v2\/product\/138245","targetHints":{"allow":["GET"]}}],"collection":[{"href":"https:\/\/metaltale.com\/lv\/wp-json\/wp\/v2\/product"}],"about":[{"href":"https:\/\/metaltale.com\/lv\/wp-json\/wp\/v2\/types\/product"}],"replies":[{"embeddable":true,"href":"https:\/\/metaltale.com\/lv\/wp-json\/wp\/v2\/comments?post=138245"}],"version-history":[{"count":0,"href":"https:\/\/metaltale.com\/lv\/wp-json\/wp\/v2\/product\/138245\/revisions"}],"wp:featuredmedia":[{"embeddable":true,"href":"https:\/\/metaltale.com\/lv\/wp-json\/wp\/v2\/media\/131060"}],"wp:attachment":[{"href":"https:\/\/metaltale.com\/lv\/wp-json\/wp\/v2\/media?parent=138245"}],"wp:term":[{"taxonomy":"product_brand","embeddable":true,"href":"https:\/\/metaltale.com\/lv\/wp-json\/wp\/v2\/product_brand?post=138245"},{"taxonomy":"product_cat","embeddable":true,"href":"https:\/\/metaltale.com\/lv\/wp-json\/wp\/v2\/product_cat?post=138245"},{"taxonomy":"product_tag","embeddable":true,"href":"https:\/\/metaltale.com\/lv\/wp-json\/wp\/v2\/product_tag?post=138245"}],"curies":[{"name":"wp","href":"https:\/\/api.w.org\/{rel}","templated":true}]}}