{"id":138200,"date":"2024-02-13T14:09:05","date_gmt":"2024-02-13T12:09:05","guid":{"rendered":"https:\/\/metaltale.com\/produktas\/kedes-durvju-sledzene-drosiba\/"},"modified":"2024-02-13T14:09:05","modified_gmt":"2024-02-13T12:09:05","slug":"kedes-durvju-sledzene-drosiba","status":"publish","type":"product","link":"https:\/\/metaltale.com\/lv\/produkts\/kedes-durvju-sledzene-drosiba\/","title":{"rendered":"\u0136\u0113des durvju sl\u0113dzene DRO\u0160\u012aBA"},"content":{"rendered":"<div class=\"prod_data\">\n<p><strong>Modelis<\/strong> AG.17580<br \/>\n<strong>EAN.<\/strong>  5905369904769<br \/>\n<strong>Materi\u0101ls<\/strong> T\u0113rauds<br \/>\n<strong> [cm]Kop\u0113jais garums<\/strong> 11<strong> <\/strong><br \/>\n<strong>Kop\u0113jais platums (cm<\/strong> ) 6<br \/>\n<strong>Lab\u0101s puses platums (cm<\/strong> ) 2<br \/>\n<strong>Kreis\u0101s puses platums (cm<\/strong> ) 8,5<br \/>\nMont\u0101\u017eas skr\u016bves J\u0101<br \/>\nKr\u0101sa Melna<br \/>\n<strong>Apdare<\/strong> Lakots<br \/>\n<strong>Virsmas tips<\/strong> Gluda <strong>virsma<\/strong> <\/p>\n<p>Durvju \u0137\u0113de ir izgatavota no pusmat\u0113ta t\u0113rauda.<br \/>\nKomplekt\u0101 ir iek\u013cautas melnas koka skr\u016bves.<br \/>\nDurvju \u0137\u0113de ir izstr\u0101d\u0101jums, kas paredz\u0113ts ikvienam, kur\u0161 augstu v\u0113rt\u0113 dro\u0161\u012bbu m\u0101j\u0101s. Vienk\u0101r\u0161ais dizains un meln\u0101 kr\u0101sa ir harmonisks duets, kas ieder\u0113sies jebkur\u0101 interjer\u0101, savuk\u0101rt durvju v\u0113rtnei b\u016bs ori\u0123in\u0101ls retro akcents. Augstas kvalit\u0101tes izstr\u0101d\u0101jums ir ilgm\u016b\u017e\u012bbas garantija.<\/p>\n<\/div>\n","protected":false},"excerpt":{"rendered":"<p>Modelis AG.17580 EAN. 5905369904769 Materi\u0101ls T\u0113rauds [cm]Kop\u0113jais garums 11 Kop\u0113jais platums (cm ) 6 Lab\u0101s puses platums (cm ) 2<\/p>\n","protected":false},"featured_media":86309,"comment_status":"open","ping_status":"closed","template":"","meta":{"_acf_changed":false,"pmpro_default_level":""},"product_brand":[],"product_cat":[23889,23837,23865,23890],"product_tag":[],"class_list":{"0":"post-138200","1":"product","2":"type-product","3":"status-publish","4":"has-post-thumbnail","6":"product_cat-duru-spynos-lv","7":"product_cat-mebeles-piederumi","8":"product_cat-sklasciai-ir-kabliukai-lv","9":"product_cat-spynos-lv","10":"pmpro-has-access","12":"first","13":"instock","14":"shipping-taxable","15":"purchasable","16":"product-type-simple"},"acf":[],"yoast_head":"<!-- This site is optimized with the Yoast SEO plugin v24.9 - https:\/\/yoast.com\/wordpress\/plugins\/seo\/ -->\n<title>\u0136\u0113des durvju sl\u0113dzene DRO\u0160\u012aBA - MetalTale.com<\/title>\n<meta name=\"robots\" content=\"index, follow, max-snippet:-1, max-image-preview:large, max-video-preview:-1\" \/>\n<link rel=\"canonical\" href=\"https:\/\/metaltale.com\/lv\/produkts\/kedes-durvju-sledzene-drosiba\/\" \/>\n<meta property=\"og:locale\" content=\"lv_LV\" \/>\n<meta property=\"og:type\" content=\"article\" \/>\n<meta property=\"og:title\" content=\"\u0136\u0113des durvju sl\u0113dzene DRO\u0160\u012aBA - MetalTale.com\" \/>\n<meta property=\"og:description\" content=\"Modelis AG.17580 EAN. 5905369904769 Materi\u0101ls T\u0113rauds [cm]Kop\u0113jais garums 11 Kop\u0113jais platums (cm ) 6 Lab\u0101s puses platums (cm ) 2\" \/>\n<meta property=\"og:url\" content=\"https:\/\/metaltale.com\/lv\/produkts\/kedes-durvju-sledzene-drosiba\/\" \/>\n<meta property=\"og:site_name\" content=\"MetalTale.com\" \/>\n<meta property=\"og:image\" content=\"https:\/\/metaltale.com\/wp-content\/uploads\/2023\/10\/SAUGUMO-durx173-grandinx117.jpg\" \/>\n\t<meta property=\"og:image:width\" content=\"800\" \/>\n\t<meta property=\"og:image:height\" content=\"800\" \/>\n\t<meta property=\"og:image:type\" content=\"image\/jpeg\" \/>\n<meta name=\"twitter:card\" content=\"summary_large_image\" \/>\n<meta name=\"twitter:label1\" content=\"Est. reading time\" \/>\n\t<meta name=\"twitter:data1\" content=\"1 minute\" \/>\n<script type=\"application\/ld+json\" class=\"yoast-schema-graph\">{\"@context\":\"https:\/\/schema.org\",\"@graph\":[{\"@type\":\"WebPage\",\"@id\":\"https:\/\/metaltale.com\/lv\/produkts\/kedes-durvju-sledzene-drosiba\/\",\"url\":\"https:\/\/metaltale.com\/lv\/produkts\/kedes-durvju-sledzene-drosiba\/\",\"name\":\"\u0136\u0113des durvju sl\u0113dzene DRO\u0160\u012aBA - MetalTale.com\",\"isPartOf\":{\"@id\":\"https:\/\/metaltale.com\/lv\/#website\"},\"primaryImageOfPage\":{\"@id\":\"https:\/\/metaltale.com\/lv\/produkts\/kedes-durvju-sledzene-drosiba\/#primaryimage\"},\"image\":{\"@id\":\"https:\/\/metaltale.com\/lv\/produkts\/kedes-durvju-sledzene-drosiba\/#primaryimage\"},\"thumbnailUrl\":\"https:\/\/metaltale.com\/wp-content\/uploads\/2023\/10\/SAUGUMO-durx173-grandinx117.jpg\",\"datePublished\":\"2024-02-13T12:09:05+00:00\",\"breadcrumb\":{\"@id\":\"https:\/\/metaltale.com\/lv\/produkts\/kedes-durvju-sledzene-drosiba\/#breadcrumb\"},\"inLanguage\":\"lv-LV\",\"potentialAction\":[{\"@type\":\"ReadAction\",\"target\":[\"https:\/\/metaltale.com\/lv\/produkts\/kedes-durvju-sledzene-drosiba\/\"]}]},{\"@type\":\"ImageObject\",\"inLanguage\":\"lv-LV\",\"@id\":\"https:\/\/metaltale.com\/lv\/produkts\/kedes-durvju-sledzene-drosiba\/#primaryimage\",\"url\":\"https:\/\/metaltale.com\/wp-content\/uploads\/2023\/10\/SAUGUMO-durx173-grandinx117.jpg\",\"contentUrl\":\"https:\/\/metaltale.com\/wp-content\/uploads\/2023\/10\/SAUGUMO-durx173-grandinx117.jpg\",\"width\":800,\"height\":800,\"caption\":\"\u0136\u0113des durvju sl\u0113dzene DRO\u0160\u012aBA\"},{\"@type\":\"BreadcrumbList\",\"@id\":\"https:\/\/metaltale.com\/lv\/produkts\/kedes-durvju-sledzene-drosiba\/#breadcrumb\",\"itemListElement\":[{\"@type\":\"ListItem\",\"position\":1,\"name\":\"Home\",\"item\":\"https:\/\/metaltale.com\/lv\/majas\/\"},{\"@type\":\"ListItem\",\"position\":2,\"name\":\"Veikals\",\"item\":\"https:\/\/metaltale.com\/lv\/shop\/\"},{\"@type\":\"ListItem\",\"position\":3,\"name\":\"\u0136\u0113des durvju sl\u0113dzene DRO\u0160\u012aBA\"}]},{\"@type\":\"WebSite\",\"@id\":\"https:\/\/metaltale.com\/lv\/#website\",\"url\":\"https:\/\/metaltale.com\/lv\/\",\"name\":\"Metaltale.com\",\"description\":\"\",\"potentialAction\":[{\"@type\":\"SearchAction\",\"target\":{\"@type\":\"EntryPoint\",\"urlTemplate\":\"https:\/\/metaltale.com\/lv\/?s={search_term_string}\"},\"query-input\":{\"@type\":\"PropertyValueSpecification\",\"valueRequired\":true,\"valueName\":\"search_term_string\"}}],\"inLanguage\":\"lv-LV\"}]}<\/script>\n<!-- \/ Yoast SEO plugin. -->","yoast_head_json":{"title":"\u0136\u0113des durvju sl\u0113dzene DRO\u0160\u012aBA - MetalTale.com","robots":{"index":"index","follow":"follow","max-snippet":"max-snippet:-1","max-image-preview":"max-image-preview:large","max-video-preview":"max-video-preview:-1"},"canonical":"https:\/\/metaltale.com\/lv\/produkts\/kedes-durvju-sledzene-drosiba\/","og_locale":"lv_LV","og_type":"article","og_title":"\u0136\u0113des durvju sl\u0113dzene DRO\u0160\u012aBA - MetalTale.com","og_description":"Modelis AG.17580 EAN. 5905369904769 Materi\u0101ls T\u0113rauds [cm]Kop\u0113jais garums 11 Kop\u0113jais platums (cm ) 6 Lab\u0101s puses platums (cm ) 2","og_url":"https:\/\/metaltale.com\/lv\/produkts\/kedes-durvju-sledzene-drosiba\/","og_site_name":"MetalTale.com","og_image":[{"width":800,"height":800,"url":"https:\/\/metaltale.com\/wp-content\/uploads\/2023\/10\/SAUGUMO-durx173-grandinx117.jpg","type":"image\/jpeg"}],"twitter_card":"summary_large_image","twitter_misc":{"Est. reading time":"1 minute"},"schema":{"@context":"https:\/\/schema.org","@graph":[{"@type":"WebPage","@id":"https:\/\/metaltale.com\/lv\/produkts\/kedes-durvju-sledzene-drosiba\/","url":"https:\/\/metaltale.com\/lv\/produkts\/kedes-durvju-sledzene-drosiba\/","name":"\u0136\u0113des durvju sl\u0113dzene DRO\u0160\u012aBA - MetalTale.com","isPartOf":{"@id":"https:\/\/metaltale.com\/lv\/#website"},"primaryImageOfPage":{"@id":"https:\/\/metaltale.com\/lv\/produkts\/kedes-durvju-sledzene-drosiba\/#primaryimage"},"image":{"@id":"https:\/\/metaltale.com\/lv\/produkts\/kedes-durvju-sledzene-drosiba\/#primaryimage"},"thumbnailUrl":"https:\/\/metaltale.com\/wp-content\/uploads\/2023\/10\/SAUGUMO-durx173-grandinx117.jpg","datePublished":"2024-02-13T12:09:05+00:00","breadcrumb":{"@id":"https:\/\/metaltale.com\/lv\/produkts\/kedes-durvju-sledzene-drosiba\/#breadcrumb"},"inLanguage":"lv-LV","potentialAction":[{"@type":"ReadAction","target":["https:\/\/metaltale.com\/lv\/produkts\/kedes-durvju-sledzene-drosiba\/"]}]},{"@type":"ImageObject","inLanguage":"lv-LV","@id":"https:\/\/metaltale.com\/lv\/produkts\/kedes-durvju-sledzene-drosiba\/#primaryimage","url":"https:\/\/metaltale.com\/wp-content\/uploads\/2023\/10\/SAUGUMO-durx173-grandinx117.jpg","contentUrl":"https:\/\/metaltale.com\/wp-content\/uploads\/2023\/10\/SAUGUMO-durx173-grandinx117.jpg","width":800,"height":800,"caption":"\u0136\u0113des durvju sl\u0113dzene DRO\u0160\u012aBA"},{"@type":"BreadcrumbList","@id":"https:\/\/metaltale.com\/lv\/produkts\/kedes-durvju-sledzene-drosiba\/#breadcrumb","itemListElement":[{"@type":"ListItem","position":1,"name":"Home","item":"https:\/\/metaltale.com\/lv\/majas\/"},{"@type":"ListItem","position":2,"name":"Veikals","item":"https:\/\/metaltale.com\/lv\/shop\/"},{"@type":"ListItem","position":3,"name":"\u0136\u0113des durvju sl\u0113dzene DRO\u0160\u012aBA"}]},{"@type":"WebSite","@id":"https:\/\/metaltale.com\/lv\/#website","url":"https:\/\/metaltale.com\/lv\/","name":"Metaltale.com","description":"","potentialAction":[{"@type":"SearchAction","target":{"@type":"EntryPoint","urlTemplate":"https:\/\/metaltale.com\/lv\/?s={search_term_string}"},"query-input":{"@type":"PropertyValueSpecification","valueRequired":true,"valueName":"search_term_string"}}],"inLanguage":"lv-LV"}]}},"_links":{"self":[{"href":"https:\/\/metaltale.com\/lv\/wp-json\/wp\/v2\/product\/138200","targetHints":{"allow":["GET"]}}],"collection":[{"href":"https:\/\/metaltale.com\/lv\/wp-json\/wp\/v2\/product"}],"about":[{"href":"https:\/\/metaltale.com\/lv\/wp-json\/wp\/v2\/types\/product"}],"replies":[{"embeddable":true,"href":"https:\/\/metaltale.com\/lv\/wp-json\/wp\/v2\/comments?post=138200"}],"version-history":[{"count":0,"href":"https:\/\/metaltale.com\/lv\/wp-json\/wp\/v2\/product\/138200\/revisions"}],"wp:featuredmedia":[{"embeddable":true,"href":"https:\/\/metaltale.com\/lv\/wp-json\/wp\/v2\/media\/86309"}],"wp:attachment":[{"href":"https:\/\/metaltale.com\/lv\/wp-json\/wp\/v2\/media?parent=138200"}],"wp:term":[{"taxonomy":"product_brand","embeddable":true,"href":"https:\/\/metaltale.com\/lv\/wp-json\/wp\/v2\/product_brand?post=138200"},{"taxonomy":"product_cat","embeddable":true,"href":"https:\/\/metaltale.com\/lv\/wp-json\/wp\/v2\/product_cat?post=138200"},{"taxonomy":"product_tag","embeddable":true,"href":"https:\/\/metaltale.com\/lv\/wp-json\/wp\/v2\/product_tag?post=138200"}],"curies":[{"name":"wp","href":"https:\/\/api.w.org\/{rel}","templated":true}]}}