{"id":138174,"date":"2024-02-13T14:13:05","date_gmt":"2024-02-13T12:13:05","guid":{"rendered":"https:\/\/metaltale.com\/produktas\/wigan-durvju-rokturi-ar-sledzeni-90-mm\/"},"modified":"2024-02-13T14:13:05","modified_gmt":"2024-02-13T12:13:05","slug":"wigan-durvju-rokturi-ar-sledzeni-90-mm","status":"publish","type":"product","link":"https:\/\/metaltale.com\/lv\/produkts\/wigan-durvju-rokturi-ar-sledzeni-90-mm\/","title":{"rendered":"WIGAN durvju rokturi ar sl\u0113dzeni 90 mm"},"content":{"rendered":"<div class=\"prod_data\">\n<p><strong>Modelis<\/strong> B.WN. PRGR<br \/>\n<strong>Materi\u0101ls<\/strong> Keramika, met\u0101ls<br \/>\n<strong>Kop\u0113j\u0101 projekcija (cm<\/strong> ) 7,5<br \/>\n<strong>Att\u0101lums starp rokturi un atsl\u0113gas caurumu (mm<\/strong> ) 90 mm<br \/>\n<strong>Kr\u0101sa<\/strong> Melna\/balta<br \/>\n<strong>Virsmas tips<\/strong> Gluda <strong>virsma<\/strong><br \/>\n<strong>Skaits komplekt\u0101<\/strong> 2 x rokturis\/rokturis + serde + stiprin\u0101juma skr\u016bves<\/p>\n<hr>\n<p>Melnais pusmat\u0113tais durvju rokturis ar keramikas rokturi ir ide\u0101la izv\u0113le vienk\u0101r\u0161\u0101m durv\u012bm, kur\u0101m tas pie\u0161\u0137irs smalku un elegantu, bet vienlaikus ar\u012b funkcion\u0101lu apdari. Keramikas izmanto\u0161ana pie\u0161\u0137ir durvju rokturim unik\u0101lu retro raksturu. \u0160aj\u0101 pied\u0101v\u0101jum\u0101 m\u0113s pied\u0101v\u0101jam vair\u0101kus Wigan rokturu s\u0113rijas mode\u013cus: piem\u0113ram, ar z\u012bmi, no kuras var izv\u0113l\u0113ties ieliktni vai atsl\u0113gu, ar z\u012bmi tualetes aizv\u0113r\u0161anai, ar pilnu z\u012bmi vai ar pa\u0161u rokturi. Iesp\u0113ju ir tik daudz, ka \u0161o roktura modeli patie\u0161\u0101m var izmantot vis\u0101m m\u0101jas vai dz\u012bvok\u013ca durv\u012bm.<\/p>\n<hr>\n<table style=\"height: 20%; ; width: 100%;\" border=\"0\">\n<tbody>\n<tr>\n<td>MODELIS<\/td>\n<td>VISP\u0100R\u0112JAIS AUGSTUMS<\/td>\n<td>MAKSIM\u0100L\u0100KS PLATUMS<\/td>\n<td>ROKAS P\u016a\u0160\u0145A P\u016a\u0160\u0145A<\/td>\n<td>IZCIL\u012aBAS JOMA<\/td>\n<td>ROKAS GARUMS<\/td>\n<td>NODA\u013bU KL\u0100STS<\/td>\n<\/tr>\n<tr>\n<td><\/td>\n<td><\/td>\n<td><\/td>\n<td><\/td>\n<td><\/td>\n<td><\/td>\n<td><\/td>\n<\/tr>\n<tr>\n<td><\/td>\n<td><\/td>\n<td><\/td>\n<td><\/td>\n<td><\/td>\n<td><\/td>\n<td><\/td>\n<\/tr>\n<tr>\n<td><\/td>\n<td><\/td>\n<td><\/td>\n<td><\/td>\n<td><\/td>\n<td><\/td>\n<td><\/td>\n<\/tr>\n<tr>\n<td><\/td>\n<td><\/td>\n<td><\/td>\n<td><\/td>\n<td><\/td>\n<td><\/td>\n<td><\/td>\n<\/tr>\n<tr>\n<td><\/td>\n<td><\/td>\n<td><\/td>\n<td><\/td>\n<td><\/td>\n<td><\/td>\n<td><\/td>\n<\/tr>\n<tr>\n<td><\/td>\n<td><\/td>\n<td><\/td>\n<td><\/td>\n<td><\/td>\n<td><\/td>\n<td><\/td>\n<\/tr>\n<tr>\n<td>WIGAN ROKTURIS AR ATSL\u0112GAS Z\u012aMI 90 MM<\/td>\n<td>  240 mm<\/td>\n<td>  135 mm<\/td>\n<td> 90 mm<\/td>\n<td> 40 mm<\/td>\n<td>125 mm<\/td>\n<td>193 mm<\/td>\n<\/tr>\n<tr>\n<td><\/td>\n<td><\/td>\n<td><\/td>\n<td><\/td>\n<td><\/td>\n<td><\/td>\n<td><\/td>\n<\/tr>\n<\/tbody>\n<\/table>\n<\/div>\n","protected":false},"excerpt":{"rendered":"<p>Modelis B.WN. PRGR Materi\u0101ls Keramika, met\u0101ls Kop\u0113j\u0101 projekcija (cm ) 7,5 Att\u0101lums starp rokturi un atsl\u0113gas caurumu (mm ) 90<\/p>\n","protected":false},"featured_media":131888,"comment_status":"open","ping_status":"closed","template":"","meta":{"_acf_changed":false,"pmpro_default_level":""},"product_brand":[],"product_cat":[24134,24081,23837],"product_tag":[],"class_list":{"0":"post-138174","1":"product","2":"type-product","3":"status-publish","4":"has-post-thumbnail","6":"product_cat-durvju-rokturi","7":"product_cat-rokturi","8":"product_cat-mebeles-piederumi","9":"pmpro-has-access","11":"first","12":"instock","13":"shipping-taxable","14":"purchasable","15":"product-type-simple"},"acf":[],"yoast_head":"<!-- This site is optimized with the Yoast SEO plugin v24.9 - https:\/\/yoast.com\/wordpress\/plugins\/seo\/ -->\n<title>WIGAN durvju rokturi ar sl\u0113dzeni 90 mm - MetalTale.com<\/title>\n<meta name=\"robots\" content=\"index, follow, max-snippet:-1, max-image-preview:large, max-video-preview:-1\" \/>\n<link rel=\"canonical\" href=\"https:\/\/metaltale.com\/lv\/produkts\/wigan-durvju-rokturi-ar-sledzeni-90-mm\/\" \/>\n<meta property=\"og:locale\" content=\"lv_LV\" \/>\n<meta property=\"og:type\" content=\"article\" \/>\n<meta property=\"og:title\" content=\"WIGAN durvju rokturi ar sl\u0113dzeni 90 mm - MetalTale.com\" \/>\n<meta property=\"og:description\" content=\"Modelis B.WN. PRGR Materi\u0101ls Keramika, met\u0101ls Kop\u0113j\u0101 projekcija (cm ) 7,5 Att\u0101lums starp rokturi un atsl\u0113gas caurumu (mm ) 90\" \/>\n<meta property=\"og:url\" content=\"https:\/\/metaltale.com\/lv\/produkts\/wigan-durvju-rokturi-ar-sledzeni-90-mm\/\" \/>\n<meta property=\"og:site_name\" content=\"MetalTale.com\" \/>\n<meta property=\"og:image\" content=\"https:\/\/metaltale.com\/wp-content\/uploads\/2024\/02\/Duru-rankenos-WIGAN-su-uzraktu-72-mm.jpg\" \/>\n\t<meta property=\"og:image:width\" content=\"800\" \/>\n\t<meta property=\"og:image:height\" content=\"800\" \/>\n\t<meta property=\"og:image:type\" content=\"image\/jpeg\" \/>\n<meta name=\"twitter:card\" content=\"summary_large_image\" \/>\n<meta name=\"twitter:label1\" content=\"Est. reading time\" \/>\n\t<meta name=\"twitter:data1\" content=\"1 minute\" \/>\n<script type=\"application\/ld+json\" class=\"yoast-schema-graph\">{\"@context\":\"https:\/\/schema.org\",\"@graph\":[{\"@type\":\"WebPage\",\"@id\":\"https:\/\/metaltale.com\/lv\/produkts\/wigan-durvju-rokturi-ar-sledzeni-90-mm\/\",\"url\":\"https:\/\/metaltale.com\/lv\/produkts\/wigan-durvju-rokturi-ar-sledzeni-90-mm\/\",\"name\":\"WIGAN durvju rokturi ar sl\u0113dzeni 90 mm - MetalTale.com\",\"isPartOf\":{\"@id\":\"https:\/\/metaltale.com\/lv\/#website\"},\"primaryImageOfPage\":{\"@id\":\"https:\/\/metaltale.com\/lv\/produkts\/wigan-durvju-rokturi-ar-sledzeni-90-mm\/#primaryimage\"},\"image\":{\"@id\":\"https:\/\/metaltale.com\/lv\/produkts\/wigan-durvju-rokturi-ar-sledzeni-90-mm\/#primaryimage\"},\"thumbnailUrl\":\"https:\/\/metaltale.com\/wp-content\/uploads\/2024\/02\/Duru-rankenos-WIGAN-su-uzraktu-72-mm.jpg\",\"datePublished\":\"2024-02-13T12:13:05+00:00\",\"breadcrumb\":{\"@id\":\"https:\/\/metaltale.com\/lv\/produkts\/wigan-durvju-rokturi-ar-sledzeni-90-mm\/#breadcrumb\"},\"inLanguage\":\"lv-LV\",\"potentialAction\":[{\"@type\":\"ReadAction\",\"target\":[\"https:\/\/metaltale.com\/lv\/produkts\/wigan-durvju-rokturi-ar-sledzeni-90-mm\/\"]}]},{\"@type\":\"ImageObject\",\"inLanguage\":\"lv-LV\",\"@id\":\"https:\/\/metaltale.com\/lv\/produkts\/wigan-durvju-rokturi-ar-sledzeni-90-mm\/#primaryimage\",\"url\":\"https:\/\/metaltale.com\/wp-content\/uploads\/2024\/02\/Duru-rankenos-WIGAN-su-uzraktu-72-mm.jpg\",\"contentUrl\":\"https:\/\/metaltale.com\/wp-content\/uploads\/2024\/02\/Duru-rankenos-WIGAN-su-uzraktu-72-mm.jpg\",\"width\":800,\"height\":800,\"caption\":\"WIGAN durvju rokturi ar sl\u0113dzeni 72 mm\"},{\"@type\":\"BreadcrumbList\",\"@id\":\"https:\/\/metaltale.com\/lv\/produkts\/wigan-durvju-rokturi-ar-sledzeni-90-mm\/#breadcrumb\",\"itemListElement\":[{\"@type\":\"ListItem\",\"position\":1,\"name\":\"Home\",\"item\":\"https:\/\/metaltale.com\/lv\/majas\/\"},{\"@type\":\"ListItem\",\"position\":2,\"name\":\"Veikals\",\"item\":\"https:\/\/metaltale.com\/lv\/shop\/\"},{\"@type\":\"ListItem\",\"position\":3,\"name\":\"WIGAN durvju rokturi ar sl\u0113dzeni 90 mm\"}]},{\"@type\":\"WebSite\",\"@id\":\"https:\/\/metaltale.com\/lv\/#website\",\"url\":\"https:\/\/metaltale.com\/lv\/\",\"name\":\"Metaltale.com\",\"description\":\"\",\"potentialAction\":[{\"@type\":\"SearchAction\",\"target\":{\"@type\":\"EntryPoint\",\"urlTemplate\":\"https:\/\/metaltale.com\/lv\/?s={search_term_string}\"},\"query-input\":{\"@type\":\"PropertyValueSpecification\",\"valueRequired\":true,\"valueName\":\"search_term_string\"}}],\"inLanguage\":\"lv-LV\"}]}<\/script>\n<!-- \/ Yoast SEO plugin. -->","yoast_head_json":{"title":"WIGAN durvju rokturi ar sl\u0113dzeni 90 mm - MetalTale.com","robots":{"index":"index","follow":"follow","max-snippet":"max-snippet:-1","max-image-preview":"max-image-preview:large","max-video-preview":"max-video-preview:-1"},"canonical":"https:\/\/metaltale.com\/lv\/produkts\/wigan-durvju-rokturi-ar-sledzeni-90-mm\/","og_locale":"lv_LV","og_type":"article","og_title":"WIGAN durvju rokturi ar sl\u0113dzeni 90 mm - MetalTale.com","og_description":"Modelis B.WN. PRGR Materi\u0101ls Keramika, met\u0101ls Kop\u0113j\u0101 projekcija (cm ) 7,5 Att\u0101lums starp rokturi un atsl\u0113gas caurumu (mm ) 90","og_url":"https:\/\/metaltale.com\/lv\/produkts\/wigan-durvju-rokturi-ar-sledzeni-90-mm\/","og_site_name":"MetalTale.com","og_image":[{"width":800,"height":800,"url":"https:\/\/metaltale.com\/wp-content\/uploads\/2024\/02\/Duru-rankenos-WIGAN-su-uzraktu-72-mm.jpg","type":"image\/jpeg"}],"twitter_card":"summary_large_image","twitter_misc":{"Est. reading time":"1 minute"},"schema":{"@context":"https:\/\/schema.org","@graph":[{"@type":"WebPage","@id":"https:\/\/metaltale.com\/lv\/produkts\/wigan-durvju-rokturi-ar-sledzeni-90-mm\/","url":"https:\/\/metaltale.com\/lv\/produkts\/wigan-durvju-rokturi-ar-sledzeni-90-mm\/","name":"WIGAN durvju rokturi ar sl\u0113dzeni 90 mm - MetalTale.com","isPartOf":{"@id":"https:\/\/metaltale.com\/lv\/#website"},"primaryImageOfPage":{"@id":"https:\/\/metaltale.com\/lv\/produkts\/wigan-durvju-rokturi-ar-sledzeni-90-mm\/#primaryimage"},"image":{"@id":"https:\/\/metaltale.com\/lv\/produkts\/wigan-durvju-rokturi-ar-sledzeni-90-mm\/#primaryimage"},"thumbnailUrl":"https:\/\/metaltale.com\/wp-content\/uploads\/2024\/02\/Duru-rankenos-WIGAN-su-uzraktu-72-mm.jpg","datePublished":"2024-02-13T12:13:05+00:00","breadcrumb":{"@id":"https:\/\/metaltale.com\/lv\/produkts\/wigan-durvju-rokturi-ar-sledzeni-90-mm\/#breadcrumb"},"inLanguage":"lv-LV","potentialAction":[{"@type":"ReadAction","target":["https:\/\/metaltale.com\/lv\/produkts\/wigan-durvju-rokturi-ar-sledzeni-90-mm\/"]}]},{"@type":"ImageObject","inLanguage":"lv-LV","@id":"https:\/\/metaltale.com\/lv\/produkts\/wigan-durvju-rokturi-ar-sledzeni-90-mm\/#primaryimage","url":"https:\/\/metaltale.com\/wp-content\/uploads\/2024\/02\/Duru-rankenos-WIGAN-su-uzraktu-72-mm.jpg","contentUrl":"https:\/\/metaltale.com\/wp-content\/uploads\/2024\/02\/Duru-rankenos-WIGAN-su-uzraktu-72-mm.jpg","width":800,"height":800,"caption":"WIGAN durvju rokturi ar sl\u0113dzeni 72 mm"},{"@type":"BreadcrumbList","@id":"https:\/\/metaltale.com\/lv\/produkts\/wigan-durvju-rokturi-ar-sledzeni-90-mm\/#breadcrumb","itemListElement":[{"@type":"ListItem","position":1,"name":"Home","item":"https:\/\/metaltale.com\/lv\/majas\/"},{"@type":"ListItem","position":2,"name":"Veikals","item":"https:\/\/metaltale.com\/lv\/shop\/"},{"@type":"ListItem","position":3,"name":"WIGAN durvju rokturi ar sl\u0113dzeni 90 mm"}]},{"@type":"WebSite","@id":"https:\/\/metaltale.com\/lv\/#website","url":"https:\/\/metaltale.com\/lv\/","name":"Metaltale.com","description":"","potentialAction":[{"@type":"SearchAction","target":{"@type":"EntryPoint","urlTemplate":"https:\/\/metaltale.com\/lv\/?s={search_term_string}"},"query-input":{"@type":"PropertyValueSpecification","valueRequired":true,"valueName":"search_term_string"}}],"inLanguage":"lv-LV"}]}},"_links":{"self":[{"href":"https:\/\/metaltale.com\/lv\/wp-json\/wp\/v2\/product\/138174","targetHints":{"allow":["GET"]}}],"collection":[{"href":"https:\/\/metaltale.com\/lv\/wp-json\/wp\/v2\/product"}],"about":[{"href":"https:\/\/metaltale.com\/lv\/wp-json\/wp\/v2\/types\/product"}],"replies":[{"embeddable":true,"href":"https:\/\/metaltale.com\/lv\/wp-json\/wp\/v2\/comments?post=138174"}],"version-history":[{"count":0,"href":"https:\/\/metaltale.com\/lv\/wp-json\/wp\/v2\/product\/138174\/revisions"}],"wp:featuredmedia":[{"embeddable":true,"href":"https:\/\/metaltale.com\/lv\/wp-json\/wp\/v2\/media\/131888"}],"wp:attachment":[{"href":"https:\/\/metaltale.com\/lv\/wp-json\/wp\/v2\/media?parent=138174"}],"wp:term":[{"taxonomy":"product_brand","embeddable":true,"href":"https:\/\/metaltale.com\/lv\/wp-json\/wp\/v2\/product_brand?post=138174"},{"taxonomy":"product_cat","embeddable":true,"href":"https:\/\/metaltale.com\/lv\/wp-json\/wp\/v2\/product_cat?post=138174"},{"taxonomy":"product_tag","embeddable":true,"href":"https:\/\/metaltale.com\/lv\/wp-json\/wp\/v2\/product_tag?post=138174"}],"curies":[{"name":"wp","href":"https:\/\/api.w.org\/{rel}","templated":true}]}}