{"id":138158,"date":"2024-02-13T14:25:06","date_gmt":"2024-02-13T12:25:06","guid":{"rendered":"https:\/\/metaltale.com\/produktas\/drebju-akis-francu-ceramic-knob\/"},"modified":"2024-02-13T14:25:06","modified_gmt":"2024-02-13T12:25:06","slug":"drebju-akis-francu-ceramic-knob","status":"publish","type":"product","link":"https:\/\/metaltale.com\/lv\/produkts\/drebju-akis-francu-ceramic-knob\/","title":{"rendered":"Dr\u0113bju \u0101\u0137is FRAN\u010cU CERAMIC KNOB"},"content":{"rendered":"<div class=\"prod_data\">\n<p><strong>Modelis<\/strong> 01.366T. AIC.130<br \/>\n<strong>EAN.<\/strong>  5905369917592<br \/>\n<strong>Materi\u0101ls<\/strong> Keramika, \u010duguns<br \/>\n<strong>Kop\u0113jais augstums (cm<\/strong> ) 15,5<br \/>\nKop\u0113jais platums (cm ) 11<br \/>\n<strong>Kop\u0113j\u0101 projekcija (cm<\/strong> ) 5<br \/>\n<strong>Pamatnes izm\u0113ri (cm)<\/strong> 3,7 x 15,5<br \/>\n<strong>Sugas<\/strong> Dubult\u0101<br \/>\nT\u0113rauda <strong>kr\u0101sa<\/strong> <\/p>\n<p><strong>Fran\u010du stila piekaramais \u0101\u0137is<\/strong> ir lielisks piem\u0113rs uzman\u012bbai deta\u013c\u0101m un prec\u012bzam izpild\u012bjumam. Piekari\u0146a mas\u012bvais pamats galvenok\u0101rt izce\u013cas ar formu un rot\u0101jumu p\u0101rpiln\u012bbu, kas ir \u013coti rakstur\u012bga fran\u010du rokoko stilam. Kopumu nosl\u0113dz divi piekari\u0146i, kas s\u0101nos atdal\u0101s un ir dekor\u0113ti ar keramikas galvi\u0146\u0101m.<\/p>\n<p>Izteiksm\u012bgs piekaramais gaismeklis ir ne tikai praktisks veids, k\u0101 labiek\u0101rtot telpu gaiten\u012b, bet ar\u012b uzkr\u012bto\u0161s rustik\u0101la interjera dizaina elements.<\/p>\n<\/div>\n","protected":false},"excerpt":{"rendered":"<p>Modelis 01.366T. AIC.130 EAN. 5905369917592 Materi\u0101ls Keramika, \u010duguns Kop\u0113jais augstums (cm ) 15,5 Kop\u0113jais platums (cm ) 11 Kop\u0113j\u0101 projekcija<\/p>\n","protected":false},"featured_media":87707,"comment_status":"open","ping_status":"closed","template":"","meta":{"_acf_changed":false,"pmpro_default_level":""},"product_brand":[],"product_cat":[23837,23862],"product_tag":[],"class_list":{"0":"post-138158","1":"product","2":"type-product","3":"status-publish","4":"has-post-thumbnail","6":"product_cat-mebeles-piederumi","7":"product_cat-pakabos-ir-kabliukai-lv","8":"pmpro-has-access","10":"first","11":"instock","12":"shipping-taxable","13":"purchasable","14":"product-type-simple"},"acf":[],"yoast_head":"<!-- This site is optimized with the Yoast SEO plugin v24.9 - https:\/\/yoast.com\/wordpress\/plugins\/seo\/ -->\n<title>Dr\u0113bju \u0101\u0137is FRAN\u010cU CERAMIC KNOB - MetalTale.com<\/title>\n<meta name=\"robots\" content=\"index, follow, max-snippet:-1, max-image-preview:large, max-video-preview:-1\" \/>\n<link rel=\"canonical\" href=\"https:\/\/metaltale.com\/lv\/produkts\/drebju-akis-francu-ceramic-knob\/\" \/>\n<meta property=\"og:locale\" content=\"lv_LV\" \/>\n<meta property=\"og:type\" content=\"article\" \/>\n<meta property=\"og:title\" content=\"Dr\u0113bju \u0101\u0137is FRAN\u010cU CERAMIC KNOB - MetalTale.com\" \/>\n<meta property=\"og:description\" content=\"Modelis 01.366T. AIC.130 EAN. 5905369917592 Materi\u0101ls Keramika, \u010duguns Kop\u0113jais augstums (cm ) 15,5 Kop\u0113jais platums (cm ) 11 Kop\u0113j\u0101 projekcija\" \/>\n<meta property=\"og:url\" content=\"https:\/\/metaltale.com\/lv\/produkts\/drebju-akis-francu-ceramic-knob\/\" \/>\n<meta property=\"og:site_name\" content=\"MetalTale.com\" \/>\n<meta name=\"twitter:card\" content=\"summary_large_image\" \/>\n<meta name=\"twitter:label1\" content=\"Est. reading time\" \/>\n\t<meta name=\"twitter:data1\" content=\"1 minute\" \/>\n<script type=\"application\/ld+json\" class=\"yoast-schema-graph\">{\"@context\":\"https:\/\/schema.org\",\"@graph\":[{\"@type\":\"WebPage\",\"@id\":\"https:\/\/metaltale.com\/lv\/produkts\/drebju-akis-francu-ceramic-knob\/\",\"url\":\"https:\/\/metaltale.com\/lv\/produkts\/drebju-akis-francu-ceramic-knob\/\",\"name\":\"Dr\u0113bju \u0101\u0137is FRAN\u010cU CERAMIC KNOB - MetalTale.com\",\"isPartOf\":{\"@id\":\"https:\/\/metaltale.com\/lv\/#website\"},\"primaryImageOfPage\":{\"@id\":\"https:\/\/metaltale.com\/lv\/produkts\/drebju-akis-francu-ceramic-knob\/#primaryimage\"},\"image\":{\"@id\":\"https:\/\/metaltale.com\/lv\/produkts\/drebju-akis-francu-ceramic-knob\/#primaryimage\"},\"thumbnailUrl\":\"https:\/\/metaltale.com\/wp-content\/uploads\/2023\/10\/Kablys-PRANCx16AZIx160KA-KERAMINx116-RANKENx116Lx116.jpg\",\"datePublished\":\"2024-02-13T12:25:06+00:00\",\"breadcrumb\":{\"@id\":\"https:\/\/metaltale.com\/lv\/produkts\/drebju-akis-francu-ceramic-knob\/#breadcrumb\"},\"inLanguage\":\"lv-LV\",\"potentialAction\":[{\"@type\":\"ReadAction\",\"target\":[\"https:\/\/metaltale.com\/lv\/produkts\/drebju-akis-francu-ceramic-knob\/\"]}]},{\"@type\":\"ImageObject\",\"inLanguage\":\"lv-LV\",\"@id\":\"https:\/\/metaltale.com\/lv\/produkts\/drebju-akis-francu-ceramic-knob\/#primaryimage\",\"url\":\"https:\/\/metaltale.com\/wp-content\/uploads\/2023\/10\/Kablys-PRANCx16AZIx160KA-KERAMINx116-RANKENx116Lx116.jpg\",\"contentUrl\":\"https:\/\/metaltale.com\/wp-content\/uploads\/2023\/10\/Kablys-PRANCx16AZIx160KA-KERAMINx116-RANKENx116Lx116.jpg\",\"width\":800,\"height\":800,\"caption\":\"Dr\u0113bju \u0101\u0137is FRAN\u010cU CERAMIC KNOB\"},{\"@type\":\"BreadcrumbList\",\"@id\":\"https:\/\/metaltale.com\/lv\/produkts\/drebju-akis-francu-ceramic-knob\/#breadcrumb\",\"itemListElement\":[{\"@type\":\"ListItem\",\"position\":1,\"name\":\"Home\",\"item\":\"https:\/\/metaltale.com\/lv\/majas\/\"},{\"@type\":\"ListItem\",\"position\":2,\"name\":\"Veikals\",\"item\":\"https:\/\/metaltale.com\/lv\/shop\/\"},{\"@type\":\"ListItem\",\"position\":3,\"name\":\"Dr\u0113bju \u0101\u0137is FRAN\u010cU CERAMIC KNOB\"}]},{\"@type\":\"WebSite\",\"@id\":\"https:\/\/metaltale.com\/lv\/#website\",\"url\":\"https:\/\/metaltale.com\/lv\/\",\"name\":\"Metaltale.com\",\"description\":\"\",\"potentialAction\":[{\"@type\":\"SearchAction\",\"target\":{\"@type\":\"EntryPoint\",\"urlTemplate\":\"https:\/\/metaltale.com\/lv\/?s={search_term_string}\"},\"query-input\":{\"@type\":\"PropertyValueSpecification\",\"valueRequired\":true,\"valueName\":\"search_term_string\"}}],\"inLanguage\":\"lv-LV\"}]}<\/script>\n<!-- \/ Yoast SEO plugin. -->","yoast_head_json":{"title":"Dr\u0113bju \u0101\u0137is FRAN\u010cU CERAMIC KNOB - MetalTale.com","robots":{"index":"index","follow":"follow","max-snippet":"max-snippet:-1","max-image-preview":"max-image-preview:large","max-video-preview":"max-video-preview:-1"},"canonical":"https:\/\/metaltale.com\/lv\/produkts\/drebju-akis-francu-ceramic-knob\/","og_locale":"lv_LV","og_type":"article","og_title":"Dr\u0113bju \u0101\u0137is FRAN\u010cU CERAMIC KNOB - MetalTale.com","og_description":"Modelis 01.366T. AIC.130 EAN. 5905369917592 Materi\u0101ls Keramika, \u010duguns Kop\u0113jais augstums (cm ) 15,5 Kop\u0113jais platums (cm ) 11 Kop\u0113j\u0101 projekcija","og_url":"https:\/\/metaltale.com\/lv\/produkts\/drebju-akis-francu-ceramic-knob\/","og_site_name":"MetalTale.com","twitter_card":"summary_large_image","twitter_misc":{"Est. reading time":"1 minute"},"schema":{"@context":"https:\/\/schema.org","@graph":[{"@type":"WebPage","@id":"https:\/\/metaltale.com\/lv\/produkts\/drebju-akis-francu-ceramic-knob\/","url":"https:\/\/metaltale.com\/lv\/produkts\/drebju-akis-francu-ceramic-knob\/","name":"Dr\u0113bju \u0101\u0137is FRAN\u010cU CERAMIC KNOB - MetalTale.com","isPartOf":{"@id":"https:\/\/metaltale.com\/lv\/#website"},"primaryImageOfPage":{"@id":"https:\/\/metaltale.com\/lv\/produkts\/drebju-akis-francu-ceramic-knob\/#primaryimage"},"image":{"@id":"https:\/\/metaltale.com\/lv\/produkts\/drebju-akis-francu-ceramic-knob\/#primaryimage"},"thumbnailUrl":"https:\/\/metaltale.com\/wp-content\/uploads\/2023\/10\/Kablys-PRANCx16AZIx160KA-KERAMINx116-RANKENx116Lx116.jpg","datePublished":"2024-02-13T12:25:06+00:00","breadcrumb":{"@id":"https:\/\/metaltale.com\/lv\/produkts\/drebju-akis-francu-ceramic-knob\/#breadcrumb"},"inLanguage":"lv-LV","potentialAction":[{"@type":"ReadAction","target":["https:\/\/metaltale.com\/lv\/produkts\/drebju-akis-francu-ceramic-knob\/"]}]},{"@type":"ImageObject","inLanguage":"lv-LV","@id":"https:\/\/metaltale.com\/lv\/produkts\/drebju-akis-francu-ceramic-knob\/#primaryimage","url":"https:\/\/metaltale.com\/wp-content\/uploads\/2023\/10\/Kablys-PRANCx16AZIx160KA-KERAMINx116-RANKENx116Lx116.jpg","contentUrl":"https:\/\/metaltale.com\/wp-content\/uploads\/2023\/10\/Kablys-PRANCx16AZIx160KA-KERAMINx116-RANKENx116Lx116.jpg","width":800,"height":800,"caption":"Dr\u0113bju \u0101\u0137is FRAN\u010cU CERAMIC KNOB"},{"@type":"BreadcrumbList","@id":"https:\/\/metaltale.com\/lv\/produkts\/drebju-akis-francu-ceramic-knob\/#breadcrumb","itemListElement":[{"@type":"ListItem","position":1,"name":"Home","item":"https:\/\/metaltale.com\/lv\/majas\/"},{"@type":"ListItem","position":2,"name":"Veikals","item":"https:\/\/metaltale.com\/lv\/shop\/"},{"@type":"ListItem","position":3,"name":"Dr\u0113bju \u0101\u0137is FRAN\u010cU CERAMIC KNOB"}]},{"@type":"WebSite","@id":"https:\/\/metaltale.com\/lv\/#website","url":"https:\/\/metaltale.com\/lv\/","name":"Metaltale.com","description":"","potentialAction":[{"@type":"SearchAction","target":{"@type":"EntryPoint","urlTemplate":"https:\/\/metaltale.com\/lv\/?s={search_term_string}"},"query-input":{"@type":"PropertyValueSpecification","valueRequired":true,"valueName":"search_term_string"}}],"inLanguage":"lv-LV"}]}},"_links":{"self":[{"href":"https:\/\/metaltale.com\/lv\/wp-json\/wp\/v2\/product\/138158","targetHints":{"allow":["GET"]}}],"collection":[{"href":"https:\/\/metaltale.com\/lv\/wp-json\/wp\/v2\/product"}],"about":[{"href":"https:\/\/metaltale.com\/lv\/wp-json\/wp\/v2\/types\/product"}],"replies":[{"embeddable":true,"href":"https:\/\/metaltale.com\/lv\/wp-json\/wp\/v2\/comments?post=138158"}],"version-history":[{"count":0,"href":"https:\/\/metaltale.com\/lv\/wp-json\/wp\/v2\/product\/138158\/revisions"}],"wp:featuredmedia":[{"embeddable":true,"href":"https:\/\/metaltale.com\/lv\/wp-json\/wp\/v2\/media\/87707"}],"wp:attachment":[{"href":"https:\/\/metaltale.com\/lv\/wp-json\/wp\/v2\/media?parent=138158"}],"wp:term":[{"taxonomy":"product_brand","embeddable":true,"href":"https:\/\/metaltale.com\/lv\/wp-json\/wp\/v2\/product_brand?post=138158"},{"taxonomy":"product_cat","embeddable":true,"href":"https:\/\/metaltale.com\/lv\/wp-json\/wp\/v2\/product_cat?post=138158"},{"taxonomy":"product_tag","embeddable":true,"href":"https:\/\/metaltale.com\/lv\/wp-json\/wp\/v2\/product_tag?post=138158"}],"curies":[{"name":"wp","href":"https:\/\/api.w.org\/{rel}","templated":true}]}}