{"id":138136,"date":"2024-02-13T14:23:04","date_gmt":"2024-02-13T12:23:04","guid":{"rendered":"https:\/\/metaltale.com\/produktas\/drebju-akis-ceramic-knob-110-mm\/"},"modified":"2024-02-13T14:23:04","modified_gmt":"2024-02-13T12:23:04","slug":"drebju-akis-ceramic-knob-110-mm","status":"publish","type":"product","link":"https:\/\/metaltale.com\/lv\/produkts\/drebju-akis-ceramic-knob-110-mm\/","title":{"rendered":"Dr\u0113bju \u0101\u0137is CERAMIC KNOB 110 mm"},"content":{"rendered":"<div class=\"prod_data\">\n<p>49 336E <strong>modelis<\/strong>. AIC.110<br \/>\n<strong>EAN.<\/strong>  5905369917479<br \/>\n<strong>Materi\u0101ls<\/strong> Keramika, \u010duguns<br \/>\nKop\u0113jais augstums (cm ) 11<br \/>\n<strong>Kop\u0113j\u0101 projekcija (cm<\/strong> ) 7,5<br \/>\n<strong>Pamatnes izm\u0113ri (cm)<\/strong> 3 x 4<br \/>\n<strong>Sugas<\/strong> Dubult\u0101<br \/>\nT\u0113rauda <strong>kr\u0101sa<\/strong> <\/p>\n<p>Piekaramie <strong>\u0101\u0137i<\/strong> ar keramikas galiem izce\u013c daudzu interjeru lauku dizainu. Att\u0113l\u0101 redzamais piekaramais \u0101\u0137is ir izgatavots no augstas kvalit\u0101tes \u010duguna un ir apr\u012bkots ar diviem plakaniem \u010daulas formas pakaramajiem.<\/p>\n<p>Keramikas izmanto\u0161ana dekorat\u012bvai apdarei ir sen\u0101k\u0101 prakse, k\u0101 harmoniski apvienot abus materi\u0101lus. Ierosin\u0101t\u0101s balstiek\u0101rtas neapstr\u0101d\u0101to stilu m\u012bkstina unik\u0101l\u0101 t\u0113rauda kal\u0161ana, kas noteikti rad\u012bs pievilc\u012bgu vizu\u0101lo saj\u016btu.<\/p>\n<\/div>\n","protected":false},"excerpt":{"rendered":"<p>49 336E modelis. AIC.110 EAN. 5905369917479 Materi\u0101ls Keramika, \u010duguns Kop\u0113jais augstums (cm ) 11 Kop\u0113j\u0101 projekcija (cm ) 7,5 Pamatnes<\/p>\n","protected":false},"featured_media":112681,"comment_status":"open","ping_status":"closed","template":"","meta":{"_acf_changed":false,"pmpro_default_level":""},"product_brand":[],"product_cat":[23837,23862],"product_tag":[],"class_list":{"0":"post-138136","1":"product","2":"type-product","3":"status-publish","4":"has-post-thumbnail","6":"product_cat-mebeles-piederumi","7":"product_cat-pakabos-ir-kabliukai-lv","8":"pmpro-has-access","10":"first","11":"instock","12":"shipping-taxable","13":"purchasable","14":"product-type-simple"},"acf":[],"yoast_head":"<!-- This site is optimized with the Yoast SEO plugin v24.9 - https:\/\/yoast.com\/wordpress\/plugins\/seo\/ -->\n<title>Dr\u0113bju \u0101\u0137is CERAMIC KNOB 110 mm - MetalTale.com<\/title>\n<meta name=\"robots\" content=\"index, follow, max-snippet:-1, max-image-preview:large, max-video-preview:-1\" \/>\n<link rel=\"canonical\" href=\"https:\/\/metaltale.com\/lv\/produkts\/drebju-akis-ceramic-knob-110-mm\/\" \/>\n<meta property=\"og:locale\" content=\"lv_LV\" \/>\n<meta property=\"og:type\" content=\"article\" \/>\n<meta property=\"og:title\" content=\"Dr\u0113bju \u0101\u0137is CERAMIC KNOB 110 mm - MetalTale.com\" \/>\n<meta property=\"og:description\" content=\"49 336E modelis. AIC.110 EAN. 5905369917479 Materi\u0101ls Keramika, \u010duguns Kop\u0113jais augstums (cm ) 11 Kop\u0113j\u0101 projekcija (cm ) 7,5 Pamatnes\" \/>\n<meta property=\"og:url\" content=\"https:\/\/metaltale.com\/lv\/produkts\/drebju-akis-ceramic-knob-110-mm\/\" \/>\n<meta property=\"og:site_name\" content=\"MetalTale.com\" \/>\n<meta name=\"twitter:card\" content=\"summary_large_image\" \/>\n<meta name=\"twitter:label1\" content=\"Est. reading time\" \/>\n\t<meta name=\"twitter:data1\" content=\"1 minute\" \/>\n<script type=\"application\/ld+json\" class=\"yoast-schema-graph\">{\"@context\":\"https:\/\/schema.org\",\"@graph\":[{\"@type\":\"WebPage\",\"@id\":\"https:\/\/metaltale.com\/lv\/produkts\/drebju-akis-ceramic-knob-110-mm\/\",\"url\":\"https:\/\/metaltale.com\/lv\/produkts\/drebju-akis-ceramic-knob-110-mm\/\",\"name\":\"Dr\u0113bju \u0101\u0137is CERAMIC KNOB 110 mm - MetalTale.com\",\"isPartOf\":{\"@id\":\"https:\/\/metaltale.com\/lv\/#website\"},\"primaryImageOfPage\":{\"@id\":\"https:\/\/metaltale.com\/lv\/produkts\/drebju-akis-ceramic-knob-110-mm\/#primaryimage\"},\"image\":{\"@id\":\"https:\/\/metaltale.com\/lv\/produkts\/drebju-akis-ceramic-knob-110-mm\/#primaryimage\"},\"thumbnailUrl\":\"https:\/\/metaltale.com\/wp-content\/uploads\/2023\/11\/Kablys-KERAMINx116-RANKENx116Lx116-110mm.jpg\",\"datePublished\":\"2024-02-13T12:23:04+00:00\",\"breadcrumb\":{\"@id\":\"https:\/\/metaltale.com\/lv\/produkts\/drebju-akis-ceramic-knob-110-mm\/#breadcrumb\"},\"inLanguage\":\"lv-LV\",\"potentialAction\":[{\"@type\":\"ReadAction\",\"target\":[\"https:\/\/metaltale.com\/lv\/produkts\/drebju-akis-ceramic-knob-110-mm\/\"]}]},{\"@type\":\"ImageObject\",\"inLanguage\":\"lv-LV\",\"@id\":\"https:\/\/metaltale.com\/lv\/produkts\/drebju-akis-ceramic-knob-110-mm\/#primaryimage\",\"url\":\"https:\/\/metaltale.com\/wp-content\/uploads\/2023\/11\/Kablys-KERAMINx116-RANKENx116Lx116-110mm.jpg\",\"contentUrl\":\"https:\/\/metaltale.com\/wp-content\/uploads\/2023\/11\/Kablys-KERAMINx116-RANKENx116Lx116-110mm.jpg\",\"width\":800,\"height\":800,\"caption\":\"Dr\u0113bju \u0101\u0137is CERAMIC KNOB 110 mm\"},{\"@type\":\"BreadcrumbList\",\"@id\":\"https:\/\/metaltale.com\/lv\/produkts\/drebju-akis-ceramic-knob-110-mm\/#breadcrumb\",\"itemListElement\":[{\"@type\":\"ListItem\",\"position\":1,\"name\":\"Home\",\"item\":\"https:\/\/metaltale.com\/lv\/majas\/\"},{\"@type\":\"ListItem\",\"position\":2,\"name\":\"Veikals\",\"item\":\"https:\/\/metaltale.com\/lv\/shop\/\"},{\"@type\":\"ListItem\",\"position\":3,\"name\":\"Dr\u0113bju \u0101\u0137is CERAMIC KNOB 110 mm\"}]},{\"@type\":\"WebSite\",\"@id\":\"https:\/\/metaltale.com\/lv\/#website\",\"url\":\"https:\/\/metaltale.com\/lv\/\",\"name\":\"Metaltale.com\",\"description\":\"\",\"potentialAction\":[{\"@type\":\"SearchAction\",\"target\":{\"@type\":\"EntryPoint\",\"urlTemplate\":\"https:\/\/metaltale.com\/lv\/?s={search_term_string}\"},\"query-input\":{\"@type\":\"PropertyValueSpecification\",\"valueRequired\":true,\"valueName\":\"search_term_string\"}}],\"inLanguage\":\"lv-LV\"}]}<\/script>\n<!-- \/ Yoast SEO plugin. -->","yoast_head_json":{"title":"Dr\u0113bju \u0101\u0137is CERAMIC KNOB 110 mm - MetalTale.com","robots":{"index":"index","follow":"follow","max-snippet":"max-snippet:-1","max-image-preview":"max-image-preview:large","max-video-preview":"max-video-preview:-1"},"canonical":"https:\/\/metaltale.com\/lv\/produkts\/drebju-akis-ceramic-knob-110-mm\/","og_locale":"lv_LV","og_type":"article","og_title":"Dr\u0113bju \u0101\u0137is CERAMIC KNOB 110 mm - MetalTale.com","og_description":"49 336E modelis. AIC.110 EAN. 5905369917479 Materi\u0101ls Keramika, \u010duguns Kop\u0113jais augstums (cm ) 11 Kop\u0113j\u0101 projekcija (cm ) 7,5 Pamatnes","og_url":"https:\/\/metaltale.com\/lv\/produkts\/drebju-akis-ceramic-knob-110-mm\/","og_site_name":"MetalTale.com","twitter_card":"summary_large_image","twitter_misc":{"Est. reading time":"1 minute"},"schema":{"@context":"https:\/\/schema.org","@graph":[{"@type":"WebPage","@id":"https:\/\/metaltale.com\/lv\/produkts\/drebju-akis-ceramic-knob-110-mm\/","url":"https:\/\/metaltale.com\/lv\/produkts\/drebju-akis-ceramic-knob-110-mm\/","name":"Dr\u0113bju \u0101\u0137is CERAMIC KNOB 110 mm - MetalTale.com","isPartOf":{"@id":"https:\/\/metaltale.com\/lv\/#website"},"primaryImageOfPage":{"@id":"https:\/\/metaltale.com\/lv\/produkts\/drebju-akis-ceramic-knob-110-mm\/#primaryimage"},"image":{"@id":"https:\/\/metaltale.com\/lv\/produkts\/drebju-akis-ceramic-knob-110-mm\/#primaryimage"},"thumbnailUrl":"https:\/\/metaltale.com\/wp-content\/uploads\/2023\/11\/Kablys-KERAMINx116-RANKENx116Lx116-110mm.jpg","datePublished":"2024-02-13T12:23:04+00:00","breadcrumb":{"@id":"https:\/\/metaltale.com\/lv\/produkts\/drebju-akis-ceramic-knob-110-mm\/#breadcrumb"},"inLanguage":"lv-LV","potentialAction":[{"@type":"ReadAction","target":["https:\/\/metaltale.com\/lv\/produkts\/drebju-akis-ceramic-knob-110-mm\/"]}]},{"@type":"ImageObject","inLanguage":"lv-LV","@id":"https:\/\/metaltale.com\/lv\/produkts\/drebju-akis-ceramic-knob-110-mm\/#primaryimage","url":"https:\/\/metaltale.com\/wp-content\/uploads\/2023\/11\/Kablys-KERAMINx116-RANKENx116Lx116-110mm.jpg","contentUrl":"https:\/\/metaltale.com\/wp-content\/uploads\/2023\/11\/Kablys-KERAMINx116-RANKENx116Lx116-110mm.jpg","width":800,"height":800,"caption":"Dr\u0113bju \u0101\u0137is CERAMIC KNOB 110 mm"},{"@type":"BreadcrumbList","@id":"https:\/\/metaltale.com\/lv\/produkts\/drebju-akis-ceramic-knob-110-mm\/#breadcrumb","itemListElement":[{"@type":"ListItem","position":1,"name":"Home","item":"https:\/\/metaltale.com\/lv\/majas\/"},{"@type":"ListItem","position":2,"name":"Veikals","item":"https:\/\/metaltale.com\/lv\/shop\/"},{"@type":"ListItem","position":3,"name":"Dr\u0113bju \u0101\u0137is CERAMIC KNOB 110 mm"}]},{"@type":"WebSite","@id":"https:\/\/metaltale.com\/lv\/#website","url":"https:\/\/metaltale.com\/lv\/","name":"Metaltale.com","description":"","potentialAction":[{"@type":"SearchAction","target":{"@type":"EntryPoint","urlTemplate":"https:\/\/metaltale.com\/lv\/?s={search_term_string}"},"query-input":{"@type":"PropertyValueSpecification","valueRequired":true,"valueName":"search_term_string"}}],"inLanguage":"lv-LV"}]}},"_links":{"self":[{"href":"https:\/\/metaltale.com\/lv\/wp-json\/wp\/v2\/product\/138136","targetHints":{"allow":["GET"]}}],"collection":[{"href":"https:\/\/metaltale.com\/lv\/wp-json\/wp\/v2\/product"}],"about":[{"href":"https:\/\/metaltale.com\/lv\/wp-json\/wp\/v2\/types\/product"}],"replies":[{"embeddable":true,"href":"https:\/\/metaltale.com\/lv\/wp-json\/wp\/v2\/comments?post=138136"}],"version-history":[{"count":0,"href":"https:\/\/metaltale.com\/lv\/wp-json\/wp\/v2\/product\/138136\/revisions"}],"wp:featuredmedia":[{"embeddable":true,"href":"https:\/\/metaltale.com\/lv\/wp-json\/wp\/v2\/media\/112681"}],"wp:attachment":[{"href":"https:\/\/metaltale.com\/lv\/wp-json\/wp\/v2\/media?parent=138136"}],"wp:term":[{"taxonomy":"product_brand","embeddable":true,"href":"https:\/\/metaltale.com\/lv\/wp-json\/wp\/v2\/product_brand?post=138136"},{"taxonomy":"product_cat","embeddable":true,"href":"https:\/\/metaltale.com\/lv\/wp-json\/wp\/v2\/product_cat?post=138136"},{"taxonomy":"product_tag","embeddable":true,"href":"https:\/\/metaltale.com\/lv\/wp-json\/wp\/v2\/product_tag?post=138136"}],"curies":[{"name":"wp","href":"https:\/\/api.w.org\/{rel}","templated":true}]}}