{"id":138129,"date":"2024-02-13T14:23:04","date_gmt":"2024-02-13T12:23:04","guid":{"rendered":"https:\/\/metaltale.com\/produktas\/pakaramais-apgerbu-akis-rams-horns-90mm\/"},"modified":"2024-02-13T14:23:04","modified_gmt":"2024-02-13T12:23:04","slug":"pakaramais-apgerbu-akis-rams-horns-90mm","status":"publish","type":"product","link":"https:\/\/metaltale.com\/lv\/produkts\/pakaramais-apgerbu-akis-rams-horns-90mm\/","title":{"rendered":"Pakaramais ap\u0123\u0113rbu \u0101\u0137is RAMS HORNS 90mm"},"content":{"rendered":"<div class=\"prod_data\">\n<p><strong>Modelis<\/strong> 03.337.HF.90<br \/>\n<strong>EAN.<\/strong>  5905369917448<br \/>\n<strong>Materi\u0101ls<\/strong> T\u0113rauds<br \/>\nKop\u0113jais augstums (cm ) 9<br \/>\n<strong>Kop\u0113jais platums (cm<\/strong> ) 5,7<br \/>\n<strong>Kop\u0113j\u0101 projekcija (cm<\/strong> ) 3,5<br \/>\n<strong>Veids<\/strong> Vienviet\u012bgs<br \/>\nKr\u0101sa Melna<\/p>\n<p>J\u0113ra raga <strong>\u0101\u0137is<\/strong> ir interesanta alternat\u012bva cilv\u0113kiem, kas mekl\u0113 vienk\u0101r\u0161us, bet efekt\u012bvus risin\u0101jumus. Klasisk\u0101 forma ir bag\u0101tin\u0101ta ar rakstu, kas imit\u0113 auna ragu izk\u0101rtojumu ar <strong>vienu \u0101\u0137i<\/strong> pie to pamatnes.<\/p>\n<p>Viss ar rok\u0101m kaltais process padara pat tik mazus elementus unik\u0101lus, uzsverot interjera lauku atmosf\u0113ru un radot ori\u0123in\u0101lus pl\u0101nojumus ar lielisku funkcionalit\u0101ti un unik\u0101lu stilu.<\/p>\n<\/div>\n","protected":false},"excerpt":{"rendered":"<p>Modelis 03.337.HF.90 EAN. 5905369917448 Materi\u0101ls T\u0113rauds Kop\u0113jais augstums (cm ) 9 Kop\u0113jais platums (cm ) 5,7 Kop\u0113j\u0101 projekcija (cm )<\/p>\n","protected":false},"featured_media":112662,"comment_status":"open","ping_status":"closed","template":"","meta":{"_acf_changed":false,"pmpro_default_level":""},"product_brand":[],"product_cat":[23837,23862],"product_tag":[],"class_list":{"0":"post-138129","1":"product","2":"type-product","3":"status-publish","4":"has-post-thumbnail","6":"product_cat-mebeles-piederumi","7":"product_cat-pakabos-ir-kabliukai-lv","8":"pmpro-has-access","10":"first","11":"instock","12":"shipping-taxable","13":"purchasable","14":"product-type-simple"},"acf":[],"yoast_head":"<!-- This site is optimized with the Yoast SEO plugin v24.9 - https:\/\/yoast.com\/wordpress\/plugins\/seo\/ -->\n<title>Pakaramais ap\u0123\u0113rbu \u0101\u0137is RAMS HORNS 90mm - MetalTale.com<\/title>\n<meta name=\"robots\" content=\"index, follow, max-snippet:-1, max-image-preview:large, max-video-preview:-1\" \/>\n<link rel=\"canonical\" href=\"https:\/\/metaltale.com\/lv\/produkts\/pakaramais-apgerbu-akis-rams-horns-90mm\/\" \/>\n<meta property=\"og:locale\" content=\"lv_LV\" \/>\n<meta property=\"og:type\" content=\"article\" \/>\n<meta property=\"og:title\" content=\"Pakaramais ap\u0123\u0113rbu \u0101\u0137is RAMS HORNS 90mm - MetalTale.com\" \/>\n<meta property=\"og:description\" content=\"Modelis 03.337.HF.90 EAN. 5905369917448 Materi\u0101ls T\u0113rauds Kop\u0113jais augstums (cm ) 9 Kop\u0113jais platums (cm ) 5,7 Kop\u0113j\u0101 projekcija (cm )\" \/>\n<meta property=\"og:url\" content=\"https:\/\/metaltale.com\/lv\/produkts\/pakaramais-apgerbu-akis-rams-horns-90mm\/\" \/>\n<meta property=\"og:site_name\" content=\"MetalTale.com\" \/>\n<meta name=\"twitter:card\" content=\"summary_large_image\" \/>\n<script type=\"application\/ld+json\" class=\"yoast-schema-graph\">{\"@context\":\"https:\/\/schema.org\",\"@graph\":[{\"@type\":\"WebPage\",\"@id\":\"https:\/\/metaltale.com\/lv\/produkts\/pakaramais-apgerbu-akis-rams-horns-90mm\/\",\"url\":\"https:\/\/metaltale.com\/lv\/produkts\/pakaramais-apgerbu-akis-rams-horns-90mm\/\",\"name\":\"Pakaramais ap\u0123\u0113rbu \u0101\u0137is RAMS HORNS 90mm - MetalTale.com\",\"isPartOf\":{\"@id\":\"https:\/\/metaltale.com\/lv\/#website\"},\"primaryImageOfPage\":{\"@id\":\"https:\/\/metaltale.com\/lv\/produkts\/pakaramais-apgerbu-akis-rams-horns-90mm\/#primaryimage\"},\"image\":{\"@id\":\"https:\/\/metaltale.com\/lv\/produkts\/pakaramais-apgerbu-akis-rams-horns-90mm\/#primaryimage\"},\"thumbnailUrl\":\"https:\/\/metaltale.com\/wp-content\/uploads\/2023\/11\/Kablys-BARANIE-RAGAI-90mm.jpg\",\"datePublished\":\"2024-02-13T12:23:04+00:00\",\"breadcrumb\":{\"@id\":\"https:\/\/metaltale.com\/lv\/produkts\/pakaramais-apgerbu-akis-rams-horns-90mm\/#breadcrumb\"},\"inLanguage\":\"lv-LV\",\"potentialAction\":[{\"@type\":\"ReadAction\",\"target\":[\"https:\/\/metaltale.com\/lv\/produkts\/pakaramais-apgerbu-akis-rams-horns-90mm\/\"]}]},{\"@type\":\"ImageObject\",\"inLanguage\":\"lv-LV\",\"@id\":\"https:\/\/metaltale.com\/lv\/produkts\/pakaramais-apgerbu-akis-rams-horns-90mm\/#primaryimage\",\"url\":\"https:\/\/metaltale.com\/wp-content\/uploads\/2023\/11\/Kablys-BARANIE-RAGAI-90mm.jpg\",\"contentUrl\":\"https:\/\/metaltale.com\/wp-content\/uploads\/2023\/11\/Kablys-BARANIE-RAGAI-90mm.jpg\",\"width\":800,\"height\":800,\"caption\":\"Pakaramais ap\u0123\u0113rbu \u0101\u0137is RAMS HORNS 90mm\"},{\"@type\":\"BreadcrumbList\",\"@id\":\"https:\/\/metaltale.com\/lv\/produkts\/pakaramais-apgerbu-akis-rams-horns-90mm\/#breadcrumb\",\"itemListElement\":[{\"@type\":\"ListItem\",\"position\":1,\"name\":\"Home\",\"item\":\"https:\/\/metaltale.com\/lv\/majas\/\"},{\"@type\":\"ListItem\",\"position\":2,\"name\":\"Veikals\",\"item\":\"https:\/\/metaltale.com\/lv\/shop\/\"},{\"@type\":\"ListItem\",\"position\":3,\"name\":\"Pakaramais ap\u0123\u0113rbu \u0101\u0137is RAMS HORNS 90mm\"}]},{\"@type\":\"WebSite\",\"@id\":\"https:\/\/metaltale.com\/lv\/#website\",\"url\":\"https:\/\/metaltale.com\/lv\/\",\"name\":\"Metaltale.com\",\"description\":\"\",\"potentialAction\":[{\"@type\":\"SearchAction\",\"target\":{\"@type\":\"EntryPoint\",\"urlTemplate\":\"https:\/\/metaltale.com\/lv\/?s={search_term_string}\"},\"query-input\":{\"@type\":\"PropertyValueSpecification\",\"valueRequired\":true,\"valueName\":\"search_term_string\"}}],\"inLanguage\":\"lv-LV\"}]}<\/script>\n<!-- \/ Yoast SEO plugin. -->","yoast_head_json":{"title":"Pakaramais ap\u0123\u0113rbu \u0101\u0137is RAMS HORNS 90mm - MetalTale.com","robots":{"index":"index","follow":"follow","max-snippet":"max-snippet:-1","max-image-preview":"max-image-preview:large","max-video-preview":"max-video-preview:-1"},"canonical":"https:\/\/metaltale.com\/lv\/produkts\/pakaramais-apgerbu-akis-rams-horns-90mm\/","og_locale":"lv_LV","og_type":"article","og_title":"Pakaramais ap\u0123\u0113rbu \u0101\u0137is RAMS HORNS 90mm - MetalTale.com","og_description":"Modelis 03.337.HF.90 EAN. 5905369917448 Materi\u0101ls T\u0113rauds Kop\u0113jais augstums (cm ) 9 Kop\u0113jais platums (cm ) 5,7 Kop\u0113j\u0101 projekcija (cm )","og_url":"https:\/\/metaltale.com\/lv\/produkts\/pakaramais-apgerbu-akis-rams-horns-90mm\/","og_site_name":"MetalTale.com","twitter_card":"summary_large_image","schema":{"@context":"https:\/\/schema.org","@graph":[{"@type":"WebPage","@id":"https:\/\/metaltale.com\/lv\/produkts\/pakaramais-apgerbu-akis-rams-horns-90mm\/","url":"https:\/\/metaltale.com\/lv\/produkts\/pakaramais-apgerbu-akis-rams-horns-90mm\/","name":"Pakaramais ap\u0123\u0113rbu \u0101\u0137is RAMS HORNS 90mm - MetalTale.com","isPartOf":{"@id":"https:\/\/metaltale.com\/lv\/#website"},"primaryImageOfPage":{"@id":"https:\/\/metaltale.com\/lv\/produkts\/pakaramais-apgerbu-akis-rams-horns-90mm\/#primaryimage"},"image":{"@id":"https:\/\/metaltale.com\/lv\/produkts\/pakaramais-apgerbu-akis-rams-horns-90mm\/#primaryimage"},"thumbnailUrl":"https:\/\/metaltale.com\/wp-content\/uploads\/2023\/11\/Kablys-BARANIE-RAGAI-90mm.jpg","datePublished":"2024-02-13T12:23:04+00:00","breadcrumb":{"@id":"https:\/\/metaltale.com\/lv\/produkts\/pakaramais-apgerbu-akis-rams-horns-90mm\/#breadcrumb"},"inLanguage":"lv-LV","potentialAction":[{"@type":"ReadAction","target":["https:\/\/metaltale.com\/lv\/produkts\/pakaramais-apgerbu-akis-rams-horns-90mm\/"]}]},{"@type":"ImageObject","inLanguage":"lv-LV","@id":"https:\/\/metaltale.com\/lv\/produkts\/pakaramais-apgerbu-akis-rams-horns-90mm\/#primaryimage","url":"https:\/\/metaltale.com\/wp-content\/uploads\/2023\/11\/Kablys-BARANIE-RAGAI-90mm.jpg","contentUrl":"https:\/\/metaltale.com\/wp-content\/uploads\/2023\/11\/Kablys-BARANIE-RAGAI-90mm.jpg","width":800,"height":800,"caption":"Pakaramais ap\u0123\u0113rbu \u0101\u0137is RAMS HORNS 90mm"},{"@type":"BreadcrumbList","@id":"https:\/\/metaltale.com\/lv\/produkts\/pakaramais-apgerbu-akis-rams-horns-90mm\/#breadcrumb","itemListElement":[{"@type":"ListItem","position":1,"name":"Home","item":"https:\/\/metaltale.com\/lv\/majas\/"},{"@type":"ListItem","position":2,"name":"Veikals","item":"https:\/\/metaltale.com\/lv\/shop\/"},{"@type":"ListItem","position":3,"name":"Pakaramais ap\u0123\u0113rbu \u0101\u0137is RAMS HORNS 90mm"}]},{"@type":"WebSite","@id":"https:\/\/metaltale.com\/lv\/#website","url":"https:\/\/metaltale.com\/lv\/","name":"Metaltale.com","description":"","potentialAction":[{"@type":"SearchAction","target":{"@type":"EntryPoint","urlTemplate":"https:\/\/metaltale.com\/lv\/?s={search_term_string}"},"query-input":{"@type":"PropertyValueSpecification","valueRequired":true,"valueName":"search_term_string"}}],"inLanguage":"lv-LV"}]}},"_links":{"self":[{"href":"https:\/\/metaltale.com\/lv\/wp-json\/wp\/v2\/product\/138129","targetHints":{"allow":["GET"]}}],"collection":[{"href":"https:\/\/metaltale.com\/lv\/wp-json\/wp\/v2\/product"}],"about":[{"href":"https:\/\/metaltale.com\/lv\/wp-json\/wp\/v2\/types\/product"}],"replies":[{"embeddable":true,"href":"https:\/\/metaltale.com\/lv\/wp-json\/wp\/v2\/comments?post=138129"}],"version-history":[{"count":0,"href":"https:\/\/metaltale.com\/lv\/wp-json\/wp\/v2\/product\/138129\/revisions"}],"wp:featuredmedia":[{"embeddable":true,"href":"https:\/\/metaltale.com\/lv\/wp-json\/wp\/v2\/media\/112662"}],"wp:attachment":[{"href":"https:\/\/metaltale.com\/lv\/wp-json\/wp\/v2\/media?parent=138129"}],"wp:term":[{"taxonomy":"product_brand","embeddable":true,"href":"https:\/\/metaltale.com\/lv\/wp-json\/wp\/v2\/product_brand?post=138129"},{"taxonomy":"product_cat","embeddable":true,"href":"https:\/\/metaltale.com\/lv\/wp-json\/wp\/v2\/product_cat?post=138129"},{"taxonomy":"product_tag","embeddable":true,"href":"https:\/\/metaltale.com\/lv\/wp-json\/wp\/v2\/product_tag?post=138129"}],"curies":[{"name":"wp","href":"https:\/\/api.w.org\/{rel}","templated":true}]}}