{"id":138104,"date":"2024-02-13T14:23:04","date_gmt":"2024-02-13T12:23:04","guid":{"rendered":"https:\/\/metaltale.com\/produktas\/mebelu-viras-rustic-kreisa-bruna\/"},"modified":"2024-02-13T14:23:04","modified_gmt":"2024-02-13T12:23:04","slug":"mebelu-viras-rustic-kreisa-bruna","status":"publish","type":"product","link":"https:\/\/metaltale.com\/lv\/produkts\/mebelu-viras-rustic-kreisa-bruna\/","title":{"rendered":"M\u0113be\u013cu viras RUSTIC kreis\u0101, br\u016bna"},"content":{"rendered":"<div class=\"prod_data\">\n<p><strong>Modelis<\/strong> 48080.085S.27<br \/>\n<strong>EAN.<\/strong>  5905369916540<br \/>\n<strong>Materi\u0101ls<\/strong> T\u0113rauds<br \/>\nKop\u0113jais augstums (cm ) 8,5<br \/>\n<strong>Kop\u0113jais platums (cm<\/strong> ) 5<br \/>\n<strong>Lab\u0101s puses platums (cm<\/strong> ) 2,5<br \/>\n<strong>Kreis\u0101s puses platums (cm<\/strong> ) 2,6<br \/>\nBr\u016bna <strong>kr\u0101sa<\/strong> <\/p>\n<p class=\"western\">M\u016bsu pied\u0101v\u0101jum\u0101 ir pla\u0161s augstas kvalit\u0101tes <strong>m\u0113be\u013cu<\/strong> kl\u0101sts. Att\u0113l\u0101 redzam\u0101 e\u0146\u0123e ir viena no popul\u0101r\u0101kaj\u0101m izv\u0113l\u0113m. Izgatavots no bronzas kr\u0101sas t\u0113rauda, tas ir lielisks papildin\u0101jums koka m\u0113bel\u0113m, l\u0101d\u0113m vai koferiem.<\/p>\n<\/div>\n","protected":false},"excerpt":{"rendered":"<p>Modelis 48080.085S.27 EAN. 5905369916540 Materi\u0101ls T\u0113rauds Kop\u0113jais augstums (cm ) 8,5 Kop\u0113jais platums (cm ) 5 Lab\u0101s puses platums (cm<\/p>\n","protected":false},"featured_media":87551,"comment_status":"open","ping_status":"closed","template":"","meta":{"_acf_changed":false,"pmpro_default_level":""},"product_brand":[],"product_cat":[24080,24079],"product_tag":[],"class_list":{"0":"post-138104","1":"product","2":"type-product","3":"status-publish","4":"has-post-thumbnail","6":"product_cat-mebelu-enges","7":"product_cat-viriesi","8":"pmpro-has-access","10":"first","11":"instock","12":"shipping-taxable","13":"purchasable","14":"product-type-simple"},"acf":[],"yoast_head":"<!-- This site is optimized with the Yoast SEO plugin v24.9 - https:\/\/yoast.com\/wordpress\/plugins\/seo\/ -->\n<title>M\u0113be\u013cu viras RUSTIC kreis\u0101, br\u016bna - MetalTale.com<\/title>\n<meta name=\"robots\" content=\"index, follow, max-snippet:-1, max-image-preview:large, max-video-preview:-1\" \/>\n<link rel=\"canonical\" href=\"https:\/\/metaltale.com\/lv\/produkts\/mebelu-viras-rustic-kreisa-bruna\/\" \/>\n<meta property=\"og:locale\" content=\"lv_LV\" \/>\n<meta property=\"og:type\" content=\"article\" \/>\n<meta property=\"og:title\" content=\"M\u0113be\u013cu viras RUSTIC kreis\u0101, br\u016bna - MetalTale.com\" \/>\n<meta property=\"og:description\" content=\"Modelis 48080.085S.27 EAN. 5905369916540 Materi\u0101ls T\u0113rauds Kop\u0113jais augstums (cm ) 8,5 Kop\u0113jais platums (cm ) 5 Lab\u0101s puses platums (cm\" \/>\n<meta property=\"og:url\" content=\"https:\/\/metaltale.com\/lv\/produkts\/mebelu-viras-rustic-kreisa-bruna\/\" \/>\n<meta property=\"og:site_name\" content=\"MetalTale.com\" \/>\n<meta name=\"twitter:card\" content=\"summary_large_image\" \/>\n<script type=\"application\/ld+json\" class=\"yoast-schema-graph\">{\"@context\":\"https:\/\/schema.org\",\"@graph\":[{\"@type\":\"WebPage\",\"@id\":\"https:\/\/metaltale.com\/lv\/produkts\/mebelu-viras-rustic-kreisa-bruna\/\",\"url\":\"https:\/\/metaltale.com\/lv\/produkts\/mebelu-viras-rustic-kreisa-bruna\/\",\"name\":\"M\u0113be\u013cu viras RUSTIC kreis\u0101, br\u016bna - MetalTale.com\",\"isPartOf\":{\"@id\":\"https:\/\/metaltale.com\/lv\/#website\"},\"primaryImageOfPage\":{\"@id\":\"https:\/\/metaltale.com\/lv\/produkts\/mebelu-viras-rustic-kreisa-bruna\/#primaryimage\"},\"image\":{\"@id\":\"https:\/\/metaltale.com\/lv\/produkts\/mebelu-viras-rustic-kreisa-bruna\/#primaryimage\"},\"thumbnailUrl\":\"https:\/\/metaltale.com\/wp-content\/uploads\/2023\/10\/Vyris-KAIMIx160KAS-KAMPAS-PRITAIKYTAS-Kairx117je-scaled.jpg\",\"datePublished\":\"2024-02-13T12:23:04+00:00\",\"breadcrumb\":{\"@id\":\"https:\/\/metaltale.com\/lv\/produkts\/mebelu-viras-rustic-kreisa-bruna\/#breadcrumb\"},\"inLanguage\":\"lv-LV\",\"potentialAction\":[{\"@type\":\"ReadAction\",\"target\":[\"https:\/\/metaltale.com\/lv\/produkts\/mebelu-viras-rustic-kreisa-bruna\/\"]}]},{\"@type\":\"ImageObject\",\"inLanguage\":\"lv-LV\",\"@id\":\"https:\/\/metaltale.com\/lv\/produkts\/mebelu-viras-rustic-kreisa-bruna\/#primaryimage\",\"url\":\"https:\/\/metaltale.com\/wp-content\/uploads\/2023\/10\/Vyris-KAIMIx160KAS-KAMPAS-PRITAIKYTAS-Kairx117je-scaled.jpg\",\"contentUrl\":\"https:\/\/metaltale.com\/wp-content\/uploads\/2023\/10\/Vyris-KAIMIx160KAS-KAMPAS-PRITAIKYTAS-Kairx117je-scaled.jpg\",\"width\":2560,\"height\":2560,\"caption\":\"M\u0113be\u013cu viras RUSTIC kreis\u0101, br\u016bna\"},{\"@type\":\"BreadcrumbList\",\"@id\":\"https:\/\/metaltale.com\/lv\/produkts\/mebelu-viras-rustic-kreisa-bruna\/#breadcrumb\",\"itemListElement\":[{\"@type\":\"ListItem\",\"position\":1,\"name\":\"Home\",\"item\":\"https:\/\/metaltale.com\/lv\/majas\/\"},{\"@type\":\"ListItem\",\"position\":2,\"name\":\"Veikals\",\"item\":\"https:\/\/metaltale.com\/lv\/shop\/\"},{\"@type\":\"ListItem\",\"position\":3,\"name\":\"M\u0113be\u013cu viras RUSTIC kreis\u0101, br\u016bna\"}]},{\"@type\":\"WebSite\",\"@id\":\"https:\/\/metaltale.com\/lv\/#website\",\"url\":\"https:\/\/metaltale.com\/lv\/\",\"name\":\"Metaltale.com\",\"description\":\"\",\"potentialAction\":[{\"@type\":\"SearchAction\",\"target\":{\"@type\":\"EntryPoint\",\"urlTemplate\":\"https:\/\/metaltale.com\/lv\/?s={search_term_string}\"},\"query-input\":{\"@type\":\"PropertyValueSpecification\",\"valueRequired\":true,\"valueName\":\"search_term_string\"}}],\"inLanguage\":\"lv-LV\"}]}<\/script>\n<!-- \/ Yoast SEO plugin. -->","yoast_head_json":{"title":"M\u0113be\u013cu viras RUSTIC kreis\u0101, br\u016bna - MetalTale.com","robots":{"index":"index","follow":"follow","max-snippet":"max-snippet:-1","max-image-preview":"max-image-preview:large","max-video-preview":"max-video-preview:-1"},"canonical":"https:\/\/metaltale.com\/lv\/produkts\/mebelu-viras-rustic-kreisa-bruna\/","og_locale":"lv_LV","og_type":"article","og_title":"M\u0113be\u013cu viras RUSTIC kreis\u0101, br\u016bna - MetalTale.com","og_description":"Modelis 48080.085S.27 EAN. 5905369916540 Materi\u0101ls T\u0113rauds Kop\u0113jais augstums (cm ) 8,5 Kop\u0113jais platums (cm ) 5 Lab\u0101s puses platums (cm","og_url":"https:\/\/metaltale.com\/lv\/produkts\/mebelu-viras-rustic-kreisa-bruna\/","og_site_name":"MetalTale.com","twitter_card":"summary_large_image","schema":{"@context":"https:\/\/schema.org","@graph":[{"@type":"WebPage","@id":"https:\/\/metaltale.com\/lv\/produkts\/mebelu-viras-rustic-kreisa-bruna\/","url":"https:\/\/metaltale.com\/lv\/produkts\/mebelu-viras-rustic-kreisa-bruna\/","name":"M\u0113be\u013cu viras RUSTIC kreis\u0101, br\u016bna - MetalTale.com","isPartOf":{"@id":"https:\/\/metaltale.com\/lv\/#website"},"primaryImageOfPage":{"@id":"https:\/\/metaltale.com\/lv\/produkts\/mebelu-viras-rustic-kreisa-bruna\/#primaryimage"},"image":{"@id":"https:\/\/metaltale.com\/lv\/produkts\/mebelu-viras-rustic-kreisa-bruna\/#primaryimage"},"thumbnailUrl":"https:\/\/metaltale.com\/wp-content\/uploads\/2023\/10\/Vyris-KAIMIx160KAS-KAMPAS-PRITAIKYTAS-Kairx117je-scaled.jpg","datePublished":"2024-02-13T12:23:04+00:00","breadcrumb":{"@id":"https:\/\/metaltale.com\/lv\/produkts\/mebelu-viras-rustic-kreisa-bruna\/#breadcrumb"},"inLanguage":"lv-LV","potentialAction":[{"@type":"ReadAction","target":["https:\/\/metaltale.com\/lv\/produkts\/mebelu-viras-rustic-kreisa-bruna\/"]}]},{"@type":"ImageObject","inLanguage":"lv-LV","@id":"https:\/\/metaltale.com\/lv\/produkts\/mebelu-viras-rustic-kreisa-bruna\/#primaryimage","url":"https:\/\/metaltale.com\/wp-content\/uploads\/2023\/10\/Vyris-KAIMIx160KAS-KAMPAS-PRITAIKYTAS-Kairx117je-scaled.jpg","contentUrl":"https:\/\/metaltale.com\/wp-content\/uploads\/2023\/10\/Vyris-KAIMIx160KAS-KAMPAS-PRITAIKYTAS-Kairx117je-scaled.jpg","width":2560,"height":2560,"caption":"M\u0113be\u013cu viras RUSTIC kreis\u0101, br\u016bna"},{"@type":"BreadcrumbList","@id":"https:\/\/metaltale.com\/lv\/produkts\/mebelu-viras-rustic-kreisa-bruna\/#breadcrumb","itemListElement":[{"@type":"ListItem","position":1,"name":"Home","item":"https:\/\/metaltale.com\/lv\/majas\/"},{"@type":"ListItem","position":2,"name":"Veikals","item":"https:\/\/metaltale.com\/lv\/shop\/"},{"@type":"ListItem","position":3,"name":"M\u0113be\u013cu viras RUSTIC kreis\u0101, br\u016bna"}]},{"@type":"WebSite","@id":"https:\/\/metaltale.com\/lv\/#website","url":"https:\/\/metaltale.com\/lv\/","name":"Metaltale.com","description":"","potentialAction":[{"@type":"SearchAction","target":{"@type":"EntryPoint","urlTemplate":"https:\/\/metaltale.com\/lv\/?s={search_term_string}"},"query-input":{"@type":"PropertyValueSpecification","valueRequired":true,"valueName":"search_term_string"}}],"inLanguage":"lv-LV"}]}},"_links":{"self":[{"href":"https:\/\/metaltale.com\/lv\/wp-json\/wp\/v2\/product\/138104","targetHints":{"allow":["GET"]}}],"collection":[{"href":"https:\/\/metaltale.com\/lv\/wp-json\/wp\/v2\/product"}],"about":[{"href":"https:\/\/metaltale.com\/lv\/wp-json\/wp\/v2\/types\/product"}],"replies":[{"embeddable":true,"href":"https:\/\/metaltale.com\/lv\/wp-json\/wp\/v2\/comments?post=138104"}],"version-history":[{"count":0,"href":"https:\/\/metaltale.com\/lv\/wp-json\/wp\/v2\/product\/138104\/revisions"}],"wp:featuredmedia":[{"embeddable":true,"href":"https:\/\/metaltale.com\/lv\/wp-json\/wp\/v2\/media\/87551"}],"wp:attachment":[{"href":"https:\/\/metaltale.com\/lv\/wp-json\/wp\/v2\/media?parent=138104"}],"wp:term":[{"taxonomy":"product_brand","embeddable":true,"href":"https:\/\/metaltale.com\/lv\/wp-json\/wp\/v2\/product_brand?post=138104"},{"taxonomy":"product_cat","embeddable":true,"href":"https:\/\/metaltale.com\/lv\/wp-json\/wp\/v2\/product_cat?post=138104"},{"taxonomy":"product_tag","embeddable":true,"href":"https:\/\/metaltale.com\/lv\/wp-json\/wp\/v2\/product_tag?post=138104"}],"curies":[{"name":"wp","href":"https:\/\/api.w.org\/{rel}","templated":true}]}}