{"id":138005,"date":"2024-02-13T14:21:04","date_gmt":"2024-02-13T12:21:04","guid":{"rendered":"https:\/\/metaltale.com\/produktas\/dekorativa-tapa-hammered-40-mm-melna\/"},"modified":"2024-02-13T14:21:04","modified_gmt":"2024-02-13T12:21:04","slug":"dekorativa-tapa-hammered-40-mm-melna","status":"publish","type":"product","link":"https:\/\/metaltale.com\/lv\/produkts\/dekorativa-tapa-hammered-40-mm-melna\/","title":{"rendered":"Dekorat\u012bv\u0101 tapa HAMMERED 40 mm melna"},"content":{"rendered":"<div class=\"prod_data\">\n<p><strong>Modelis<\/strong> AG. XX.13407<br \/>\n<strong>Materi\u0101ls<\/strong> T\u0113rauds<br \/>\n<strong>Kop\u0113jais augstums (cm<\/strong> ) 3,2<br \/>\n<strong>Kop\u0113jais diametrs (cm<\/strong> ) 4<br \/>\nKr\u0101sa Melna<br \/>\n<strong>Apdare<\/strong> M\u012bksta, sat\u012bna efekts<br \/>\n<strong>Virsmas tips<\/strong> Gluda <strong>virsma<\/strong><br \/>\n<strong>PAPILDU INFORM\u0100CIJA<\/strong> Nagu garums 2,3 cm. Galvas augstums 0,9 cm.<\/p>\n<div class=\"std\">\n<p>Kupolveida piespraude ir veidota, iev\u0113rojot sen\u0101k\u0101s lauku interjera apdares trad\u012bcijas. Tas pamatoti raisa asoci\u0101cijas ar senatn\u0113 izmantotaj\u0101m, p\u0101rbaud\u012bt\u0101kaj\u0101m un p\u0101rbaud\u012bt\u0101kaj\u0101m klasiskaj\u0101m form\u0101m.<\/p>\n<p>Izgatavots no augstas kvalit\u0101tes t\u0113rauda, tas ir melni ton\u0113ts un lieliski noder\u0113s k\u0101 dekorat\u012bvs elements jebkur\u0101 interjer\u0101, piesaistot uzman\u012bbu ar savu ori\u0123in\u0101lo formu un \u012bpa\u0161o formu.<\/p>\n<\/div>\n<\/div>\n","protected":false},"excerpt":{"rendered":"<p>Modelis AG. XX.13407 Materi\u0101ls T\u0113rauds Kop\u0113jais augstums (cm ) 3,2 Kop\u0113jais diametrs (cm ) 4 Kr\u0101sa Melna Apdare M\u012bksta, sat\u012bna<\/p>\n","protected":false},"featured_media":99025,"comment_status":"open","ping_status":"closed","template":"","meta":{"_acf_changed":false,"pmpro_default_level":""},"product_brand":[],"product_cat":[24061,23837],"product_tag":[],"class_list":{"0":"post-138005","1":"product","2":"type-product","3":"status-publish","4":"has-post-thumbnail","6":"product_cat-naglas-un-tapas","7":"product_cat-mebeles-piederumi","8":"pmpro-has-access","10":"first","11":"instock","12":"shipping-taxable","13":"purchasable","14":"product-type-simple"},"acf":[],"yoast_head":"<!-- This site is optimized with the Yoast SEO plugin v24.9 - https:\/\/yoast.com\/wordpress\/plugins\/seo\/ -->\n<title>Dekorat\u012bv\u0101 tapa HAMMERED 40 mm melna - MetalTale.com<\/title>\n<meta name=\"robots\" content=\"index, follow, max-snippet:-1, max-image-preview:large, max-video-preview:-1\" \/>\n<link rel=\"canonical\" href=\"https:\/\/metaltale.com\/lv\/produkts\/dekorativa-tapa-hammered-40-mm-melna\/\" \/>\n<meta property=\"og:locale\" content=\"lv_LV\" \/>\n<meta property=\"og:type\" content=\"article\" \/>\n<meta property=\"og:title\" content=\"Dekorat\u012bv\u0101 tapa HAMMERED 40 mm melna - MetalTale.com\" \/>\n<meta property=\"og:description\" content=\"Modelis AG. XX.13407 Materi\u0101ls T\u0113rauds Kop\u0113jais augstums (cm ) 3,2 Kop\u0113jais diametrs (cm ) 4 Kr\u0101sa Melna Apdare M\u012bksta, sat\u012bna\" \/>\n<meta property=\"og:url\" content=\"https:\/\/metaltale.com\/lv\/produkts\/dekorativa-tapa-hammered-40-mm-melna\/\" \/>\n<meta property=\"og:site_name\" content=\"MetalTale.com\" \/>\n<meta property=\"og:image\" content=\"https:\/\/metaltale.com\/wp-content\/uploads\/2023\/11\/HAMMERED-smeigx117-40-juoda.jpg\" \/>\n\t<meta property=\"og:image:width\" content=\"800\" \/>\n\t<meta property=\"og:image:height\" content=\"800\" \/>\n\t<meta property=\"og:image:type\" content=\"image\/jpeg\" \/>\n<meta name=\"twitter:card\" content=\"summary_large_image\" \/>\n<meta name=\"twitter:label1\" content=\"Est. reading time\" \/>\n\t<meta name=\"twitter:data1\" content=\"1 minute\" \/>\n<script type=\"application\/ld+json\" class=\"yoast-schema-graph\">{\"@context\":\"https:\/\/schema.org\",\"@graph\":[{\"@type\":\"WebPage\",\"@id\":\"https:\/\/metaltale.com\/lv\/produkts\/dekorativa-tapa-hammered-40-mm-melna\/\",\"url\":\"https:\/\/metaltale.com\/lv\/produkts\/dekorativa-tapa-hammered-40-mm-melna\/\",\"name\":\"Dekorat\u012bv\u0101 tapa HAMMERED 40 mm melna - MetalTale.com\",\"isPartOf\":{\"@id\":\"https:\/\/metaltale.com\/lv\/#website\"},\"primaryImageOfPage\":{\"@id\":\"https:\/\/metaltale.com\/lv\/produkts\/dekorativa-tapa-hammered-40-mm-melna\/#primaryimage\"},\"image\":{\"@id\":\"https:\/\/metaltale.com\/lv\/produkts\/dekorativa-tapa-hammered-40-mm-melna\/#primaryimage\"},\"thumbnailUrl\":\"https:\/\/metaltale.com\/wp-content\/uploads\/2023\/11\/HAMMERED-smeigx117-40-juoda.jpg\",\"datePublished\":\"2024-02-13T12:21:04+00:00\",\"breadcrumb\":{\"@id\":\"https:\/\/metaltale.com\/lv\/produkts\/dekorativa-tapa-hammered-40-mm-melna\/#breadcrumb\"},\"inLanguage\":\"lv-LV\",\"potentialAction\":[{\"@type\":\"ReadAction\",\"target\":[\"https:\/\/metaltale.com\/lv\/produkts\/dekorativa-tapa-hammered-40-mm-melna\/\"]}]},{\"@type\":\"ImageObject\",\"inLanguage\":\"lv-LV\",\"@id\":\"https:\/\/metaltale.com\/lv\/produkts\/dekorativa-tapa-hammered-40-mm-melna\/#primaryimage\",\"url\":\"https:\/\/metaltale.com\/wp-content\/uploads\/2023\/11\/HAMMERED-smeigx117-40-juoda.jpg\",\"contentUrl\":\"https:\/\/metaltale.com\/wp-content\/uploads\/2023\/11\/HAMMERED-smeigx117-40-juoda.jpg\",\"width\":800,\"height\":800,\"caption\":\"Dekorat\u012bv\u0101 piespraude BRILLIANT 25 mm melna\"},{\"@type\":\"BreadcrumbList\",\"@id\":\"https:\/\/metaltale.com\/lv\/produkts\/dekorativa-tapa-hammered-40-mm-melna\/#breadcrumb\",\"itemListElement\":[{\"@type\":\"ListItem\",\"position\":1,\"name\":\"Home\",\"item\":\"https:\/\/metaltale.com\/lv\/majas\/\"},{\"@type\":\"ListItem\",\"position\":2,\"name\":\"Veikals\",\"item\":\"https:\/\/metaltale.com\/lv\/shop\/\"},{\"@type\":\"ListItem\",\"position\":3,\"name\":\"Dekorat\u012bv\u0101 tapa HAMMERED 40 mm melna\"}]},{\"@type\":\"WebSite\",\"@id\":\"https:\/\/metaltale.com\/lv\/#website\",\"url\":\"https:\/\/metaltale.com\/lv\/\",\"name\":\"Metaltale.com\",\"description\":\"\",\"potentialAction\":[{\"@type\":\"SearchAction\",\"target\":{\"@type\":\"EntryPoint\",\"urlTemplate\":\"https:\/\/metaltale.com\/lv\/?s={search_term_string}\"},\"query-input\":{\"@type\":\"PropertyValueSpecification\",\"valueRequired\":true,\"valueName\":\"search_term_string\"}}],\"inLanguage\":\"lv-LV\"}]}<\/script>\n<!-- \/ Yoast SEO plugin. -->","yoast_head_json":{"title":"Dekorat\u012bv\u0101 tapa HAMMERED 40 mm melna - MetalTale.com","robots":{"index":"index","follow":"follow","max-snippet":"max-snippet:-1","max-image-preview":"max-image-preview:large","max-video-preview":"max-video-preview:-1"},"canonical":"https:\/\/metaltale.com\/lv\/produkts\/dekorativa-tapa-hammered-40-mm-melna\/","og_locale":"lv_LV","og_type":"article","og_title":"Dekorat\u012bv\u0101 tapa HAMMERED 40 mm melna - MetalTale.com","og_description":"Modelis AG. XX.13407 Materi\u0101ls T\u0113rauds Kop\u0113jais augstums (cm ) 3,2 Kop\u0113jais diametrs (cm ) 4 Kr\u0101sa Melna Apdare M\u012bksta, sat\u012bna","og_url":"https:\/\/metaltale.com\/lv\/produkts\/dekorativa-tapa-hammered-40-mm-melna\/","og_site_name":"MetalTale.com","og_image":[{"width":800,"height":800,"url":"https:\/\/metaltale.com\/wp-content\/uploads\/2023\/11\/HAMMERED-smeigx117-40-juoda.jpg","type":"image\/jpeg"}],"twitter_card":"summary_large_image","twitter_misc":{"Est. reading time":"1 minute"},"schema":{"@context":"https:\/\/schema.org","@graph":[{"@type":"WebPage","@id":"https:\/\/metaltale.com\/lv\/produkts\/dekorativa-tapa-hammered-40-mm-melna\/","url":"https:\/\/metaltale.com\/lv\/produkts\/dekorativa-tapa-hammered-40-mm-melna\/","name":"Dekorat\u012bv\u0101 tapa HAMMERED 40 mm melna - MetalTale.com","isPartOf":{"@id":"https:\/\/metaltale.com\/lv\/#website"},"primaryImageOfPage":{"@id":"https:\/\/metaltale.com\/lv\/produkts\/dekorativa-tapa-hammered-40-mm-melna\/#primaryimage"},"image":{"@id":"https:\/\/metaltale.com\/lv\/produkts\/dekorativa-tapa-hammered-40-mm-melna\/#primaryimage"},"thumbnailUrl":"https:\/\/metaltale.com\/wp-content\/uploads\/2023\/11\/HAMMERED-smeigx117-40-juoda.jpg","datePublished":"2024-02-13T12:21:04+00:00","breadcrumb":{"@id":"https:\/\/metaltale.com\/lv\/produkts\/dekorativa-tapa-hammered-40-mm-melna\/#breadcrumb"},"inLanguage":"lv-LV","potentialAction":[{"@type":"ReadAction","target":["https:\/\/metaltale.com\/lv\/produkts\/dekorativa-tapa-hammered-40-mm-melna\/"]}]},{"@type":"ImageObject","inLanguage":"lv-LV","@id":"https:\/\/metaltale.com\/lv\/produkts\/dekorativa-tapa-hammered-40-mm-melna\/#primaryimage","url":"https:\/\/metaltale.com\/wp-content\/uploads\/2023\/11\/HAMMERED-smeigx117-40-juoda.jpg","contentUrl":"https:\/\/metaltale.com\/wp-content\/uploads\/2023\/11\/HAMMERED-smeigx117-40-juoda.jpg","width":800,"height":800,"caption":"Dekorat\u012bv\u0101 piespraude BRILLIANT 25 mm melna"},{"@type":"BreadcrumbList","@id":"https:\/\/metaltale.com\/lv\/produkts\/dekorativa-tapa-hammered-40-mm-melna\/#breadcrumb","itemListElement":[{"@type":"ListItem","position":1,"name":"Home","item":"https:\/\/metaltale.com\/lv\/majas\/"},{"@type":"ListItem","position":2,"name":"Veikals","item":"https:\/\/metaltale.com\/lv\/shop\/"},{"@type":"ListItem","position":3,"name":"Dekorat\u012bv\u0101 tapa HAMMERED 40 mm melna"}]},{"@type":"WebSite","@id":"https:\/\/metaltale.com\/lv\/#website","url":"https:\/\/metaltale.com\/lv\/","name":"Metaltale.com","description":"","potentialAction":[{"@type":"SearchAction","target":{"@type":"EntryPoint","urlTemplate":"https:\/\/metaltale.com\/lv\/?s={search_term_string}"},"query-input":{"@type":"PropertyValueSpecification","valueRequired":true,"valueName":"search_term_string"}}],"inLanguage":"lv-LV"}]}},"_links":{"self":[{"href":"https:\/\/metaltale.com\/lv\/wp-json\/wp\/v2\/product\/138005","targetHints":{"allow":["GET"]}}],"collection":[{"href":"https:\/\/metaltale.com\/lv\/wp-json\/wp\/v2\/product"}],"about":[{"href":"https:\/\/metaltale.com\/lv\/wp-json\/wp\/v2\/types\/product"}],"replies":[{"embeddable":true,"href":"https:\/\/metaltale.com\/lv\/wp-json\/wp\/v2\/comments?post=138005"}],"version-history":[{"count":0,"href":"https:\/\/metaltale.com\/lv\/wp-json\/wp\/v2\/product\/138005\/revisions"}],"wp:featuredmedia":[{"embeddable":true,"href":"https:\/\/metaltale.com\/lv\/wp-json\/wp\/v2\/media\/99025"}],"wp:attachment":[{"href":"https:\/\/metaltale.com\/lv\/wp-json\/wp\/v2\/media?parent=138005"}],"wp:term":[{"taxonomy":"product_brand","embeddable":true,"href":"https:\/\/metaltale.com\/lv\/wp-json\/wp\/v2\/product_brand?post=138005"},{"taxonomy":"product_cat","embeddable":true,"href":"https:\/\/metaltale.com\/lv\/wp-json\/wp\/v2\/product_cat?post=138005"},{"taxonomy":"product_tag","embeddable":true,"href":"https:\/\/metaltale.com\/lv\/wp-json\/wp\/v2\/product_tag?post=138005"}],"curies":[{"name":"wp","href":"https:\/\/api.w.org\/{rel}","templated":true}]}}