{"id":137978,"date":"2024-02-13T14:19:04","date_gmt":"2024-02-13T12:19:04","guid":{"rendered":"https:\/\/metaltale.com\/produktas\/dekorativa-apala-naglina-simple-30-mm-antikvariats-zelts\/"},"modified":"2024-02-13T14:19:04","modified_gmt":"2024-02-13T12:19:04","slug":"dekorativa-apala-naglina-simple-30-mm-antikvariats-zelts","status":"publish","type":"product","link":"https:\/\/metaltale.com\/lv\/produkts\/dekorativa-apala-naglina-simple-30-mm-antikvariats-zelts\/","title":{"rendered":"Dekorat\u012bva apa\u013ca nagli\u0146a SIMPLE 30 mm Antikvari\u0101ts zelts"},"content":{"rendered":"<div class=\"prod_data\">\n<p><strong>Modelis<\/strong> AG.192-PRGR<br \/>\n<strong>Materi\u0101ls<\/strong> T\u0113rauds<br \/>\n<strong>Kop\u0113jais augstums (cm<\/strong> ) 3<br \/>\n<strong>Kop\u0113jais diametrs (cm<\/strong> ) 3<br \/>\n<strong>Kr\u0101sa<\/strong> Antique gold<br \/>\n<strong>Apdare<\/strong> M\u012bksta, sat\u012bna efekts<br \/>\n<strong>PAPILDU INFORM\u0100CIJA<\/strong> Nagu garums 2,4 cm. Galvas augstums 0,6 cm.<\/p>\n<p>Dekorat\u012bv\u0101s t\u0113rauda tapas, piem\u0113ram, pogas un m\u0113be\u013cu rokturi, ir vienk\u0101r\u0161s veids, k\u0101 p\u0101rveidot m\u0113beles. Pa\u0161u dekor\u0113ti kr\u0113sli k\u013c\u016bs par unik\u0101lu kompoz\u012bcijas elementu, uz kuru vienm\u0113r raudz\u012bsies ar saj\u016bt\u0101m. Vec\u0101s zelta m\u0113be\u013cu tapas j\u016bsu interjer\u0101 rad\u012bs unik\u0101lu, lauku atmosf\u0113ru.<\/p>\n<hr>\n<\/div>\n","protected":false},"excerpt":{"rendered":"<p>Modelis AG.192-PRGR Materi\u0101ls T\u0113rauds Kop\u0113jais augstums (cm ) 3 Kop\u0113jais diametrs (cm ) 3 Kr\u0101sa Antique gold Apdare M\u012bksta, sat\u012bna<\/p>\n","protected":false},"featured_media":69076,"comment_status":"open","ping_status":"closed","template":"","meta":{"_acf_changed":false,"pmpro_default_level":""},"product_brand":[],"product_cat":[24061,23837],"product_tag":[],"class_list":{"0":"post-137978","1":"product","2":"type-product","3":"status-publish","4":"has-post-thumbnail","6":"product_cat-naglas-un-tapas","7":"product_cat-mebeles-piederumi","8":"pmpro-has-access","10":"first","11":"instock","12":"shipping-taxable","13":"purchasable","14":"product-type-simple"},"acf":[],"yoast_head":"<!-- This site is optimized with the Yoast SEO plugin v24.9 - https:\/\/yoast.com\/wordpress\/plugins\/seo\/ -->\n<title>Dekorat\u012bva apa\u013ca nagli\u0146a SIMPLE 30 mm Antikvari\u0101ts zelts - MetalTale.com<\/title>\n<meta name=\"robots\" content=\"index, follow, max-snippet:-1, max-image-preview:large, max-video-preview:-1\" \/>\n<link rel=\"canonical\" href=\"https:\/\/metaltale.com\/lv\/produkts\/dekorativa-apala-naglina-simple-30-mm-antikvariats-zelts\/\" \/>\n<meta property=\"og:locale\" content=\"lv_LV\" \/>\n<meta property=\"og:type\" content=\"article\" \/>\n<meta property=\"og:title\" content=\"Dekorat\u012bva apa\u013ca nagli\u0146a SIMPLE 30 mm Antikvari\u0101ts zelts - MetalTale.com\" \/>\n<meta property=\"og:description\" content=\"Modelis AG.192-PRGR Materi\u0101ls T\u0113rauds Kop\u0113jais augstums (cm ) 3 Kop\u0113jais diametrs (cm ) 3 Kr\u0101sa Antique gold Apdare M\u012bksta, sat\u012bna\" \/>\n<meta property=\"og:url\" content=\"https:\/\/metaltale.com\/lv\/produkts\/dekorativa-apala-naglina-simple-30-mm-antikvariats-zelts\/\" \/>\n<meta property=\"og:site_name\" content=\"MetalTale.com\" \/>\n<meta property=\"og:image\" content=\"https:\/\/metaltale.com\/wp-content\/uploads\/2023\/09\/Dekoratyvinis-smeigtukas-apvalus-PAPRASTAS-senas-auksas-30mm.jpg\" \/>\n\t<meta property=\"og:image:width\" content=\"800\" \/>\n\t<meta property=\"og:image:height\" content=\"800\" \/>\n\t<meta property=\"og:image:type\" content=\"image\/jpeg\" \/>\n<meta name=\"twitter:card\" content=\"summary_large_image\" \/>\n<script type=\"application\/ld+json\" class=\"yoast-schema-graph\">{\"@context\":\"https:\/\/schema.org\",\"@graph\":[{\"@type\":\"WebPage\",\"@id\":\"https:\/\/metaltale.com\/lv\/produkts\/dekorativa-apala-naglina-simple-30-mm-antikvariats-zelts\/\",\"url\":\"https:\/\/metaltale.com\/lv\/produkts\/dekorativa-apala-naglina-simple-30-mm-antikvariats-zelts\/\",\"name\":\"Dekorat\u012bva apa\u013ca nagli\u0146a SIMPLE 30 mm Antikvari\u0101ts zelts - MetalTale.com\",\"isPartOf\":{\"@id\":\"https:\/\/metaltale.com\/lv\/#website\"},\"primaryImageOfPage\":{\"@id\":\"https:\/\/metaltale.com\/lv\/produkts\/dekorativa-apala-naglina-simple-30-mm-antikvariats-zelts\/#primaryimage\"},\"image\":{\"@id\":\"https:\/\/metaltale.com\/lv\/produkts\/dekorativa-apala-naglina-simple-30-mm-antikvariats-zelts\/#primaryimage\"},\"thumbnailUrl\":\"https:\/\/metaltale.com\/wp-content\/uploads\/2023\/09\/Dekoratyvinis-smeigtukas-apvalus-PAPRASTAS-senas-auksas-30mm.jpg\",\"datePublished\":\"2024-02-13T12:19:04+00:00\",\"breadcrumb\":{\"@id\":\"https:\/\/metaltale.com\/lv\/produkts\/dekorativa-apala-naglina-simple-30-mm-antikvariats-zelts\/#breadcrumb\"},\"inLanguage\":\"lv-LV\",\"potentialAction\":[{\"@type\":\"ReadAction\",\"target\":[\"https:\/\/metaltale.com\/lv\/produkts\/dekorativa-apala-naglina-simple-30-mm-antikvariats-zelts\/\"]}]},{\"@type\":\"ImageObject\",\"inLanguage\":\"lv-LV\",\"@id\":\"https:\/\/metaltale.com\/lv\/produkts\/dekorativa-apala-naglina-simple-30-mm-antikvariats-zelts\/#primaryimage\",\"url\":\"https:\/\/metaltale.com\/wp-content\/uploads\/2023\/09\/Dekoratyvinis-smeigtukas-apvalus-PAPRASTAS-senas-auksas-30mm.jpg\",\"contentUrl\":\"https:\/\/metaltale.com\/wp-content\/uploads\/2023\/09\/Dekoratyvinis-smeigtukas-apvalus-PAPRASTAS-senas-auksas-30mm.jpg\",\"width\":800,\"height\":800,\"caption\":\"Dekorat\u012bva apa\u013ca nagli\u0146a SIMPLE 30 mm Antikvari\u0101ts zelts\"},{\"@type\":\"BreadcrumbList\",\"@id\":\"https:\/\/metaltale.com\/lv\/produkts\/dekorativa-apala-naglina-simple-30-mm-antikvariats-zelts\/#breadcrumb\",\"itemListElement\":[{\"@type\":\"ListItem\",\"position\":1,\"name\":\"Home\",\"item\":\"https:\/\/metaltale.com\/lv\/majas\/\"},{\"@type\":\"ListItem\",\"position\":2,\"name\":\"Veikals\",\"item\":\"https:\/\/metaltale.com\/lv\/shop\/\"},{\"@type\":\"ListItem\",\"position\":3,\"name\":\"Dekorat\u012bva apa\u013ca nagli\u0146a SIMPLE 30 mm Antikvari\u0101ts zelts\"}]},{\"@type\":\"WebSite\",\"@id\":\"https:\/\/metaltale.com\/lv\/#website\",\"url\":\"https:\/\/metaltale.com\/lv\/\",\"name\":\"Metaltale.com\",\"description\":\"\",\"potentialAction\":[{\"@type\":\"SearchAction\",\"target\":{\"@type\":\"EntryPoint\",\"urlTemplate\":\"https:\/\/metaltale.com\/lv\/?s={search_term_string}\"},\"query-input\":{\"@type\":\"PropertyValueSpecification\",\"valueRequired\":true,\"valueName\":\"search_term_string\"}}],\"inLanguage\":\"lv-LV\"}]}<\/script>\n<!-- \/ Yoast SEO plugin. -->","yoast_head_json":{"title":"Dekorat\u012bva apa\u013ca nagli\u0146a SIMPLE 30 mm Antikvari\u0101ts zelts - MetalTale.com","robots":{"index":"index","follow":"follow","max-snippet":"max-snippet:-1","max-image-preview":"max-image-preview:large","max-video-preview":"max-video-preview:-1"},"canonical":"https:\/\/metaltale.com\/lv\/produkts\/dekorativa-apala-naglina-simple-30-mm-antikvariats-zelts\/","og_locale":"lv_LV","og_type":"article","og_title":"Dekorat\u012bva apa\u013ca nagli\u0146a SIMPLE 30 mm Antikvari\u0101ts zelts - MetalTale.com","og_description":"Modelis AG.192-PRGR Materi\u0101ls T\u0113rauds Kop\u0113jais augstums (cm ) 3 Kop\u0113jais diametrs (cm ) 3 Kr\u0101sa Antique gold Apdare M\u012bksta, sat\u012bna","og_url":"https:\/\/metaltale.com\/lv\/produkts\/dekorativa-apala-naglina-simple-30-mm-antikvariats-zelts\/","og_site_name":"MetalTale.com","og_image":[{"width":800,"height":800,"url":"https:\/\/metaltale.com\/wp-content\/uploads\/2023\/09\/Dekoratyvinis-smeigtukas-apvalus-PAPRASTAS-senas-auksas-30mm.jpg","type":"image\/jpeg"}],"twitter_card":"summary_large_image","schema":{"@context":"https:\/\/schema.org","@graph":[{"@type":"WebPage","@id":"https:\/\/metaltale.com\/lv\/produkts\/dekorativa-apala-naglina-simple-30-mm-antikvariats-zelts\/","url":"https:\/\/metaltale.com\/lv\/produkts\/dekorativa-apala-naglina-simple-30-mm-antikvariats-zelts\/","name":"Dekorat\u012bva apa\u013ca nagli\u0146a SIMPLE 30 mm Antikvari\u0101ts zelts - MetalTale.com","isPartOf":{"@id":"https:\/\/metaltale.com\/lv\/#website"},"primaryImageOfPage":{"@id":"https:\/\/metaltale.com\/lv\/produkts\/dekorativa-apala-naglina-simple-30-mm-antikvariats-zelts\/#primaryimage"},"image":{"@id":"https:\/\/metaltale.com\/lv\/produkts\/dekorativa-apala-naglina-simple-30-mm-antikvariats-zelts\/#primaryimage"},"thumbnailUrl":"https:\/\/metaltale.com\/wp-content\/uploads\/2023\/09\/Dekoratyvinis-smeigtukas-apvalus-PAPRASTAS-senas-auksas-30mm.jpg","datePublished":"2024-02-13T12:19:04+00:00","breadcrumb":{"@id":"https:\/\/metaltale.com\/lv\/produkts\/dekorativa-apala-naglina-simple-30-mm-antikvariats-zelts\/#breadcrumb"},"inLanguage":"lv-LV","potentialAction":[{"@type":"ReadAction","target":["https:\/\/metaltale.com\/lv\/produkts\/dekorativa-apala-naglina-simple-30-mm-antikvariats-zelts\/"]}]},{"@type":"ImageObject","inLanguage":"lv-LV","@id":"https:\/\/metaltale.com\/lv\/produkts\/dekorativa-apala-naglina-simple-30-mm-antikvariats-zelts\/#primaryimage","url":"https:\/\/metaltale.com\/wp-content\/uploads\/2023\/09\/Dekoratyvinis-smeigtukas-apvalus-PAPRASTAS-senas-auksas-30mm.jpg","contentUrl":"https:\/\/metaltale.com\/wp-content\/uploads\/2023\/09\/Dekoratyvinis-smeigtukas-apvalus-PAPRASTAS-senas-auksas-30mm.jpg","width":800,"height":800,"caption":"Dekorat\u012bva apa\u013ca nagli\u0146a SIMPLE 30 mm Antikvari\u0101ts zelts"},{"@type":"BreadcrumbList","@id":"https:\/\/metaltale.com\/lv\/produkts\/dekorativa-apala-naglina-simple-30-mm-antikvariats-zelts\/#breadcrumb","itemListElement":[{"@type":"ListItem","position":1,"name":"Home","item":"https:\/\/metaltale.com\/lv\/majas\/"},{"@type":"ListItem","position":2,"name":"Veikals","item":"https:\/\/metaltale.com\/lv\/shop\/"},{"@type":"ListItem","position":3,"name":"Dekorat\u012bva apa\u013ca nagli\u0146a SIMPLE 30 mm Antikvari\u0101ts zelts"}]},{"@type":"WebSite","@id":"https:\/\/metaltale.com\/lv\/#website","url":"https:\/\/metaltale.com\/lv\/","name":"Metaltale.com","description":"","potentialAction":[{"@type":"SearchAction","target":{"@type":"EntryPoint","urlTemplate":"https:\/\/metaltale.com\/lv\/?s={search_term_string}"},"query-input":{"@type":"PropertyValueSpecification","valueRequired":true,"valueName":"search_term_string"}}],"inLanguage":"lv-LV"}]}},"_links":{"self":[{"href":"https:\/\/metaltale.com\/lv\/wp-json\/wp\/v2\/product\/137978","targetHints":{"allow":["GET"]}}],"collection":[{"href":"https:\/\/metaltale.com\/lv\/wp-json\/wp\/v2\/product"}],"about":[{"href":"https:\/\/metaltale.com\/lv\/wp-json\/wp\/v2\/types\/product"}],"replies":[{"embeddable":true,"href":"https:\/\/metaltale.com\/lv\/wp-json\/wp\/v2\/comments?post=137978"}],"version-history":[{"count":0,"href":"https:\/\/metaltale.com\/lv\/wp-json\/wp\/v2\/product\/137978\/revisions"}],"wp:featuredmedia":[{"embeddable":true,"href":"https:\/\/metaltale.com\/lv\/wp-json\/wp\/v2\/media\/69076"}],"wp:attachment":[{"href":"https:\/\/metaltale.com\/lv\/wp-json\/wp\/v2\/media?parent=137978"}],"wp:term":[{"taxonomy":"product_brand","embeddable":true,"href":"https:\/\/metaltale.com\/lv\/wp-json\/wp\/v2\/product_brand?post=137978"},{"taxonomy":"product_cat","embeddable":true,"href":"https:\/\/metaltale.com\/lv\/wp-json\/wp\/v2\/product_cat?post=137978"},{"taxonomy":"product_tag","embeddable":true,"href":"https:\/\/metaltale.com\/lv\/wp-json\/wp\/v2\/product_tag?post=137978"}],"curies":[{"name":"wp","href":"https:\/\/api.w.org\/{rel}","templated":true}]}}