{"id":137924,"date":"2024-02-13T14:31:04","date_gmt":"2024-02-13T12:31:04","guid":{"rendered":"https:\/\/metaltale.com\/produktas\/metala-dekorativais-panelis-pinigai-batai\/"},"modified":"2024-02-13T14:31:04","modified_gmt":"2024-02-13T12:31:04","slug":"metala-dekorativais-panelis-pinigai-batai","status":"publish","type":"product","link":"https:\/\/metaltale.com\/lv\/produkts\/metala-dekorativais-panelis-pinigai-batai\/","title":{"rendered":"Met\u0101la dekorat\u012bvais panelis PINIGAI &amp;; BATAI"},"content":{"rendered":"<div class=\"prod_data\"><strong>Modelis<\/strong> IN.30106  <br \/><strong>EAN.<\/strong>  5905369907975  <br \/><strong>Platums (cm<\/strong> ) 20  <br \/><strong>Augstums (cm<\/strong> ) 30  <br \/><strong>Materi\u0101ls<\/strong> T\u0113rauds  <br \/><strong>Formos<\/strong> Sta\u010diakampio formos  <br \/><strong>Orient\u0101cija<\/strong> Vertik\u0101l\u0101  <br \/><strong>Istaba<\/strong> Pusaud\u017eu istaba  <br \/><strong>Motivs<\/strong> Humors, teikumi  <\/p>\n<p>Taisnst\u016bra formas met\u0101la pl\u0101ksne. Plak\u0101ts ir p\u0101rkl\u0101ts ar augstas nodilumiztur\u012bbas kr\u0101su un aizsarg\u0101ts ar pret nodilumu aizsarg\u0101jo\u0161u laku. Vintage stila sienas rot\u0101jumam ir humoristisks uzraksts un komisks piespraudes att\u0113ls. Tas ir paredz\u0113ts garderobei vai meitenes istabai, bet ir ar\u012b lieliski piem\u0113rots dizaineru apavu veikaliem. Pl\u0101ksne ir piestiprin\u0101ta ar smalkiem stiprin\u0101juma caurumiem.<\/p>\n<p>Uz produkta ir humoristisks uzraksts &#8220;Par naudu nevar nopirkt laimi, bet var nopirkt jaukus apavus&#8221;, un tas ir ietur\u0113ts vintage stil\u0101.<\/p>\n<p>Retro \u0161\u0137\u012bvis ir lieliski piem\u0113rots m\u0101j\u0101m, ta\u010du tas lieliski izskat\u012bsies ar\u012b b\u0101ros un veikalos.  <br \/>Met\u0101la plak\u0101ts ir ori\u0123in\u0101la d\u0101vin\u0101juma ideja.<\/p>\n<\/div>\n","protected":false},"excerpt":{"rendered":"<p>Modelis IN.30106 EAN. 5905369907975 Platums (cm ) 20 Augstums (cm ) 30 Materi\u0101ls T\u0113rauds Formos Sta\u010diakampio formos Orient\u0101cija Vertik\u0101l\u0101 Istaba<\/p>\n","protected":false},"featured_media":70042,"comment_status":"open","ping_status":"closed","template":"","meta":{"_acf_changed":false,"pmpro_default_level":""},"product_brand":[],"product_cat":[24055],"product_tag":[],"class_list":{"0":"post-137924","1":"product","2":"type-product","3":"status-publish","4":"has-post-thumbnail","6":"product_cat-rotajumi","7":"pmpro-has-access","9":"first","10":"instock","11":"shipping-taxable","12":"purchasable","13":"product-type-simple"},"acf":[],"yoast_head":"<!-- This site is optimized with the Yoast SEO plugin v24.9 - https:\/\/yoast.com\/wordpress\/plugins\/seo\/ -->\n<title>Met\u0101la dekorat\u012bvais panelis PINIGAI &amp;; BATAI - MetalTale.com<\/title>\n<meta name=\"robots\" content=\"index, follow, max-snippet:-1, max-image-preview:large, max-video-preview:-1\" \/>\n<link rel=\"canonical\" href=\"https:\/\/metaltale.com\/lv\/produkts\/metala-dekorativais-panelis-pinigai-batai\/\" \/>\n<meta property=\"og:locale\" content=\"lv_LV\" \/>\n<meta property=\"og:type\" content=\"article\" \/>\n<meta property=\"og:title\" content=\"Met\u0101la dekorat\u012bvais panelis PINIGAI &amp;; BATAI - MetalTale.com\" \/>\n<meta property=\"og:description\" content=\"Modelis IN.30106 EAN. 5905369907975 Platums (cm ) 20 Augstums (cm ) 30 Materi\u0101ls T\u0113rauds Formos Sta\u010diakampio formos Orient\u0101cija Vertik\u0101l\u0101 Istaba\" \/>\n<meta property=\"og:url\" content=\"https:\/\/metaltale.com\/lv\/produkts\/metala-dekorativais-panelis-pinigai-batai\/\" \/>\n<meta property=\"og:site_name\" content=\"MetalTale.com\" \/>\n<meta name=\"twitter:card\" content=\"summary_large_image\" \/>\n<meta name=\"twitter:label1\" content=\"Est. reading time\" \/>\n\t<meta name=\"twitter:data1\" content=\"1 minute\" \/>\n<script type=\"application\/ld+json\" class=\"yoast-schema-graph\">{\"@context\":\"https:\/\/schema.org\",\"@graph\":[{\"@type\":\"WebPage\",\"@id\":\"https:\/\/metaltale.com\/lv\/produkts\/metala-dekorativais-panelis-pinigai-batai\/\",\"url\":\"https:\/\/metaltale.com\/lv\/produkts\/metala-dekorativais-panelis-pinigai-batai\/\",\"name\":\"Met\u0101la dekorat\u012bvais panelis PINIGAI &amp;; BATAI - MetalTale.com\",\"isPartOf\":{\"@id\":\"https:\/\/metaltale.com\/lv\/#website\"},\"primaryImageOfPage\":{\"@id\":\"https:\/\/metaltale.com\/lv\/produkts\/metala-dekorativais-panelis-pinigai-batai\/#primaryimage\"},\"image\":{\"@id\":\"https:\/\/metaltale.com\/lv\/produkts\/metala-dekorativais-panelis-pinigai-batai\/#primaryimage\"},\"thumbnailUrl\":\"https:\/\/metaltale.com\/wp-content\/uploads\/2023\/09\/Metaline-dekoratyvine-plokste-PINIGAI-BATAI.jpg\",\"datePublished\":\"2024-02-13T12:31:04+00:00\",\"breadcrumb\":{\"@id\":\"https:\/\/metaltale.com\/lv\/produkts\/metala-dekorativais-panelis-pinigai-batai\/#breadcrumb\"},\"inLanguage\":\"lv-LV\",\"potentialAction\":[{\"@type\":\"ReadAction\",\"target\":[\"https:\/\/metaltale.com\/lv\/produkts\/metala-dekorativais-panelis-pinigai-batai\/\"]}]},{\"@type\":\"ImageObject\",\"inLanguage\":\"lv-LV\",\"@id\":\"https:\/\/metaltale.com\/lv\/produkts\/metala-dekorativais-panelis-pinigai-batai\/#primaryimage\",\"url\":\"https:\/\/metaltale.com\/wp-content\/uploads\/2023\/09\/Metaline-dekoratyvine-plokste-PINIGAI-BATAI.jpg\",\"contentUrl\":\"https:\/\/metaltale.com\/wp-content\/uploads\/2023\/09\/Metaline-dekoratyvine-plokste-PINIGAI-BATAI.jpg\",\"width\":800,\"height\":800},{\"@type\":\"BreadcrumbList\",\"@id\":\"https:\/\/metaltale.com\/lv\/produkts\/metala-dekorativais-panelis-pinigai-batai\/#breadcrumb\",\"itemListElement\":[{\"@type\":\"ListItem\",\"position\":1,\"name\":\"Home\",\"item\":\"https:\/\/metaltale.com\/lv\/majas\/\"},{\"@type\":\"ListItem\",\"position\":2,\"name\":\"Veikals\",\"item\":\"https:\/\/metaltale.com\/lv\/shop\/\"},{\"@type\":\"ListItem\",\"position\":3,\"name\":\"Met\u0101la dekorat\u012bvais panelis PINIGAI &amp;; BATAI\"}]},{\"@type\":\"WebSite\",\"@id\":\"https:\/\/metaltale.com\/lv\/#website\",\"url\":\"https:\/\/metaltale.com\/lv\/\",\"name\":\"Metaltale.com\",\"description\":\"\",\"potentialAction\":[{\"@type\":\"SearchAction\",\"target\":{\"@type\":\"EntryPoint\",\"urlTemplate\":\"https:\/\/metaltale.com\/lv\/?s={search_term_string}\"},\"query-input\":{\"@type\":\"PropertyValueSpecification\",\"valueRequired\":true,\"valueName\":\"search_term_string\"}}],\"inLanguage\":\"lv-LV\"}]}<\/script>\n<!-- \/ Yoast SEO plugin. -->","yoast_head_json":{"title":"Met\u0101la dekorat\u012bvais panelis PINIGAI &amp;; BATAI - MetalTale.com","robots":{"index":"index","follow":"follow","max-snippet":"max-snippet:-1","max-image-preview":"max-image-preview:large","max-video-preview":"max-video-preview:-1"},"canonical":"https:\/\/metaltale.com\/lv\/produkts\/metala-dekorativais-panelis-pinigai-batai\/","og_locale":"lv_LV","og_type":"article","og_title":"Met\u0101la dekorat\u012bvais panelis PINIGAI &amp;; BATAI - MetalTale.com","og_description":"Modelis IN.30106 EAN. 5905369907975 Platums (cm ) 20 Augstums (cm ) 30 Materi\u0101ls T\u0113rauds Formos Sta\u010diakampio formos Orient\u0101cija Vertik\u0101l\u0101 Istaba","og_url":"https:\/\/metaltale.com\/lv\/produkts\/metala-dekorativais-panelis-pinigai-batai\/","og_site_name":"MetalTale.com","twitter_card":"summary_large_image","twitter_misc":{"Est. reading time":"1 minute"},"schema":{"@context":"https:\/\/schema.org","@graph":[{"@type":"WebPage","@id":"https:\/\/metaltale.com\/lv\/produkts\/metala-dekorativais-panelis-pinigai-batai\/","url":"https:\/\/metaltale.com\/lv\/produkts\/metala-dekorativais-panelis-pinigai-batai\/","name":"Met\u0101la dekorat\u012bvais panelis PINIGAI &amp;; BATAI - MetalTale.com","isPartOf":{"@id":"https:\/\/metaltale.com\/lv\/#website"},"primaryImageOfPage":{"@id":"https:\/\/metaltale.com\/lv\/produkts\/metala-dekorativais-panelis-pinigai-batai\/#primaryimage"},"image":{"@id":"https:\/\/metaltale.com\/lv\/produkts\/metala-dekorativais-panelis-pinigai-batai\/#primaryimage"},"thumbnailUrl":"https:\/\/metaltale.com\/wp-content\/uploads\/2023\/09\/Metaline-dekoratyvine-plokste-PINIGAI-BATAI.jpg","datePublished":"2024-02-13T12:31:04+00:00","breadcrumb":{"@id":"https:\/\/metaltale.com\/lv\/produkts\/metala-dekorativais-panelis-pinigai-batai\/#breadcrumb"},"inLanguage":"lv-LV","potentialAction":[{"@type":"ReadAction","target":["https:\/\/metaltale.com\/lv\/produkts\/metala-dekorativais-panelis-pinigai-batai\/"]}]},{"@type":"ImageObject","inLanguage":"lv-LV","@id":"https:\/\/metaltale.com\/lv\/produkts\/metala-dekorativais-panelis-pinigai-batai\/#primaryimage","url":"https:\/\/metaltale.com\/wp-content\/uploads\/2023\/09\/Metaline-dekoratyvine-plokste-PINIGAI-BATAI.jpg","contentUrl":"https:\/\/metaltale.com\/wp-content\/uploads\/2023\/09\/Metaline-dekoratyvine-plokste-PINIGAI-BATAI.jpg","width":800,"height":800},{"@type":"BreadcrumbList","@id":"https:\/\/metaltale.com\/lv\/produkts\/metala-dekorativais-panelis-pinigai-batai\/#breadcrumb","itemListElement":[{"@type":"ListItem","position":1,"name":"Home","item":"https:\/\/metaltale.com\/lv\/majas\/"},{"@type":"ListItem","position":2,"name":"Veikals","item":"https:\/\/metaltale.com\/lv\/shop\/"},{"@type":"ListItem","position":3,"name":"Met\u0101la dekorat\u012bvais panelis PINIGAI &amp;; BATAI"}]},{"@type":"WebSite","@id":"https:\/\/metaltale.com\/lv\/#website","url":"https:\/\/metaltale.com\/lv\/","name":"Metaltale.com","description":"","potentialAction":[{"@type":"SearchAction","target":{"@type":"EntryPoint","urlTemplate":"https:\/\/metaltale.com\/lv\/?s={search_term_string}"},"query-input":{"@type":"PropertyValueSpecification","valueRequired":true,"valueName":"search_term_string"}}],"inLanguage":"lv-LV"}]}},"_links":{"self":[{"href":"https:\/\/metaltale.com\/lv\/wp-json\/wp\/v2\/product\/137924","targetHints":{"allow":["GET"]}}],"collection":[{"href":"https:\/\/metaltale.com\/lv\/wp-json\/wp\/v2\/product"}],"about":[{"href":"https:\/\/metaltale.com\/lv\/wp-json\/wp\/v2\/types\/product"}],"replies":[{"embeddable":true,"href":"https:\/\/metaltale.com\/lv\/wp-json\/wp\/v2\/comments?post=137924"}],"version-history":[{"count":0,"href":"https:\/\/metaltale.com\/lv\/wp-json\/wp\/v2\/product\/137924\/revisions"}],"wp:featuredmedia":[{"embeddable":true,"href":"https:\/\/metaltale.com\/lv\/wp-json\/wp\/v2\/media\/70042"}],"wp:attachment":[{"href":"https:\/\/metaltale.com\/lv\/wp-json\/wp\/v2\/media?parent=137924"}],"wp:term":[{"taxonomy":"product_brand","embeddable":true,"href":"https:\/\/metaltale.com\/lv\/wp-json\/wp\/v2\/product_brand?post=137924"},{"taxonomy":"product_cat","embeddable":true,"href":"https:\/\/metaltale.com\/lv\/wp-json\/wp\/v2\/product_cat?post=137924"},{"taxonomy":"product_tag","embeddable":true,"href":"https:\/\/metaltale.com\/lv\/wp-json\/wp\/v2\/product_tag?post=137924"}],"curies":[{"name":"wp","href":"https:\/\/api.w.org\/{rel}","templated":true}]}}