{"id":137913,"date":"2024-02-13T14:29:05","date_gmt":"2024-02-13T12:29:05","guid":{"rendered":"https:\/\/metaltale.com\/produktas\/ozolkoka-koka-bidamas-durvis-metalboard-ramjos\/"},"modified":"2024-02-13T14:29:05","modified_gmt":"2024-02-13T12:29:05","slug":"ozolkoka-koka-bidamas-durvis-metalboard-ramjos","status":"publish","type":"product","link":"https:\/\/metaltale.com\/lv\/produkts\/ozolkoka-koka-bidamas-durvis-metalboard-ramjos\/","title":{"rendered":"Ozolkoka koka b\u012bd\u0101m\u0101s durvis METALBOARD r\u0101mjos"},"content":{"rendered":"<div class=\"prod_data\">MBD <strong>modelis<\/strong>  <br \/><strong>Materi\u0101ls<\/strong> Ozola koks, t\u0113rauds  <br \/>Biezums (cm ) 2,5 <br \/>Kop\u0113jais augstums (cm ) 210 <br \/>Kop\u0113jais platums (cm ) 100 <br \/><strong>Svars (kg<\/strong> ) 45  <br \/>Kr\u0101sa Koks &#8211; neapstr\u0101d\u0101ts <br \/><strong>Apdare<\/strong> Neapstr\u0101d\u0101ts \/ e\u013c\u013cots  <br \/>PAPILDU INFORM\u0100CIJA Pied\u0101v\u0101jums attiecas tikai uz vienu durvju paneli un neietver b\u012bd\u0101mo sist\u0113mu un citus piederumus. <\/p>\n<hr>\n<p>&#8211; Ozolkoka durvis  <br \/>&#8211; t\u0113rauda r\u0101mis, kas izgatavots no diviem le\u0146\u0137a stie\u0146iem, kas aptver d\u0113\u013cus.<br \/>&#8211; durvju iek\u0161pus\u0113 ir redzamas \u0161uves un kniedes, kas pastiprina konstrukciju un v\u0113l vair\u0101k izce\u013c v\u0113rtnes ori\u0123in\u0101lo raksturu.<br \/>&#8211; sl\u012bp\u0113ti ozolkoka d\u0113\u013ci veido vienk\u0101r\u0161u, bet ori\u0123in\u0101lu rakstu.<br \/>&#8211; durv\u012bm var b\u016bt nelielas plaisas un mezgli\u0146i, kas radu\u0161ies koksnes dabisk\u0101s strukt\u016bras d\u0113\u013c un nesniedzas l\u012bdz pat v\u0101rtiem vis\u0101 to biezum\u0101.<br \/>&#8211; univers\u0101la konstrukcija \u013cauj veikt jebkuru mont\u0101\u017eu (uz aug\u0161u un uz leju)<br \/>&#8211; durvju konstrukcija \u013cauj izmantot b\u012bd\u0101mo sist\u0113mu<br \/>&#8211; Neizmantojiet \u0161arn\u012brveida b\u012bd\u0101mo durvju sist\u0113mas (Vintage, Hanger tipa ritenis utt.).<br \/>&#8211; modelis bez apak\u0161\u0113j\u0101 griez\u0113ja<br \/>&#8211; pied\u0101v\u0101jums attiecas tikai uz durvju v\u0113rtni, un taj\u0101 nav iek\u013cauta b\u012bd\u0101m\u0101 sist\u0113ma vai citi piederumi.<br \/>&#8211; Lai atrastu pied\u0101v\u0101tajam modelim atbilsto\u0161us apak\u0161\u0113jos griez\u0113jus, skatiet t\u0101l\u0101k &#8220;Saist\u012btie produkti&#8221;.<\/p>\n<hr>\n<p>Ozolkoka b\u012bd\u0101m\u0101s durvis ar t\u0113rauda r\u0101mi ir intri\u0123\u0113jo\u0161s pied\u0101v\u0101jums, kas apvieno klasiku un m\u016bsdien\u012bgumu ar b\u0113ni\u0146u noska\u0146u. Met\u0101la pl\u0101tnes koka durvis izskat\u0101s eleganti un cien\u012bgi, un to t\u0113rauda konstrukcija garant\u0113 iztur\u012bbu un nov\u0113r\u0161 deform\u0101ciju. \u0160\u012b mode\u013ca liel\u0101k\u0101 priek\u0161roc\u012bba ir t\u0101 vienk\u0101r\u0161\u012bba &#8211; vien\u012bgais rot\u0101juma veids ir ozolkoka d\u0113\u013cu raksts, koka arhitekt\u016bra un r\u0101mja \u0161uves un kniedes. Met\u0101la pl\u0101ksnes viegli ieder\u0113sies b\u0113ni\u0146os un modern\u0101s telp\u0101s, kur\u0101s ir \u0113rta met\u0101la un koka kombin\u0101cija. Ozols ir lieliski piem\u0113rots k\u0101 interjera sasil\u0161anas elements. Sp\u0101rnai rakstur\u012bgais plakan\u0101s pl\u0101ksnes r\u0101mis pie\u0161\u0137ir industri\u0101lu akcentu. Durvju stil\u0101 liela noz\u012bme ir dabiskaj\u0101m plais\u0101m, redzamajiem mezgliem un koksnes arhitekt\u016brai. B\u012bd\u0101m\u0101s ozolkoka durvis ir pieejamas neapstr\u0101d\u0101tas (pa\u0161impregn\u0101cijai) un aizsarg\u0101tas ar dab\u012bgo vai br\u016bno e\u013c\u013cu. Smalkums un<\/p>\n<\/div>\n","protected":false},"excerpt":{"rendered":"<p>MBD modelis Materi\u0101ls Ozola koks, t\u0113rauds Biezums (cm ) 2,5 Kop\u0113jais augstums (cm ) 210 Kop\u0113jais platums (cm ) 100<\/p>\n","protected":false},"featured_media":88252,"comment_status":"open","ping_status":"closed","template":"","meta":{"_acf_changed":false,"pmpro_default_level":""},"product_brand":[],"product_cat":[24075],"product_tag":[],"class_list":{"0":"post-137913","1":"product","2":"type-product","3":"status-publish","4":"has-post-thumbnail","6":"product_cat-bidamas-durvis-metala-rami","7":"pmpro-has-access","9":"first","10":"outofstock","11":"shipping-taxable","12":"purchasable","13":"product-type-simple"},"acf":[],"yoast_head":"<!-- This site is optimized with the Yoast SEO plugin v24.9 - https:\/\/yoast.com\/wordpress\/plugins\/seo\/ -->\n<title>Ozolkoka koka b\u012bd\u0101m\u0101s durvis METALBOARD r\u0101mjos - MetalTale.com<\/title>\n<meta name=\"robots\" content=\"index, follow, max-snippet:-1, max-image-preview:large, max-video-preview:-1\" \/>\n<link rel=\"canonical\" href=\"https:\/\/metaltale.com\/lv\/produkts\/ozolkoka-koka-bidamas-durvis-metalboard-ramjos\/\" \/>\n<meta property=\"og:locale\" content=\"lv_LV\" \/>\n<meta property=\"og:type\" content=\"article\" \/>\n<meta property=\"og:title\" content=\"Ozolkoka koka b\u012bd\u0101m\u0101s durvis METALBOARD r\u0101mjos - MetalTale.com\" \/>\n<meta property=\"og:description\" content=\"MBD modelis Materi\u0101ls Ozola koks, t\u0113rauds Biezums (cm ) 2,5 Kop\u0113jais augstums (cm ) 210 Kop\u0113jais platums (cm ) 100\" \/>\n<meta property=\"og:url\" content=\"https:\/\/metaltale.com\/lv\/produkts\/ozolkoka-koka-bidamas-durvis-metalboard-ramjos\/\" \/>\n<meta property=\"og:site_name\" content=\"MetalTale.com\" \/>\n<meta name=\"twitter:card\" content=\"summary_large_image\" \/>\n<meta name=\"twitter:label1\" content=\"Est. reading time\" \/>\n\t<meta name=\"twitter:data1\" content=\"2 minutes\" \/>\n<script type=\"application\/ld+json\" class=\"yoast-schema-graph\">{\"@context\":\"https:\/\/schema.org\",\"@graph\":[{\"@type\":\"WebPage\",\"@id\":\"https:\/\/metaltale.com\/lv\/produkts\/ozolkoka-koka-bidamas-durvis-metalboard-ramjos\/\",\"url\":\"https:\/\/metaltale.com\/lv\/produkts\/ozolkoka-koka-bidamas-durvis-metalboard-ramjos\/\",\"name\":\"Ozolkoka koka b\u012bd\u0101m\u0101s durvis METALBOARD r\u0101mjos - MetalTale.com\",\"isPartOf\":{\"@id\":\"https:\/\/metaltale.com\/lv\/#website\"},\"primaryImageOfPage\":{\"@id\":\"https:\/\/metaltale.com\/lv\/produkts\/ozolkoka-koka-bidamas-durvis-metalboard-ramjos\/#primaryimage\"},\"image\":{\"@id\":\"https:\/\/metaltale.com\/lv\/produkts\/ozolkoka-koka-bidamas-durvis-metalboard-ramjos\/#primaryimage\"},\"thumbnailUrl\":\"https:\/\/metaltale.com\/wp-content\/uploads\/2023\/10\/METALBOARD-Neapdorotos-durys.jpg\",\"datePublished\":\"2024-02-13T12:29:05+00:00\",\"breadcrumb\":{\"@id\":\"https:\/\/metaltale.com\/lv\/produkts\/ozolkoka-koka-bidamas-durvis-metalboard-ramjos\/#breadcrumb\"},\"inLanguage\":\"lv-LV\",\"potentialAction\":[{\"@type\":\"ReadAction\",\"target\":[\"https:\/\/metaltale.com\/lv\/produkts\/ozolkoka-koka-bidamas-durvis-metalboard-ramjos\/\"]}]},{\"@type\":\"ImageObject\",\"inLanguage\":\"lv-LV\",\"@id\":\"https:\/\/metaltale.com\/lv\/produkts\/ozolkoka-koka-bidamas-durvis-metalboard-ramjos\/#primaryimage\",\"url\":\"https:\/\/metaltale.com\/wp-content\/uploads\/2023\/10\/METALBOARD-Neapdorotos-durys.jpg\",\"contentUrl\":\"https:\/\/metaltale.com\/wp-content\/uploads\/2023\/10\/METALBOARD-Neapdorotos-durys.jpg\",\"width\":800,\"height\":800},{\"@type\":\"BreadcrumbList\",\"@id\":\"https:\/\/metaltale.com\/lv\/produkts\/ozolkoka-koka-bidamas-durvis-metalboard-ramjos\/#breadcrumb\",\"itemListElement\":[{\"@type\":\"ListItem\",\"position\":1,\"name\":\"Home\",\"item\":\"https:\/\/metaltale.com\/lv\/majas\/\"},{\"@type\":\"ListItem\",\"position\":2,\"name\":\"Veikals\",\"item\":\"https:\/\/metaltale.com\/lv\/shop\/\"},{\"@type\":\"ListItem\",\"position\":3,\"name\":\"Ozolkoka koka b\u012bd\u0101m\u0101s durvis METALBOARD r\u0101mjos\"}]},{\"@type\":\"WebSite\",\"@id\":\"https:\/\/metaltale.com\/lv\/#website\",\"url\":\"https:\/\/metaltale.com\/lv\/\",\"name\":\"Metaltale.com\",\"description\":\"\",\"potentialAction\":[{\"@type\":\"SearchAction\",\"target\":{\"@type\":\"EntryPoint\",\"urlTemplate\":\"https:\/\/metaltale.com\/lv\/?s={search_term_string}\"},\"query-input\":{\"@type\":\"PropertyValueSpecification\",\"valueRequired\":true,\"valueName\":\"search_term_string\"}}],\"inLanguage\":\"lv-LV\"}]}<\/script>\n<!-- \/ Yoast SEO plugin. -->","yoast_head_json":{"title":"Ozolkoka koka b\u012bd\u0101m\u0101s durvis METALBOARD r\u0101mjos - MetalTale.com","robots":{"index":"index","follow":"follow","max-snippet":"max-snippet:-1","max-image-preview":"max-image-preview:large","max-video-preview":"max-video-preview:-1"},"canonical":"https:\/\/metaltale.com\/lv\/produkts\/ozolkoka-koka-bidamas-durvis-metalboard-ramjos\/","og_locale":"lv_LV","og_type":"article","og_title":"Ozolkoka koka b\u012bd\u0101m\u0101s durvis METALBOARD r\u0101mjos - MetalTale.com","og_description":"MBD modelis Materi\u0101ls Ozola koks, t\u0113rauds Biezums (cm ) 2,5 Kop\u0113jais augstums (cm ) 210 Kop\u0113jais platums (cm ) 100","og_url":"https:\/\/metaltale.com\/lv\/produkts\/ozolkoka-koka-bidamas-durvis-metalboard-ramjos\/","og_site_name":"MetalTale.com","twitter_card":"summary_large_image","twitter_misc":{"Est. reading time":"2 minutes"},"schema":{"@context":"https:\/\/schema.org","@graph":[{"@type":"WebPage","@id":"https:\/\/metaltale.com\/lv\/produkts\/ozolkoka-koka-bidamas-durvis-metalboard-ramjos\/","url":"https:\/\/metaltale.com\/lv\/produkts\/ozolkoka-koka-bidamas-durvis-metalboard-ramjos\/","name":"Ozolkoka koka b\u012bd\u0101m\u0101s durvis METALBOARD r\u0101mjos - MetalTale.com","isPartOf":{"@id":"https:\/\/metaltale.com\/lv\/#website"},"primaryImageOfPage":{"@id":"https:\/\/metaltale.com\/lv\/produkts\/ozolkoka-koka-bidamas-durvis-metalboard-ramjos\/#primaryimage"},"image":{"@id":"https:\/\/metaltale.com\/lv\/produkts\/ozolkoka-koka-bidamas-durvis-metalboard-ramjos\/#primaryimage"},"thumbnailUrl":"https:\/\/metaltale.com\/wp-content\/uploads\/2023\/10\/METALBOARD-Neapdorotos-durys.jpg","datePublished":"2024-02-13T12:29:05+00:00","breadcrumb":{"@id":"https:\/\/metaltale.com\/lv\/produkts\/ozolkoka-koka-bidamas-durvis-metalboard-ramjos\/#breadcrumb"},"inLanguage":"lv-LV","potentialAction":[{"@type":"ReadAction","target":["https:\/\/metaltale.com\/lv\/produkts\/ozolkoka-koka-bidamas-durvis-metalboard-ramjos\/"]}]},{"@type":"ImageObject","inLanguage":"lv-LV","@id":"https:\/\/metaltale.com\/lv\/produkts\/ozolkoka-koka-bidamas-durvis-metalboard-ramjos\/#primaryimage","url":"https:\/\/metaltale.com\/wp-content\/uploads\/2023\/10\/METALBOARD-Neapdorotos-durys.jpg","contentUrl":"https:\/\/metaltale.com\/wp-content\/uploads\/2023\/10\/METALBOARD-Neapdorotos-durys.jpg","width":800,"height":800},{"@type":"BreadcrumbList","@id":"https:\/\/metaltale.com\/lv\/produkts\/ozolkoka-koka-bidamas-durvis-metalboard-ramjos\/#breadcrumb","itemListElement":[{"@type":"ListItem","position":1,"name":"Home","item":"https:\/\/metaltale.com\/lv\/majas\/"},{"@type":"ListItem","position":2,"name":"Veikals","item":"https:\/\/metaltale.com\/lv\/shop\/"},{"@type":"ListItem","position":3,"name":"Ozolkoka koka b\u012bd\u0101m\u0101s durvis METALBOARD r\u0101mjos"}]},{"@type":"WebSite","@id":"https:\/\/metaltale.com\/lv\/#website","url":"https:\/\/metaltale.com\/lv\/","name":"Metaltale.com","description":"","potentialAction":[{"@type":"SearchAction","target":{"@type":"EntryPoint","urlTemplate":"https:\/\/metaltale.com\/lv\/?s={search_term_string}"},"query-input":{"@type":"PropertyValueSpecification","valueRequired":true,"valueName":"search_term_string"}}],"inLanguage":"lv-LV"}]}},"_links":{"self":[{"href":"https:\/\/metaltale.com\/lv\/wp-json\/wp\/v2\/product\/137913","targetHints":{"allow":["GET"]}}],"collection":[{"href":"https:\/\/metaltale.com\/lv\/wp-json\/wp\/v2\/product"}],"about":[{"href":"https:\/\/metaltale.com\/lv\/wp-json\/wp\/v2\/types\/product"}],"replies":[{"embeddable":true,"href":"https:\/\/metaltale.com\/lv\/wp-json\/wp\/v2\/comments?post=137913"}],"version-history":[{"count":0,"href":"https:\/\/metaltale.com\/lv\/wp-json\/wp\/v2\/product\/137913\/revisions"}],"wp:featuredmedia":[{"embeddable":true,"href":"https:\/\/metaltale.com\/lv\/wp-json\/wp\/v2\/media\/88252"}],"wp:attachment":[{"href":"https:\/\/metaltale.com\/lv\/wp-json\/wp\/v2\/media?parent=137913"}],"wp:term":[{"taxonomy":"product_brand","embeddable":true,"href":"https:\/\/metaltale.com\/lv\/wp-json\/wp\/v2\/product_brand?post=137913"},{"taxonomy":"product_cat","embeddable":true,"href":"https:\/\/metaltale.com\/lv\/wp-json\/wp\/v2\/product_cat?post=137913"},{"taxonomy":"product_tag","embeddable":true,"href":"https:\/\/metaltale.com\/lv\/wp-json\/wp\/v2\/product_tag?post=137913"}],"curies":[{"name":"wp","href":"https:\/\/api.w.org\/{rel}","templated":true}]}}