{"id":137904,"date":"2024-02-13T14:27:45","date_gmt":"2024-02-13T12:27:45","guid":{"rendered":"https:\/\/metaltale.com\/produktas\/mebelu-rokturis-courtly\/"},"modified":"2024-02-13T14:27:45","modified_gmt":"2024-02-13T12:27:45","slug":"mebelu-rokturis-courtly","status":"publish","type":"product","link":"https:\/\/metaltale.com\/lv\/produkts\/mebelu-rokturis-courtly\/","title":{"rendered":"M\u0113be\u013cu rokturis COURTLY"},"content":{"rendered":"<div class=\"prod_data\">\n<p><strong>Modelis<\/strong> 01.087K. AI.96<br \/>\n<strong>EAN.<\/strong>  5905369921049<br \/>\nMateri\u0101ls Ketus<br \/>\n<strong>Kop\u0113jais augstums (cm<\/strong> ) 5<br \/>\n<strong>Kop\u0113jais platums (cm<\/strong> ) 10<br \/>\n<strong>Kop\u0113j\u0101 projekcija (cm<\/strong> ) 2<br \/>\n<strong>Att\u0101lums starp<\/strong> caurumiem (<strong>cm<\/strong> ) 8,2<br \/>\nT\u0113rauda <strong>kr\u0101sa<\/strong> <\/p>\n<p>&#8211; rokturis ir izgatavots no augst\u0101k\u0101s kvalit\u0101tes \u010duguna, kas mums garant\u0113 apstr\u0101des kvalit\u0101ti un izstr\u0101d\u0101juma iztur\u012bbu.<br \/>\n&#8211; t\u0101s praktisk\u0101 forma \u013cauj efekt\u012bvi un viegli atv\u0113rt<br \/>\n&#8211; rokturiem ir stiprin\u0101juma caurumi \u0101trai un vienk\u0101r\u0161ai mont\u0101\u017eai.<\/p>\n<hr>\n<p>M\u016bsu tie\u0161saistes veikala bag\u0101t\u012bgaj\u0101 pied\u0101v\u0101jum\u0101 iek\u013cautie rustik\u0101lo m\u0113be\u013cu rokturi ir atbilde uz pieaugo\u0161o interesi par \u012bpa\u0161iem retro m\u0113be\u013cu aksesu\u0101riem.<\/p>\n<p>Mutes formas m\u0113be\u013cu redzamais rokturis bija bag\u0101t\u012bgi rot\u0101ts ar ziedu mot\u012bviem, kas atg\u0101dina par grezn\u0101m form\u0101m, kas asoci\u0113jas ar galma sp\u012bdumu. Neraugoties uz filigr\u0101na elementa \u0161\u0137ietamo izm\u0113ru, bija iesp\u0113jams saglab\u0101t un izcelt visus rakstur\u012bgos korpusa rot\u0101jumus. Tum\u0161\u0101 kr\u0101sa un nedaudz raupj\u0101 tekst\u016bra ir r\u016bp\u012bgi izstr\u0101d\u0101ta dzelzs lie\u0161anas darba rezult\u0101ts.<\/p>\n<p>Skr\u016bves ir iek\u013cautas komplekt\u0101.<\/p>\n<\/div>\n","protected":false},"excerpt":{"rendered":"<p>Modelis 01.087K. AI.96 EAN. 5905369921049 Materi\u0101ls Ketus Kop\u0113jais augstums (cm ) 5 Kop\u0113jais platums (cm ) 10 Kop\u0113j\u0101 projekcija (cm<\/p>\n","protected":false},"featured_media":88147,"comment_status":"open","ping_status":"closed","template":"","meta":{"_acf_changed":false,"pmpro_default_level":""},"product_brand":[],"product_cat":[23841,23837,23838],"product_tag":[],"class_list":{"0":"post-137904","1":"product","2":"type-product","3":"status-publish","4":"has-post-thumbnail","6":"product_cat-korpusa-rokturi","7":"product_cat-mebeles-piederumi","8":"product_cat-mebelu-rokturi","9":"pmpro-has-access","11":"first","12":"instock","13":"shipping-taxable","14":"purchasable","15":"product-type-simple"},"acf":[],"yoast_head":"<!-- This site is optimized with the Yoast SEO plugin v24.9 - https:\/\/yoast.com\/wordpress\/plugins\/seo\/ -->\n<title>M\u0113be\u013cu rokturis COURTLY - MetalTale.com<\/title>\n<meta name=\"robots\" content=\"index, follow, max-snippet:-1, max-image-preview:large, max-video-preview:-1\" \/>\n<link rel=\"canonical\" href=\"https:\/\/metaltale.com\/lv\/produkts\/mebelu-rokturis-courtly\/\" \/>\n<meta property=\"og:locale\" content=\"lv_LV\" \/>\n<meta property=\"og:type\" content=\"article\" \/>\n<meta property=\"og:title\" content=\"M\u0113be\u013cu rokturis COURTLY - MetalTale.com\" \/>\n<meta property=\"og:description\" content=\"Modelis 01.087K. AI.96 EAN. 5905369921049 Materi\u0101ls Ketus Kop\u0113jais augstums (cm ) 5 Kop\u0113jais platums (cm ) 10 Kop\u0113j\u0101 projekcija (cm\" \/>\n<meta property=\"og:url\" content=\"https:\/\/metaltale.com\/lv\/produkts\/mebelu-rokturis-courtly\/\" \/>\n<meta property=\"og:site_name\" content=\"MetalTale.com\" \/>\n<meta name=\"twitter:card\" content=\"summary_large_image\" \/>\n<meta name=\"twitter:label1\" content=\"Est. reading time\" \/>\n\t<meta name=\"twitter:data1\" content=\"1 minute\" \/>\n<script type=\"application\/ld+json\" class=\"yoast-schema-graph\">{\"@context\":\"https:\/\/schema.org\",\"@graph\":[{\"@type\":\"WebPage\",\"@id\":\"https:\/\/metaltale.com\/lv\/produkts\/mebelu-rokturis-courtly\/\",\"url\":\"https:\/\/metaltale.com\/lv\/produkts\/mebelu-rokturis-courtly\/\",\"name\":\"M\u0113be\u013cu rokturis COURTLY - MetalTale.com\",\"isPartOf\":{\"@id\":\"https:\/\/metaltale.com\/lv\/#website\"},\"primaryImageOfPage\":{\"@id\":\"https:\/\/metaltale.com\/lv\/produkts\/mebelu-rokturis-courtly\/#primaryimage\"},\"image\":{\"@id\":\"https:\/\/metaltale.com\/lv\/produkts\/mebelu-rokturis-courtly\/#primaryimage\"},\"thumbnailUrl\":\"https:\/\/metaltale.com\/wp-content\/uploads\/2023\/10\/DWORSKI-rankena-100mm.jpg\",\"datePublished\":\"2024-02-13T12:27:45+00:00\",\"breadcrumb\":{\"@id\":\"https:\/\/metaltale.com\/lv\/produkts\/mebelu-rokturis-courtly\/#breadcrumb\"},\"inLanguage\":\"lv-LV\",\"potentialAction\":[{\"@type\":\"ReadAction\",\"target\":[\"https:\/\/metaltale.com\/lv\/produkts\/mebelu-rokturis-courtly\/\"]}]},{\"@type\":\"ImageObject\",\"inLanguage\":\"lv-LV\",\"@id\":\"https:\/\/metaltale.com\/lv\/produkts\/mebelu-rokturis-courtly\/#primaryimage\",\"url\":\"https:\/\/metaltale.com\/wp-content\/uploads\/2023\/10\/DWORSKI-rankena-100mm.jpg\",\"contentUrl\":\"https:\/\/metaltale.com\/wp-content\/uploads\/2023\/10\/DWORSKI-rankena-100mm.jpg\",\"width\":800,\"height\":800,\"caption\":\"M\u0113be\u013cu rokturis COURTLY\"},{\"@type\":\"BreadcrumbList\",\"@id\":\"https:\/\/metaltale.com\/lv\/produkts\/mebelu-rokturis-courtly\/#breadcrumb\",\"itemListElement\":[{\"@type\":\"ListItem\",\"position\":1,\"name\":\"Home\",\"item\":\"https:\/\/metaltale.com\/lv\/majas\/\"},{\"@type\":\"ListItem\",\"position\":2,\"name\":\"Veikals\",\"item\":\"https:\/\/metaltale.com\/lv\/shop\/\"},{\"@type\":\"ListItem\",\"position\":3,\"name\":\"M\u0113be\u013cu rokturis COURTLY\"}]},{\"@type\":\"WebSite\",\"@id\":\"https:\/\/metaltale.com\/lv\/#website\",\"url\":\"https:\/\/metaltale.com\/lv\/\",\"name\":\"Metaltale.com\",\"description\":\"\",\"potentialAction\":[{\"@type\":\"SearchAction\",\"target\":{\"@type\":\"EntryPoint\",\"urlTemplate\":\"https:\/\/metaltale.com\/lv\/?s={search_term_string}\"},\"query-input\":{\"@type\":\"PropertyValueSpecification\",\"valueRequired\":true,\"valueName\":\"search_term_string\"}}],\"inLanguage\":\"lv-LV\"}]}<\/script>\n<!-- \/ Yoast SEO plugin. -->","yoast_head_json":{"title":"M\u0113be\u013cu rokturis COURTLY - MetalTale.com","robots":{"index":"index","follow":"follow","max-snippet":"max-snippet:-1","max-image-preview":"max-image-preview:large","max-video-preview":"max-video-preview:-1"},"canonical":"https:\/\/metaltale.com\/lv\/produkts\/mebelu-rokturis-courtly\/","og_locale":"lv_LV","og_type":"article","og_title":"M\u0113be\u013cu rokturis COURTLY - MetalTale.com","og_description":"Modelis 01.087K. AI.96 EAN. 5905369921049 Materi\u0101ls Ketus Kop\u0113jais augstums (cm ) 5 Kop\u0113jais platums (cm ) 10 Kop\u0113j\u0101 projekcija (cm","og_url":"https:\/\/metaltale.com\/lv\/produkts\/mebelu-rokturis-courtly\/","og_site_name":"MetalTale.com","twitter_card":"summary_large_image","twitter_misc":{"Est. reading time":"1 minute"},"schema":{"@context":"https:\/\/schema.org","@graph":[{"@type":"WebPage","@id":"https:\/\/metaltale.com\/lv\/produkts\/mebelu-rokturis-courtly\/","url":"https:\/\/metaltale.com\/lv\/produkts\/mebelu-rokturis-courtly\/","name":"M\u0113be\u013cu rokturis COURTLY - MetalTale.com","isPartOf":{"@id":"https:\/\/metaltale.com\/lv\/#website"},"primaryImageOfPage":{"@id":"https:\/\/metaltale.com\/lv\/produkts\/mebelu-rokturis-courtly\/#primaryimage"},"image":{"@id":"https:\/\/metaltale.com\/lv\/produkts\/mebelu-rokturis-courtly\/#primaryimage"},"thumbnailUrl":"https:\/\/metaltale.com\/wp-content\/uploads\/2023\/10\/DWORSKI-rankena-100mm.jpg","datePublished":"2024-02-13T12:27:45+00:00","breadcrumb":{"@id":"https:\/\/metaltale.com\/lv\/produkts\/mebelu-rokturis-courtly\/#breadcrumb"},"inLanguage":"lv-LV","potentialAction":[{"@type":"ReadAction","target":["https:\/\/metaltale.com\/lv\/produkts\/mebelu-rokturis-courtly\/"]}]},{"@type":"ImageObject","inLanguage":"lv-LV","@id":"https:\/\/metaltale.com\/lv\/produkts\/mebelu-rokturis-courtly\/#primaryimage","url":"https:\/\/metaltale.com\/wp-content\/uploads\/2023\/10\/DWORSKI-rankena-100mm.jpg","contentUrl":"https:\/\/metaltale.com\/wp-content\/uploads\/2023\/10\/DWORSKI-rankena-100mm.jpg","width":800,"height":800,"caption":"M\u0113be\u013cu rokturis COURTLY"},{"@type":"BreadcrumbList","@id":"https:\/\/metaltale.com\/lv\/produkts\/mebelu-rokturis-courtly\/#breadcrumb","itemListElement":[{"@type":"ListItem","position":1,"name":"Home","item":"https:\/\/metaltale.com\/lv\/majas\/"},{"@type":"ListItem","position":2,"name":"Veikals","item":"https:\/\/metaltale.com\/lv\/shop\/"},{"@type":"ListItem","position":3,"name":"M\u0113be\u013cu rokturis COURTLY"}]},{"@type":"WebSite","@id":"https:\/\/metaltale.com\/lv\/#website","url":"https:\/\/metaltale.com\/lv\/","name":"Metaltale.com","description":"","potentialAction":[{"@type":"SearchAction","target":{"@type":"EntryPoint","urlTemplate":"https:\/\/metaltale.com\/lv\/?s={search_term_string}"},"query-input":{"@type":"PropertyValueSpecification","valueRequired":true,"valueName":"search_term_string"}}],"inLanguage":"lv-LV"}]}},"_links":{"self":[{"href":"https:\/\/metaltale.com\/lv\/wp-json\/wp\/v2\/product\/137904","targetHints":{"allow":["GET"]}}],"collection":[{"href":"https:\/\/metaltale.com\/lv\/wp-json\/wp\/v2\/product"}],"about":[{"href":"https:\/\/metaltale.com\/lv\/wp-json\/wp\/v2\/types\/product"}],"replies":[{"embeddable":true,"href":"https:\/\/metaltale.com\/lv\/wp-json\/wp\/v2\/comments?post=137904"}],"version-history":[{"count":0,"href":"https:\/\/metaltale.com\/lv\/wp-json\/wp\/v2\/product\/137904\/revisions"}],"wp:featuredmedia":[{"embeddable":true,"href":"https:\/\/metaltale.com\/lv\/wp-json\/wp\/v2\/media\/88147"}],"wp:attachment":[{"href":"https:\/\/metaltale.com\/lv\/wp-json\/wp\/v2\/media?parent=137904"}],"wp:term":[{"taxonomy":"product_brand","embeddable":true,"href":"https:\/\/metaltale.com\/lv\/wp-json\/wp\/v2\/product_brand?post=137904"},{"taxonomy":"product_cat","embeddable":true,"href":"https:\/\/metaltale.com\/lv\/wp-json\/wp\/v2\/product_cat?post=137904"},{"taxonomy":"product_tag","embeddable":true,"href":"https:\/\/metaltale.com\/lv\/wp-json\/wp\/v2\/product_tag?post=137904"}],"curies":[{"name":"wp","href":"https:\/\/api.w.org\/{rel}","templated":true}]}}