{"id":137872,"date":"2024-02-13T14:27:05","date_gmt":"2024-02-13T12:27:05","guid":{"rendered":"https:\/\/metaltale.com\/produktas\/stura-mebeles-stura-sturis-corner-50-mm\/"},"modified":"2024-02-13T14:27:05","modified_gmt":"2024-02-13T12:27:05","slug":"stura-mebeles-stura-sturis-corner-50-mm","status":"publish","type":"product","link":"https:\/\/metaltale.com\/lv\/produkts\/stura-mebeles-stura-sturis-corner-50-mm\/","title":{"rendered":"St\u016bra m\u0113beles st\u016bra st\u016bris CORNER 50 mm"},"content":{"rendered":"<div class=\"prod_data\">\n<p>49.075B <strong>modelis<\/strong>. AI.50<br \/>\n<strong>EAN.<\/strong>  5905369919220<br \/>\n<strong>Materi\u0101ls<\/strong> T\u0113rauds<br \/>\n<strong>Kop\u0113jais augstums (cm<\/strong> ) 5<br \/>\n<strong>Kop\u0113jais platums (cm<\/strong> ) 5<br \/>\n<strong>Pamatnes izm\u0113ri (cm)<\/strong> 5 x 5<br \/>\n<strong>Lab\u0101s puses platums (cm<\/strong> ) 5<br \/>\n<strong>Kreis\u0101s puses platums (cm<\/strong> ) 5<br \/>\nT\u0113rauda <strong>kr\u0101sa<\/strong> <\/p>\n<p><strong>M\u0113be\u013cu st\u016bris<\/strong>, kas izgatavots no <strong>pres\u0113ta t\u0113rauda<\/strong>, p\u0101rsteidz ar savu virs vid\u0113j\u0101 l\u012bme\u0146a strukt\u016bru un iztur\u012bgo izgatavo\u0161anu, kas izce\u013c tradicion\u0101lo un pirms daudziem gadiem labi paz\u012bstamo formu. T\u0101 pla\u0161ais pielietojums \u013cauj stingri nostiprin\u0101t kumodes vai kumodes malas.<\/p>\n<p>Sp\u0113c\u012bgs un iztur\u012bgs, notur\u012bgs pret boj\u0101jumiem, tas labi kalpos k\u0101 iztur\u012bgs dekorat\u012bvs un aizsarg\u0101jo\u0161s elements. Efekt\u012bva un vienk\u0101r\u0161a uzst\u0101d\u012b\u0161ana ir iesp\u0113jama, pateicoties komplekt\u0101 iek\u013cautaj\u0101m nepiecie\u0161amaj\u0101m stiprin\u0101juma skr\u016bv\u0113m, kas garant\u0113 \u0113rtu uzst\u0101d\u012b\u0161anu.<\/p>\n<\/div>\n","protected":false},"excerpt":{"rendered":"<p>49.075B modelis. AI.50 EAN. 5905369919220 Materi\u0101ls T\u0113rauds Kop\u0113jais augstums (cm ) 5 Kop\u0113jais platums (cm ) 5 Pamatnes izm\u0113ri (cm)<\/p>\n","protected":false},"featured_media":69373,"comment_status":"open","ping_status":"closed","template":"","meta":{"_acf_changed":false,"pmpro_default_level":""},"product_brand":[],"product_cat":[23837,23886],"product_tag":[],"class_list":{"0":"post-137872","1":"product","2":"type-product","3":"status-publish","4":"has-post-thumbnail","6":"product_cat-mebeles-piederumi","7":"product_cat-statybines-ir-baldu-jungtys-lv","8":"pmpro-has-access","10":"first","11":"instock","12":"shipping-taxable","13":"purchasable","14":"product-type-simple"},"acf":[],"yoast_head":"<!-- This site is optimized with the Yoast SEO plugin v24.9 - https:\/\/yoast.com\/wordpress\/plugins\/seo\/ -->\n<title>St\u016bra m\u0113beles st\u016bra st\u016bris CORNER 50 mm - MetalTale.com<\/title>\n<meta name=\"robots\" content=\"index, follow, max-snippet:-1, max-image-preview:large, max-video-preview:-1\" \/>\n<link rel=\"canonical\" href=\"https:\/\/metaltale.com\/lv\/produkts\/stura-mebeles-stura-sturis-corner-50-mm\/\" \/>\n<meta property=\"og:locale\" content=\"lv_LV\" \/>\n<meta property=\"og:type\" content=\"article\" \/>\n<meta property=\"og:title\" content=\"St\u016bra m\u0113beles st\u016bra st\u016bris CORNER 50 mm - MetalTale.com\" \/>\n<meta property=\"og:description\" content=\"49.075B modelis. AI.50 EAN. 5905369919220 Materi\u0101ls T\u0113rauds Kop\u0113jais augstums (cm ) 5 Kop\u0113jais platums (cm ) 5 Pamatnes izm\u0113ri (cm)\" \/>\n<meta property=\"og:url\" content=\"https:\/\/metaltale.com\/lv\/produkts\/stura-mebeles-stura-sturis-corner-50-mm\/\" \/>\n<meta property=\"og:site_name\" content=\"MetalTale.com\" \/>\n<meta name=\"twitter:card\" content=\"summary_large_image\" \/>\n<meta name=\"twitter:label1\" content=\"Est. reading time\" \/>\n\t<meta name=\"twitter:data1\" content=\"1 minute\" \/>\n<script type=\"application\/ld+json\" class=\"yoast-schema-graph\">{\"@context\":\"https:\/\/schema.org\",\"@graph\":[{\"@type\":\"WebPage\",\"@id\":\"https:\/\/metaltale.com\/lv\/produkts\/stura-mebeles-stura-sturis-corner-50-mm\/\",\"url\":\"https:\/\/metaltale.com\/lv\/produkts\/stura-mebeles-stura-sturis-corner-50-mm\/\",\"name\":\"St\u016bra m\u0113beles st\u016bra st\u016bris CORNER 50 mm - MetalTale.com\",\"isPartOf\":{\"@id\":\"https:\/\/metaltale.com\/lv\/#website\"},\"primaryImageOfPage\":{\"@id\":\"https:\/\/metaltale.com\/lv\/produkts\/stura-mebeles-stura-sturis-corner-50-mm\/#primaryimage\"},\"image\":{\"@id\":\"https:\/\/metaltale.com\/lv\/produkts\/stura-mebeles-stura-sturis-corner-50-mm\/#primaryimage\"},\"thumbnailUrl\":\"https:\/\/metaltale.com\/wp-content\/uploads\/2023\/09\/Baldx173-kampinis-kampas-50.jpg\",\"datePublished\":\"2024-02-13T12:27:05+00:00\",\"breadcrumb\":{\"@id\":\"https:\/\/metaltale.com\/lv\/produkts\/stura-mebeles-stura-sturis-corner-50-mm\/#breadcrumb\"},\"inLanguage\":\"lv-LV\",\"potentialAction\":[{\"@type\":\"ReadAction\",\"target\":[\"https:\/\/metaltale.com\/lv\/produkts\/stura-mebeles-stura-sturis-corner-50-mm\/\"]}]},{\"@type\":\"ImageObject\",\"inLanguage\":\"lv-LV\",\"@id\":\"https:\/\/metaltale.com\/lv\/produkts\/stura-mebeles-stura-sturis-corner-50-mm\/#primaryimage\",\"url\":\"https:\/\/metaltale.com\/wp-content\/uploads\/2023\/09\/Baldx173-kampinis-kampas-50.jpg\",\"contentUrl\":\"https:\/\/metaltale.com\/wp-content\/uploads\/2023\/09\/Baldx173-kampinis-kampas-50.jpg\",\"width\":800,\"height\":800,\"caption\":\"St\u016bra m\u0113beles st\u016bra st\u016bris CORNER 50 mm\"},{\"@type\":\"BreadcrumbList\",\"@id\":\"https:\/\/metaltale.com\/lv\/produkts\/stura-mebeles-stura-sturis-corner-50-mm\/#breadcrumb\",\"itemListElement\":[{\"@type\":\"ListItem\",\"position\":1,\"name\":\"Home\",\"item\":\"https:\/\/metaltale.com\/lv\/majas\/\"},{\"@type\":\"ListItem\",\"position\":2,\"name\":\"Veikals\",\"item\":\"https:\/\/metaltale.com\/lv\/shop\/\"},{\"@type\":\"ListItem\",\"position\":3,\"name\":\"St\u016bra m\u0113beles st\u016bra st\u016bris CORNER 50 mm\"}]},{\"@type\":\"WebSite\",\"@id\":\"https:\/\/metaltale.com\/lv\/#website\",\"url\":\"https:\/\/metaltale.com\/lv\/\",\"name\":\"Metaltale.com\",\"description\":\"\",\"potentialAction\":[{\"@type\":\"SearchAction\",\"target\":{\"@type\":\"EntryPoint\",\"urlTemplate\":\"https:\/\/metaltale.com\/lv\/?s={search_term_string}\"},\"query-input\":{\"@type\":\"PropertyValueSpecification\",\"valueRequired\":true,\"valueName\":\"search_term_string\"}}],\"inLanguage\":\"lv-LV\"}]}<\/script>\n<!-- \/ Yoast SEO plugin. -->","yoast_head_json":{"title":"St\u016bra m\u0113beles st\u016bra st\u016bris CORNER 50 mm - MetalTale.com","robots":{"index":"index","follow":"follow","max-snippet":"max-snippet:-1","max-image-preview":"max-image-preview:large","max-video-preview":"max-video-preview:-1"},"canonical":"https:\/\/metaltale.com\/lv\/produkts\/stura-mebeles-stura-sturis-corner-50-mm\/","og_locale":"lv_LV","og_type":"article","og_title":"St\u016bra m\u0113beles st\u016bra st\u016bris CORNER 50 mm - MetalTale.com","og_description":"49.075B modelis. AI.50 EAN. 5905369919220 Materi\u0101ls T\u0113rauds Kop\u0113jais augstums (cm ) 5 Kop\u0113jais platums (cm ) 5 Pamatnes izm\u0113ri (cm)","og_url":"https:\/\/metaltale.com\/lv\/produkts\/stura-mebeles-stura-sturis-corner-50-mm\/","og_site_name":"MetalTale.com","twitter_card":"summary_large_image","twitter_misc":{"Est. reading time":"1 minute"},"schema":{"@context":"https:\/\/schema.org","@graph":[{"@type":"WebPage","@id":"https:\/\/metaltale.com\/lv\/produkts\/stura-mebeles-stura-sturis-corner-50-mm\/","url":"https:\/\/metaltale.com\/lv\/produkts\/stura-mebeles-stura-sturis-corner-50-mm\/","name":"St\u016bra m\u0113beles st\u016bra st\u016bris CORNER 50 mm - MetalTale.com","isPartOf":{"@id":"https:\/\/metaltale.com\/lv\/#website"},"primaryImageOfPage":{"@id":"https:\/\/metaltale.com\/lv\/produkts\/stura-mebeles-stura-sturis-corner-50-mm\/#primaryimage"},"image":{"@id":"https:\/\/metaltale.com\/lv\/produkts\/stura-mebeles-stura-sturis-corner-50-mm\/#primaryimage"},"thumbnailUrl":"https:\/\/metaltale.com\/wp-content\/uploads\/2023\/09\/Baldx173-kampinis-kampas-50.jpg","datePublished":"2024-02-13T12:27:05+00:00","breadcrumb":{"@id":"https:\/\/metaltale.com\/lv\/produkts\/stura-mebeles-stura-sturis-corner-50-mm\/#breadcrumb"},"inLanguage":"lv-LV","potentialAction":[{"@type":"ReadAction","target":["https:\/\/metaltale.com\/lv\/produkts\/stura-mebeles-stura-sturis-corner-50-mm\/"]}]},{"@type":"ImageObject","inLanguage":"lv-LV","@id":"https:\/\/metaltale.com\/lv\/produkts\/stura-mebeles-stura-sturis-corner-50-mm\/#primaryimage","url":"https:\/\/metaltale.com\/wp-content\/uploads\/2023\/09\/Baldx173-kampinis-kampas-50.jpg","contentUrl":"https:\/\/metaltale.com\/wp-content\/uploads\/2023\/09\/Baldx173-kampinis-kampas-50.jpg","width":800,"height":800,"caption":"St\u016bra m\u0113beles st\u016bra st\u016bris CORNER 50 mm"},{"@type":"BreadcrumbList","@id":"https:\/\/metaltale.com\/lv\/produkts\/stura-mebeles-stura-sturis-corner-50-mm\/#breadcrumb","itemListElement":[{"@type":"ListItem","position":1,"name":"Home","item":"https:\/\/metaltale.com\/lv\/majas\/"},{"@type":"ListItem","position":2,"name":"Veikals","item":"https:\/\/metaltale.com\/lv\/shop\/"},{"@type":"ListItem","position":3,"name":"St\u016bra m\u0113beles st\u016bra st\u016bris CORNER 50 mm"}]},{"@type":"WebSite","@id":"https:\/\/metaltale.com\/lv\/#website","url":"https:\/\/metaltale.com\/lv\/","name":"Metaltale.com","description":"","potentialAction":[{"@type":"SearchAction","target":{"@type":"EntryPoint","urlTemplate":"https:\/\/metaltale.com\/lv\/?s={search_term_string}"},"query-input":{"@type":"PropertyValueSpecification","valueRequired":true,"valueName":"search_term_string"}}],"inLanguage":"lv-LV"}]}},"_links":{"self":[{"href":"https:\/\/metaltale.com\/lv\/wp-json\/wp\/v2\/product\/137872","targetHints":{"allow":["GET"]}}],"collection":[{"href":"https:\/\/metaltale.com\/lv\/wp-json\/wp\/v2\/product"}],"about":[{"href":"https:\/\/metaltale.com\/lv\/wp-json\/wp\/v2\/types\/product"}],"replies":[{"embeddable":true,"href":"https:\/\/metaltale.com\/lv\/wp-json\/wp\/v2\/comments?post=137872"}],"version-history":[{"count":0,"href":"https:\/\/metaltale.com\/lv\/wp-json\/wp\/v2\/product\/137872\/revisions"}],"wp:featuredmedia":[{"embeddable":true,"href":"https:\/\/metaltale.com\/lv\/wp-json\/wp\/v2\/media\/69373"}],"wp:attachment":[{"href":"https:\/\/metaltale.com\/lv\/wp-json\/wp\/v2\/media?parent=137872"}],"wp:term":[{"taxonomy":"product_brand","embeddable":true,"href":"https:\/\/metaltale.com\/lv\/wp-json\/wp\/v2\/product_brand?post=137872"},{"taxonomy":"product_cat","embeddable":true,"href":"https:\/\/metaltale.com\/lv\/wp-json\/wp\/v2\/product_cat?post=137872"},{"taxonomy":"product_tag","embeddable":true,"href":"https:\/\/metaltale.com\/lv\/wp-json\/wp\/v2\/product_tag?post=137872"}],"curies":[{"name":"wp","href":"https:\/\/api.w.org\/{rel}","templated":true}]}}