{"id":137869,"date":"2024-02-13T14:27:05","date_gmt":"2024-02-13T12:27:05","guid":{"rendered":"https:\/\/metaltale.com\/produktas\/stabil-drebju-akis\/"},"modified":"2024-02-13T14:27:05","modified_gmt":"2024-02-13T12:27:05","slug":"stabil-drebju-akis","status":"publish","type":"product","link":"https:\/\/metaltale.com\/lv\/produkts\/stabil-drebju-akis\/","title":{"rendered":"STABIL dr\u0113bju \u0101\u0137is"},"content":{"rendered":"<div class=\"prod_data\">\n<p><strong>Modelis<\/strong> 01.335.AI.75<br \/>\n<strong>EAN.<\/strong>  5905369918346<br \/>\nMateri\u0101ls Ketus<br \/>\n<strong>Kop\u0113jais augstums (cm<\/strong> ) 7,5<br \/>\n<strong>Kop\u0113j\u0101 projekcija (cm<\/strong> ) 7,5<br \/>\n<strong>Pamatnes izm\u0113ri (cm)<\/strong> 4 x 5<br \/>\n<strong>Veids<\/strong> Vienviet\u012bgs<br \/>\nT\u0113rauda <strong>kr\u0101sa<\/strong> <\/p>\n<p>Rustik\u0101lais interjera dizaina stils neticami r\u016bp\u0113jas par visu aksesu\u0101ru harmonisku saskan\u012bbu, radot m\u016bsdien\u012bgu interjera atmosf\u0113ru. Viens no veidiem, k\u0101 izcelt istabas lauku stila v\u0113lmes, ir r\u016bp\u012bgi izv\u0113l\u0113ties m\u0113be\u013cu aksesu\u0101rus un piederumus.<\/p>\n<p>Ierosin\u0101tais piekares \u0101\u0137is ir izgatavots no augstas kvalit\u0101tes \u010duguna, kas pastiprin\u0101ts ar plakanu pl\u0101ksni, kura atrodas starp k\u0101ju un piekares da\u013cu. \u0160is dizains garant\u0113 augstu un neap\u0161aub\u0101mu visa elementa iztur\u012bbu, un tas ir pabeigts ar elegantu rokturi.<\/p>\n<p>T\u0101 pamatn\u0113 ir tr\u012bs stiprin\u0101juma caurumi, kas to padara stabilu.<\/p>\n<p>Komplekt\u0101 iek\u013cautas stiprin\u0101juma skr\u016bves.<\/p>\n<\/div>\n","protected":false},"excerpt":{"rendered":"<p>Modelis 01.335.AI.75 EAN. 5905369918346 Materi\u0101ls Ketus Kop\u0113jais augstums (cm ) 7,5 Kop\u0113j\u0101 projekcija (cm ) 7,5 Pamatnes izm\u0113ri (cm) 4<\/p>\n","protected":false},"featured_media":69328,"comment_status":"open","ping_status":"closed","template":"","meta":{"_acf_changed":false,"pmpro_default_level":""},"product_brand":[],"product_cat":[23837,23862],"product_tag":[],"class_list":{"0":"post-137869","1":"product","2":"type-product","3":"status-publish","4":"has-post-thumbnail","6":"product_cat-mebeles-piederumi","7":"product_cat-pakabos-ir-kabliukai-lv","8":"pmpro-has-access","10":"first","11":"instock","12":"shipping-taxable","13":"purchasable","14":"product-type-simple"},"acf":[],"yoast_head":"<!-- This site is optimized with the Yoast SEO plugin v24.9 - https:\/\/yoast.com\/wordpress\/plugins\/seo\/ -->\n<title>STABIL dr\u0113bju \u0101\u0137is - MetalTale.com<\/title>\n<meta name=\"robots\" content=\"index, follow, max-snippet:-1, max-image-preview:large, max-video-preview:-1\" \/>\n<link rel=\"canonical\" href=\"https:\/\/metaltale.com\/lv\/produkts\/stabil-drebju-akis\/\" \/>\n<meta property=\"og:locale\" content=\"lv_LV\" \/>\n<meta property=\"og:type\" content=\"article\" \/>\n<meta property=\"og:title\" content=\"STABIL dr\u0113bju \u0101\u0137is - MetalTale.com\" \/>\n<meta property=\"og:description\" content=\"Modelis 01.335.AI.75 EAN. 5905369918346 Materi\u0101ls Ketus Kop\u0113jais augstums (cm ) 7,5 Kop\u0113j\u0101 projekcija (cm ) 7,5 Pamatnes izm\u0113ri (cm) 4\" \/>\n<meta property=\"og:url\" content=\"https:\/\/metaltale.com\/lv\/produkts\/stabil-drebju-akis\/\" \/>\n<meta property=\"og:site_name\" content=\"MetalTale.com\" \/>\n<meta name=\"twitter:card\" content=\"summary_large_image\" \/>\n<meta name=\"twitter:label1\" content=\"Est. reading time\" \/>\n\t<meta name=\"twitter:data1\" content=\"1 minute\" \/>\n<script type=\"application\/ld+json\" class=\"yoast-schema-graph\">{\"@context\":\"https:\/\/schema.org\",\"@graph\":[{\"@type\":\"WebPage\",\"@id\":\"https:\/\/metaltale.com\/lv\/produkts\/stabil-drebju-akis\/\",\"url\":\"https:\/\/metaltale.com\/lv\/produkts\/stabil-drebju-akis\/\",\"name\":\"STABIL dr\u0113bju \u0101\u0137is - MetalTale.com\",\"isPartOf\":{\"@id\":\"https:\/\/metaltale.com\/lv\/#website\"},\"primaryImageOfPage\":{\"@id\":\"https:\/\/metaltale.com\/lv\/produkts\/stabil-drebju-akis\/#primaryimage\"},\"image\":{\"@id\":\"https:\/\/metaltale.com\/lv\/produkts\/stabil-drebju-akis\/#primaryimage\"},\"thumbnailUrl\":\"https:\/\/metaltale.com\/wp-content\/uploads\/2023\/09\/STABILIOS-TEISx116S.jpg\",\"datePublished\":\"2024-02-13T12:27:05+00:00\",\"breadcrumb\":{\"@id\":\"https:\/\/metaltale.com\/lv\/produkts\/stabil-drebju-akis\/#breadcrumb\"},\"inLanguage\":\"lv-LV\",\"potentialAction\":[{\"@type\":\"ReadAction\",\"target\":[\"https:\/\/metaltale.com\/lv\/produkts\/stabil-drebju-akis\/\"]}]},{\"@type\":\"ImageObject\",\"inLanguage\":\"lv-LV\",\"@id\":\"https:\/\/metaltale.com\/lv\/produkts\/stabil-drebju-akis\/#primaryimage\",\"url\":\"https:\/\/metaltale.com\/wp-content\/uploads\/2023\/09\/STABILIOS-TEISx116S.jpg\",\"contentUrl\":\"https:\/\/metaltale.com\/wp-content\/uploads\/2023\/09\/STABILIOS-TEISx116S.jpg\",\"width\":800,\"height\":800,\"caption\":\"STABIL dr\u0113bju \u0101\u0137is\"},{\"@type\":\"BreadcrumbList\",\"@id\":\"https:\/\/metaltale.com\/lv\/produkts\/stabil-drebju-akis\/#breadcrumb\",\"itemListElement\":[{\"@type\":\"ListItem\",\"position\":1,\"name\":\"Home\",\"item\":\"https:\/\/metaltale.com\/lv\/majas\/\"},{\"@type\":\"ListItem\",\"position\":2,\"name\":\"Veikals\",\"item\":\"https:\/\/metaltale.com\/lv\/shop\/\"},{\"@type\":\"ListItem\",\"position\":3,\"name\":\"STABIL dr\u0113bju \u0101\u0137is\"}]},{\"@type\":\"WebSite\",\"@id\":\"https:\/\/metaltale.com\/lv\/#website\",\"url\":\"https:\/\/metaltale.com\/lv\/\",\"name\":\"Metaltale.com\",\"description\":\"\",\"potentialAction\":[{\"@type\":\"SearchAction\",\"target\":{\"@type\":\"EntryPoint\",\"urlTemplate\":\"https:\/\/metaltale.com\/lv\/?s={search_term_string}\"},\"query-input\":{\"@type\":\"PropertyValueSpecification\",\"valueRequired\":true,\"valueName\":\"search_term_string\"}}],\"inLanguage\":\"lv-LV\"}]}<\/script>\n<!-- \/ Yoast SEO plugin. -->","yoast_head_json":{"title":"STABIL dr\u0113bju \u0101\u0137is - MetalTale.com","robots":{"index":"index","follow":"follow","max-snippet":"max-snippet:-1","max-image-preview":"max-image-preview:large","max-video-preview":"max-video-preview:-1"},"canonical":"https:\/\/metaltale.com\/lv\/produkts\/stabil-drebju-akis\/","og_locale":"lv_LV","og_type":"article","og_title":"STABIL dr\u0113bju \u0101\u0137is - MetalTale.com","og_description":"Modelis 01.335.AI.75 EAN. 5905369918346 Materi\u0101ls Ketus Kop\u0113jais augstums (cm ) 7,5 Kop\u0113j\u0101 projekcija (cm ) 7,5 Pamatnes izm\u0113ri (cm) 4","og_url":"https:\/\/metaltale.com\/lv\/produkts\/stabil-drebju-akis\/","og_site_name":"MetalTale.com","twitter_card":"summary_large_image","twitter_misc":{"Est. reading time":"1 minute"},"schema":{"@context":"https:\/\/schema.org","@graph":[{"@type":"WebPage","@id":"https:\/\/metaltale.com\/lv\/produkts\/stabil-drebju-akis\/","url":"https:\/\/metaltale.com\/lv\/produkts\/stabil-drebju-akis\/","name":"STABIL dr\u0113bju \u0101\u0137is - MetalTale.com","isPartOf":{"@id":"https:\/\/metaltale.com\/lv\/#website"},"primaryImageOfPage":{"@id":"https:\/\/metaltale.com\/lv\/produkts\/stabil-drebju-akis\/#primaryimage"},"image":{"@id":"https:\/\/metaltale.com\/lv\/produkts\/stabil-drebju-akis\/#primaryimage"},"thumbnailUrl":"https:\/\/metaltale.com\/wp-content\/uploads\/2023\/09\/STABILIOS-TEISx116S.jpg","datePublished":"2024-02-13T12:27:05+00:00","breadcrumb":{"@id":"https:\/\/metaltale.com\/lv\/produkts\/stabil-drebju-akis\/#breadcrumb"},"inLanguage":"lv-LV","potentialAction":[{"@type":"ReadAction","target":["https:\/\/metaltale.com\/lv\/produkts\/stabil-drebju-akis\/"]}]},{"@type":"ImageObject","inLanguage":"lv-LV","@id":"https:\/\/metaltale.com\/lv\/produkts\/stabil-drebju-akis\/#primaryimage","url":"https:\/\/metaltale.com\/wp-content\/uploads\/2023\/09\/STABILIOS-TEISx116S.jpg","contentUrl":"https:\/\/metaltale.com\/wp-content\/uploads\/2023\/09\/STABILIOS-TEISx116S.jpg","width":800,"height":800,"caption":"STABIL dr\u0113bju \u0101\u0137is"},{"@type":"BreadcrumbList","@id":"https:\/\/metaltale.com\/lv\/produkts\/stabil-drebju-akis\/#breadcrumb","itemListElement":[{"@type":"ListItem","position":1,"name":"Home","item":"https:\/\/metaltale.com\/lv\/majas\/"},{"@type":"ListItem","position":2,"name":"Veikals","item":"https:\/\/metaltale.com\/lv\/shop\/"},{"@type":"ListItem","position":3,"name":"STABIL dr\u0113bju \u0101\u0137is"}]},{"@type":"WebSite","@id":"https:\/\/metaltale.com\/lv\/#website","url":"https:\/\/metaltale.com\/lv\/","name":"Metaltale.com","description":"","potentialAction":[{"@type":"SearchAction","target":{"@type":"EntryPoint","urlTemplate":"https:\/\/metaltale.com\/lv\/?s={search_term_string}"},"query-input":{"@type":"PropertyValueSpecification","valueRequired":true,"valueName":"search_term_string"}}],"inLanguage":"lv-LV"}]}},"_links":{"self":[{"href":"https:\/\/metaltale.com\/lv\/wp-json\/wp\/v2\/product\/137869","targetHints":{"allow":["GET"]}}],"collection":[{"href":"https:\/\/metaltale.com\/lv\/wp-json\/wp\/v2\/product"}],"about":[{"href":"https:\/\/metaltale.com\/lv\/wp-json\/wp\/v2\/types\/product"}],"replies":[{"embeddable":true,"href":"https:\/\/metaltale.com\/lv\/wp-json\/wp\/v2\/comments?post=137869"}],"version-history":[{"count":0,"href":"https:\/\/metaltale.com\/lv\/wp-json\/wp\/v2\/product\/137869\/revisions"}],"wp:featuredmedia":[{"embeddable":true,"href":"https:\/\/metaltale.com\/lv\/wp-json\/wp\/v2\/media\/69328"}],"wp:attachment":[{"href":"https:\/\/metaltale.com\/lv\/wp-json\/wp\/v2\/media?parent=137869"}],"wp:term":[{"taxonomy":"product_brand","embeddable":true,"href":"https:\/\/metaltale.com\/lv\/wp-json\/wp\/v2\/product_brand?post=137869"},{"taxonomy":"product_cat","embeddable":true,"href":"https:\/\/metaltale.com\/lv\/wp-json\/wp\/v2\/product_cat?post=137869"},{"taxonomy":"product_tag","embeddable":true,"href":"https:\/\/metaltale.com\/lv\/wp-json\/wp\/v2\/product_tag?post=137869"}],"curies":[{"name":"wp","href":"https:\/\/api.w.org\/{rel}","templated":true}]}}