{"id":137851,"date":"2024-02-13T14:25:06","date_gmt":"2024-02-13T12:25:06","guid":{"rendered":"https:\/\/metaltale.com\/produktas\/numuretas-drebes-ar-mebeli-stil-1-5-komplekts\/"},"modified":"2024-02-13T14:25:06","modified_gmt":"2024-02-13T12:25:06","slug":"numuretas-drebes-ar-mebeli-stil-1-5-komplekts","status":"publish","type":"product","link":"https:\/\/metaltale.com\/lv\/produkts\/numuretas-drebes-ar-mebeli-stil-1-5-komplekts\/","title":{"rendered":"Numur\u0113tas dr\u0113bes ar m\u0113beli STIL 1-5 komplekts"},"content":{"rendered":"<div class=\"prod_data\">\n<p><strong>Modelis<\/strong> 70.336F. AI.1-5<br \/>\n<strong>EAN.<\/strong>  5905369918070<br \/>\nMateri\u0101ls Ketus<br \/>\n<strong>Kop\u0113jais augstums (cm<\/strong> ) 12,5<br \/>\n<strong>Kop\u0113j\u0101 projekcija (cm<\/strong> ) 7<br \/>\n<strong>Pamatnes izm\u0113ri (cm)<\/strong> 5,5 x 2,8<br \/>\n<strong>Tips<\/strong> Double, ciparu<br \/>\nMont\u0101\u017eas skr\u016bves J\u0101<br \/>\nT\u0113rauda <strong>kr\u0101sa<\/strong><br \/>\n<strong>Daudzums komplekt\u0101<\/strong> 5 gab.<br \/>\n<strong>Papildu inform\u0101cija<\/strong> Cena nor\u0101d\u012bta par pilnu numuru komplektu 1-5<\/p>\n<p><strong>Piekares \u0101\u0137i<\/strong> ir visklasisk\u0101kie risin\u0101jumi, kas ir izstr\u0101d\u0101ti praktisk\u0101 veid\u0101, uzsverot to lietojam\u012bbu.<\/p>\n<p>Att\u0113lotie \u0101\u0137i ir veidoti p\u0113c \u013coti p\u0101rbaud\u012bta un \u013coti popul\u0101ra klasisko formu parauga. Katram \u0101\u0137\u012btim ir divi pakaramie, kas atdal\u012bti ar iegrav\u0113tu pl\u0101ksn\u012bti ar pas\u016bt\u012bjuma numuru priek\u0161pus\u0113. Izmantot\u0101 \u010duguna augst\u0101 kvalit\u0101te nodro\u0161ina labu iztur\u012bbu un nodilumiztur\u012bbu.<\/p>\n<p>Piecu <strong>piekaramo \u0101\u0137u<\/strong> komplekts, kas izgatavots no augstas kvalit\u0101tes l\u0113juma.<\/p>\n<p>\u0100\u0137is ir piestiprin\u0101ts ar \u010detr\u0101m pievienotaj\u0101m skr\u016bv\u0113m.<\/p>\n<\/div>\n","protected":false},"excerpt":{"rendered":"<p>Modelis 70.336F. AI.1-5 EAN. 5905369918070 Materi\u0101ls Ketus Kop\u0113jais augstums (cm ) 12,5 Kop\u0113j\u0101 projekcija (cm ) 7 Pamatnes izm\u0113ri (cm)<\/p>\n","protected":false},"featured_media":87892,"comment_status":"open","ping_status":"closed","template":"","meta":{"_acf_changed":false,"pmpro_default_level":""},"product_brand":[],"product_cat":[23837,23862],"product_tag":[],"class_list":{"0":"post-137851","1":"product","2":"type-product","3":"status-publish","4":"has-post-thumbnail","6":"product_cat-mebeles-piederumi","7":"product_cat-pakabos-ir-kabliukai-lv","8":"pmpro-has-access","10":"first","11":"instock","12":"shipping-taxable","13":"purchasable","14":"product-type-simple"},"acf":[],"yoast_head":"<!-- This site is optimized with the Yoast SEO plugin v24.9 - https:\/\/yoast.com\/wordpress\/plugins\/seo\/ -->\n<title>Numur\u0113tas dr\u0113bes ar m\u0113beli STIL 1-5 komplekts - MetalTale.com<\/title>\n<meta name=\"robots\" content=\"index, follow, max-snippet:-1, max-image-preview:large, max-video-preview:-1\" \/>\n<link rel=\"canonical\" href=\"https:\/\/metaltale.com\/lv\/produkts\/numuretas-drebes-ar-mebeli-stil-1-5-komplekts\/\" \/>\n<meta property=\"og:locale\" content=\"lv_LV\" \/>\n<meta property=\"og:type\" content=\"article\" \/>\n<meta property=\"og:title\" content=\"Numur\u0113tas dr\u0113bes ar m\u0113beli STIL 1-5 komplekts - MetalTale.com\" \/>\n<meta property=\"og:description\" content=\"Modelis 70.336F. AI.1-5 EAN. 5905369918070 Materi\u0101ls Ketus Kop\u0113jais augstums (cm ) 12,5 Kop\u0113j\u0101 projekcija (cm ) 7 Pamatnes izm\u0113ri (cm)\" \/>\n<meta property=\"og:url\" content=\"https:\/\/metaltale.com\/lv\/produkts\/numuretas-drebes-ar-mebeli-stil-1-5-komplekts\/\" \/>\n<meta property=\"og:site_name\" content=\"MetalTale.com\" \/>\n<meta name=\"twitter:card\" content=\"summary_large_image\" \/>\n<meta name=\"twitter:label1\" content=\"Est. reading time\" \/>\n\t<meta name=\"twitter:data1\" content=\"1 minute\" \/>\n<script type=\"application\/ld+json\" class=\"yoast-schema-graph\">{\"@context\":\"https:\/\/schema.org\",\"@graph\":[{\"@type\":\"WebPage\",\"@id\":\"https:\/\/metaltale.com\/lv\/produkts\/numuretas-drebes-ar-mebeli-stil-1-5-komplekts\/\",\"url\":\"https:\/\/metaltale.com\/lv\/produkts\/numuretas-drebes-ar-mebeli-stil-1-5-komplekts\/\",\"name\":\"Numur\u0113tas dr\u0113bes ar m\u0113beli STIL 1-5 komplekts - MetalTale.com\",\"isPartOf\":{\"@id\":\"https:\/\/metaltale.com\/lv\/#website\"},\"primaryImageOfPage\":{\"@id\":\"https:\/\/metaltale.com\/lv\/produkts\/numuretas-drebes-ar-mebeli-stil-1-5-komplekts\/#primaryimage\"},\"image\":{\"@id\":\"https:\/\/metaltale.com\/lv\/produkts\/numuretas-drebes-ar-mebeli-stil-1-5-komplekts\/#primaryimage\"},\"thumbnailUrl\":\"https:\/\/metaltale.com\/wp-content\/uploads\/2023\/10\/SKAITMENINIS-KABLYS-1-5.jpg\",\"datePublished\":\"2024-02-13T12:25:06+00:00\",\"breadcrumb\":{\"@id\":\"https:\/\/metaltale.com\/lv\/produkts\/numuretas-drebes-ar-mebeli-stil-1-5-komplekts\/#breadcrumb\"},\"inLanguage\":\"lv-LV\",\"potentialAction\":[{\"@type\":\"ReadAction\",\"target\":[\"https:\/\/metaltale.com\/lv\/produkts\/numuretas-drebes-ar-mebeli-stil-1-5-komplekts\/\"]}]},{\"@type\":\"ImageObject\",\"inLanguage\":\"lv-LV\",\"@id\":\"https:\/\/metaltale.com\/lv\/produkts\/numuretas-drebes-ar-mebeli-stil-1-5-komplekts\/#primaryimage\",\"url\":\"https:\/\/metaltale.com\/wp-content\/uploads\/2023\/10\/SKAITMENINIS-KABLYS-1-5.jpg\",\"contentUrl\":\"https:\/\/metaltale.com\/wp-content\/uploads\/2023\/10\/SKAITMENINIS-KABLYS-1-5.jpg\",\"width\":800,\"height\":800,\"caption\":\"Numur\u0113tas dr\u0113bes ar m\u0113beli STIL 1-5 komplekts\"},{\"@type\":\"BreadcrumbList\",\"@id\":\"https:\/\/metaltale.com\/lv\/produkts\/numuretas-drebes-ar-mebeli-stil-1-5-komplekts\/#breadcrumb\",\"itemListElement\":[{\"@type\":\"ListItem\",\"position\":1,\"name\":\"Home\",\"item\":\"https:\/\/metaltale.com\/lv\/majas\/\"},{\"@type\":\"ListItem\",\"position\":2,\"name\":\"Veikals\",\"item\":\"https:\/\/metaltale.com\/lv\/shop\/\"},{\"@type\":\"ListItem\",\"position\":3,\"name\":\"Numur\u0113tas dr\u0113bes ar m\u0113beli STIL 1-5 komplekts\"}]},{\"@type\":\"WebSite\",\"@id\":\"https:\/\/metaltale.com\/lv\/#website\",\"url\":\"https:\/\/metaltale.com\/lv\/\",\"name\":\"Metaltale.com\",\"description\":\"\",\"potentialAction\":[{\"@type\":\"SearchAction\",\"target\":{\"@type\":\"EntryPoint\",\"urlTemplate\":\"https:\/\/metaltale.com\/lv\/?s={search_term_string}\"},\"query-input\":{\"@type\":\"PropertyValueSpecification\",\"valueRequired\":true,\"valueName\":\"search_term_string\"}}],\"inLanguage\":\"lv-LV\"}]}<\/script>\n<!-- \/ Yoast SEO plugin. -->","yoast_head_json":{"title":"Numur\u0113tas dr\u0113bes ar m\u0113beli STIL 1-5 komplekts - MetalTale.com","robots":{"index":"index","follow":"follow","max-snippet":"max-snippet:-1","max-image-preview":"max-image-preview:large","max-video-preview":"max-video-preview:-1"},"canonical":"https:\/\/metaltale.com\/lv\/produkts\/numuretas-drebes-ar-mebeli-stil-1-5-komplekts\/","og_locale":"lv_LV","og_type":"article","og_title":"Numur\u0113tas dr\u0113bes ar m\u0113beli STIL 1-5 komplekts - MetalTale.com","og_description":"Modelis 70.336F. AI.1-5 EAN. 5905369918070 Materi\u0101ls Ketus Kop\u0113jais augstums (cm ) 12,5 Kop\u0113j\u0101 projekcija (cm ) 7 Pamatnes izm\u0113ri (cm)","og_url":"https:\/\/metaltale.com\/lv\/produkts\/numuretas-drebes-ar-mebeli-stil-1-5-komplekts\/","og_site_name":"MetalTale.com","twitter_card":"summary_large_image","twitter_misc":{"Est. reading time":"1 minute"},"schema":{"@context":"https:\/\/schema.org","@graph":[{"@type":"WebPage","@id":"https:\/\/metaltale.com\/lv\/produkts\/numuretas-drebes-ar-mebeli-stil-1-5-komplekts\/","url":"https:\/\/metaltale.com\/lv\/produkts\/numuretas-drebes-ar-mebeli-stil-1-5-komplekts\/","name":"Numur\u0113tas dr\u0113bes ar m\u0113beli STIL 1-5 komplekts - MetalTale.com","isPartOf":{"@id":"https:\/\/metaltale.com\/lv\/#website"},"primaryImageOfPage":{"@id":"https:\/\/metaltale.com\/lv\/produkts\/numuretas-drebes-ar-mebeli-stil-1-5-komplekts\/#primaryimage"},"image":{"@id":"https:\/\/metaltale.com\/lv\/produkts\/numuretas-drebes-ar-mebeli-stil-1-5-komplekts\/#primaryimage"},"thumbnailUrl":"https:\/\/metaltale.com\/wp-content\/uploads\/2023\/10\/SKAITMENINIS-KABLYS-1-5.jpg","datePublished":"2024-02-13T12:25:06+00:00","breadcrumb":{"@id":"https:\/\/metaltale.com\/lv\/produkts\/numuretas-drebes-ar-mebeli-stil-1-5-komplekts\/#breadcrumb"},"inLanguage":"lv-LV","potentialAction":[{"@type":"ReadAction","target":["https:\/\/metaltale.com\/lv\/produkts\/numuretas-drebes-ar-mebeli-stil-1-5-komplekts\/"]}]},{"@type":"ImageObject","inLanguage":"lv-LV","@id":"https:\/\/metaltale.com\/lv\/produkts\/numuretas-drebes-ar-mebeli-stil-1-5-komplekts\/#primaryimage","url":"https:\/\/metaltale.com\/wp-content\/uploads\/2023\/10\/SKAITMENINIS-KABLYS-1-5.jpg","contentUrl":"https:\/\/metaltale.com\/wp-content\/uploads\/2023\/10\/SKAITMENINIS-KABLYS-1-5.jpg","width":800,"height":800,"caption":"Numur\u0113tas dr\u0113bes ar m\u0113beli STIL 1-5 komplekts"},{"@type":"BreadcrumbList","@id":"https:\/\/metaltale.com\/lv\/produkts\/numuretas-drebes-ar-mebeli-stil-1-5-komplekts\/#breadcrumb","itemListElement":[{"@type":"ListItem","position":1,"name":"Home","item":"https:\/\/metaltale.com\/lv\/majas\/"},{"@type":"ListItem","position":2,"name":"Veikals","item":"https:\/\/metaltale.com\/lv\/shop\/"},{"@type":"ListItem","position":3,"name":"Numur\u0113tas dr\u0113bes ar m\u0113beli STIL 1-5 komplekts"}]},{"@type":"WebSite","@id":"https:\/\/metaltale.com\/lv\/#website","url":"https:\/\/metaltale.com\/lv\/","name":"Metaltale.com","description":"","potentialAction":[{"@type":"SearchAction","target":{"@type":"EntryPoint","urlTemplate":"https:\/\/metaltale.com\/lv\/?s={search_term_string}"},"query-input":{"@type":"PropertyValueSpecification","valueRequired":true,"valueName":"search_term_string"}}],"inLanguage":"lv-LV"}]}},"_links":{"self":[{"href":"https:\/\/metaltale.com\/lv\/wp-json\/wp\/v2\/product\/137851","targetHints":{"allow":["GET"]}}],"collection":[{"href":"https:\/\/metaltale.com\/lv\/wp-json\/wp\/v2\/product"}],"about":[{"href":"https:\/\/metaltale.com\/lv\/wp-json\/wp\/v2\/types\/product"}],"replies":[{"embeddable":true,"href":"https:\/\/metaltale.com\/lv\/wp-json\/wp\/v2\/comments?post=137851"}],"version-history":[{"count":0,"href":"https:\/\/metaltale.com\/lv\/wp-json\/wp\/v2\/product\/137851\/revisions"}],"wp:featuredmedia":[{"embeddable":true,"href":"https:\/\/metaltale.com\/lv\/wp-json\/wp\/v2\/media\/87892"}],"wp:attachment":[{"href":"https:\/\/metaltale.com\/lv\/wp-json\/wp\/v2\/media?parent=137851"}],"wp:term":[{"taxonomy":"product_brand","embeddable":true,"href":"https:\/\/metaltale.com\/lv\/wp-json\/wp\/v2\/product_brand?post=137851"},{"taxonomy":"product_cat","embeddable":true,"href":"https:\/\/metaltale.com\/lv\/wp-json\/wp\/v2\/product_cat?post=137851"},{"taxonomy":"product_tag","embeddable":true,"href":"https:\/\/metaltale.com\/lv\/wp-json\/wp\/v2\/product_tag?post=137851"}],"curies":[{"name":"wp","href":"https:\/\/api.w.org\/{rel}","templated":true}]}}