{"id":137830,"date":"2024-02-13T14:25:06","date_gmt":"2024-02-13T12:25:06","guid":{"rendered":"https:\/\/metaltale.com\/produktas\/drebju-akis-wole-key\/"},"modified":"2024-02-13T14:25:06","modified_gmt":"2024-02-13T12:25:06","slug":"drebju-akis-wole-key","status":"publish","type":"product","link":"https:\/\/metaltale.com\/lv\/produkts\/drebju-akis-wole-key\/","title":{"rendered":"Dr\u0113bju \u0101\u0137is WOLE KEY"},"content":{"rendered":"<div class=\"prod_data\">\n<p><strong>Modelis<\/strong> 01.336G. AI.215<br \/>\n<strong>EAN.<\/strong>  5905369917646<br \/>\nMateri\u0101ls Ketus<br \/>\nKop\u0113jais augstums (cm ) 21,5<br \/>\n<strong>Kop\u0113j\u0101 projekcija (cm<\/strong> ) 11<br \/>\n<strong>Pamatnes izm\u0113ri (cm)<\/strong> 4 x 15<br \/>\n<strong>Sugu<\/strong> trijnieks<br \/>\nT\u0113rauda <strong>kr\u0101sa<\/strong> <\/p>\n<p>Bag\u0101t\u012bgi dekori un ziedu apdare ir viens no daudzajiem lauku stila faktoriem. \u0160aj\u0101 vid\u0113 izgatavotajiem <strong>m\u0113be\u013cu aksesu\u0101riem<\/strong>, neraugoties uz to nelielo izm\u0113ru, ir rakstur\u012bgas daudzas rakstur\u012bgas un unik\u0101las formas.<\/p>\n<p>\u0160eit redzamais <strong>piekares \u0101\u0137is<\/strong> noteikti ir virs vid\u0113j\u0101 l\u012bme\u0146a. Izgudrot\u0101 forma tika iek\u013cauta praktiskaj\u0101 \u012bsteno\u0161an\u0101. Iespaid\u012bgais un iztur\u012bgais \u0101\u0137is ir apr\u012bkots ar trim piekari\u0146iem, kas iev\u0113rojami palielina t\u0101 funkcion\u0101lo pielietojumu. Aug\u0161\u0113jais \u0101\u0137a r\u0101mis, kas savienots ar vid\u0113jo piekari\u0146u, tika pabeigts ar dekorat\u012bvu s\u0113ni, lai nodro\u0161in\u0101tu piek\u0101rto priek\u0161metu aizsardz\u012bbu.<\/p>\n<\/div>\n","protected":false},"excerpt":{"rendered":"<p>Modelis 01.336G. AI.215 EAN. 5905369917646 Materi\u0101ls Ketus Kop\u0113jais augstums (cm ) 21,5 Kop\u0113j\u0101 projekcija (cm ) 11 Pamatnes izm\u0113ri (cm)<\/p>\n","protected":false},"featured_media":87765,"comment_status":"open","ping_status":"closed","template":"","meta":{"_acf_changed":false,"pmpro_default_level":""},"product_brand":[],"product_cat":[23837,23862],"product_tag":[],"class_list":{"0":"post-137830","1":"product","2":"type-product","3":"status-publish","4":"has-post-thumbnail","6":"product_cat-mebeles-piederumi","7":"product_cat-pakabos-ir-kabliukai-lv","8":"pmpro-has-access","10":"first","11":"instock","12":"shipping-taxable","13":"purchasable","14":"product-type-simple"},"acf":[],"yoast_head":"<!-- This site is optimized with the Yoast SEO plugin v24.9 - https:\/\/yoast.com\/wordpress\/plugins\/seo\/ -->\n<title>Dr\u0113bju \u0101\u0137is WOLE KEY - MetalTale.com<\/title>\n<meta name=\"robots\" content=\"index, follow, max-snippet:-1, max-image-preview:large, max-video-preview:-1\" \/>\n<link rel=\"canonical\" href=\"https:\/\/metaltale.com\/lv\/produkts\/drebju-akis-wole-key\/\" \/>\n<meta property=\"og:locale\" content=\"lv_LV\" \/>\n<meta property=\"og:type\" content=\"article\" \/>\n<meta property=\"og:title\" content=\"Dr\u0113bju \u0101\u0137is WOLE KEY - MetalTale.com\" \/>\n<meta property=\"og:description\" content=\"Modelis 01.336G. AI.215 EAN. 5905369917646 Materi\u0101ls Ketus Kop\u0113jais augstums (cm ) 21,5 Kop\u0113j\u0101 projekcija (cm ) 11 Pamatnes izm\u0113ri (cm)\" \/>\n<meta property=\"og:url\" content=\"https:\/\/metaltale.com\/lv\/produkts\/drebju-akis-wole-key\/\" \/>\n<meta property=\"og:site_name\" content=\"MetalTale.com\" \/>\n<meta name=\"twitter:card\" content=\"summary_large_image\" \/>\n<meta name=\"twitter:label1\" content=\"Est. reading time\" \/>\n\t<meta name=\"twitter:data1\" content=\"1 minute\" \/>\n<script type=\"application\/ld+json\" class=\"yoast-schema-graph\">{\"@context\":\"https:\/\/schema.org\",\"@graph\":[{\"@type\":\"WebPage\",\"@id\":\"https:\/\/metaltale.com\/lv\/produkts\/drebju-akis-wole-key\/\",\"url\":\"https:\/\/metaltale.com\/lv\/produkts\/drebju-akis-wole-key\/\",\"name\":\"Dr\u0113bju \u0101\u0137is WOLE KEY - MetalTale.com\",\"isPartOf\":{\"@id\":\"https:\/\/metaltale.com\/lv\/#website\"},\"primaryImageOfPage\":{\"@id\":\"https:\/\/metaltale.com\/lv\/produkts\/drebju-akis-wole-key\/#primaryimage\"},\"image\":{\"@id\":\"https:\/\/metaltale.com\/lv\/produkts\/drebju-akis-wole-key\/#primaryimage\"},\"thumbnailUrl\":\"https:\/\/metaltale.com\/wp-content\/uploads\/2023\/10\/WIOLINOWY-teisx117s.jpg\",\"datePublished\":\"2024-02-13T12:25:06+00:00\",\"breadcrumb\":{\"@id\":\"https:\/\/metaltale.com\/lv\/produkts\/drebju-akis-wole-key\/#breadcrumb\"},\"inLanguage\":\"lv-LV\",\"potentialAction\":[{\"@type\":\"ReadAction\",\"target\":[\"https:\/\/metaltale.com\/lv\/produkts\/drebju-akis-wole-key\/\"]}]},{\"@type\":\"ImageObject\",\"inLanguage\":\"lv-LV\",\"@id\":\"https:\/\/metaltale.com\/lv\/produkts\/drebju-akis-wole-key\/#primaryimage\",\"url\":\"https:\/\/metaltale.com\/wp-content\/uploads\/2023\/10\/WIOLINOWY-teisx117s.jpg\",\"contentUrl\":\"https:\/\/metaltale.com\/wp-content\/uploads\/2023\/10\/WIOLINOWY-teisx117s.jpg\",\"width\":800,\"height\":800,\"caption\":\"Dr\u0113bju \u0101\u0137is WOLE KEY\"},{\"@type\":\"BreadcrumbList\",\"@id\":\"https:\/\/metaltale.com\/lv\/produkts\/drebju-akis-wole-key\/#breadcrumb\",\"itemListElement\":[{\"@type\":\"ListItem\",\"position\":1,\"name\":\"Home\",\"item\":\"https:\/\/metaltale.com\/lv\/majas\/\"},{\"@type\":\"ListItem\",\"position\":2,\"name\":\"Veikals\",\"item\":\"https:\/\/metaltale.com\/lv\/shop\/\"},{\"@type\":\"ListItem\",\"position\":3,\"name\":\"Dr\u0113bju \u0101\u0137is WOLE KEY\"}]},{\"@type\":\"WebSite\",\"@id\":\"https:\/\/metaltale.com\/lv\/#website\",\"url\":\"https:\/\/metaltale.com\/lv\/\",\"name\":\"Metaltale.com\",\"description\":\"\",\"potentialAction\":[{\"@type\":\"SearchAction\",\"target\":{\"@type\":\"EntryPoint\",\"urlTemplate\":\"https:\/\/metaltale.com\/lv\/?s={search_term_string}\"},\"query-input\":{\"@type\":\"PropertyValueSpecification\",\"valueRequired\":true,\"valueName\":\"search_term_string\"}}],\"inLanguage\":\"lv-LV\"}]}<\/script>\n<!-- \/ Yoast SEO plugin. -->","yoast_head_json":{"title":"Dr\u0113bju \u0101\u0137is WOLE KEY - MetalTale.com","robots":{"index":"index","follow":"follow","max-snippet":"max-snippet:-1","max-image-preview":"max-image-preview:large","max-video-preview":"max-video-preview:-1"},"canonical":"https:\/\/metaltale.com\/lv\/produkts\/drebju-akis-wole-key\/","og_locale":"lv_LV","og_type":"article","og_title":"Dr\u0113bju \u0101\u0137is WOLE KEY - MetalTale.com","og_description":"Modelis 01.336G. AI.215 EAN. 5905369917646 Materi\u0101ls Ketus Kop\u0113jais augstums (cm ) 21,5 Kop\u0113j\u0101 projekcija (cm ) 11 Pamatnes izm\u0113ri (cm)","og_url":"https:\/\/metaltale.com\/lv\/produkts\/drebju-akis-wole-key\/","og_site_name":"MetalTale.com","twitter_card":"summary_large_image","twitter_misc":{"Est. reading time":"1 minute"},"schema":{"@context":"https:\/\/schema.org","@graph":[{"@type":"WebPage","@id":"https:\/\/metaltale.com\/lv\/produkts\/drebju-akis-wole-key\/","url":"https:\/\/metaltale.com\/lv\/produkts\/drebju-akis-wole-key\/","name":"Dr\u0113bju \u0101\u0137is WOLE KEY - MetalTale.com","isPartOf":{"@id":"https:\/\/metaltale.com\/lv\/#website"},"primaryImageOfPage":{"@id":"https:\/\/metaltale.com\/lv\/produkts\/drebju-akis-wole-key\/#primaryimage"},"image":{"@id":"https:\/\/metaltale.com\/lv\/produkts\/drebju-akis-wole-key\/#primaryimage"},"thumbnailUrl":"https:\/\/metaltale.com\/wp-content\/uploads\/2023\/10\/WIOLINOWY-teisx117s.jpg","datePublished":"2024-02-13T12:25:06+00:00","breadcrumb":{"@id":"https:\/\/metaltale.com\/lv\/produkts\/drebju-akis-wole-key\/#breadcrumb"},"inLanguage":"lv-LV","potentialAction":[{"@type":"ReadAction","target":["https:\/\/metaltale.com\/lv\/produkts\/drebju-akis-wole-key\/"]}]},{"@type":"ImageObject","inLanguage":"lv-LV","@id":"https:\/\/metaltale.com\/lv\/produkts\/drebju-akis-wole-key\/#primaryimage","url":"https:\/\/metaltale.com\/wp-content\/uploads\/2023\/10\/WIOLINOWY-teisx117s.jpg","contentUrl":"https:\/\/metaltale.com\/wp-content\/uploads\/2023\/10\/WIOLINOWY-teisx117s.jpg","width":800,"height":800,"caption":"Dr\u0113bju \u0101\u0137is WOLE KEY"},{"@type":"BreadcrumbList","@id":"https:\/\/metaltale.com\/lv\/produkts\/drebju-akis-wole-key\/#breadcrumb","itemListElement":[{"@type":"ListItem","position":1,"name":"Home","item":"https:\/\/metaltale.com\/lv\/majas\/"},{"@type":"ListItem","position":2,"name":"Veikals","item":"https:\/\/metaltale.com\/lv\/shop\/"},{"@type":"ListItem","position":3,"name":"Dr\u0113bju \u0101\u0137is WOLE KEY"}]},{"@type":"WebSite","@id":"https:\/\/metaltale.com\/lv\/#website","url":"https:\/\/metaltale.com\/lv\/","name":"Metaltale.com","description":"","potentialAction":[{"@type":"SearchAction","target":{"@type":"EntryPoint","urlTemplate":"https:\/\/metaltale.com\/lv\/?s={search_term_string}"},"query-input":{"@type":"PropertyValueSpecification","valueRequired":true,"valueName":"search_term_string"}}],"inLanguage":"lv-LV"}]}},"_links":{"self":[{"href":"https:\/\/metaltale.com\/lv\/wp-json\/wp\/v2\/product\/137830","targetHints":{"allow":["GET"]}}],"collection":[{"href":"https:\/\/metaltale.com\/lv\/wp-json\/wp\/v2\/product"}],"about":[{"href":"https:\/\/metaltale.com\/lv\/wp-json\/wp\/v2\/types\/product"}],"replies":[{"embeddable":true,"href":"https:\/\/metaltale.com\/lv\/wp-json\/wp\/v2\/comments?post=137830"}],"version-history":[{"count":0,"href":"https:\/\/metaltale.com\/lv\/wp-json\/wp\/v2\/product\/137830\/revisions"}],"wp:featuredmedia":[{"embeddable":true,"href":"https:\/\/metaltale.com\/lv\/wp-json\/wp\/v2\/media\/87765"}],"wp:attachment":[{"href":"https:\/\/metaltale.com\/lv\/wp-json\/wp\/v2\/media?parent=137830"}],"wp:term":[{"taxonomy":"product_brand","embeddable":true,"href":"https:\/\/metaltale.com\/lv\/wp-json\/wp\/v2\/product_brand?post=137830"},{"taxonomy":"product_cat","embeddable":true,"href":"https:\/\/metaltale.com\/lv\/wp-json\/wp\/v2\/product_cat?post=137830"},{"taxonomy":"product_tag","embeddable":true,"href":"https:\/\/metaltale.com\/lv\/wp-json\/wp\/v2\/product_tag?post=137830"}],"curies":[{"name":"wp","href":"https:\/\/api.w.org\/{rel}","templated":true}]}}