{"id":137821,"date":"2024-02-13T14:27:05","date_gmt":"2024-02-13T12:27:05","guid":{"rendered":"https:\/\/metaltale.com\/produktas\/mebelu-sturis-rusty-50-mm-sarusejis\/"},"modified":"2024-02-13T14:27:05","modified_gmt":"2024-02-13T12:27:05","slug":"mebelu-sturis-rusty-50-mm-sarusejis","status":"publish","type":"product","link":"https:\/\/metaltale.com\/lv\/produkts\/mebelu-sturis-rusty-50-mm-sarusejis\/","title":{"rendered":"M\u0113be\u013cu st\u016bris RUSTY 50 mm sar\u016bs\u0113jis"},"content":{"rendered":"<div class=\"prod_data\">\n<p>49.075B <strong>modelis<\/strong>. RU.50<br \/>\n<strong>EAN.<\/strong>  5905369919244<br \/>\n<strong>Materi\u0101ls<\/strong> T\u0113rauds<br \/>\n<strong>Kop\u0113jais augstums (cm<\/strong> ) 5<br \/>\n<strong>Kop\u0113jais platums (cm<\/strong> ) 5<br \/>\n<strong>Pamatnes izm\u0113ri (cm)<\/strong> 5 x 5<br \/>\n<strong>Lab\u0101s puses platums (cm<\/strong> ) 5<br \/>\n<strong>Kreis\u0101s puses platums (cm<\/strong> ) 5<br \/>\nR\u016bsva <strong>kr\u0101sa<\/strong> <\/p>\n<p>Patie\u0161\u0101m veciem un atmosf\u0113riskiem priek\u0161metiem m\u016bsu telp\u0101s ir nepiecie\u0161ama atbilsto\u0161a vide. Lai apmierin\u0101tu klientu v\u0113lmes, esam papildin\u0101ju\u0161i savu tie\u0161saistes veikalu ar <strong>retro stila aksesu\u0101riem<\/strong>, kurus apzin\u0101ti ietekm\u0113jis noveco\u0161anas process.<\/p>\n<p><strong>St\u016bra<\/strong> d\u012bv\u0101ns ir ide\u0101ls risin\u0101jums, lai uzsv\u0113rtu lauku stilu interjeros, kuros svar\u012bgs ir m\u0113be\u013cu un aksesu\u0101ru gal\u012bgais efekts. Neraugoties uz veco izskatu, st\u016bris ir izgatavots no augstas kvalit\u0101tes \u010duguna sakaus\u0113juma, kas garant\u0113 piln\u012bgu funkcionalit\u0101ti.<\/p>\n<p>Laipni l\u016bgti m\u016bsu lauku rokturu veikala galvenaj\u0101 lap\u0101, kur varat iepaz\u012bties ar m\u016bsu m\u0113be\u013cu piederumu, m\u0113be\u013cu rokturu un m\u0113be\u013cu furnit\u016bras pied\u0101v\u0101jumu.<\/p>\n<\/div>\n","protected":false},"excerpt":{"rendered":"<p>49.075B modelis. RU.50 EAN. 5905369919244 Materi\u0101ls T\u0113rauds Kop\u0113jais augstums (cm ) 5 Kop\u0113jais platums (cm ) 5 Pamatnes izm\u0113ri (cm)<\/p>\n","protected":false},"featured_media":101632,"comment_status":"open","ping_status":"closed","template":"","meta":{"_acf_changed":false,"pmpro_default_level":""},"product_brand":[],"product_cat":[23837,23886],"product_tag":[],"class_list":{"0":"post-137821","1":"product","2":"type-product","3":"status-publish","4":"has-post-thumbnail","6":"product_cat-mebeles-piederumi","7":"product_cat-statybines-ir-baldu-jungtys-lv","8":"pmpro-has-access","10":"first","11":"instock","12":"shipping-taxable","13":"purchasable","14":"product-type-simple"},"acf":[],"yoast_head":"<!-- This site is optimized with the Yoast SEO plugin v24.9 - https:\/\/yoast.com\/wordpress\/plugins\/seo\/ -->\n<title>M\u0113be\u013cu st\u016bris RUSTY 50 mm sar\u016bs\u0113jis - MetalTale.com<\/title>\n<meta name=\"robots\" content=\"index, follow, max-snippet:-1, max-image-preview:large, max-video-preview:-1\" \/>\n<link rel=\"canonical\" href=\"https:\/\/metaltale.com\/lv\/produkts\/mebelu-sturis-rusty-50-mm-sarusejis\/\" \/>\n<meta property=\"og:locale\" content=\"lv_LV\" \/>\n<meta property=\"og:type\" content=\"article\" \/>\n<meta property=\"og:title\" content=\"M\u0113be\u013cu st\u016bris RUSTY 50 mm sar\u016bs\u0113jis - MetalTale.com\" \/>\n<meta property=\"og:description\" content=\"49.075B modelis. RU.50 EAN. 5905369919244 Materi\u0101ls T\u0113rauds Kop\u0113jais augstums (cm ) 5 Kop\u0113jais platums (cm ) 5 Pamatnes izm\u0113ri (cm)\" \/>\n<meta property=\"og:url\" content=\"https:\/\/metaltale.com\/lv\/produkts\/mebelu-sturis-rusty-50-mm-sarusejis\/\" \/>\n<meta property=\"og:site_name\" content=\"MetalTale.com\" \/>\n<meta name=\"twitter:card\" content=\"summary_large_image\" \/>\n<meta name=\"twitter:label1\" content=\"Est. reading time\" \/>\n\t<meta name=\"twitter:data1\" content=\"1 minute\" \/>\n<script type=\"application\/ld+json\" class=\"yoast-schema-graph\">{\"@context\":\"https:\/\/schema.org\",\"@graph\":[{\"@type\":\"WebPage\",\"@id\":\"https:\/\/metaltale.com\/lv\/produkts\/mebelu-sturis-rusty-50-mm-sarusejis\/\",\"url\":\"https:\/\/metaltale.com\/lv\/produkts\/mebelu-sturis-rusty-50-mm-sarusejis\/\",\"name\":\"M\u0113be\u013cu st\u016bris RUSTY 50 mm sar\u016bs\u0113jis - MetalTale.com\",\"isPartOf\":{\"@id\":\"https:\/\/metaltale.com\/lv\/#website\"},\"primaryImageOfPage\":{\"@id\":\"https:\/\/metaltale.com\/lv\/produkts\/mebelu-sturis-rusty-50-mm-sarusejis\/#primaryimage\"},\"image\":{\"@id\":\"https:\/\/metaltale.com\/lv\/produkts\/mebelu-sturis-rusty-50-mm-sarusejis\/#primaryimage\"},\"thumbnailUrl\":\"https:\/\/metaltale.com\/wp-content\/uploads\/2023\/11\/Baldx173-kampas-ROD-50.jpg\",\"datePublished\":\"2024-02-13T12:27:05+00:00\",\"breadcrumb\":{\"@id\":\"https:\/\/metaltale.com\/lv\/produkts\/mebelu-sturis-rusty-50-mm-sarusejis\/#breadcrumb\"},\"inLanguage\":\"lv-LV\",\"potentialAction\":[{\"@type\":\"ReadAction\",\"target\":[\"https:\/\/metaltale.com\/lv\/produkts\/mebelu-sturis-rusty-50-mm-sarusejis\/\"]}]},{\"@type\":\"ImageObject\",\"inLanguage\":\"lv-LV\",\"@id\":\"https:\/\/metaltale.com\/lv\/produkts\/mebelu-sturis-rusty-50-mm-sarusejis\/#primaryimage\",\"url\":\"https:\/\/metaltale.com\/wp-content\/uploads\/2023\/11\/Baldx173-kampas-ROD-50.jpg\",\"contentUrl\":\"https:\/\/metaltale.com\/wp-content\/uploads\/2023\/11\/Baldx173-kampas-ROD-50.jpg\",\"width\":800,\"height\":800,\"caption\":\"M\u0113be\u013cu st\u016bris RUSTY 50 mm sar\u016bs\u0113jis\"},{\"@type\":\"BreadcrumbList\",\"@id\":\"https:\/\/metaltale.com\/lv\/produkts\/mebelu-sturis-rusty-50-mm-sarusejis\/#breadcrumb\",\"itemListElement\":[{\"@type\":\"ListItem\",\"position\":1,\"name\":\"Home\",\"item\":\"https:\/\/metaltale.com\/lv\/majas\/\"},{\"@type\":\"ListItem\",\"position\":2,\"name\":\"Veikals\",\"item\":\"https:\/\/metaltale.com\/lv\/shop\/\"},{\"@type\":\"ListItem\",\"position\":3,\"name\":\"M\u0113be\u013cu st\u016bris RUSTY 50 mm sar\u016bs\u0113jis\"}]},{\"@type\":\"WebSite\",\"@id\":\"https:\/\/metaltale.com\/lv\/#website\",\"url\":\"https:\/\/metaltale.com\/lv\/\",\"name\":\"Metaltale.com\",\"description\":\"\",\"potentialAction\":[{\"@type\":\"SearchAction\",\"target\":{\"@type\":\"EntryPoint\",\"urlTemplate\":\"https:\/\/metaltale.com\/lv\/?s={search_term_string}\"},\"query-input\":{\"@type\":\"PropertyValueSpecification\",\"valueRequired\":true,\"valueName\":\"search_term_string\"}}],\"inLanguage\":\"lv-LV\"}]}<\/script>\n<!-- \/ Yoast SEO plugin. -->","yoast_head_json":{"title":"M\u0113be\u013cu st\u016bris RUSTY 50 mm sar\u016bs\u0113jis - MetalTale.com","robots":{"index":"index","follow":"follow","max-snippet":"max-snippet:-1","max-image-preview":"max-image-preview:large","max-video-preview":"max-video-preview:-1"},"canonical":"https:\/\/metaltale.com\/lv\/produkts\/mebelu-sturis-rusty-50-mm-sarusejis\/","og_locale":"lv_LV","og_type":"article","og_title":"M\u0113be\u013cu st\u016bris RUSTY 50 mm sar\u016bs\u0113jis - MetalTale.com","og_description":"49.075B modelis. RU.50 EAN. 5905369919244 Materi\u0101ls T\u0113rauds Kop\u0113jais augstums (cm ) 5 Kop\u0113jais platums (cm ) 5 Pamatnes izm\u0113ri (cm)","og_url":"https:\/\/metaltale.com\/lv\/produkts\/mebelu-sturis-rusty-50-mm-sarusejis\/","og_site_name":"MetalTale.com","twitter_card":"summary_large_image","twitter_misc":{"Est. reading time":"1 minute"},"schema":{"@context":"https:\/\/schema.org","@graph":[{"@type":"WebPage","@id":"https:\/\/metaltale.com\/lv\/produkts\/mebelu-sturis-rusty-50-mm-sarusejis\/","url":"https:\/\/metaltale.com\/lv\/produkts\/mebelu-sturis-rusty-50-mm-sarusejis\/","name":"M\u0113be\u013cu st\u016bris RUSTY 50 mm sar\u016bs\u0113jis - MetalTale.com","isPartOf":{"@id":"https:\/\/metaltale.com\/lv\/#website"},"primaryImageOfPage":{"@id":"https:\/\/metaltale.com\/lv\/produkts\/mebelu-sturis-rusty-50-mm-sarusejis\/#primaryimage"},"image":{"@id":"https:\/\/metaltale.com\/lv\/produkts\/mebelu-sturis-rusty-50-mm-sarusejis\/#primaryimage"},"thumbnailUrl":"https:\/\/metaltale.com\/wp-content\/uploads\/2023\/11\/Baldx173-kampas-ROD-50.jpg","datePublished":"2024-02-13T12:27:05+00:00","breadcrumb":{"@id":"https:\/\/metaltale.com\/lv\/produkts\/mebelu-sturis-rusty-50-mm-sarusejis\/#breadcrumb"},"inLanguage":"lv-LV","potentialAction":[{"@type":"ReadAction","target":["https:\/\/metaltale.com\/lv\/produkts\/mebelu-sturis-rusty-50-mm-sarusejis\/"]}]},{"@type":"ImageObject","inLanguage":"lv-LV","@id":"https:\/\/metaltale.com\/lv\/produkts\/mebelu-sturis-rusty-50-mm-sarusejis\/#primaryimage","url":"https:\/\/metaltale.com\/wp-content\/uploads\/2023\/11\/Baldx173-kampas-ROD-50.jpg","contentUrl":"https:\/\/metaltale.com\/wp-content\/uploads\/2023\/11\/Baldx173-kampas-ROD-50.jpg","width":800,"height":800,"caption":"M\u0113be\u013cu st\u016bris RUSTY 50 mm sar\u016bs\u0113jis"},{"@type":"BreadcrumbList","@id":"https:\/\/metaltale.com\/lv\/produkts\/mebelu-sturis-rusty-50-mm-sarusejis\/#breadcrumb","itemListElement":[{"@type":"ListItem","position":1,"name":"Home","item":"https:\/\/metaltale.com\/lv\/majas\/"},{"@type":"ListItem","position":2,"name":"Veikals","item":"https:\/\/metaltale.com\/lv\/shop\/"},{"@type":"ListItem","position":3,"name":"M\u0113be\u013cu st\u016bris RUSTY 50 mm sar\u016bs\u0113jis"}]},{"@type":"WebSite","@id":"https:\/\/metaltale.com\/lv\/#website","url":"https:\/\/metaltale.com\/lv\/","name":"Metaltale.com","description":"","potentialAction":[{"@type":"SearchAction","target":{"@type":"EntryPoint","urlTemplate":"https:\/\/metaltale.com\/lv\/?s={search_term_string}"},"query-input":{"@type":"PropertyValueSpecification","valueRequired":true,"valueName":"search_term_string"}}],"inLanguage":"lv-LV"}]}},"_links":{"self":[{"href":"https:\/\/metaltale.com\/lv\/wp-json\/wp\/v2\/product\/137821","targetHints":{"allow":["GET"]}}],"collection":[{"href":"https:\/\/metaltale.com\/lv\/wp-json\/wp\/v2\/product"}],"about":[{"href":"https:\/\/metaltale.com\/lv\/wp-json\/wp\/v2\/types\/product"}],"replies":[{"embeddable":true,"href":"https:\/\/metaltale.com\/lv\/wp-json\/wp\/v2\/comments?post=137821"}],"version-history":[{"count":0,"href":"https:\/\/metaltale.com\/lv\/wp-json\/wp\/v2\/product\/137821\/revisions"}],"wp:featuredmedia":[{"embeddable":true,"href":"https:\/\/metaltale.com\/lv\/wp-json\/wp\/v2\/media\/101632"}],"wp:attachment":[{"href":"https:\/\/metaltale.com\/lv\/wp-json\/wp\/v2\/media?parent=137821"}],"wp:term":[{"taxonomy":"product_brand","embeddable":true,"href":"https:\/\/metaltale.com\/lv\/wp-json\/wp\/v2\/product_brand?post=137821"},{"taxonomy":"product_cat","embeddable":true,"href":"https:\/\/metaltale.com\/lv\/wp-json\/wp\/v2\/product_cat?post=137821"},{"taxonomy":"product_tag","embeddable":true,"href":"https:\/\/metaltale.com\/lv\/wp-json\/wp\/v2\/product_tag?post=137821"}],"curies":[{"name":"wp","href":"https:\/\/api.w.org\/{rel}","templated":true}]}}