{"id":137815,"date":"2024-02-13T14:27:05","date_gmt":"2024-02-13T12:27:05","guid":{"rendered":"https:\/\/metaltale.com\/produktas\/mebelu-stura-sturis-corner-50-mm-sarusejis\/"},"modified":"2024-02-13T14:27:05","modified_gmt":"2024-02-13T12:27:05","slug":"mebelu-stura-sturis-corner-50-mm-sarusejis","status":"publish","type":"product","link":"https:\/\/metaltale.com\/lv\/produkts\/mebelu-stura-sturis-corner-50-mm-sarusejis\/","title":{"rendered":"M\u0113be\u013cu st\u016bra st\u016bris CORNER 50 mm sar\u016bs\u0113jis"},"content":{"rendered":"<div class=\"prod_data\">\n<p><strong>Modelis<\/strong> 49.075.RU.50<br \/>\n<strong>EAN.<\/strong>  5905369919169<br \/>\nMateri\u0101ls Ketus<br \/>\n<strong>Kop\u0113jais augstums (cm<\/strong> ) 5<br \/>\n<strong>Kop\u0113jais platums (cm<\/strong> ) 5<br \/>\n<strong>Pamatnes izm\u0113ri (cm)<\/strong> 1,3 (platums)<br \/>\nR\u016bsva <strong>kr\u0101sa<\/strong> <\/p>\n<p>Lauku interjer\u0101 ir lieliskas iesp\u0113jas br\u012bvi kombin\u0113t da\u017e\u0101dus materi\u0101lus. \u0160\u012b interjera izteiksmes stila pieaugo\u0161\u0101 popularit\u0101te un pieaugo\u0161\u0101s dizaineru amb\u012bcijas prasa arvien izsmalcin\u0101t\u0101kas formas un materi\u0101lus telpu organiz\u0113\u0161anai.<\/p>\n<p>Par\u0101d\u012btais <strong>m\u0113be\u013cu st\u016bris<\/strong> bija izgatavots no augstas kvalit\u0101tes t\u0113rauda. \u012apa\u0161i sagatavoti stiprin\u0101juma caurumi un labi izv\u0113l\u0113tas stiprin\u0101juma skr\u016bves nodro\u0161ina \u0101tru un vieglu mont\u0101\u017eu, \u013caujot st\u016bri stabili nostiprin\u0101t, \u012bpa\u0161i uz koka kast\u0113m un knikeriem.<\/p>\n<\/div>\n","protected":false},"excerpt":{"rendered":"<p>Modelis 49.075.RU.50 EAN. 5905369919169 Materi\u0101ls Ketus Kop\u0113jais augstums (cm ) 5 Kop\u0113jais platums (cm ) 5 Pamatnes izm\u0113ri (cm) 1,3<\/p>\n","protected":false},"featured_media":101617,"comment_status":"open","ping_status":"closed","template":"","meta":{"_acf_changed":false,"pmpro_default_level":""},"product_brand":[],"product_cat":[23837,23886],"product_tag":[],"class_list":{"0":"post-137815","1":"product","2":"type-product","3":"status-publish","4":"has-post-thumbnail","6":"product_cat-mebeles-piederumi","7":"product_cat-statybines-ir-baldu-jungtys-lv","8":"pmpro-has-access","10":"first","11":"instock","12":"shipping-taxable","13":"purchasable","14":"product-type-simple"},"acf":[],"yoast_head":"<!-- This site is optimized with the Yoast SEO plugin v24.9 - https:\/\/yoast.com\/wordpress\/plugins\/seo\/ -->\n<title>M\u0113be\u013cu st\u016bra st\u016bris CORNER 50 mm sar\u016bs\u0113jis - MetalTale.com<\/title>\n<meta name=\"robots\" content=\"index, follow, max-snippet:-1, max-image-preview:large, max-video-preview:-1\" \/>\n<link rel=\"canonical\" href=\"https:\/\/metaltale.com\/lv\/produkts\/mebelu-stura-sturis-corner-50-mm-sarusejis\/\" \/>\n<meta property=\"og:locale\" content=\"lv_LV\" \/>\n<meta property=\"og:type\" content=\"article\" \/>\n<meta property=\"og:title\" content=\"M\u0113be\u013cu st\u016bra st\u016bris CORNER 50 mm sar\u016bs\u0113jis - MetalTale.com\" \/>\n<meta property=\"og:description\" content=\"Modelis 49.075.RU.50 EAN. 5905369919169 Materi\u0101ls Ketus Kop\u0113jais augstums (cm ) 5 Kop\u0113jais platums (cm ) 5 Pamatnes izm\u0113ri (cm) 1,3\" \/>\n<meta property=\"og:url\" content=\"https:\/\/metaltale.com\/lv\/produkts\/mebelu-stura-sturis-corner-50-mm-sarusejis\/\" \/>\n<meta property=\"og:site_name\" content=\"MetalTale.com\" \/>\n<meta name=\"twitter:card\" content=\"summary_large_image\" \/>\n<meta name=\"twitter:label1\" content=\"Est. reading time\" \/>\n\t<meta name=\"twitter:data1\" content=\"1 minute\" \/>\n<script type=\"application\/ld+json\" class=\"yoast-schema-graph\">{\"@context\":\"https:\/\/schema.org\",\"@graph\":[{\"@type\":\"WebPage\",\"@id\":\"https:\/\/metaltale.com\/lv\/produkts\/mebelu-stura-sturis-corner-50-mm-sarusejis\/\",\"url\":\"https:\/\/metaltale.com\/lv\/produkts\/mebelu-stura-sturis-corner-50-mm-sarusejis\/\",\"name\":\"M\u0113be\u013cu st\u016bra st\u016bris CORNER 50 mm sar\u016bs\u0113jis - MetalTale.com\",\"isPartOf\":{\"@id\":\"https:\/\/metaltale.com\/lv\/#website\"},\"primaryImageOfPage\":{\"@id\":\"https:\/\/metaltale.com\/lv\/produkts\/mebelu-stura-sturis-corner-50-mm-sarusejis\/#primaryimage\"},\"image\":{\"@id\":\"https:\/\/metaltale.com\/lv\/produkts\/mebelu-stura-sturis-corner-50-mm-sarusejis\/#primaryimage\"},\"thumbnailUrl\":\"https:\/\/metaltale.com\/wp-content\/uploads\/2023\/11\/Baldx173-kampas-CORNER-50-surx16Bdijx119s.jpg\",\"datePublished\":\"2024-02-13T12:27:05+00:00\",\"breadcrumb\":{\"@id\":\"https:\/\/metaltale.com\/lv\/produkts\/mebelu-stura-sturis-corner-50-mm-sarusejis\/#breadcrumb\"},\"inLanguage\":\"lv-LV\",\"potentialAction\":[{\"@type\":\"ReadAction\",\"target\":[\"https:\/\/metaltale.com\/lv\/produkts\/mebelu-stura-sturis-corner-50-mm-sarusejis\/\"]}]},{\"@type\":\"ImageObject\",\"inLanguage\":\"lv-LV\",\"@id\":\"https:\/\/metaltale.com\/lv\/produkts\/mebelu-stura-sturis-corner-50-mm-sarusejis\/#primaryimage\",\"url\":\"https:\/\/metaltale.com\/wp-content\/uploads\/2023\/11\/Baldx173-kampas-CORNER-50-surx16Bdijx119s.jpg\",\"contentUrl\":\"https:\/\/metaltale.com\/wp-content\/uploads\/2023\/11\/Baldx173-kampas-CORNER-50-surx16Bdijx119s.jpg\",\"width\":800,\"height\":800,\"caption\":\"M\u0113be\u013cu st\u016bra st\u016bris CORNER 50 mm sar\u016bs\u0113jis\"},{\"@type\":\"BreadcrumbList\",\"@id\":\"https:\/\/metaltale.com\/lv\/produkts\/mebelu-stura-sturis-corner-50-mm-sarusejis\/#breadcrumb\",\"itemListElement\":[{\"@type\":\"ListItem\",\"position\":1,\"name\":\"Home\",\"item\":\"https:\/\/metaltale.com\/lv\/majas\/\"},{\"@type\":\"ListItem\",\"position\":2,\"name\":\"Veikals\",\"item\":\"https:\/\/metaltale.com\/lv\/shop\/\"},{\"@type\":\"ListItem\",\"position\":3,\"name\":\"M\u0113be\u013cu st\u016bra st\u016bris CORNER 50 mm sar\u016bs\u0113jis\"}]},{\"@type\":\"WebSite\",\"@id\":\"https:\/\/metaltale.com\/lv\/#website\",\"url\":\"https:\/\/metaltale.com\/lv\/\",\"name\":\"Metaltale.com\",\"description\":\"\",\"potentialAction\":[{\"@type\":\"SearchAction\",\"target\":{\"@type\":\"EntryPoint\",\"urlTemplate\":\"https:\/\/metaltale.com\/lv\/?s={search_term_string}\"},\"query-input\":{\"@type\":\"PropertyValueSpecification\",\"valueRequired\":true,\"valueName\":\"search_term_string\"}}],\"inLanguage\":\"lv-LV\"}]}<\/script>\n<!-- \/ Yoast SEO plugin. -->","yoast_head_json":{"title":"M\u0113be\u013cu st\u016bra st\u016bris CORNER 50 mm sar\u016bs\u0113jis - MetalTale.com","robots":{"index":"index","follow":"follow","max-snippet":"max-snippet:-1","max-image-preview":"max-image-preview:large","max-video-preview":"max-video-preview:-1"},"canonical":"https:\/\/metaltale.com\/lv\/produkts\/mebelu-stura-sturis-corner-50-mm-sarusejis\/","og_locale":"lv_LV","og_type":"article","og_title":"M\u0113be\u013cu st\u016bra st\u016bris CORNER 50 mm sar\u016bs\u0113jis - MetalTale.com","og_description":"Modelis 49.075.RU.50 EAN. 5905369919169 Materi\u0101ls Ketus Kop\u0113jais augstums (cm ) 5 Kop\u0113jais platums (cm ) 5 Pamatnes izm\u0113ri (cm) 1,3","og_url":"https:\/\/metaltale.com\/lv\/produkts\/mebelu-stura-sturis-corner-50-mm-sarusejis\/","og_site_name":"MetalTale.com","twitter_card":"summary_large_image","twitter_misc":{"Est. reading time":"1 minute"},"schema":{"@context":"https:\/\/schema.org","@graph":[{"@type":"WebPage","@id":"https:\/\/metaltale.com\/lv\/produkts\/mebelu-stura-sturis-corner-50-mm-sarusejis\/","url":"https:\/\/metaltale.com\/lv\/produkts\/mebelu-stura-sturis-corner-50-mm-sarusejis\/","name":"M\u0113be\u013cu st\u016bra st\u016bris CORNER 50 mm sar\u016bs\u0113jis - MetalTale.com","isPartOf":{"@id":"https:\/\/metaltale.com\/lv\/#website"},"primaryImageOfPage":{"@id":"https:\/\/metaltale.com\/lv\/produkts\/mebelu-stura-sturis-corner-50-mm-sarusejis\/#primaryimage"},"image":{"@id":"https:\/\/metaltale.com\/lv\/produkts\/mebelu-stura-sturis-corner-50-mm-sarusejis\/#primaryimage"},"thumbnailUrl":"https:\/\/metaltale.com\/wp-content\/uploads\/2023\/11\/Baldx173-kampas-CORNER-50-surx16Bdijx119s.jpg","datePublished":"2024-02-13T12:27:05+00:00","breadcrumb":{"@id":"https:\/\/metaltale.com\/lv\/produkts\/mebelu-stura-sturis-corner-50-mm-sarusejis\/#breadcrumb"},"inLanguage":"lv-LV","potentialAction":[{"@type":"ReadAction","target":["https:\/\/metaltale.com\/lv\/produkts\/mebelu-stura-sturis-corner-50-mm-sarusejis\/"]}]},{"@type":"ImageObject","inLanguage":"lv-LV","@id":"https:\/\/metaltale.com\/lv\/produkts\/mebelu-stura-sturis-corner-50-mm-sarusejis\/#primaryimage","url":"https:\/\/metaltale.com\/wp-content\/uploads\/2023\/11\/Baldx173-kampas-CORNER-50-surx16Bdijx119s.jpg","contentUrl":"https:\/\/metaltale.com\/wp-content\/uploads\/2023\/11\/Baldx173-kampas-CORNER-50-surx16Bdijx119s.jpg","width":800,"height":800,"caption":"M\u0113be\u013cu st\u016bra st\u016bris CORNER 50 mm sar\u016bs\u0113jis"},{"@type":"BreadcrumbList","@id":"https:\/\/metaltale.com\/lv\/produkts\/mebelu-stura-sturis-corner-50-mm-sarusejis\/#breadcrumb","itemListElement":[{"@type":"ListItem","position":1,"name":"Home","item":"https:\/\/metaltale.com\/lv\/majas\/"},{"@type":"ListItem","position":2,"name":"Veikals","item":"https:\/\/metaltale.com\/lv\/shop\/"},{"@type":"ListItem","position":3,"name":"M\u0113be\u013cu st\u016bra st\u016bris CORNER 50 mm sar\u016bs\u0113jis"}]},{"@type":"WebSite","@id":"https:\/\/metaltale.com\/lv\/#website","url":"https:\/\/metaltale.com\/lv\/","name":"Metaltale.com","description":"","potentialAction":[{"@type":"SearchAction","target":{"@type":"EntryPoint","urlTemplate":"https:\/\/metaltale.com\/lv\/?s={search_term_string}"},"query-input":{"@type":"PropertyValueSpecification","valueRequired":true,"valueName":"search_term_string"}}],"inLanguage":"lv-LV"}]}},"_links":{"self":[{"href":"https:\/\/metaltale.com\/lv\/wp-json\/wp\/v2\/product\/137815","targetHints":{"allow":["GET"]}}],"collection":[{"href":"https:\/\/metaltale.com\/lv\/wp-json\/wp\/v2\/product"}],"about":[{"href":"https:\/\/metaltale.com\/lv\/wp-json\/wp\/v2\/types\/product"}],"replies":[{"embeddable":true,"href":"https:\/\/metaltale.com\/lv\/wp-json\/wp\/v2\/comments?post=137815"}],"version-history":[{"count":0,"href":"https:\/\/metaltale.com\/lv\/wp-json\/wp\/v2\/product\/137815\/revisions"}],"wp:featuredmedia":[{"embeddable":true,"href":"https:\/\/metaltale.com\/lv\/wp-json\/wp\/v2\/media\/101617"}],"wp:attachment":[{"href":"https:\/\/metaltale.com\/lv\/wp-json\/wp\/v2\/media?parent=137815"}],"wp:term":[{"taxonomy":"product_brand","embeddable":true,"href":"https:\/\/metaltale.com\/lv\/wp-json\/wp\/v2\/product_brand?post=137815"},{"taxonomy":"product_cat","embeddable":true,"href":"https:\/\/metaltale.com\/lv\/wp-json\/wp\/v2\/product_cat?post=137815"},{"taxonomy":"product_tag","embeddable":true,"href":"https:\/\/metaltale.com\/lv\/wp-json\/wp\/v2\/product_tag?post=137815"}],"curies":[{"name":"wp","href":"https:\/\/api.w.org\/{rel}","templated":true}]}}