{"id":137812,"date":"2024-02-13T14:27:05","date_gmt":"2024-02-13T12:27:05","guid":{"rendered":"https:\/\/metaltale.com\/produktas\/mebelu-rokturis-ar-azuru-pamatni-glas\/"},"modified":"2025-02-09T16:37:40","modified_gmt":"2025-02-09T14:37:40","slug":"mebelu-rokturis-ar-azuru-pamatni-glas","status":"publish","type":"product","link":"https:\/\/metaltale.com\/lv\/produkts\/mebelu-rokturis-ar-azuru-pamatni-glas\/","title":{"rendered":"M\u0113be\u013cu rokturis ar a\u017e\u016bru pamatni GLAS"},"content":{"rendered":"<div class=\"prod_data\">\n<h2>M\u0113be\u013cu papildapr\u012bkojums &#8211; M\u0113be\u013cu balsts ar ap\u013cveida pamatni GLAS<\/h2>\n<p><strong>Modelis<\/strong>: 49.079.AI.90<br \/>\n<strong>EAN:<\/strong> 5905369920929<br \/>\n<strong>Materi\u0101ls:<\/strong> \u010duguns<br \/>\n<strong>Kop\u0113jais augstums (cm<\/strong> ): 6,5<br \/>\n<strong>Kop\u0113jais platums (cm<\/strong> ): 9<br \/>\n<strong>Pamatnes izm\u0113ri (cm)<\/strong>: 9 x 6,5<br \/>\n<strong>Att\u0101lums starp<\/strong> caurumiem (<strong>cm<\/strong> ): vertik\u0101li: 3,9 \/horizont\u0101li: 6,3.<br \/>\n<strong>Kr\u0101sa:<\/strong> t\u0113rauda<\/p>\n<p>Rokturis ir izgatavots no augst\u0101k\u0101s kvalit\u0101tes \u010duguna ar viegli tekstur\u0113tu virsmu, kas pie\u0161\u0137ir retro stilu. \u0112rts lieto\u0161an\u0101, izteiksm\u012bga stila un iztur\u012bgs &#8211; t\u0101ds ir \u0161is rokturis.<\/p>\n<p>Ide\u0101li piem\u0113rots skapju, kumodu, da\u017e\u0101du durvju vai atvilkt\u0146u atv\u0113r\u0161anai. Pieg\u0101d\u0101ts ar stiprin\u0101juma skr\u016bv\u0113m.<\/p>\n<\/div>\n","protected":false},"excerpt":{"rendered":"<p>M\u0113be\u013cu papildapr\u012bkojums &#8211; M\u0113be\u013cu balsts ar ap\u013cveida pamatni GLAS Modelis: 49.079.AI.90 EAN: 5905369920929 Materi\u0101ls: \u010duguns Kop\u0113jais augstums (cm ): 6,5<\/p>\n","protected":false},"featured_media":88027,"comment_status":"open","ping_status":"closed","template":"","meta":{"_acf_changed":false,"pmpro_default_level":""},"product_brand":[],"product_cat":[23864,23837,23838,23875,23843],"product_tag":[],"class_list":{"0":"post-137812","1":"product","2":"type-product","3":"status-publish","4":"has-post-thumbnail","6":"product_cat-baldu-rankeneles-lv","7":"product_cat-mebeles-piederumi","8":"product_cat-mebelu-rokturi","9":"product_cat-rankeneles-lv","10":"product_cat-skapju-rokturi","11":"pmpro-has-access","13":"first","14":"instock","15":"shipping-taxable","16":"purchasable","17":"product-type-simple"},"acf":[],"yoast_head":"<!-- This site is optimized with the Yoast SEO plugin v24.9 - https:\/\/yoast.com\/wordpress\/plugins\/seo\/ -->\n<title>M\u0113be\u013cu rokturis ar a\u017e\u016bru pamatni GLAS - MetalTale.com<\/title>\n<meta name=\"robots\" content=\"index, follow, max-snippet:-1, max-image-preview:large, max-video-preview:-1\" \/>\n<link rel=\"canonical\" href=\"https:\/\/metaltale.com\/lv\/produkts\/mebelu-rokturis-ar-azuru-pamatni-glas\/\" \/>\n<meta property=\"og:locale\" content=\"lv_LV\" \/>\n<meta property=\"og:type\" content=\"article\" \/>\n<meta property=\"og:title\" content=\"M\u0113be\u013cu rokturis ar a\u017e\u016bru pamatni GLAS - MetalTale.com\" \/>\n<meta property=\"og:description\" content=\"M\u0113be\u013cu papildapr\u012bkojums &#8211; M\u0113be\u013cu balsts ar ap\u013cveida pamatni GLAS Modelis: 49.079.AI.90 EAN: 5905369920929 Materi\u0101ls: \u010duguns Kop\u0113jais augstums (cm ): 6,5\" \/>\n<meta property=\"og:url\" content=\"https:\/\/metaltale.com\/lv\/produkts\/mebelu-rokturis-ar-azuru-pamatni-glas\/\" \/>\n<meta property=\"og:site_name\" content=\"MetalTale.com\" \/>\n<meta property=\"article:modified_time\" content=\"2025-02-09T14:37:40+00:00\" \/>\n<meta name=\"twitter:card\" content=\"summary_large_image\" \/>\n<meta name=\"twitter:label1\" content=\"Est. reading time\" \/>\n\t<meta name=\"twitter:data1\" content=\"1 minute\" \/>\n<script type=\"application\/ld+json\" class=\"yoast-schema-graph\">{\"@context\":\"https:\/\/schema.org\",\"@graph\":[{\"@type\":\"WebPage\",\"@id\":\"https:\/\/metaltale.com\/lv\/produkts\/mebelu-rokturis-ar-azuru-pamatni-glas\/\",\"url\":\"https:\/\/metaltale.com\/lv\/produkts\/mebelu-rokturis-ar-azuru-pamatni-glas\/\",\"name\":\"M\u0113be\u013cu rokturis ar a\u017e\u016bru pamatni GLAS - MetalTale.com\",\"isPartOf\":{\"@id\":\"https:\/\/metaltale.com\/lv\/#website\"},\"primaryImageOfPage\":{\"@id\":\"https:\/\/metaltale.com\/lv\/produkts\/mebelu-rokturis-ar-azuru-pamatni-glas\/#primaryimage\"},\"image\":{\"@id\":\"https:\/\/metaltale.com\/lv\/produkts\/mebelu-rokturis-ar-azuru-pamatni-glas\/#primaryimage\"},\"thumbnailUrl\":\"https:\/\/metaltale.com\/wp-content\/uploads\/2023\/10\/VITRAx17DO-rankena.jpg\",\"datePublished\":\"2024-02-13T12:27:05+00:00\",\"dateModified\":\"2025-02-09T14:37:40+00:00\",\"breadcrumb\":{\"@id\":\"https:\/\/metaltale.com\/lv\/produkts\/mebelu-rokturis-ar-azuru-pamatni-glas\/#breadcrumb\"},\"inLanguage\":\"lv-LV\",\"potentialAction\":[{\"@type\":\"ReadAction\",\"target\":[\"https:\/\/metaltale.com\/lv\/produkts\/mebelu-rokturis-ar-azuru-pamatni-glas\/\"]}]},{\"@type\":\"ImageObject\",\"inLanguage\":\"lv-LV\",\"@id\":\"https:\/\/metaltale.com\/lv\/produkts\/mebelu-rokturis-ar-azuru-pamatni-glas\/#primaryimage\",\"url\":\"https:\/\/metaltale.com\/wp-content\/uploads\/2023\/10\/VITRAx17DO-rankena.jpg\",\"contentUrl\":\"https:\/\/metaltale.com\/wp-content\/uploads\/2023\/10\/VITRAx17DO-rankena.jpg\",\"width\":800,\"height\":800,\"caption\":\"M\u0113be\u013cu rokturis ar a\u017e\u016bru pamatni GLAS\"},{\"@type\":\"BreadcrumbList\",\"@id\":\"https:\/\/metaltale.com\/lv\/produkts\/mebelu-rokturis-ar-azuru-pamatni-glas\/#breadcrumb\",\"itemListElement\":[{\"@type\":\"ListItem\",\"position\":1,\"name\":\"Home\",\"item\":\"https:\/\/metaltale.com\/lv\/majas\/\"},{\"@type\":\"ListItem\",\"position\":2,\"name\":\"Veikals\",\"item\":\"https:\/\/metaltale.com\/lv\/shop\/\"},{\"@type\":\"ListItem\",\"position\":3,\"name\":\"M\u0113be\u013cu rokturis ar a\u017e\u016bru pamatni GLAS\"}]},{\"@type\":\"WebSite\",\"@id\":\"https:\/\/metaltale.com\/lv\/#website\",\"url\":\"https:\/\/metaltale.com\/lv\/\",\"name\":\"Metaltale.com\",\"description\":\"\",\"potentialAction\":[{\"@type\":\"SearchAction\",\"target\":{\"@type\":\"EntryPoint\",\"urlTemplate\":\"https:\/\/metaltale.com\/lv\/?s={search_term_string}\"},\"query-input\":{\"@type\":\"PropertyValueSpecification\",\"valueRequired\":true,\"valueName\":\"search_term_string\"}}],\"inLanguage\":\"lv-LV\"}]}<\/script>\n<!-- \/ Yoast SEO plugin. -->","yoast_head_json":{"title":"M\u0113be\u013cu rokturis ar a\u017e\u016bru pamatni GLAS - MetalTale.com","robots":{"index":"index","follow":"follow","max-snippet":"max-snippet:-1","max-image-preview":"max-image-preview:large","max-video-preview":"max-video-preview:-1"},"canonical":"https:\/\/metaltale.com\/lv\/produkts\/mebelu-rokturis-ar-azuru-pamatni-glas\/","og_locale":"lv_LV","og_type":"article","og_title":"M\u0113be\u013cu rokturis ar a\u017e\u016bru pamatni GLAS - MetalTale.com","og_description":"M\u0113be\u013cu papildapr\u012bkojums &#8211; M\u0113be\u013cu balsts ar ap\u013cveida pamatni GLAS Modelis: 49.079.AI.90 EAN: 5905369920929 Materi\u0101ls: \u010duguns Kop\u0113jais augstums (cm ): 6,5","og_url":"https:\/\/metaltale.com\/lv\/produkts\/mebelu-rokturis-ar-azuru-pamatni-glas\/","og_site_name":"MetalTale.com","article_modified_time":"2025-02-09T14:37:40+00:00","twitter_card":"summary_large_image","twitter_misc":{"Est. reading time":"1 minute"},"schema":{"@context":"https:\/\/schema.org","@graph":[{"@type":"WebPage","@id":"https:\/\/metaltale.com\/lv\/produkts\/mebelu-rokturis-ar-azuru-pamatni-glas\/","url":"https:\/\/metaltale.com\/lv\/produkts\/mebelu-rokturis-ar-azuru-pamatni-glas\/","name":"M\u0113be\u013cu rokturis ar a\u017e\u016bru pamatni GLAS - MetalTale.com","isPartOf":{"@id":"https:\/\/metaltale.com\/lv\/#website"},"primaryImageOfPage":{"@id":"https:\/\/metaltale.com\/lv\/produkts\/mebelu-rokturis-ar-azuru-pamatni-glas\/#primaryimage"},"image":{"@id":"https:\/\/metaltale.com\/lv\/produkts\/mebelu-rokturis-ar-azuru-pamatni-glas\/#primaryimage"},"thumbnailUrl":"https:\/\/metaltale.com\/wp-content\/uploads\/2023\/10\/VITRAx17DO-rankena.jpg","datePublished":"2024-02-13T12:27:05+00:00","dateModified":"2025-02-09T14:37:40+00:00","breadcrumb":{"@id":"https:\/\/metaltale.com\/lv\/produkts\/mebelu-rokturis-ar-azuru-pamatni-glas\/#breadcrumb"},"inLanguage":"lv-LV","potentialAction":[{"@type":"ReadAction","target":["https:\/\/metaltale.com\/lv\/produkts\/mebelu-rokturis-ar-azuru-pamatni-glas\/"]}]},{"@type":"ImageObject","inLanguage":"lv-LV","@id":"https:\/\/metaltale.com\/lv\/produkts\/mebelu-rokturis-ar-azuru-pamatni-glas\/#primaryimage","url":"https:\/\/metaltale.com\/wp-content\/uploads\/2023\/10\/VITRAx17DO-rankena.jpg","contentUrl":"https:\/\/metaltale.com\/wp-content\/uploads\/2023\/10\/VITRAx17DO-rankena.jpg","width":800,"height":800,"caption":"M\u0113be\u013cu rokturis ar a\u017e\u016bru pamatni GLAS"},{"@type":"BreadcrumbList","@id":"https:\/\/metaltale.com\/lv\/produkts\/mebelu-rokturis-ar-azuru-pamatni-glas\/#breadcrumb","itemListElement":[{"@type":"ListItem","position":1,"name":"Home","item":"https:\/\/metaltale.com\/lv\/majas\/"},{"@type":"ListItem","position":2,"name":"Veikals","item":"https:\/\/metaltale.com\/lv\/shop\/"},{"@type":"ListItem","position":3,"name":"M\u0113be\u013cu rokturis ar a\u017e\u016bru pamatni GLAS"}]},{"@type":"WebSite","@id":"https:\/\/metaltale.com\/lv\/#website","url":"https:\/\/metaltale.com\/lv\/","name":"Metaltale.com","description":"","potentialAction":[{"@type":"SearchAction","target":{"@type":"EntryPoint","urlTemplate":"https:\/\/metaltale.com\/lv\/?s={search_term_string}"},"query-input":{"@type":"PropertyValueSpecification","valueRequired":true,"valueName":"search_term_string"}}],"inLanguage":"lv-LV"}]}},"_links":{"self":[{"href":"https:\/\/metaltale.com\/lv\/wp-json\/wp\/v2\/product\/137812","targetHints":{"allow":["GET"]}}],"collection":[{"href":"https:\/\/metaltale.com\/lv\/wp-json\/wp\/v2\/product"}],"about":[{"href":"https:\/\/metaltale.com\/lv\/wp-json\/wp\/v2\/types\/product"}],"replies":[{"embeddable":true,"href":"https:\/\/metaltale.com\/lv\/wp-json\/wp\/v2\/comments?post=137812"}],"version-history":[{"count":0,"href":"https:\/\/metaltale.com\/lv\/wp-json\/wp\/v2\/product\/137812\/revisions"}],"wp:featuredmedia":[{"embeddable":true,"href":"https:\/\/metaltale.com\/lv\/wp-json\/wp\/v2\/media\/88027"}],"wp:attachment":[{"href":"https:\/\/metaltale.com\/lv\/wp-json\/wp\/v2\/media?parent=137812"}],"wp:term":[{"taxonomy":"product_brand","embeddable":true,"href":"https:\/\/metaltale.com\/lv\/wp-json\/wp\/v2\/product_brand?post=137812"},{"taxonomy":"product_cat","embeddable":true,"href":"https:\/\/metaltale.com\/lv\/wp-json\/wp\/v2\/product_cat?post=137812"},{"taxonomy":"product_tag","embeddable":true,"href":"https:\/\/metaltale.com\/lv\/wp-json\/wp\/v2\/product_tag?post=137812"}],"curies":[{"name":"wp","href":"https:\/\/api.w.org\/{rel}","templated":true}]}}