{"id":137802,"date":"2024-02-13T14:27:05","date_gmt":"2024-02-13T12:27:05","guid":{"rendered":"https:\/\/metaltale.com\/produktas\/apgerbu-akis-paralles\/"},"modified":"2024-02-13T14:27:05","modified_gmt":"2024-02-13T12:27:05","slug":"apgerbu-akis-paralles","status":"publish","type":"product","link":"https:\/\/metaltale.com\/lv\/produkts\/apgerbu-akis-paralles\/","title":{"rendered":"Ap\u0123\u0113rbu \u0101\u0137is PARALLES"},"content":{"rendered":"<div class=\"prod_data\">\n<p><strong>Modelis<\/strong> 30.336 t\u016bkst. AI.145<br \/>\n<strong>EAN.<\/strong>  5905369918285<br \/>\nMateri\u0101ls Ketus<br \/>\n<strong>Kop\u0113jais augstums (cm<\/strong> ) 14<br \/>\nKop\u0113j\u0101 projekcija (cm ) 9<br \/>\n<strong>Pamatnes izm\u0113ri (cm)<\/strong> 3,2 x 3,6<br \/>\n<strong>Sugas<\/strong> Dubult\u0101<br \/>\nT\u0113rauda <strong>kr\u0101sa<\/strong> <\/p>\n<p>Klasiskas formas, pilnas vienk\u0101r\u0161u un praktisku risin\u0101jumu, ir retro telpu rakstur\u012bga iez\u012bme.<\/p>\n<p>\u0160eit redzamais <strong>piekaramais \u0101\u0137is<\/strong> neap\u0161aub\u0101mi ir viena no klasiskaj\u0101m \u0101\u0137a form\u0101m, kas apr\u012bkota ar diviem vien\u0101 plakn\u0113 izvietotiem funkcion\u0101liem piekari\u0146iem. Piekari\u0146u galiem tika pie\u0161\u0137irta sf\u0113ras forma, iedvesmojoties no to dizaina koloni\u0101l\u0101s ietekmes. \u0100\u0137a iztur\u012bbu un praktiskumu nodro\u0161ina iztur\u012bgs, augstas kvalit\u0101tes \u010duguna l\u0113jums.<\/p>\n<p>Komplekt\u0101 ir iek\u013cauts stiprin\u0101juma skr\u016bvju komplekts.<\/p>\n<\/div>\n","protected":false},"excerpt":{"rendered":"<p>Modelis 30.336 t\u016bkst. AI.145 EAN. 5905369918285 Materi\u0101ls Ketus Kop\u0113jais augstums (cm ) 14 Kop\u0113j\u0101 projekcija (cm ) 9 Pamatnes izm\u0113ri<\/p>\n","protected":false},"featured_media":87991,"comment_status":"open","ping_status":"closed","template":"","meta":{"_acf_changed":false,"pmpro_default_level":""},"product_brand":[],"product_cat":[23837,23862],"product_tag":[],"class_list":{"0":"post-137802","1":"product","2":"type-product","3":"status-publish","4":"has-post-thumbnail","6":"product_cat-mebeles-piederumi","7":"product_cat-pakabos-ir-kabliukai-lv","8":"pmpro-has-access","10":"first","11":"instock","12":"shipping-taxable","13":"purchasable","14":"product-type-simple"},"acf":[],"yoast_head":"<!-- This site is optimized with the Yoast SEO plugin v24.9 - https:\/\/yoast.com\/wordpress\/plugins\/seo\/ -->\n<title>Ap\u0123\u0113rbu \u0101\u0137is PARALLES - MetalTale.com<\/title>\n<meta name=\"robots\" content=\"index, follow, max-snippet:-1, max-image-preview:large, max-video-preview:-1\" \/>\n<link rel=\"canonical\" href=\"https:\/\/metaltale.com\/lv\/produkts\/apgerbu-akis-paralles\/\" \/>\n<meta property=\"og:locale\" content=\"lv_LV\" \/>\n<meta property=\"og:type\" content=\"article\" \/>\n<meta property=\"og:title\" content=\"Ap\u0123\u0113rbu \u0101\u0137is PARALLES - MetalTale.com\" \/>\n<meta property=\"og:description\" content=\"Modelis 30.336 t\u016bkst. AI.145 EAN. 5905369918285 Materi\u0101ls Ketus Kop\u0113jais augstums (cm ) 14 Kop\u0113j\u0101 projekcija (cm ) 9 Pamatnes izm\u0113ri\" \/>\n<meta property=\"og:url\" content=\"https:\/\/metaltale.com\/lv\/produkts\/apgerbu-akis-paralles\/\" \/>\n<meta property=\"og:site_name\" content=\"MetalTale.com\" \/>\n<meta name=\"twitter:card\" content=\"summary_large_image\" \/>\n<meta name=\"twitter:label1\" content=\"Est. reading time\" \/>\n\t<meta name=\"twitter:data1\" content=\"1 minute\" \/>\n<script type=\"application\/ld+json\" class=\"yoast-schema-graph\">{\"@context\":\"https:\/\/schema.org\",\"@graph\":[{\"@type\":\"WebPage\",\"@id\":\"https:\/\/metaltale.com\/lv\/produkts\/apgerbu-akis-paralles\/\",\"url\":\"https:\/\/metaltale.com\/lv\/produkts\/apgerbu-akis-paralles\/\",\"name\":\"Ap\u0123\u0113rbu \u0101\u0137is PARALLES - MetalTale.com\",\"isPartOf\":{\"@id\":\"https:\/\/metaltale.com\/lv\/#website\"},\"primaryImageOfPage\":{\"@id\":\"https:\/\/metaltale.com\/lv\/produkts\/apgerbu-akis-paralles\/#primaryimage\"},\"image\":{\"@id\":\"https:\/\/metaltale.com\/lv\/produkts\/apgerbu-akis-paralles\/#primaryimage\"},\"thumbnailUrl\":\"https:\/\/metaltale.com\/wp-content\/uploads\/2023\/10\/RxD3WNOLEx17BNIKI-teisx117s.jpg\",\"datePublished\":\"2024-02-13T12:27:05+00:00\",\"breadcrumb\":{\"@id\":\"https:\/\/metaltale.com\/lv\/produkts\/apgerbu-akis-paralles\/#breadcrumb\"},\"inLanguage\":\"lv-LV\",\"potentialAction\":[{\"@type\":\"ReadAction\",\"target\":[\"https:\/\/metaltale.com\/lv\/produkts\/apgerbu-akis-paralles\/\"]}]},{\"@type\":\"ImageObject\",\"inLanguage\":\"lv-LV\",\"@id\":\"https:\/\/metaltale.com\/lv\/produkts\/apgerbu-akis-paralles\/#primaryimage\",\"url\":\"https:\/\/metaltale.com\/wp-content\/uploads\/2023\/10\/RxD3WNOLEx17BNIKI-teisx117s.jpg\",\"contentUrl\":\"https:\/\/metaltale.com\/wp-content\/uploads\/2023\/10\/RxD3WNOLEx17BNIKI-teisx117s.jpg\",\"width\":800,\"height\":800,\"caption\":\"Ap\u0123\u0113rbu \u0101\u0137is PARALLES\"},{\"@type\":\"BreadcrumbList\",\"@id\":\"https:\/\/metaltale.com\/lv\/produkts\/apgerbu-akis-paralles\/#breadcrumb\",\"itemListElement\":[{\"@type\":\"ListItem\",\"position\":1,\"name\":\"Home\",\"item\":\"https:\/\/metaltale.com\/lv\/majas\/\"},{\"@type\":\"ListItem\",\"position\":2,\"name\":\"Veikals\",\"item\":\"https:\/\/metaltale.com\/lv\/shop\/\"},{\"@type\":\"ListItem\",\"position\":3,\"name\":\"Ap\u0123\u0113rbu \u0101\u0137is PARALLES\"}]},{\"@type\":\"WebSite\",\"@id\":\"https:\/\/metaltale.com\/lv\/#website\",\"url\":\"https:\/\/metaltale.com\/lv\/\",\"name\":\"Metaltale.com\",\"description\":\"\",\"potentialAction\":[{\"@type\":\"SearchAction\",\"target\":{\"@type\":\"EntryPoint\",\"urlTemplate\":\"https:\/\/metaltale.com\/lv\/?s={search_term_string}\"},\"query-input\":{\"@type\":\"PropertyValueSpecification\",\"valueRequired\":true,\"valueName\":\"search_term_string\"}}],\"inLanguage\":\"lv-LV\"}]}<\/script>\n<!-- \/ Yoast SEO plugin. -->","yoast_head_json":{"title":"Ap\u0123\u0113rbu \u0101\u0137is PARALLES - MetalTale.com","robots":{"index":"index","follow":"follow","max-snippet":"max-snippet:-1","max-image-preview":"max-image-preview:large","max-video-preview":"max-video-preview:-1"},"canonical":"https:\/\/metaltale.com\/lv\/produkts\/apgerbu-akis-paralles\/","og_locale":"lv_LV","og_type":"article","og_title":"Ap\u0123\u0113rbu \u0101\u0137is PARALLES - MetalTale.com","og_description":"Modelis 30.336 t\u016bkst. AI.145 EAN. 5905369918285 Materi\u0101ls Ketus Kop\u0113jais augstums (cm ) 14 Kop\u0113j\u0101 projekcija (cm ) 9 Pamatnes izm\u0113ri","og_url":"https:\/\/metaltale.com\/lv\/produkts\/apgerbu-akis-paralles\/","og_site_name":"MetalTale.com","twitter_card":"summary_large_image","twitter_misc":{"Est. reading time":"1 minute"},"schema":{"@context":"https:\/\/schema.org","@graph":[{"@type":"WebPage","@id":"https:\/\/metaltale.com\/lv\/produkts\/apgerbu-akis-paralles\/","url":"https:\/\/metaltale.com\/lv\/produkts\/apgerbu-akis-paralles\/","name":"Ap\u0123\u0113rbu \u0101\u0137is PARALLES - MetalTale.com","isPartOf":{"@id":"https:\/\/metaltale.com\/lv\/#website"},"primaryImageOfPage":{"@id":"https:\/\/metaltale.com\/lv\/produkts\/apgerbu-akis-paralles\/#primaryimage"},"image":{"@id":"https:\/\/metaltale.com\/lv\/produkts\/apgerbu-akis-paralles\/#primaryimage"},"thumbnailUrl":"https:\/\/metaltale.com\/wp-content\/uploads\/2023\/10\/RxD3WNOLEx17BNIKI-teisx117s.jpg","datePublished":"2024-02-13T12:27:05+00:00","breadcrumb":{"@id":"https:\/\/metaltale.com\/lv\/produkts\/apgerbu-akis-paralles\/#breadcrumb"},"inLanguage":"lv-LV","potentialAction":[{"@type":"ReadAction","target":["https:\/\/metaltale.com\/lv\/produkts\/apgerbu-akis-paralles\/"]}]},{"@type":"ImageObject","inLanguage":"lv-LV","@id":"https:\/\/metaltale.com\/lv\/produkts\/apgerbu-akis-paralles\/#primaryimage","url":"https:\/\/metaltale.com\/wp-content\/uploads\/2023\/10\/RxD3WNOLEx17BNIKI-teisx117s.jpg","contentUrl":"https:\/\/metaltale.com\/wp-content\/uploads\/2023\/10\/RxD3WNOLEx17BNIKI-teisx117s.jpg","width":800,"height":800,"caption":"Ap\u0123\u0113rbu \u0101\u0137is PARALLES"},{"@type":"BreadcrumbList","@id":"https:\/\/metaltale.com\/lv\/produkts\/apgerbu-akis-paralles\/#breadcrumb","itemListElement":[{"@type":"ListItem","position":1,"name":"Home","item":"https:\/\/metaltale.com\/lv\/majas\/"},{"@type":"ListItem","position":2,"name":"Veikals","item":"https:\/\/metaltale.com\/lv\/shop\/"},{"@type":"ListItem","position":3,"name":"Ap\u0123\u0113rbu \u0101\u0137is PARALLES"}]},{"@type":"WebSite","@id":"https:\/\/metaltale.com\/lv\/#website","url":"https:\/\/metaltale.com\/lv\/","name":"Metaltale.com","description":"","potentialAction":[{"@type":"SearchAction","target":{"@type":"EntryPoint","urlTemplate":"https:\/\/metaltale.com\/lv\/?s={search_term_string}"},"query-input":{"@type":"PropertyValueSpecification","valueRequired":true,"valueName":"search_term_string"}}],"inLanguage":"lv-LV"}]}},"_links":{"self":[{"href":"https:\/\/metaltale.com\/lv\/wp-json\/wp\/v2\/product\/137802","targetHints":{"allow":["GET"]}}],"collection":[{"href":"https:\/\/metaltale.com\/lv\/wp-json\/wp\/v2\/product"}],"about":[{"href":"https:\/\/metaltale.com\/lv\/wp-json\/wp\/v2\/types\/product"}],"replies":[{"embeddable":true,"href":"https:\/\/metaltale.com\/lv\/wp-json\/wp\/v2\/comments?post=137802"}],"version-history":[{"count":0,"href":"https:\/\/metaltale.com\/lv\/wp-json\/wp\/v2\/product\/137802\/revisions"}],"wp:featuredmedia":[{"embeddable":true,"href":"https:\/\/metaltale.com\/lv\/wp-json\/wp\/v2\/media\/87991"}],"wp:attachment":[{"href":"https:\/\/metaltale.com\/lv\/wp-json\/wp\/v2\/media?parent=137802"}],"wp:term":[{"taxonomy":"product_brand","embeddable":true,"href":"https:\/\/metaltale.com\/lv\/wp-json\/wp\/v2\/product_brand?post=137802"},{"taxonomy":"product_cat","embeddable":true,"href":"https:\/\/metaltale.com\/lv\/wp-json\/wp\/v2\/product_cat?post=137802"},{"taxonomy":"product_tag","embeddable":true,"href":"https:\/\/metaltale.com\/lv\/wp-json\/wp\/v2\/product_tag?post=137802"}],"curies":[{"name":"wp","href":"https:\/\/api.w.org\/{rel}","templated":true}]}}