{"id":137795,"date":"2024-02-13T14:29:05","date_gmt":"2024-02-13T12:29:05","guid":{"rendered":"https:\/\/metaltale.com\/produktas\/koka-bidamas-durvis-ozols-muntles-100x210-cm-dabiga-ella\/"},"modified":"2024-02-13T14:29:05","modified_gmt":"2024-02-13T12:29:05","slug":"koka-bidamas-durvis-ozols-muntles-100x210-cm-dabiga-ella","status":"publish","type":"product","link":"https:\/\/metaltale.com\/lv\/produkts\/koka-bidamas-durvis-ozols-muntles-100x210-cm-dabiga-ella\/","title":{"rendered":"Koka b\u012bd\u0101m\u0101s durvis ozols MUNTLES 100X210 cm, dab\u012bga e\u013c\u013ca"},"content":{"rendered":"<div class=\"prod_data\">\n<p><strong>Modelis<\/strong> SZS<br \/>\n<strong>Materi\u0101ls<\/strong> Ozols, t\u0113rauds, stikls<br \/>\n<strong>Biezums (cm<\/strong> ) 3,2<br \/>\n<strong>Kop\u0113jais augstums (cm<\/strong> ) 210<br \/>\n<strong>Kop\u0113jais platums (cm<\/strong> ) 100<br \/>\nStikla tips R\u016bd\u012bts<br \/>\n<strong>Apdare<\/strong> e\u013c\u013cota<br \/>\n<strong>PAPILDU INFORM\u0100CIJA<\/strong> Pied\u0101v\u0101jums attiecas tikai uz vienu durvju paneli un neietver b\u012bd\u0101mo sist\u0113mu un citus piederumus.<\/p>\n<hr>\n<p>&#8211; koka, t\u0113rauda un stikla b\u012bd\u0101m\u0101s durvis.<br \/>\n&#8211; L\u012bm\u0113tais ozolkoka r\u0101mis (parasti izgatavots no diviem d\u0113\u013ciem) nodro\u0161ina v\u0113rtnes stabilit\u0101ti.<br \/>\n&#8211; met\u0101la re\u017e\u0123is ir dekorat\u012bvs elements un ar\u012b atbalsta stikla pane\u013cus.<br \/>\n&#8211; divas r\u016bd\u012bta stikla pl\u0101ksnes, kuru savienojums ir mask\u0113ts ar horizont\u0101lu apmales joslu.<br \/>\n&#8211; nelielas plaisas un mezgli\u0146i ozolkoka karkas\u0101, kas radu\u0161ies izejmateri\u0101la \u012bpa\u0161\u012bbu d\u0113\u013c.<br \/>\n&#8211; durvju konstrukcija \u013cauj izmantot gandr\u012bz jebkuru b\u012bd\u0101mo durvju sist\u0113mu.<br \/>\n&#8211; modelis bez apak\u0161\u0113j\u0101 profila<br \/>\n&#8211; pied\u0101v\u0101jums attiecas tikai uz durvju v\u0113rtni, un tas neattiecas uz b\u012bd\u0101mo sist\u0113mu vai citiem piederumiem.<br \/>\n&#8211; Lai atrastu m\u016bsu pied\u0101v\u0101tajam modelim atbilsto\u0161as apak\u0161\u0113j\u0101s vadotnes, l\u016bdzu, skatiet t\u0101l\u0101k eso\u0161o sada\u013cu &#8220;Saist\u012bt\u0101s preces&#8221;.<\/p>\n<hr>\n<p>K\u0101 p\u0101rveidot klasisku interjeru, apvienojot m\u016bsdien\u012bgumu, b\u0113ni\u0146us un klasisko stilu? Atbilde ir MUNTLES &#8211; ozolkoka b\u012bd\u0101m\u0101s durvis ar koka r\u0101mi, kas izgatavots no l\u012bm\u0113tiem d\u0113\u013ciem un aptver r\u016bd\u012btu stiklu. Stabila un uzticama konstrukcija garant\u0113 netrauc\u0113tu ekspluat\u0101ciju gadu desmitiem, un r\u016bd\u012btais stikls ir dro\u0161\u012bbas sinon\u012bms. Stil\u012bgajai koka, stikla un met\u0101la kombin\u0101cijai piem\u012bt p\u0101rlaic\u012bgs raksturs. Lofta interjeram siltumu pie\u0161\u0137ir dabiskais izejmateri\u0101ls &#8211; ozols. M\u016bsdien\u012bg\u0101m kompoz\u012bcij\u0101m pie\u0161\u0137irta klasiska elegance. Dro\u0161as un attur\u012bgas telpas &#8211; ar m\u016bsdien\u012bgu stilu un smalku industri\u0101lu piesk\u0101rienu. Dab\u012bgajam kokam rakstur\u012bg\u0101s seklas plaisas un mezgli ir ozolkoka izstr\u0101d\u0101jumu priek\u0161roc\u012bba. B\u012bd\u0101m\u0101s stikla durvis neder\u0113s vannas istab\u0101, ta\u010du t\u0101s noteikti ir lielisks elements, lai no\u0161\u0137irtu \u0113damistabu no virtuves vai dizaina garderobes telpu no gu\u013camistabas. Izcili labi prezent\u0113t modeli<\/p>\n<hr>\n<p>**Pied\u0101v\u0101jums attiecas tikai uz durv\u012bm, un taj\u0101 nav iek\u013cauta b\u012bd\u0101m\u0101 sist\u0113ma un citi piederumi.<\/p>\n<\/div>\n","protected":false},"excerpt":{"rendered":"<p>Modelis SZS Materi\u0101ls Ozols, t\u0113rauds, stikls Biezums (cm ) 3,2 Kop\u0113jais augstums (cm ) 210 Kop\u0113jais platums (cm ) 100<\/p>\n","protected":false},"featured_media":110604,"comment_status":"open","ping_status":"closed","template":"","meta":{"_acf_changed":false,"pmpro_default_level":""},"product_brand":[],"product_cat":[24064,24059,24074,24065],"product_tag":[],"class_list":{"0":"post-137795","1":"product","2":"type-product","3":"status-publish","4":"has-post-thumbnail","6":"product_cat-bidamas-durvis-lv","7":"product_cat-bidamo-durvju-sistemas","8":"product_cat-ozolkoka-bidamas-durvis","9":"product_cat-stikla-bidamas-durvis","10":"pmpro-has-access","12":"first","13":"instock","14":"shipping-taxable","15":"purchasable","16":"product-type-variable"},"acf":[],"yoast_head":"<!-- This site is optimized with the Yoast SEO plugin v24.9 - https:\/\/yoast.com\/wordpress\/plugins\/seo\/ -->\n<title>Koka b\u012bd\u0101m\u0101s durvis ozols MUNTLES 100X210 cm, dab\u012bga e\u013c\u013ca - MetalTale.com<\/title>\n<meta name=\"robots\" content=\"index, follow, max-snippet:-1, max-image-preview:large, max-video-preview:-1\" \/>\n<link rel=\"canonical\" href=\"https:\/\/metaltale.com\/lv\/produkts\/koka-bidamas-durvis-ozols-muntles-100x210-cm-dabiga-ella\/\" \/>\n<meta property=\"og:locale\" content=\"lv_LV\" \/>\n<meta property=\"og:type\" content=\"article\" \/>\n<meta property=\"og:title\" content=\"Koka b\u012bd\u0101m\u0101s durvis ozols MUNTLES 100X210 cm, dab\u012bga e\u013c\u013ca - MetalTale.com\" \/>\n<meta property=\"og:description\" content=\"Modelis SZS Materi\u0101ls Ozols, t\u0113rauds, stikls Biezums (cm ) 3,2 Kop\u0113jais augstums (cm ) 210 Kop\u0113jais platums (cm ) 100\" \/>\n<meta property=\"og:url\" content=\"https:\/\/metaltale.com\/lv\/produkts\/koka-bidamas-durvis-ozols-muntles-100x210-cm-dabiga-ella\/\" \/>\n<meta property=\"og:site_name\" content=\"MetalTale.com\" \/>\n<meta property=\"og:image\" content=\"https:\/\/metaltale.com\/wp-content\/uploads\/2023\/11\/Neapdorotos-SZMUS-durys.jpg\" \/>\n\t<meta property=\"og:image:width\" content=\"800\" \/>\n\t<meta property=\"og:image:height\" content=\"800\" \/>\n\t<meta property=\"og:image:type\" content=\"image\/jpeg\" \/>\n<meta name=\"twitter:card\" content=\"summary_large_image\" \/>\n<meta name=\"twitter:label1\" content=\"Est. reading time\" \/>\n\t<meta name=\"twitter:data1\" content=\"2 minutes\" \/>\n<script type=\"application\/ld+json\" class=\"yoast-schema-graph\">{\"@context\":\"https:\/\/schema.org\",\"@graph\":[{\"@type\":\"WebPage\",\"@id\":\"https:\/\/metaltale.com\/lv\/produkts\/koka-bidamas-durvis-ozols-muntles-100x210-cm-dabiga-ella\/\",\"url\":\"https:\/\/metaltale.com\/lv\/produkts\/koka-bidamas-durvis-ozols-muntles-100x210-cm-dabiga-ella\/\",\"name\":\"Koka b\u012bd\u0101m\u0101s durvis ozols MUNTLES 100X210 cm, dab\u012bga e\u013c\u013ca - MetalTale.com\",\"isPartOf\":{\"@id\":\"https:\/\/metaltale.com\/lv\/#website\"},\"primaryImageOfPage\":{\"@id\":\"https:\/\/metaltale.com\/lv\/produkts\/koka-bidamas-durvis-ozols-muntles-100x210-cm-dabiga-ella\/#primaryimage\"},\"image\":{\"@id\":\"https:\/\/metaltale.com\/lv\/produkts\/koka-bidamas-durvis-ozols-muntles-100x210-cm-dabiga-ella\/#primaryimage\"},\"thumbnailUrl\":\"https:\/\/metaltale.com\/wp-content\/uploads\/2023\/11\/Neapdorotos-SZMUS-durys.jpg\",\"datePublished\":\"2024-02-13T12:29:05+00:00\",\"breadcrumb\":{\"@id\":\"https:\/\/metaltale.com\/lv\/produkts\/koka-bidamas-durvis-ozols-muntles-100x210-cm-dabiga-ella\/#breadcrumb\"},\"inLanguage\":\"lv-LV\",\"potentialAction\":[{\"@type\":\"ReadAction\",\"target\":[\"https:\/\/metaltale.com\/lv\/produkts\/koka-bidamas-durvis-ozols-muntles-100x210-cm-dabiga-ella\/\"]}]},{\"@type\":\"ImageObject\",\"inLanguage\":\"lv-LV\",\"@id\":\"https:\/\/metaltale.com\/lv\/produkts\/koka-bidamas-durvis-ozols-muntles-100x210-cm-dabiga-ella\/#primaryimage\",\"url\":\"https:\/\/metaltale.com\/wp-content\/uploads\/2023\/11\/Neapdorotos-SZMUS-durys.jpg\",\"contentUrl\":\"https:\/\/metaltale.com\/wp-content\/uploads\/2023\/11\/Neapdorotos-SZMUS-durys.jpg\",\"width\":800,\"height\":800,\"caption\":\"Koka b\u012bd\u0101m\u0101s durvis ozols MUNTLES 100X210 cm, dab\u012bga e\u013c\u013ca\"},{\"@type\":\"BreadcrumbList\",\"@id\":\"https:\/\/metaltale.com\/lv\/produkts\/koka-bidamas-durvis-ozols-muntles-100x210-cm-dabiga-ella\/#breadcrumb\",\"itemListElement\":[{\"@type\":\"ListItem\",\"position\":1,\"name\":\"Home\",\"item\":\"https:\/\/metaltale.com\/lv\/majas\/\"},{\"@type\":\"ListItem\",\"position\":2,\"name\":\"Veikals\",\"item\":\"https:\/\/metaltale.com\/lv\/shop\/\"},{\"@type\":\"ListItem\",\"position\":3,\"name\":\"Koka b\u012bd\u0101m\u0101s durvis ozols MUNTLES 100X210 cm, dab\u012bga e\u013c\u013ca\"}]},{\"@type\":\"WebSite\",\"@id\":\"https:\/\/metaltale.com\/lv\/#website\",\"url\":\"https:\/\/metaltale.com\/lv\/\",\"name\":\"Metaltale.com\",\"description\":\"\",\"potentialAction\":[{\"@type\":\"SearchAction\",\"target\":{\"@type\":\"EntryPoint\",\"urlTemplate\":\"https:\/\/metaltale.com\/lv\/?s={search_term_string}\"},\"query-input\":{\"@type\":\"PropertyValueSpecification\",\"valueRequired\":true,\"valueName\":\"search_term_string\"}}],\"inLanguage\":\"lv-LV\"}]}<\/script>\n<!-- \/ Yoast SEO plugin. -->","yoast_head_json":{"title":"Koka b\u012bd\u0101m\u0101s durvis ozols MUNTLES 100X210 cm, dab\u012bga e\u013c\u013ca - MetalTale.com","robots":{"index":"index","follow":"follow","max-snippet":"max-snippet:-1","max-image-preview":"max-image-preview:large","max-video-preview":"max-video-preview:-1"},"canonical":"https:\/\/metaltale.com\/lv\/produkts\/koka-bidamas-durvis-ozols-muntles-100x210-cm-dabiga-ella\/","og_locale":"lv_LV","og_type":"article","og_title":"Koka b\u012bd\u0101m\u0101s durvis ozols MUNTLES 100X210 cm, dab\u012bga e\u013c\u013ca - MetalTale.com","og_description":"Modelis SZS Materi\u0101ls Ozols, t\u0113rauds, stikls Biezums (cm ) 3,2 Kop\u0113jais augstums (cm ) 210 Kop\u0113jais platums (cm ) 100","og_url":"https:\/\/metaltale.com\/lv\/produkts\/koka-bidamas-durvis-ozols-muntles-100x210-cm-dabiga-ella\/","og_site_name":"MetalTale.com","og_image":[{"width":800,"height":800,"url":"https:\/\/metaltale.com\/wp-content\/uploads\/2023\/11\/Neapdorotos-SZMUS-durys.jpg","type":"image\/jpeg"}],"twitter_card":"summary_large_image","twitter_misc":{"Est. reading time":"2 minutes"},"schema":{"@context":"https:\/\/schema.org","@graph":[{"@type":"WebPage","@id":"https:\/\/metaltale.com\/lv\/produkts\/koka-bidamas-durvis-ozols-muntles-100x210-cm-dabiga-ella\/","url":"https:\/\/metaltale.com\/lv\/produkts\/koka-bidamas-durvis-ozols-muntles-100x210-cm-dabiga-ella\/","name":"Koka b\u012bd\u0101m\u0101s durvis ozols MUNTLES 100X210 cm, dab\u012bga e\u013c\u013ca - MetalTale.com","isPartOf":{"@id":"https:\/\/metaltale.com\/lv\/#website"},"primaryImageOfPage":{"@id":"https:\/\/metaltale.com\/lv\/produkts\/koka-bidamas-durvis-ozols-muntles-100x210-cm-dabiga-ella\/#primaryimage"},"image":{"@id":"https:\/\/metaltale.com\/lv\/produkts\/koka-bidamas-durvis-ozols-muntles-100x210-cm-dabiga-ella\/#primaryimage"},"thumbnailUrl":"https:\/\/metaltale.com\/wp-content\/uploads\/2023\/11\/Neapdorotos-SZMUS-durys.jpg","datePublished":"2024-02-13T12:29:05+00:00","breadcrumb":{"@id":"https:\/\/metaltale.com\/lv\/produkts\/koka-bidamas-durvis-ozols-muntles-100x210-cm-dabiga-ella\/#breadcrumb"},"inLanguage":"lv-LV","potentialAction":[{"@type":"ReadAction","target":["https:\/\/metaltale.com\/lv\/produkts\/koka-bidamas-durvis-ozols-muntles-100x210-cm-dabiga-ella\/"]}]},{"@type":"ImageObject","inLanguage":"lv-LV","@id":"https:\/\/metaltale.com\/lv\/produkts\/koka-bidamas-durvis-ozols-muntles-100x210-cm-dabiga-ella\/#primaryimage","url":"https:\/\/metaltale.com\/wp-content\/uploads\/2023\/11\/Neapdorotos-SZMUS-durys.jpg","contentUrl":"https:\/\/metaltale.com\/wp-content\/uploads\/2023\/11\/Neapdorotos-SZMUS-durys.jpg","width":800,"height":800,"caption":"Koka b\u012bd\u0101m\u0101s durvis ozols MUNTLES 100X210 cm, dab\u012bga e\u013c\u013ca"},{"@type":"BreadcrumbList","@id":"https:\/\/metaltale.com\/lv\/produkts\/koka-bidamas-durvis-ozols-muntles-100x210-cm-dabiga-ella\/#breadcrumb","itemListElement":[{"@type":"ListItem","position":1,"name":"Home","item":"https:\/\/metaltale.com\/lv\/majas\/"},{"@type":"ListItem","position":2,"name":"Veikals","item":"https:\/\/metaltale.com\/lv\/shop\/"},{"@type":"ListItem","position":3,"name":"Koka b\u012bd\u0101m\u0101s durvis ozols MUNTLES 100X210 cm, dab\u012bga e\u013c\u013ca"}]},{"@type":"WebSite","@id":"https:\/\/metaltale.com\/lv\/#website","url":"https:\/\/metaltale.com\/lv\/","name":"Metaltale.com","description":"","potentialAction":[{"@type":"SearchAction","target":{"@type":"EntryPoint","urlTemplate":"https:\/\/metaltale.com\/lv\/?s={search_term_string}"},"query-input":{"@type":"PropertyValueSpecification","valueRequired":true,"valueName":"search_term_string"}}],"inLanguage":"lv-LV"}]}},"_links":{"self":[{"href":"https:\/\/metaltale.com\/lv\/wp-json\/wp\/v2\/product\/137795","targetHints":{"allow":["GET"]}}],"collection":[{"href":"https:\/\/metaltale.com\/lv\/wp-json\/wp\/v2\/product"}],"about":[{"href":"https:\/\/metaltale.com\/lv\/wp-json\/wp\/v2\/types\/product"}],"replies":[{"embeddable":true,"href":"https:\/\/metaltale.com\/lv\/wp-json\/wp\/v2\/comments?post=137795"}],"version-history":[{"count":0,"href":"https:\/\/metaltale.com\/lv\/wp-json\/wp\/v2\/product\/137795\/revisions"}],"wp:featuredmedia":[{"embeddable":true,"href":"https:\/\/metaltale.com\/lv\/wp-json\/wp\/v2\/media\/110604"}],"wp:attachment":[{"href":"https:\/\/metaltale.com\/lv\/wp-json\/wp\/v2\/media?parent=137795"}],"wp:term":[{"taxonomy":"product_brand","embeddable":true,"href":"https:\/\/metaltale.com\/lv\/wp-json\/wp\/v2\/product_brand?post=137795"},{"taxonomy":"product_cat","embeddable":true,"href":"https:\/\/metaltale.com\/lv\/wp-json\/wp\/v2\/product_cat?post=137795"},{"taxonomy":"product_tag","embeddable":true,"href":"https:\/\/metaltale.com\/lv\/wp-json\/wp\/v2\/product_tag?post=137795"}],"curies":[{"name":"wp","href":"https:\/\/api.w.org\/{rel}","templated":true}]}}