{"id":137766,"date":"2024-02-13T14:37:04","date_gmt":"2024-02-13T12:37:04","guid":{"rendered":"https:\/\/metaltale.com\/produktas\/metala-dekorativa-plaksnite-jack-daniels-no-7\/"},"modified":"2024-02-13T14:37:04","modified_gmt":"2024-02-13T12:37:04","slug":"metala-dekorativa-plaksnite-jack-daniels-no-7","status":"publish","type":"product","link":"https:\/\/metaltale.com\/lv\/produkts\/metala-dekorativa-plaksnite-jack-daniels-no-7\/","title":{"rendered":"Met\u0101la dekorat\u012bv\u0101 pl\u0101ksn\u012bte JACK DANIEL&#8217;S NO. 7"},"content":{"rendered":"<div class=\"prod_data\"><strong>Modelis<\/strong> IN.10028  <br \/><strong>EAN.<\/strong>  5905369907210  <br \/><strong>Platums (cm<\/strong> ) 30  <br \/><strong>Augstums (cm<\/strong> ) 20  <br \/><strong>Materi\u0101ls<\/strong> T\u0113rauds  <br \/><strong>Formos<\/strong> Sta\u010diakampio formos  <br \/><strong>Orient\u0101cija<\/strong> Horizont\u0101l\u0101  <br \/><strong>Istaba<\/strong> B\u0101rs, restor\u0101ns  <br \/><strong>Motif<\/strong> dz\u0113rieni  <\/p>\n<p>Taisnst\u016bra formas met\u0101la pl\u0101ksne. Plak\u0101ts ir p\u0101rkl\u0101ts ar augstas nodilumiztur\u012bbas kr\u0101su un aizsarg\u0101ts ar pret nodilumu aizsarg\u0101jo\u0161u laku. Met\u0101la plak\u0101tam ir apzin\u0101tas noveco\u0161anas paz\u012bmes &#8211; korozijas un nolietojuma p\u0113das, kas pie\u0161\u0137ir sienas dekoram unik\u0101lu retro raksturu. JACK DANIEL&#8217;S No.7 izce\u013cas ar vienk\u0101r\u0161u dizainu un rekl\u0101mas z\u012bmju grafiku. Pl\u0101ksne ir piestiprin\u0101ta ar smalkiem stiprin\u0101juma caurumiem.<\/p>\n<p>Uz produkta ir Jack Daniel&#8217;s viskija retro rekl\u0101ma.  <\/p>\n<p>Retro met\u0101la plak\u0101ts ir ori\u0123in\u0101ls sienas dekors, kas noder\u0113s gan m\u0101j\u0101s, gan kafejn\u012bc\u0101s, restor\u0101nos un cit\u0101s telp\u0101s. T\u0101 ir ar\u012b ori\u0123in\u0101la d\u0101vin\u0101juma ideja. <\/p>\n<\/div>\n","protected":false},"excerpt":{"rendered":"<p>Modelis IN.10028 EAN. 5905369907210 Platums (cm ) 30 Augstums (cm ) 20 Materi\u0101ls T\u0113rauds Formos Sta\u010diakampio formos Orient\u0101cija Horizont\u0101l\u0101 Istaba<\/p>\n","protected":false},"featured_media":71233,"comment_status":"open","ping_status":"closed","template":"","meta":{"_acf_changed":false,"pmpro_default_level":""},"product_brand":[],"product_cat":[24055],"product_tag":[],"class_list":{"0":"post-137766","1":"product","2":"type-product","3":"status-publish","4":"has-post-thumbnail","6":"product_cat-rotajumi","7":"pmpro-has-access","9":"first","10":"instock","11":"shipping-taxable","12":"purchasable","13":"product-type-simple"},"acf":[],"yoast_head":"<!-- This site is optimized with the Yoast SEO plugin v24.9 - https:\/\/yoast.com\/wordpress\/plugins\/seo\/ -->\n<title>Met\u0101la dekorat\u012bv\u0101 pl\u0101ksn\u012bte JACK DANIEL&#039;S NO. 7 - MetalTale.com<\/title>\n<meta name=\"robots\" content=\"index, follow, max-snippet:-1, max-image-preview:large, max-video-preview:-1\" \/>\n<link rel=\"canonical\" href=\"https:\/\/metaltale.com\/lv\/produkts\/metala-dekorativa-plaksnite-jack-daniels-no-7\/\" \/>\n<meta property=\"og:locale\" content=\"lv_LV\" \/>\n<meta property=\"og:type\" content=\"article\" \/>\n<meta property=\"og:title\" content=\"Met\u0101la dekorat\u012bv\u0101 pl\u0101ksn\u012bte JACK DANIEL&#039;S NO. 7 - MetalTale.com\" \/>\n<meta property=\"og:description\" content=\"Modelis IN.10028 EAN. 5905369907210 Platums (cm ) 30 Augstums (cm ) 20 Materi\u0101ls T\u0113rauds Formos Sta\u010diakampio formos Orient\u0101cija Horizont\u0101l\u0101 Istaba\" \/>\n<meta property=\"og:url\" content=\"https:\/\/metaltale.com\/lv\/produkts\/metala-dekorativa-plaksnite-jack-daniels-no-7\/\" \/>\n<meta property=\"og:site_name\" content=\"MetalTale.com\" \/>\n<meta name=\"twitter:card\" content=\"summary_large_image\" \/>\n<meta name=\"twitter:label1\" content=\"Est. reading time\" \/>\n\t<meta name=\"twitter:data1\" content=\"1 minute\" \/>\n<script type=\"application\/ld+json\" class=\"yoast-schema-graph\">{\"@context\":\"https:\/\/schema.org\",\"@graph\":[{\"@type\":\"WebPage\",\"@id\":\"https:\/\/metaltale.com\/lv\/produkts\/metala-dekorativa-plaksnite-jack-daniels-no-7\/\",\"url\":\"https:\/\/metaltale.com\/lv\/produkts\/metala-dekorativa-plaksnite-jack-daniels-no-7\/\",\"name\":\"Met\u0101la dekorat\u012bv\u0101 pl\u0101ksn\u012bte JACK DANIEL'S NO. 7 - MetalTale.com\",\"isPartOf\":{\"@id\":\"https:\/\/metaltale.com\/lv\/#website\"},\"primaryImageOfPage\":{\"@id\":\"https:\/\/metaltale.com\/lv\/produkts\/metala-dekorativa-plaksnite-jack-daniels-no-7\/#primaryimage\"},\"image\":{\"@id\":\"https:\/\/metaltale.com\/lv\/produkts\/metala-dekorativa-plaksnite-jack-daniels-no-7\/#primaryimage\"},\"thumbnailUrl\":\"https:\/\/metaltale.com\/wp-content\/uploads\/2023\/09\/Metalinx117-dekoratyvinx117-plokx161tx117-JACK-DANIELS-NO.-7.jpg\",\"datePublished\":\"2024-02-13T12:37:04+00:00\",\"breadcrumb\":{\"@id\":\"https:\/\/metaltale.com\/lv\/produkts\/metala-dekorativa-plaksnite-jack-daniels-no-7\/#breadcrumb\"},\"inLanguage\":\"lv-LV\",\"potentialAction\":[{\"@type\":\"ReadAction\",\"target\":[\"https:\/\/metaltale.com\/lv\/produkts\/metala-dekorativa-plaksnite-jack-daniels-no-7\/\"]}]},{\"@type\":\"ImageObject\",\"inLanguage\":\"lv-LV\",\"@id\":\"https:\/\/metaltale.com\/lv\/produkts\/metala-dekorativa-plaksnite-jack-daniels-no-7\/#primaryimage\",\"url\":\"https:\/\/metaltale.com\/wp-content\/uploads\/2023\/09\/Metalinx117-dekoratyvinx117-plokx161tx117-JACK-DANIELS-NO.-7.jpg\",\"contentUrl\":\"https:\/\/metaltale.com\/wp-content\/uploads\/2023\/09\/Metalinx117-dekoratyvinx117-plokx161tx117-JACK-DANIELS-NO.-7.jpg\",\"width\":800,\"height\":800},{\"@type\":\"BreadcrumbList\",\"@id\":\"https:\/\/metaltale.com\/lv\/produkts\/metala-dekorativa-plaksnite-jack-daniels-no-7\/#breadcrumb\",\"itemListElement\":[{\"@type\":\"ListItem\",\"position\":1,\"name\":\"Home\",\"item\":\"https:\/\/metaltale.com\/lv\/majas\/\"},{\"@type\":\"ListItem\",\"position\":2,\"name\":\"Veikals\",\"item\":\"https:\/\/metaltale.com\/lv\/shop\/\"},{\"@type\":\"ListItem\",\"position\":3,\"name\":\"Met\u0101la dekorat\u012bv\u0101 pl\u0101ksn\u012bte JACK DANIEL&#8217;S NO. 7\"}]},{\"@type\":\"WebSite\",\"@id\":\"https:\/\/metaltale.com\/lv\/#website\",\"url\":\"https:\/\/metaltale.com\/lv\/\",\"name\":\"Metaltale.com\",\"description\":\"\",\"potentialAction\":[{\"@type\":\"SearchAction\",\"target\":{\"@type\":\"EntryPoint\",\"urlTemplate\":\"https:\/\/metaltale.com\/lv\/?s={search_term_string}\"},\"query-input\":{\"@type\":\"PropertyValueSpecification\",\"valueRequired\":true,\"valueName\":\"search_term_string\"}}],\"inLanguage\":\"lv-LV\"}]}<\/script>\n<!-- \/ Yoast SEO plugin. -->","yoast_head_json":{"title":"Met\u0101la dekorat\u012bv\u0101 pl\u0101ksn\u012bte JACK DANIEL'S NO. 7 - MetalTale.com","robots":{"index":"index","follow":"follow","max-snippet":"max-snippet:-1","max-image-preview":"max-image-preview:large","max-video-preview":"max-video-preview:-1"},"canonical":"https:\/\/metaltale.com\/lv\/produkts\/metala-dekorativa-plaksnite-jack-daniels-no-7\/","og_locale":"lv_LV","og_type":"article","og_title":"Met\u0101la dekorat\u012bv\u0101 pl\u0101ksn\u012bte JACK DANIEL'S NO. 7 - MetalTale.com","og_description":"Modelis IN.10028 EAN. 5905369907210 Platums (cm ) 30 Augstums (cm ) 20 Materi\u0101ls T\u0113rauds Formos Sta\u010diakampio formos Orient\u0101cija Horizont\u0101l\u0101 Istaba","og_url":"https:\/\/metaltale.com\/lv\/produkts\/metala-dekorativa-plaksnite-jack-daniels-no-7\/","og_site_name":"MetalTale.com","twitter_card":"summary_large_image","twitter_misc":{"Est. reading time":"1 minute"},"schema":{"@context":"https:\/\/schema.org","@graph":[{"@type":"WebPage","@id":"https:\/\/metaltale.com\/lv\/produkts\/metala-dekorativa-plaksnite-jack-daniels-no-7\/","url":"https:\/\/metaltale.com\/lv\/produkts\/metala-dekorativa-plaksnite-jack-daniels-no-7\/","name":"Met\u0101la dekorat\u012bv\u0101 pl\u0101ksn\u012bte JACK DANIEL'S NO. 7 - MetalTale.com","isPartOf":{"@id":"https:\/\/metaltale.com\/lv\/#website"},"primaryImageOfPage":{"@id":"https:\/\/metaltale.com\/lv\/produkts\/metala-dekorativa-plaksnite-jack-daniels-no-7\/#primaryimage"},"image":{"@id":"https:\/\/metaltale.com\/lv\/produkts\/metala-dekorativa-plaksnite-jack-daniels-no-7\/#primaryimage"},"thumbnailUrl":"https:\/\/metaltale.com\/wp-content\/uploads\/2023\/09\/Metalinx117-dekoratyvinx117-plokx161tx117-JACK-DANIELS-NO.-7.jpg","datePublished":"2024-02-13T12:37:04+00:00","breadcrumb":{"@id":"https:\/\/metaltale.com\/lv\/produkts\/metala-dekorativa-plaksnite-jack-daniels-no-7\/#breadcrumb"},"inLanguage":"lv-LV","potentialAction":[{"@type":"ReadAction","target":["https:\/\/metaltale.com\/lv\/produkts\/metala-dekorativa-plaksnite-jack-daniels-no-7\/"]}]},{"@type":"ImageObject","inLanguage":"lv-LV","@id":"https:\/\/metaltale.com\/lv\/produkts\/metala-dekorativa-plaksnite-jack-daniels-no-7\/#primaryimage","url":"https:\/\/metaltale.com\/wp-content\/uploads\/2023\/09\/Metalinx117-dekoratyvinx117-plokx161tx117-JACK-DANIELS-NO.-7.jpg","contentUrl":"https:\/\/metaltale.com\/wp-content\/uploads\/2023\/09\/Metalinx117-dekoratyvinx117-plokx161tx117-JACK-DANIELS-NO.-7.jpg","width":800,"height":800},{"@type":"BreadcrumbList","@id":"https:\/\/metaltale.com\/lv\/produkts\/metala-dekorativa-plaksnite-jack-daniels-no-7\/#breadcrumb","itemListElement":[{"@type":"ListItem","position":1,"name":"Home","item":"https:\/\/metaltale.com\/lv\/majas\/"},{"@type":"ListItem","position":2,"name":"Veikals","item":"https:\/\/metaltale.com\/lv\/shop\/"},{"@type":"ListItem","position":3,"name":"Met\u0101la dekorat\u012bv\u0101 pl\u0101ksn\u012bte JACK DANIEL&#8217;S NO. 7"}]},{"@type":"WebSite","@id":"https:\/\/metaltale.com\/lv\/#website","url":"https:\/\/metaltale.com\/lv\/","name":"Metaltale.com","description":"","potentialAction":[{"@type":"SearchAction","target":{"@type":"EntryPoint","urlTemplate":"https:\/\/metaltale.com\/lv\/?s={search_term_string}"},"query-input":{"@type":"PropertyValueSpecification","valueRequired":true,"valueName":"search_term_string"}}],"inLanguage":"lv-LV"}]}},"_links":{"self":[{"href":"https:\/\/metaltale.com\/lv\/wp-json\/wp\/v2\/product\/137766","targetHints":{"allow":["GET"]}}],"collection":[{"href":"https:\/\/metaltale.com\/lv\/wp-json\/wp\/v2\/product"}],"about":[{"href":"https:\/\/metaltale.com\/lv\/wp-json\/wp\/v2\/types\/product"}],"replies":[{"embeddable":true,"href":"https:\/\/metaltale.com\/lv\/wp-json\/wp\/v2\/comments?post=137766"}],"version-history":[{"count":0,"href":"https:\/\/metaltale.com\/lv\/wp-json\/wp\/v2\/product\/137766\/revisions"}],"wp:featuredmedia":[{"embeddable":true,"href":"https:\/\/metaltale.com\/lv\/wp-json\/wp\/v2\/media\/71233"}],"wp:attachment":[{"href":"https:\/\/metaltale.com\/lv\/wp-json\/wp\/v2\/media?parent=137766"}],"wp:term":[{"taxonomy":"product_brand","embeddable":true,"href":"https:\/\/metaltale.com\/lv\/wp-json\/wp\/v2\/product_brand?post=137766"},{"taxonomy":"product_cat","embeddable":true,"href":"https:\/\/metaltale.com\/lv\/wp-json\/wp\/v2\/product_cat?post=137766"},{"taxonomy":"product_tag","embeddable":true,"href":"https:\/\/metaltale.com\/lv\/wp-json\/wp\/v2\/product_tag?post=137766"}],"curies":[{"name":"wp","href":"https:\/\/api.w.org\/{rel}","templated":true}]}}