{"id":137585,"date":"2024-02-13T14:37:40","date_gmt":"2024-02-13T12:37:40","guid":{"rendered":"https:\/\/metaltale.com\/produktas\/metala-dekorativais-panelis-kreidler-florett\/"},"modified":"2024-02-13T14:37:40","modified_gmt":"2024-02-13T12:37:40","slug":"metala-dekorativais-panelis-kreidler-florett","status":"publish","type":"product","link":"https:\/\/metaltale.com\/lv\/produkts\/metala-dekorativais-panelis-kreidler-florett\/","title":{"rendered":"Met\u0101la dekorat\u012bvais panelis KREIDLER FLORETT"},"content":{"rendered":"<div class=\"prod_data\"><strong>Modelis<\/strong> IN.50156  <br \/><strong>EAN.<\/strong>  5905369907500  <br \/><strong>Platums (cm<\/strong> ) 30  <br \/><strong>Augstums (cm<\/strong> ) 20  <br \/><strong>Materi\u0101ls<\/strong> T\u0113rauds  <br \/><strong>Formos<\/strong> Sta\u010diakampio formos  <br \/><strong>Orient\u0101cija<\/strong> Horizont\u0101l\u0101  <br \/><strong>Istabas<\/strong> gar\u0101\u017ea  <br \/><strong>Motiva<\/strong> motoriz\u0101cija  <\/p>\n<p>Taisnst\u016bra formas met\u0101la pl\u0101ksne. Plak\u0101ts ir p\u0101rkl\u0101ts ar augstas nodilumiztur\u012bbas kr\u0101su un aizsarg\u0101ts ar pret nodilumu aizsarg\u0101jo\u0161u laku. Katrs eksempl\u0101rs ir iet\u012bts aizsargpl\u0113v\u0113. Pl\u0101ksne ir piestiprin\u0101ta ar smalkiem atv\u0113rumiem. Ierosin\u0101tais met\u0101la plak\u0101ts ir baud\u012bjums autosporta faniem &#8211; klasisks Kreidler uz balta, stipri novecoju\u0161a fona.  <\/p>\n<p>Produkts iepaz\u012bstina ar Kleidler Florett motociklu.<\/p>\n<p>Retro panelis b\u016bs stil\u012bgs papildin\u0101jums vintage interjera dizainam. Met\u0101la plak\u0101ts ar\u012b ir ori\u0123in\u0101la d\u0101vin\u0101juma ideja.<\/p>\n<\/div>\n","protected":false},"excerpt":{"rendered":"<p>Modelis IN.50156 EAN. 5905369907500 Platums (cm ) 30 Augstums (cm ) 20 Materi\u0101ls T\u0113rauds Formos Sta\u010diakampio formos Orient\u0101cija Horizont\u0101l\u0101 Istabas<\/p>\n","protected":false},"featured_media":88744,"comment_status":"open","ping_status":"closed","template":"","meta":{"_acf_changed":false,"pmpro_default_level":""},"product_brand":[],"product_cat":[24067],"product_tag":[],"class_list":{"0":"post-137585","1":"product","2":"type-product","3":"status-publish","4":"has-post-thumbnail","6":"product_cat-sienu-rotajumi","7":"pmpro-has-access","9":"first","10":"instock","11":"shipping-taxable","12":"purchasable","13":"product-type-simple"},"acf":[],"yoast_head":"<!-- This site is optimized with the Yoast SEO plugin v24.9 - https:\/\/yoast.com\/wordpress\/plugins\/seo\/ -->\n<title>Met\u0101la dekorat\u012bvais panelis KREIDLER FLORETT - MetalTale.com<\/title>\n<meta name=\"robots\" content=\"index, follow, max-snippet:-1, max-image-preview:large, max-video-preview:-1\" \/>\n<link rel=\"canonical\" href=\"https:\/\/metaltale.com\/lv\/produkts\/metala-dekorativais-panelis-kreidler-florett\/\" \/>\n<meta property=\"og:locale\" content=\"lv_LV\" \/>\n<meta property=\"og:type\" content=\"article\" \/>\n<meta property=\"og:title\" content=\"Met\u0101la dekorat\u012bvais panelis KREIDLER FLORETT - MetalTale.com\" \/>\n<meta property=\"og:description\" content=\"Modelis IN.50156 EAN. 5905369907500 Platums (cm ) 30 Augstums (cm ) 20 Materi\u0101ls T\u0113rauds Formos Sta\u010diakampio formos Orient\u0101cija Horizont\u0101l\u0101 Istabas\" \/>\n<meta property=\"og:url\" content=\"https:\/\/metaltale.com\/lv\/produkts\/metala-dekorativais-panelis-kreidler-florett\/\" \/>\n<meta property=\"og:site_name\" content=\"MetalTale.com\" \/>\n<meta name=\"twitter:card\" content=\"summary_large_image\" \/>\n<meta name=\"twitter:label1\" content=\"Est. reading time\" \/>\n\t<meta name=\"twitter:data1\" content=\"1 minute\" \/>\n<script type=\"application\/ld+json\" class=\"yoast-schema-graph\">{\"@context\":\"https:\/\/schema.org\",\"@graph\":[{\"@type\":\"WebPage\",\"@id\":\"https:\/\/metaltale.com\/lv\/produkts\/metala-dekorativais-panelis-kreidler-florett\/\",\"url\":\"https:\/\/metaltale.com\/lv\/produkts\/metala-dekorativais-panelis-kreidler-florett\/\",\"name\":\"Met\u0101la dekorat\u012bvais panelis KREIDLER FLORETT - MetalTale.com\",\"isPartOf\":{\"@id\":\"https:\/\/metaltale.com\/lv\/#website\"},\"primaryImageOfPage\":{\"@id\":\"https:\/\/metaltale.com\/lv\/produkts\/metala-dekorativais-panelis-kreidler-florett\/#primaryimage\"},\"image\":{\"@id\":\"https:\/\/metaltale.com\/lv\/produkts\/metala-dekorativais-panelis-kreidler-florett\/#primaryimage\"},\"thumbnailUrl\":\"https:\/\/metaltale.com\/wp-content\/uploads\/2023\/10\/Metalinx117-dekoratyvinx117-plokx161tx117-KREIDLER-FLORETT.jpg\",\"datePublished\":\"2024-02-13T12:37:40+00:00\",\"breadcrumb\":{\"@id\":\"https:\/\/metaltale.com\/lv\/produkts\/metala-dekorativais-panelis-kreidler-florett\/#breadcrumb\"},\"inLanguage\":\"lv-LV\",\"potentialAction\":[{\"@type\":\"ReadAction\",\"target\":[\"https:\/\/metaltale.com\/lv\/produkts\/metala-dekorativais-panelis-kreidler-florett\/\"]}]},{\"@type\":\"ImageObject\",\"inLanguage\":\"lv-LV\",\"@id\":\"https:\/\/metaltale.com\/lv\/produkts\/metala-dekorativais-panelis-kreidler-florett\/#primaryimage\",\"url\":\"https:\/\/metaltale.com\/wp-content\/uploads\/2023\/10\/Metalinx117-dekoratyvinx117-plokx161tx117-KREIDLER-FLORETT.jpg\",\"contentUrl\":\"https:\/\/metaltale.com\/wp-content\/uploads\/2023\/10\/Metalinx117-dekoratyvinx117-plokx161tx117-KREIDLER-FLORETT.jpg\",\"width\":800,\"height\":800},{\"@type\":\"BreadcrumbList\",\"@id\":\"https:\/\/metaltale.com\/lv\/produkts\/metala-dekorativais-panelis-kreidler-florett\/#breadcrumb\",\"itemListElement\":[{\"@type\":\"ListItem\",\"position\":1,\"name\":\"Home\",\"item\":\"https:\/\/metaltale.com\/lv\/majas\/\"},{\"@type\":\"ListItem\",\"position\":2,\"name\":\"Veikals\",\"item\":\"https:\/\/metaltale.com\/lv\/shop\/\"},{\"@type\":\"ListItem\",\"position\":3,\"name\":\"Met\u0101la dekorat\u012bvais panelis KREIDLER FLORETT\"}]},{\"@type\":\"WebSite\",\"@id\":\"https:\/\/metaltale.com\/lv\/#website\",\"url\":\"https:\/\/metaltale.com\/lv\/\",\"name\":\"Metaltale.com\",\"description\":\"\",\"potentialAction\":[{\"@type\":\"SearchAction\",\"target\":{\"@type\":\"EntryPoint\",\"urlTemplate\":\"https:\/\/metaltale.com\/lv\/?s={search_term_string}\"},\"query-input\":{\"@type\":\"PropertyValueSpecification\",\"valueRequired\":true,\"valueName\":\"search_term_string\"}}],\"inLanguage\":\"lv-LV\"}]}<\/script>\n<!-- \/ Yoast SEO plugin. -->","yoast_head_json":{"title":"Met\u0101la dekorat\u012bvais panelis KREIDLER FLORETT - MetalTale.com","robots":{"index":"index","follow":"follow","max-snippet":"max-snippet:-1","max-image-preview":"max-image-preview:large","max-video-preview":"max-video-preview:-1"},"canonical":"https:\/\/metaltale.com\/lv\/produkts\/metala-dekorativais-panelis-kreidler-florett\/","og_locale":"lv_LV","og_type":"article","og_title":"Met\u0101la dekorat\u012bvais panelis KREIDLER FLORETT - MetalTale.com","og_description":"Modelis IN.50156 EAN. 5905369907500 Platums (cm ) 30 Augstums (cm ) 20 Materi\u0101ls T\u0113rauds Formos Sta\u010diakampio formos Orient\u0101cija Horizont\u0101l\u0101 Istabas","og_url":"https:\/\/metaltale.com\/lv\/produkts\/metala-dekorativais-panelis-kreidler-florett\/","og_site_name":"MetalTale.com","twitter_card":"summary_large_image","twitter_misc":{"Est. reading time":"1 minute"},"schema":{"@context":"https:\/\/schema.org","@graph":[{"@type":"WebPage","@id":"https:\/\/metaltale.com\/lv\/produkts\/metala-dekorativais-panelis-kreidler-florett\/","url":"https:\/\/metaltale.com\/lv\/produkts\/metala-dekorativais-panelis-kreidler-florett\/","name":"Met\u0101la dekorat\u012bvais panelis KREIDLER FLORETT - MetalTale.com","isPartOf":{"@id":"https:\/\/metaltale.com\/lv\/#website"},"primaryImageOfPage":{"@id":"https:\/\/metaltale.com\/lv\/produkts\/metala-dekorativais-panelis-kreidler-florett\/#primaryimage"},"image":{"@id":"https:\/\/metaltale.com\/lv\/produkts\/metala-dekorativais-panelis-kreidler-florett\/#primaryimage"},"thumbnailUrl":"https:\/\/metaltale.com\/wp-content\/uploads\/2023\/10\/Metalinx117-dekoratyvinx117-plokx161tx117-KREIDLER-FLORETT.jpg","datePublished":"2024-02-13T12:37:40+00:00","breadcrumb":{"@id":"https:\/\/metaltale.com\/lv\/produkts\/metala-dekorativais-panelis-kreidler-florett\/#breadcrumb"},"inLanguage":"lv-LV","potentialAction":[{"@type":"ReadAction","target":["https:\/\/metaltale.com\/lv\/produkts\/metala-dekorativais-panelis-kreidler-florett\/"]}]},{"@type":"ImageObject","inLanguage":"lv-LV","@id":"https:\/\/metaltale.com\/lv\/produkts\/metala-dekorativais-panelis-kreidler-florett\/#primaryimage","url":"https:\/\/metaltale.com\/wp-content\/uploads\/2023\/10\/Metalinx117-dekoratyvinx117-plokx161tx117-KREIDLER-FLORETT.jpg","contentUrl":"https:\/\/metaltale.com\/wp-content\/uploads\/2023\/10\/Metalinx117-dekoratyvinx117-plokx161tx117-KREIDLER-FLORETT.jpg","width":800,"height":800},{"@type":"BreadcrumbList","@id":"https:\/\/metaltale.com\/lv\/produkts\/metala-dekorativais-panelis-kreidler-florett\/#breadcrumb","itemListElement":[{"@type":"ListItem","position":1,"name":"Home","item":"https:\/\/metaltale.com\/lv\/majas\/"},{"@type":"ListItem","position":2,"name":"Veikals","item":"https:\/\/metaltale.com\/lv\/shop\/"},{"@type":"ListItem","position":3,"name":"Met\u0101la dekorat\u012bvais panelis KREIDLER FLORETT"}]},{"@type":"WebSite","@id":"https:\/\/metaltale.com\/lv\/#website","url":"https:\/\/metaltale.com\/lv\/","name":"Metaltale.com","description":"","potentialAction":[{"@type":"SearchAction","target":{"@type":"EntryPoint","urlTemplate":"https:\/\/metaltale.com\/lv\/?s={search_term_string}"},"query-input":{"@type":"PropertyValueSpecification","valueRequired":true,"valueName":"search_term_string"}}],"inLanguage":"lv-LV"}]}},"_links":{"self":[{"href":"https:\/\/metaltale.com\/lv\/wp-json\/wp\/v2\/product\/137585","targetHints":{"allow":["GET"]}}],"collection":[{"href":"https:\/\/metaltale.com\/lv\/wp-json\/wp\/v2\/product"}],"about":[{"href":"https:\/\/metaltale.com\/lv\/wp-json\/wp\/v2\/types\/product"}],"replies":[{"embeddable":true,"href":"https:\/\/metaltale.com\/lv\/wp-json\/wp\/v2\/comments?post=137585"}],"version-history":[{"count":0,"href":"https:\/\/metaltale.com\/lv\/wp-json\/wp\/v2\/product\/137585\/revisions"}],"wp:featuredmedia":[{"embeddable":true,"href":"https:\/\/metaltale.com\/lv\/wp-json\/wp\/v2\/media\/88744"}],"wp:attachment":[{"href":"https:\/\/metaltale.com\/lv\/wp-json\/wp\/v2\/media?parent=137585"}],"wp:term":[{"taxonomy":"product_brand","embeddable":true,"href":"https:\/\/metaltale.com\/lv\/wp-json\/wp\/v2\/product_brand?post=137585"},{"taxonomy":"product_cat","embeddable":true,"href":"https:\/\/metaltale.com\/lv\/wp-json\/wp\/v2\/product_cat?post=137585"},{"taxonomy":"product_tag","embeddable":true,"href":"https:\/\/metaltale.com\/lv\/wp-json\/wp\/v2\/product_tag?post=137585"}],"curies":[{"name":"wp","href":"https:\/\/api.w.org\/{rel}","templated":true}]}}