{"id":137402,"date":"2024-02-13T14:41:05","date_gmt":"2024-02-13T12:41:05","guid":{"rendered":"https:\/\/metaltale.com\/produktas\/lietus-dusa-roza-zelts-varis-3\/"},"modified":"2024-02-13T14:41:05","modified_gmt":"2024-02-13T12:41:05","slug":"lietus-dusa-roza-zelts-varis-3","status":"publish","type":"product","link":"https:\/\/metaltale.com\/lv\/produkts\/lietus-dusa-roza-zelts-varis-3\/","title":{"rendered":"Lietus du\u0161a roz\u0101 zelts VARIS 3"},"content":{"rendered":"<div class=\"prod_data\">WX <strong>modelis<\/strong>. SH3.CO. RZL  <br \/>Vara kolekcija <br \/><strong>EAN.<\/strong>  5905369901980  <br \/>Kop\u0113jais augstums (cm ) 8 <br \/>Kop\u0113jais diametrs (cm ) 20,5 <br \/><strong>Anti-Calc (pret ka\u013c\u0137i<\/strong> ) N\u0113  <br \/>Kr\u0101sa Roz\u0101 zelts <br \/>Apdares sp\u012bdums <br \/>Regul\u0113jams du\u0161as galvas le\u0146\u0137is <br \/>PAPILDU INFORM\u0100CIJA Pied\u0101v\u0101jums attiecas tikai uz du\u0161as galvi\u0146u\/ lietus du\u0161u <\/p>\n<p>&#8211; apa\u013ca lietus du\u0161a ar 20,5 cm diametru<br \/>&#8211; lodveida savienojums<br \/>&#8211; lietus straume<br \/>&#8211; lietus du\u0161a piem\u0113rota &#8220;Copper&#8221;, &#8220;Gleam&#8221; kolekcijai<br \/>&#8211; Lietus du\u0161a bez rokas<\/p>\n<hr>\n<p>Elegants retro dizains viesiem j\u016bsu vannas istab\u0101? Iesp\u0113jams, man tr\u016bkst k\u0101da elementa, kas izceltu \u0161o unik\u0101lo atmosf\u0113ru. Retro lietus du\u0161a roz\u0101 zelt\u0101 iepriecin\u0101s pat vispras\u012bg\u0101kos klientus. Galvas iek\u0161pus\u0113 eso\u0161ais aerators nodro\u0161ina \u0113rtu vanno\u0161anu, nov\u0113r\u0161ot iesp\u0113jamos spiediena k\u0101pumus \u016bdens pl\u016bsmas laik\u0101.<\/p>\n<\/div>\n","protected":false},"excerpt":{"rendered":"<p>WX modelis. SH3.CO. RZL Vara kolekcija EAN. 5905369901980 Kop\u0113jais augstums (cm ) 8 Kop\u0113jais diametrs (cm ) 20,5 Anti-Calc (pret<\/p>\n","protected":false},"featured_media":89782,"comment_status":"open","ping_status":"closed","template":"","meta":{"_acf_changed":false,"pmpro_default_level":""},"product_brand":[],"product_cat":[24101],"product_tag":[],"class_list":{"0":"post-137402","1":"product","2":"type-product","3":"status-publish","4":"has-post-thumbnail","6":"product_cat-lietus-dusas-un-dusas-galvinas","7":"pmpro-has-access","9":"first","10":"instock","11":"shipping-taxable","12":"purchasable","13":"product-type-simple"},"acf":[],"yoast_head":"<!-- This site is optimized with the Yoast SEO plugin v24.9 - https:\/\/yoast.com\/wordpress\/plugins\/seo\/ -->\n<title>Lietus du\u0161a roz\u0101 zelts VARIS 3 - MetalTale.com<\/title>\n<meta name=\"robots\" content=\"index, follow, max-snippet:-1, max-image-preview:large, max-video-preview:-1\" \/>\n<link rel=\"canonical\" href=\"https:\/\/metaltale.com\/lv\/produkts\/lietus-dusa-roza-zelts-varis-3\/\" \/>\n<meta property=\"og:locale\" content=\"lv_LV\" \/>\n<meta property=\"og:type\" content=\"article\" \/>\n<meta property=\"og:title\" content=\"Lietus du\u0161a roz\u0101 zelts VARIS 3 - MetalTale.com\" \/>\n<meta property=\"og:description\" content=\"WX modelis. SH3.CO. RZL Vara kolekcija EAN. 5905369901980 Kop\u0113jais augstums (cm ) 8 Kop\u0113jais diametrs (cm ) 20,5 Anti-Calc (pret\" \/>\n<meta property=\"og:url\" content=\"https:\/\/metaltale.com\/lv\/produkts\/lietus-dusa-roza-zelts-varis-3\/\" \/>\n<meta property=\"og:site_name\" content=\"MetalTale.com\" \/>\n<meta name=\"twitter:card\" content=\"summary_large_image\" \/>\n<meta name=\"twitter:label1\" content=\"Est. reading time\" \/>\n\t<meta name=\"twitter:data1\" content=\"1 minute\" \/>\n<script type=\"application\/ld+json\" class=\"yoast-schema-graph\">{\"@context\":\"https:\/\/schema.org\",\"@graph\":[{\"@type\":\"WebPage\",\"@id\":\"https:\/\/metaltale.com\/lv\/produkts\/lietus-dusa-roza-zelts-varis-3\/\",\"url\":\"https:\/\/metaltale.com\/lv\/produkts\/lietus-dusa-roza-zelts-varis-3\/\",\"name\":\"Lietus du\u0161a roz\u0101 zelts VARIS 3 - MetalTale.com\",\"isPartOf\":{\"@id\":\"https:\/\/metaltale.com\/lv\/#website\"},\"primaryImageOfPage\":{\"@id\":\"https:\/\/metaltale.com\/lv\/produkts\/lietus-dusa-roza-zelts-varis-3\/#primaryimage\"},\"image\":{\"@id\":\"https:\/\/metaltale.com\/lv\/produkts\/lietus-dusa-roza-zelts-varis-3\/#primaryimage\"},\"thumbnailUrl\":\"https:\/\/metaltale.com\/wp-content\/uploads\/2023\/10\/Lietaus-dux161as-rox17Einis-auksas-VARIS-3.jpg\",\"datePublished\":\"2024-02-13T12:41:05+00:00\",\"breadcrumb\":{\"@id\":\"https:\/\/metaltale.com\/lv\/produkts\/lietus-dusa-roza-zelts-varis-3\/#breadcrumb\"},\"inLanguage\":\"lv-LV\",\"potentialAction\":[{\"@type\":\"ReadAction\",\"target\":[\"https:\/\/metaltale.com\/lv\/produkts\/lietus-dusa-roza-zelts-varis-3\/\"]}]},{\"@type\":\"ImageObject\",\"inLanguage\":\"lv-LV\",\"@id\":\"https:\/\/metaltale.com\/lv\/produkts\/lietus-dusa-roza-zelts-varis-3\/#primaryimage\",\"url\":\"https:\/\/metaltale.com\/wp-content\/uploads\/2023\/10\/Lietaus-dux161as-rox17Einis-auksas-VARIS-3.jpg\",\"contentUrl\":\"https:\/\/metaltale.com\/wp-content\/uploads\/2023\/10\/Lietaus-dux161as-rox17Einis-auksas-VARIS-3.jpg\",\"width\":800,\"height\":800},{\"@type\":\"BreadcrumbList\",\"@id\":\"https:\/\/metaltale.com\/lv\/produkts\/lietus-dusa-roza-zelts-varis-3\/#breadcrumb\",\"itemListElement\":[{\"@type\":\"ListItem\",\"position\":1,\"name\":\"Home\",\"item\":\"https:\/\/metaltale.com\/lv\/majas\/\"},{\"@type\":\"ListItem\",\"position\":2,\"name\":\"Veikals\",\"item\":\"https:\/\/metaltale.com\/lv\/shop\/\"},{\"@type\":\"ListItem\",\"position\":3,\"name\":\"Lietus du\u0161a roz\u0101 zelts VARIS 3\"}]},{\"@type\":\"WebSite\",\"@id\":\"https:\/\/metaltale.com\/lv\/#website\",\"url\":\"https:\/\/metaltale.com\/lv\/\",\"name\":\"Metaltale.com\",\"description\":\"\",\"potentialAction\":[{\"@type\":\"SearchAction\",\"target\":{\"@type\":\"EntryPoint\",\"urlTemplate\":\"https:\/\/metaltale.com\/lv\/?s={search_term_string}\"},\"query-input\":{\"@type\":\"PropertyValueSpecification\",\"valueRequired\":true,\"valueName\":\"search_term_string\"}}],\"inLanguage\":\"lv-LV\"}]}<\/script>\n<!-- \/ Yoast SEO plugin. -->","yoast_head_json":{"title":"Lietus du\u0161a roz\u0101 zelts VARIS 3 - MetalTale.com","robots":{"index":"index","follow":"follow","max-snippet":"max-snippet:-1","max-image-preview":"max-image-preview:large","max-video-preview":"max-video-preview:-1"},"canonical":"https:\/\/metaltale.com\/lv\/produkts\/lietus-dusa-roza-zelts-varis-3\/","og_locale":"lv_LV","og_type":"article","og_title":"Lietus du\u0161a roz\u0101 zelts VARIS 3 - MetalTale.com","og_description":"WX modelis. SH3.CO. RZL Vara kolekcija EAN. 5905369901980 Kop\u0113jais augstums (cm ) 8 Kop\u0113jais diametrs (cm ) 20,5 Anti-Calc (pret","og_url":"https:\/\/metaltale.com\/lv\/produkts\/lietus-dusa-roza-zelts-varis-3\/","og_site_name":"MetalTale.com","twitter_card":"summary_large_image","twitter_misc":{"Est. reading time":"1 minute"},"schema":{"@context":"https:\/\/schema.org","@graph":[{"@type":"WebPage","@id":"https:\/\/metaltale.com\/lv\/produkts\/lietus-dusa-roza-zelts-varis-3\/","url":"https:\/\/metaltale.com\/lv\/produkts\/lietus-dusa-roza-zelts-varis-3\/","name":"Lietus du\u0161a roz\u0101 zelts VARIS 3 - MetalTale.com","isPartOf":{"@id":"https:\/\/metaltale.com\/lv\/#website"},"primaryImageOfPage":{"@id":"https:\/\/metaltale.com\/lv\/produkts\/lietus-dusa-roza-zelts-varis-3\/#primaryimage"},"image":{"@id":"https:\/\/metaltale.com\/lv\/produkts\/lietus-dusa-roza-zelts-varis-3\/#primaryimage"},"thumbnailUrl":"https:\/\/metaltale.com\/wp-content\/uploads\/2023\/10\/Lietaus-dux161as-rox17Einis-auksas-VARIS-3.jpg","datePublished":"2024-02-13T12:41:05+00:00","breadcrumb":{"@id":"https:\/\/metaltale.com\/lv\/produkts\/lietus-dusa-roza-zelts-varis-3\/#breadcrumb"},"inLanguage":"lv-LV","potentialAction":[{"@type":"ReadAction","target":["https:\/\/metaltale.com\/lv\/produkts\/lietus-dusa-roza-zelts-varis-3\/"]}]},{"@type":"ImageObject","inLanguage":"lv-LV","@id":"https:\/\/metaltale.com\/lv\/produkts\/lietus-dusa-roza-zelts-varis-3\/#primaryimage","url":"https:\/\/metaltale.com\/wp-content\/uploads\/2023\/10\/Lietaus-dux161as-rox17Einis-auksas-VARIS-3.jpg","contentUrl":"https:\/\/metaltale.com\/wp-content\/uploads\/2023\/10\/Lietaus-dux161as-rox17Einis-auksas-VARIS-3.jpg","width":800,"height":800},{"@type":"BreadcrumbList","@id":"https:\/\/metaltale.com\/lv\/produkts\/lietus-dusa-roza-zelts-varis-3\/#breadcrumb","itemListElement":[{"@type":"ListItem","position":1,"name":"Home","item":"https:\/\/metaltale.com\/lv\/majas\/"},{"@type":"ListItem","position":2,"name":"Veikals","item":"https:\/\/metaltale.com\/lv\/shop\/"},{"@type":"ListItem","position":3,"name":"Lietus du\u0161a roz\u0101 zelts VARIS 3"}]},{"@type":"WebSite","@id":"https:\/\/metaltale.com\/lv\/#website","url":"https:\/\/metaltale.com\/lv\/","name":"Metaltale.com","description":"","potentialAction":[{"@type":"SearchAction","target":{"@type":"EntryPoint","urlTemplate":"https:\/\/metaltale.com\/lv\/?s={search_term_string}"},"query-input":{"@type":"PropertyValueSpecification","valueRequired":true,"valueName":"search_term_string"}}],"inLanguage":"lv-LV"}]}},"_links":{"self":[{"href":"https:\/\/metaltale.com\/lv\/wp-json\/wp\/v2\/product\/137402","targetHints":{"allow":["GET"]}}],"collection":[{"href":"https:\/\/metaltale.com\/lv\/wp-json\/wp\/v2\/product"}],"about":[{"href":"https:\/\/metaltale.com\/lv\/wp-json\/wp\/v2\/types\/product"}],"replies":[{"embeddable":true,"href":"https:\/\/metaltale.com\/lv\/wp-json\/wp\/v2\/comments?post=137402"}],"version-history":[{"count":0,"href":"https:\/\/metaltale.com\/lv\/wp-json\/wp\/v2\/product\/137402\/revisions"}],"wp:featuredmedia":[{"embeddable":true,"href":"https:\/\/metaltale.com\/lv\/wp-json\/wp\/v2\/media\/89782"}],"wp:attachment":[{"href":"https:\/\/metaltale.com\/lv\/wp-json\/wp\/v2\/media?parent=137402"}],"wp:term":[{"taxonomy":"product_brand","embeddable":true,"href":"https:\/\/metaltale.com\/lv\/wp-json\/wp\/v2\/product_brand?post=137402"},{"taxonomy":"product_cat","embeddable":true,"href":"https:\/\/metaltale.com\/lv\/wp-json\/wp\/v2\/product_cat?post=137402"},{"taxonomy":"product_tag","embeddable":true,"href":"https:\/\/metaltale.com\/lv\/wp-json\/wp\/v2\/product_tag?post=137402"}],"curies":[{"name":"wp","href":"https:\/\/api.w.org\/{rel}","templated":true}]}}