{"id":137401,"date":"2024-02-13T14:41:41","date_gmt":"2024-02-13T12:41:41","guid":{"rendered":"https:\/\/metaltale.com\/produktas\/melna-tiesiog-retro-1-lietus-dusas-galva\/"},"modified":"2024-02-13T14:41:41","modified_gmt":"2024-02-13T12:41:41","slug":"melna-tiesiog-retro-1-lietus-dusas-galva","status":"publish","type":"product","link":"https:\/\/metaltale.com\/lv\/produkts\/melna-tiesiog-retro-1-lietus-dusas-galva\/","title":{"rendered":"Melna TIESIOG RETRO 1 lietus du\u0161as galva"},"content":{"rendered":"<div class=\"prod_data\">WX <strong>modelis<\/strong>. SH1.SR. BLA  <br \/>York <strong>Collection<\/strong>, Vienk\u0101r\u0161i retro, Lola &amp; Lexie  <br \/><strong>EAN.<\/strong>  5905369901935  <br \/>Kop\u0113jais augstums (cm ) 8 <br \/>Kop\u0113jais diametrs (cm ) 20,5 <br \/><strong>Anti-Calc (pret ka\u013c\u0137i<\/strong> ) N\u0113  <br \/><strong>Kr\u0101sa<\/strong> Melna  <br \/>Apdare M\u012bksta, sat\u012bna efekts <br \/>Regul\u0113jams du\u0161as galvas le\u0146\u0137is <br \/>PAPILDU INFORM\u0100CIJA Pied\u0101v\u0101jums attiecas tikai uz du\u0161as galvi\u0146u\/ lietus du\u0161u <\/p>\n<p>&#8211; apa\u013ca lietus du\u0161a ar 20,5 cm diametru<br \/>&#8211; lodveida savienojums<br \/>&#8211; lietus straume<br \/>&#8211; Lietus du\u0161a iederas York, Simply Retro un Lola &amp;; Lexie kolekcij\u0101s, jo ir redzamas otas p\u0113das.<br \/>&#8211; Lietus du\u0161a bez rokas<\/p>\n<hr>\n<p>Plakan\u0101 retro lietus du\u0161a ir m\u016bsdien\u012bguma un vintage est\u0113tikas apvienojums. Lodveida savienojums \u013cauj regul\u0113t \u016bdens str\u016bklas le\u0146\u0137i atbilsto\u0161i j\u016bsu vajadz\u012bb\u0101m. Daudzie galvas punkti padara peldi jautru.<\/p>\n<\/div>\n","protected":false},"excerpt":{"rendered":"<p>WX modelis. SH1.SR. BLA York Collection, Vienk\u0101r\u0161i retro, Lola &amp; Lexie EAN. 5905369901935 Kop\u0113jais augstums (cm ) 8 Kop\u0113jais diametrs<\/p>\n","protected":false},"featured_media":89813,"comment_status":"open","ping_status":"closed","template":"","meta":{"_acf_changed":false,"pmpro_default_level":""},"product_brand":[],"product_cat":[24101],"product_tag":[],"class_list":{"0":"post-137401","1":"product","2":"type-product","3":"status-publish","4":"has-post-thumbnail","6":"product_cat-lietus-dusas-un-dusas-galvinas","7":"pmpro-has-access","9":"first","10":"instock","11":"shipping-taxable","12":"purchasable","13":"product-type-simple"},"acf":[],"yoast_head":"<!-- This site is optimized with the Yoast SEO plugin v24.9 - https:\/\/yoast.com\/wordpress\/plugins\/seo\/ -->\n<title>Melna TIESIOG RETRO 1 lietus du\u0161as galva - MetalTale.com<\/title>\n<meta name=\"robots\" content=\"index, follow, max-snippet:-1, max-image-preview:large, max-video-preview:-1\" \/>\n<link rel=\"canonical\" href=\"https:\/\/metaltale.com\/lv\/produkts\/melna-tiesiog-retro-1-lietus-dusas-galva\/\" \/>\n<meta property=\"og:locale\" content=\"lv_LV\" \/>\n<meta property=\"og:type\" content=\"article\" \/>\n<meta property=\"og:title\" content=\"Melna TIESIOG RETRO 1 lietus du\u0161as galva - MetalTale.com\" \/>\n<meta property=\"og:description\" content=\"WX modelis. SH1.SR. BLA York Collection, Vienk\u0101r\u0161i retro, Lola &amp; Lexie EAN. 5905369901935 Kop\u0113jais augstums (cm ) 8 Kop\u0113jais diametrs\" \/>\n<meta property=\"og:url\" content=\"https:\/\/metaltale.com\/lv\/produkts\/melna-tiesiog-retro-1-lietus-dusas-galva\/\" \/>\n<meta property=\"og:site_name\" content=\"MetalTale.com\" \/>\n<meta name=\"twitter:card\" content=\"summary_large_image\" \/>\n<meta name=\"twitter:label1\" content=\"Est. reading time\" \/>\n\t<meta name=\"twitter:data1\" content=\"1 minute\" \/>\n<script type=\"application\/ld+json\" class=\"yoast-schema-graph\">{\"@context\":\"https:\/\/schema.org\",\"@graph\":[{\"@type\":\"WebPage\",\"@id\":\"https:\/\/metaltale.com\/lv\/produkts\/melna-tiesiog-retro-1-lietus-dusas-galva\/\",\"url\":\"https:\/\/metaltale.com\/lv\/produkts\/melna-tiesiog-retro-1-lietus-dusas-galva\/\",\"name\":\"Melna TIESIOG RETRO 1 lietus du\u0161as galva - MetalTale.com\",\"isPartOf\":{\"@id\":\"https:\/\/metaltale.com\/lv\/#website\"},\"primaryImageOfPage\":{\"@id\":\"https:\/\/metaltale.com\/lv\/produkts\/melna-tiesiog-retro-1-lietus-dusas-galva\/#primaryimage\"},\"image\":{\"@id\":\"https:\/\/metaltale.com\/lv\/produkts\/melna-tiesiog-retro-1-lietus-dusas-galva\/#primaryimage\"},\"thumbnailUrl\":\"https:\/\/metaltale.com\/wp-content\/uploads\/2023\/10\/Deszczownica-czarna-TIESIOG-RETRO-1.jpg\",\"datePublished\":\"2024-02-13T12:41:41+00:00\",\"breadcrumb\":{\"@id\":\"https:\/\/metaltale.com\/lv\/produkts\/melna-tiesiog-retro-1-lietus-dusas-galva\/#breadcrumb\"},\"inLanguage\":\"lv-LV\",\"potentialAction\":[{\"@type\":\"ReadAction\",\"target\":[\"https:\/\/metaltale.com\/lv\/produkts\/melna-tiesiog-retro-1-lietus-dusas-galva\/\"]}]},{\"@type\":\"ImageObject\",\"inLanguage\":\"lv-LV\",\"@id\":\"https:\/\/metaltale.com\/lv\/produkts\/melna-tiesiog-retro-1-lietus-dusas-galva\/#primaryimage\",\"url\":\"https:\/\/metaltale.com\/wp-content\/uploads\/2023\/10\/Deszczownica-czarna-TIESIOG-RETRO-1.jpg\",\"contentUrl\":\"https:\/\/metaltale.com\/wp-content\/uploads\/2023\/10\/Deszczownica-czarna-TIESIOG-RETRO-1.jpg\",\"width\":800,\"height\":800},{\"@type\":\"BreadcrumbList\",\"@id\":\"https:\/\/metaltale.com\/lv\/produkts\/melna-tiesiog-retro-1-lietus-dusas-galva\/#breadcrumb\",\"itemListElement\":[{\"@type\":\"ListItem\",\"position\":1,\"name\":\"Home\",\"item\":\"https:\/\/metaltale.com\/lv\/majas\/\"},{\"@type\":\"ListItem\",\"position\":2,\"name\":\"Veikals\",\"item\":\"https:\/\/metaltale.com\/lv\/shop\/\"},{\"@type\":\"ListItem\",\"position\":3,\"name\":\"Melna TIESIOG RETRO 1 lietus du\u0161as galva\"}]},{\"@type\":\"WebSite\",\"@id\":\"https:\/\/metaltale.com\/lv\/#website\",\"url\":\"https:\/\/metaltale.com\/lv\/\",\"name\":\"Metaltale.com\",\"description\":\"\",\"potentialAction\":[{\"@type\":\"SearchAction\",\"target\":{\"@type\":\"EntryPoint\",\"urlTemplate\":\"https:\/\/metaltale.com\/lv\/?s={search_term_string}\"},\"query-input\":{\"@type\":\"PropertyValueSpecification\",\"valueRequired\":true,\"valueName\":\"search_term_string\"}}],\"inLanguage\":\"lv-LV\"}]}<\/script>\n<!-- \/ Yoast SEO plugin. -->","yoast_head_json":{"title":"Melna TIESIOG RETRO 1 lietus du\u0161as galva - MetalTale.com","robots":{"index":"index","follow":"follow","max-snippet":"max-snippet:-1","max-image-preview":"max-image-preview:large","max-video-preview":"max-video-preview:-1"},"canonical":"https:\/\/metaltale.com\/lv\/produkts\/melna-tiesiog-retro-1-lietus-dusas-galva\/","og_locale":"lv_LV","og_type":"article","og_title":"Melna TIESIOG RETRO 1 lietus du\u0161as galva - MetalTale.com","og_description":"WX modelis. SH1.SR. BLA York Collection, Vienk\u0101r\u0161i retro, Lola &amp; Lexie EAN. 5905369901935 Kop\u0113jais augstums (cm ) 8 Kop\u0113jais diametrs","og_url":"https:\/\/metaltale.com\/lv\/produkts\/melna-tiesiog-retro-1-lietus-dusas-galva\/","og_site_name":"MetalTale.com","twitter_card":"summary_large_image","twitter_misc":{"Est. reading time":"1 minute"},"schema":{"@context":"https:\/\/schema.org","@graph":[{"@type":"WebPage","@id":"https:\/\/metaltale.com\/lv\/produkts\/melna-tiesiog-retro-1-lietus-dusas-galva\/","url":"https:\/\/metaltale.com\/lv\/produkts\/melna-tiesiog-retro-1-lietus-dusas-galva\/","name":"Melna TIESIOG RETRO 1 lietus du\u0161as galva - MetalTale.com","isPartOf":{"@id":"https:\/\/metaltale.com\/lv\/#website"},"primaryImageOfPage":{"@id":"https:\/\/metaltale.com\/lv\/produkts\/melna-tiesiog-retro-1-lietus-dusas-galva\/#primaryimage"},"image":{"@id":"https:\/\/metaltale.com\/lv\/produkts\/melna-tiesiog-retro-1-lietus-dusas-galva\/#primaryimage"},"thumbnailUrl":"https:\/\/metaltale.com\/wp-content\/uploads\/2023\/10\/Deszczownica-czarna-TIESIOG-RETRO-1.jpg","datePublished":"2024-02-13T12:41:41+00:00","breadcrumb":{"@id":"https:\/\/metaltale.com\/lv\/produkts\/melna-tiesiog-retro-1-lietus-dusas-galva\/#breadcrumb"},"inLanguage":"lv-LV","potentialAction":[{"@type":"ReadAction","target":["https:\/\/metaltale.com\/lv\/produkts\/melna-tiesiog-retro-1-lietus-dusas-galva\/"]}]},{"@type":"ImageObject","inLanguage":"lv-LV","@id":"https:\/\/metaltale.com\/lv\/produkts\/melna-tiesiog-retro-1-lietus-dusas-galva\/#primaryimage","url":"https:\/\/metaltale.com\/wp-content\/uploads\/2023\/10\/Deszczownica-czarna-TIESIOG-RETRO-1.jpg","contentUrl":"https:\/\/metaltale.com\/wp-content\/uploads\/2023\/10\/Deszczownica-czarna-TIESIOG-RETRO-1.jpg","width":800,"height":800},{"@type":"BreadcrumbList","@id":"https:\/\/metaltale.com\/lv\/produkts\/melna-tiesiog-retro-1-lietus-dusas-galva\/#breadcrumb","itemListElement":[{"@type":"ListItem","position":1,"name":"Home","item":"https:\/\/metaltale.com\/lv\/majas\/"},{"@type":"ListItem","position":2,"name":"Veikals","item":"https:\/\/metaltale.com\/lv\/shop\/"},{"@type":"ListItem","position":3,"name":"Melna TIESIOG RETRO 1 lietus du\u0161as galva"}]},{"@type":"WebSite","@id":"https:\/\/metaltale.com\/lv\/#website","url":"https:\/\/metaltale.com\/lv\/","name":"Metaltale.com","description":"","potentialAction":[{"@type":"SearchAction","target":{"@type":"EntryPoint","urlTemplate":"https:\/\/metaltale.com\/lv\/?s={search_term_string}"},"query-input":{"@type":"PropertyValueSpecification","valueRequired":true,"valueName":"search_term_string"}}],"inLanguage":"lv-LV"}]}},"_links":{"self":[{"href":"https:\/\/metaltale.com\/lv\/wp-json\/wp\/v2\/product\/137401","targetHints":{"allow":["GET"]}}],"collection":[{"href":"https:\/\/metaltale.com\/lv\/wp-json\/wp\/v2\/product"}],"about":[{"href":"https:\/\/metaltale.com\/lv\/wp-json\/wp\/v2\/types\/product"}],"replies":[{"embeddable":true,"href":"https:\/\/metaltale.com\/lv\/wp-json\/wp\/v2\/comments?post=137401"}],"version-history":[{"count":0,"href":"https:\/\/metaltale.com\/lv\/wp-json\/wp\/v2\/product\/137401\/revisions"}],"wp:featuredmedia":[{"embeddable":true,"href":"https:\/\/metaltale.com\/lv\/wp-json\/wp\/v2\/media\/89813"}],"wp:attachment":[{"href":"https:\/\/metaltale.com\/lv\/wp-json\/wp\/v2\/media?parent=137401"}],"wp:term":[{"taxonomy":"product_brand","embeddable":true,"href":"https:\/\/metaltale.com\/lv\/wp-json\/wp\/v2\/product_brand?post=137401"},{"taxonomy":"product_cat","embeddable":true,"href":"https:\/\/metaltale.com\/lv\/wp-json\/wp\/v2\/product_cat?post=137401"},{"taxonomy":"product_tag","embeddable":true,"href":"https:\/\/metaltale.com\/lv\/wp-json\/wp\/v2\/product_tag?post=137401"}],"curies":[{"name":"wp","href":"https:\/\/api.w.org\/{rel}","templated":true}]}}