{"id":137399,"date":"2024-02-13T14:41:05","date_gmt":"2024-02-13T12:41:05","guid":{"rendered":"https:\/\/metaltale.com\/produktas\/lietus-dusa-antikais-misins-gold-glen-2\/"},"modified":"2024-02-13T14:41:05","modified_gmt":"2024-02-13T12:41:05","slug":"lietus-dusa-antikais-misins-gold-glen-2","status":"publish","type":"product","link":"https:\/\/metaltale.com\/lv\/produkts\/lietus-dusa-antikais-misins-gold-glen-2\/","title":{"rendered":"Lietus du\u0161a ant\u012bkais misi\u0146\u0161 GOLD GLEN 2"},"content":{"rendered":"<div class=\"prod_data\">WX <strong>modelis<\/strong>. SH2. GG. SHOWCASE  <br \/>Gold Glen kolekcija <br \/><strong>EAN.<\/strong>  5905369901911  <br \/><strong>Kop\u0113jais augstums (cm<\/strong> ) 11  <br \/>Kop\u0113jais diametrs (cm ) 20,5 <br \/>Anti-Calc (pret ka\u013c\u0137akmens ) J\u0101 <br \/>Kr\u0101sa Ant\u012bkais misi\u0146\u0161 <br \/>Apdare M\u012bksta, sat\u012bna efekts <br \/>Regul\u0113jams du\u0161as galvas le\u0146\u0137is <br \/>PAPILDU INFORM\u0100CIJA Pied\u0101v\u0101jums attiecas tikai uz du\u0161as galvi\u0146u\/ lietus du\u0161u <\/p>\n<p>&#8211; apa\u013ca lietus du\u0161a ar 20,5 cm diametru<br \/>&#8211; lodveida savienojums<br \/>&#8211; lietus straume<br \/>&#8211; Anti-Calc &#8211; sist\u0113ma pret nos\u0113dumiem  <br \/>&#8211; Lietus du\u0161a, kas piem\u0113rota kolekcijai Gold Glen<br \/>&#8211; Lietus du\u0161a bez rokas<\/p>\n<hr>\n<p>Retro lietus du\u0161a ar kupola izskatu ir piem\u0113rots glam\u016bra, retro vai lauku galma stila vannas istab\u0101m. Sist\u0113ma pret akme\u0146u veido\u0161anos ne tikai padara vanno\u0161anos pat\u012bkamu, bet ar\u012b \u013cauj viegli uztur\u0113t lietus du\u0161u t\u012bru.<\/p>\n<\/div>\n","protected":false},"excerpt":{"rendered":"<p>WX modelis. SH2. GG. SHOWCASE Gold Glen kolekcija EAN. 5905369901911 Kop\u0113jais augstums (cm ) 11 Kop\u0113jais diametrs (cm ) 20,5<\/p>\n","protected":false},"featured_media":89734,"comment_status":"open","ping_status":"closed","template":"","meta":{"_acf_changed":false,"pmpro_default_level":""},"product_brand":[],"product_cat":[24101],"product_tag":[],"class_list":{"0":"post-137399","1":"product","2":"type-product","3":"status-publish","4":"has-post-thumbnail","6":"product_cat-lietus-dusas-un-dusas-galvinas","7":"pmpro-has-access","9":"first","10":"instock","11":"shipping-taxable","12":"purchasable","13":"product-type-simple"},"acf":[],"yoast_head":"<!-- This site is optimized with the Yoast SEO plugin v24.9 - https:\/\/yoast.com\/wordpress\/plugins\/seo\/ -->\n<title>Lietus du\u0161a ant\u012bkais misi\u0146\u0161 GOLD GLEN 2 - MetalTale.com<\/title>\n<meta name=\"robots\" content=\"index, follow, max-snippet:-1, max-image-preview:large, max-video-preview:-1\" \/>\n<link rel=\"canonical\" href=\"https:\/\/metaltale.com\/lv\/produkts\/lietus-dusa-antikais-misins-gold-glen-2\/\" \/>\n<meta property=\"og:locale\" content=\"lv_LV\" \/>\n<meta property=\"og:type\" content=\"article\" \/>\n<meta property=\"og:title\" content=\"Lietus du\u0161a ant\u012bkais misi\u0146\u0161 GOLD GLEN 2 - MetalTale.com\" \/>\n<meta property=\"og:description\" content=\"WX modelis. SH2. GG. SHOWCASE Gold Glen kolekcija EAN. 5905369901911 Kop\u0113jais augstums (cm ) 11 Kop\u0113jais diametrs (cm ) 20,5\" \/>\n<meta property=\"og:url\" content=\"https:\/\/metaltale.com\/lv\/produkts\/lietus-dusa-antikais-misins-gold-glen-2\/\" \/>\n<meta property=\"og:site_name\" content=\"MetalTale.com\" \/>\n<meta name=\"twitter:card\" content=\"summary_large_image\" \/>\n<meta name=\"twitter:label1\" content=\"Est. reading time\" \/>\n\t<meta name=\"twitter:data1\" content=\"1 minute\" \/>\n<script type=\"application\/ld+json\" class=\"yoast-schema-graph\">{\"@context\":\"https:\/\/schema.org\",\"@graph\":[{\"@type\":\"WebPage\",\"@id\":\"https:\/\/metaltale.com\/lv\/produkts\/lietus-dusa-antikais-misins-gold-glen-2\/\",\"url\":\"https:\/\/metaltale.com\/lv\/produkts\/lietus-dusa-antikais-misins-gold-glen-2\/\",\"name\":\"Lietus du\u0161a ant\u012bkais misi\u0146\u0161 GOLD GLEN 2 - MetalTale.com\",\"isPartOf\":{\"@id\":\"https:\/\/metaltale.com\/lv\/#website\"},\"primaryImageOfPage\":{\"@id\":\"https:\/\/metaltale.com\/lv\/produkts\/lietus-dusa-antikais-misins-gold-glen-2\/#primaryimage\"},\"image\":{\"@id\":\"https:\/\/metaltale.com\/lv\/produkts\/lietus-dusa-antikais-misins-gold-glen-2\/#primaryimage\"},\"thumbnailUrl\":\"https:\/\/metaltale.com\/wp-content\/uploads\/2023\/10\/Lietaus-dux161as-antikvarinis-x17Ealvaris-GOLD-GLEN-2.jpg\",\"datePublished\":\"2024-02-13T12:41:05+00:00\",\"breadcrumb\":{\"@id\":\"https:\/\/metaltale.com\/lv\/produkts\/lietus-dusa-antikais-misins-gold-glen-2\/#breadcrumb\"},\"inLanguage\":\"lv-LV\",\"potentialAction\":[{\"@type\":\"ReadAction\",\"target\":[\"https:\/\/metaltale.com\/lv\/produkts\/lietus-dusa-antikais-misins-gold-glen-2\/\"]}]},{\"@type\":\"ImageObject\",\"inLanguage\":\"lv-LV\",\"@id\":\"https:\/\/metaltale.com\/lv\/produkts\/lietus-dusa-antikais-misins-gold-glen-2\/#primaryimage\",\"url\":\"https:\/\/metaltale.com\/wp-content\/uploads\/2023\/10\/Lietaus-dux161as-antikvarinis-x17Ealvaris-GOLD-GLEN-2.jpg\",\"contentUrl\":\"https:\/\/metaltale.com\/wp-content\/uploads\/2023\/10\/Lietaus-dux161as-antikvarinis-x17Ealvaris-GOLD-GLEN-2.jpg\",\"width\":800,\"height\":800},{\"@type\":\"BreadcrumbList\",\"@id\":\"https:\/\/metaltale.com\/lv\/produkts\/lietus-dusa-antikais-misins-gold-glen-2\/#breadcrumb\",\"itemListElement\":[{\"@type\":\"ListItem\",\"position\":1,\"name\":\"Home\",\"item\":\"https:\/\/metaltale.com\/lv\/majas\/\"},{\"@type\":\"ListItem\",\"position\":2,\"name\":\"Veikals\",\"item\":\"https:\/\/metaltale.com\/lv\/shop\/\"},{\"@type\":\"ListItem\",\"position\":3,\"name\":\"Lietus du\u0161a ant\u012bkais misi\u0146\u0161 GOLD GLEN 2\"}]},{\"@type\":\"WebSite\",\"@id\":\"https:\/\/metaltale.com\/lv\/#website\",\"url\":\"https:\/\/metaltale.com\/lv\/\",\"name\":\"Metaltale.com\",\"description\":\"\",\"potentialAction\":[{\"@type\":\"SearchAction\",\"target\":{\"@type\":\"EntryPoint\",\"urlTemplate\":\"https:\/\/metaltale.com\/lv\/?s={search_term_string}\"},\"query-input\":{\"@type\":\"PropertyValueSpecification\",\"valueRequired\":true,\"valueName\":\"search_term_string\"}}],\"inLanguage\":\"lv-LV\"}]}<\/script>\n<!-- \/ Yoast SEO plugin. -->","yoast_head_json":{"title":"Lietus du\u0161a ant\u012bkais misi\u0146\u0161 GOLD GLEN 2 - MetalTale.com","robots":{"index":"index","follow":"follow","max-snippet":"max-snippet:-1","max-image-preview":"max-image-preview:large","max-video-preview":"max-video-preview:-1"},"canonical":"https:\/\/metaltale.com\/lv\/produkts\/lietus-dusa-antikais-misins-gold-glen-2\/","og_locale":"lv_LV","og_type":"article","og_title":"Lietus du\u0161a ant\u012bkais misi\u0146\u0161 GOLD GLEN 2 - MetalTale.com","og_description":"WX modelis. SH2. GG. SHOWCASE Gold Glen kolekcija EAN. 5905369901911 Kop\u0113jais augstums (cm ) 11 Kop\u0113jais diametrs (cm ) 20,5","og_url":"https:\/\/metaltale.com\/lv\/produkts\/lietus-dusa-antikais-misins-gold-glen-2\/","og_site_name":"MetalTale.com","twitter_card":"summary_large_image","twitter_misc":{"Est. reading time":"1 minute"},"schema":{"@context":"https:\/\/schema.org","@graph":[{"@type":"WebPage","@id":"https:\/\/metaltale.com\/lv\/produkts\/lietus-dusa-antikais-misins-gold-glen-2\/","url":"https:\/\/metaltale.com\/lv\/produkts\/lietus-dusa-antikais-misins-gold-glen-2\/","name":"Lietus du\u0161a ant\u012bkais misi\u0146\u0161 GOLD GLEN 2 - MetalTale.com","isPartOf":{"@id":"https:\/\/metaltale.com\/lv\/#website"},"primaryImageOfPage":{"@id":"https:\/\/metaltale.com\/lv\/produkts\/lietus-dusa-antikais-misins-gold-glen-2\/#primaryimage"},"image":{"@id":"https:\/\/metaltale.com\/lv\/produkts\/lietus-dusa-antikais-misins-gold-glen-2\/#primaryimage"},"thumbnailUrl":"https:\/\/metaltale.com\/wp-content\/uploads\/2023\/10\/Lietaus-dux161as-antikvarinis-x17Ealvaris-GOLD-GLEN-2.jpg","datePublished":"2024-02-13T12:41:05+00:00","breadcrumb":{"@id":"https:\/\/metaltale.com\/lv\/produkts\/lietus-dusa-antikais-misins-gold-glen-2\/#breadcrumb"},"inLanguage":"lv-LV","potentialAction":[{"@type":"ReadAction","target":["https:\/\/metaltale.com\/lv\/produkts\/lietus-dusa-antikais-misins-gold-glen-2\/"]}]},{"@type":"ImageObject","inLanguage":"lv-LV","@id":"https:\/\/metaltale.com\/lv\/produkts\/lietus-dusa-antikais-misins-gold-glen-2\/#primaryimage","url":"https:\/\/metaltale.com\/wp-content\/uploads\/2023\/10\/Lietaus-dux161as-antikvarinis-x17Ealvaris-GOLD-GLEN-2.jpg","contentUrl":"https:\/\/metaltale.com\/wp-content\/uploads\/2023\/10\/Lietaus-dux161as-antikvarinis-x17Ealvaris-GOLD-GLEN-2.jpg","width":800,"height":800},{"@type":"BreadcrumbList","@id":"https:\/\/metaltale.com\/lv\/produkts\/lietus-dusa-antikais-misins-gold-glen-2\/#breadcrumb","itemListElement":[{"@type":"ListItem","position":1,"name":"Home","item":"https:\/\/metaltale.com\/lv\/majas\/"},{"@type":"ListItem","position":2,"name":"Veikals","item":"https:\/\/metaltale.com\/lv\/shop\/"},{"@type":"ListItem","position":3,"name":"Lietus du\u0161a ant\u012bkais misi\u0146\u0161 GOLD GLEN 2"}]},{"@type":"WebSite","@id":"https:\/\/metaltale.com\/lv\/#website","url":"https:\/\/metaltale.com\/lv\/","name":"Metaltale.com","description":"","potentialAction":[{"@type":"SearchAction","target":{"@type":"EntryPoint","urlTemplate":"https:\/\/metaltale.com\/lv\/?s={search_term_string}"},"query-input":{"@type":"PropertyValueSpecification","valueRequired":true,"valueName":"search_term_string"}}],"inLanguage":"lv-LV"}]}},"_links":{"self":[{"href":"https:\/\/metaltale.com\/lv\/wp-json\/wp\/v2\/product\/137399","targetHints":{"allow":["GET"]}}],"collection":[{"href":"https:\/\/metaltale.com\/lv\/wp-json\/wp\/v2\/product"}],"about":[{"href":"https:\/\/metaltale.com\/lv\/wp-json\/wp\/v2\/types\/product"}],"replies":[{"embeddable":true,"href":"https:\/\/metaltale.com\/lv\/wp-json\/wp\/v2\/comments?post=137399"}],"version-history":[{"count":0,"href":"https:\/\/metaltale.com\/lv\/wp-json\/wp\/v2\/product\/137399\/revisions"}],"wp:featuredmedia":[{"embeddable":true,"href":"https:\/\/metaltale.com\/lv\/wp-json\/wp\/v2\/media\/89734"}],"wp:attachment":[{"href":"https:\/\/metaltale.com\/lv\/wp-json\/wp\/v2\/media?parent=137399"}],"wp:term":[{"taxonomy":"product_brand","embeddable":true,"href":"https:\/\/metaltale.com\/lv\/wp-json\/wp\/v2\/product_brand?post=137399"},{"taxonomy":"product_cat","embeddable":true,"href":"https:\/\/metaltale.com\/lv\/wp-json\/wp\/v2\/product_cat?post=137399"},{"taxonomy":"product_tag","embeddable":true,"href":"https:\/\/metaltale.com\/lv\/wp-json\/wp\/v2\/product_tag?post=137399"}],"curies":[{"name":"wp","href":"https:\/\/api.w.org\/{rel}","templated":true}]}}