{"id":137394,"date":"2024-02-13T14:41:05","date_gmt":"2024-02-13T12:41:05","guid":{"rendered":"https:\/\/metaltale.com\/produktas\/fenix-metala-stativais-svecturis\/"},"modified":"2024-02-13T14:41:05","modified_gmt":"2024-02-13T12:41:05","slug":"fenix-metala-stativais-svecturis","status":"publish","type":"product","link":"https:\/\/metaltale.com\/lv\/produkts\/fenix-metala-stativais-svecturis\/","title":{"rendered":"FENIX met\u0101la stat\u012bvais sve\u010dturis"},"content":{"rendered":"<div class=\"prod_data\"><strong>Modelis<\/strong> AF.782.330.87  <br \/><strong>EAN.<\/strong>  5905369923746  <br \/><strong>Materi\u0101ls<\/strong> Met\u0101ls  <br \/><strong> [cm]Kop\u0113jais garums<\/strong> 24 <strong> <\/strong> <br \/><strong>Kop\u0113jais augstums (cm<\/strong> ) 11  <br \/>Kop\u0113jais platums (cm ) 10 <\/p>\n<p>&#8211; Met\u0101la sve\u010dturis ar rokturi p\u0101rn\u0113s\u0101\u0161anai<br \/>&#8211; T\u0113rauda modelis, novecojusi virsma<br \/>&#8211; mitruma iedarb\u012bba izraisa pak\u0101penisku koroziju<\/p>\n<hr>\n<p>\u0160is neparastais un ori\u0123in\u0101lais sve\u010dturis, kas izskat\u0101s p\u0113c biju\u0161\u0101s r\u016bpn\u012bcas iek\u0101rtas, ir ori\u0123in\u0101ls industri\u0101l\u0101 stila rot\u0101jums. Kastes formas pamatne, virs kuras novietota \u0161aura svece. Praktisk\u0101 atvilktn\u0113 varat glab\u0101t sve\u010du vai s\u0113rkoci\u0146u kr\u0101jumus. Unik\u0101la iez\u012bme ir ar\u012b praktiskais rokturis p\u0101rn\u0113s\u0101\u0161anai. B\u0113ni\u0146u sve\u010dturu raksturu pasv\u012btro ar\u012b noveco\u0161anas p\u0113das.<\/p>\n<\/div>\n","protected":false},"excerpt":{"rendered":"<p>Modelis AF.782.330.87 EAN. 5905369923746 Materi\u0101ls Met\u0101ls [cm]Kop\u0113jais garums 24 Kop\u0113jais augstums (cm ) 11 Kop\u0113jais platums (cm ) 10 &#8211;<\/p>\n","protected":false},"featured_media":89200,"comment_status":"open","ping_status":"closed","template":"","meta":{"_acf_changed":false,"pmpro_default_level":""},"product_brand":[],"product_cat":[24105],"product_tag":[],"class_list":{"0":"post-137394","1":"product","2":"type-product","3":"status-publish","4":"has-post-thumbnail","6":"product_cat-uzcelamie-svecturi","7":"pmpro-has-access","9":"first","10":"instock","11":"shipping-taxable","12":"purchasable","13":"product-type-simple"},"acf":[],"yoast_head":"<!-- This site is optimized with the Yoast SEO plugin v24.9 - https:\/\/yoast.com\/wordpress\/plugins\/seo\/ -->\n<title>FENIX met\u0101la stat\u012bvais sve\u010dturis - MetalTale.com<\/title>\n<meta name=\"robots\" content=\"index, follow, max-snippet:-1, max-image-preview:large, max-video-preview:-1\" \/>\n<link rel=\"canonical\" href=\"https:\/\/metaltale.com\/lv\/produkts\/fenix-metala-stativais-svecturis\/\" \/>\n<meta property=\"og:locale\" content=\"lv_LV\" \/>\n<meta property=\"og:type\" content=\"article\" \/>\n<meta property=\"og:title\" content=\"FENIX met\u0101la stat\u012bvais sve\u010dturis - MetalTale.com\" \/>\n<meta property=\"og:description\" content=\"Modelis AF.782.330.87 EAN. 5905369923746 Materi\u0101ls Met\u0101ls [cm]Kop\u0113jais garums 24 Kop\u0113jais augstums (cm ) 11 Kop\u0113jais platums (cm ) 10 &#8211;\" \/>\n<meta property=\"og:url\" content=\"https:\/\/metaltale.com\/lv\/produkts\/fenix-metala-stativais-svecturis\/\" \/>\n<meta property=\"og:site_name\" content=\"MetalTale.com\" \/>\n<meta name=\"twitter:card\" content=\"summary_large_image\" \/>\n<meta name=\"twitter:label1\" content=\"Est. reading time\" \/>\n\t<meta name=\"twitter:data1\" content=\"1 minute\" \/>\n<script type=\"application\/ld+json\" class=\"yoast-schema-graph\">{\"@context\":\"https:\/\/schema.org\",\"@graph\":[{\"@type\":\"WebPage\",\"@id\":\"https:\/\/metaltale.com\/lv\/produkts\/fenix-metala-stativais-svecturis\/\",\"url\":\"https:\/\/metaltale.com\/lv\/produkts\/fenix-metala-stativais-svecturis\/\",\"name\":\"FENIX met\u0101la stat\u012bvais sve\u010dturis - MetalTale.com\",\"isPartOf\":{\"@id\":\"https:\/\/metaltale.com\/lv\/#website\"},\"primaryImageOfPage\":{\"@id\":\"https:\/\/metaltale.com\/lv\/produkts\/fenix-metala-stativais-svecturis\/#primaryimage\"},\"image\":{\"@id\":\"https:\/\/metaltale.com\/lv\/produkts\/fenix-metala-stativais-svecturis\/#primaryimage\"},\"thumbnailUrl\":\"https:\/\/metaltale.com\/wp-content\/uploads\/2023\/10\/x17Dvakidx117-FENIX.jpg\",\"datePublished\":\"2024-02-13T12:41:05+00:00\",\"breadcrumb\":{\"@id\":\"https:\/\/metaltale.com\/lv\/produkts\/fenix-metala-stativais-svecturis\/#breadcrumb\"},\"inLanguage\":\"lv-LV\",\"potentialAction\":[{\"@type\":\"ReadAction\",\"target\":[\"https:\/\/metaltale.com\/lv\/produkts\/fenix-metala-stativais-svecturis\/\"]}]},{\"@type\":\"ImageObject\",\"inLanguage\":\"lv-LV\",\"@id\":\"https:\/\/metaltale.com\/lv\/produkts\/fenix-metala-stativais-svecturis\/#primaryimage\",\"url\":\"https:\/\/metaltale.com\/wp-content\/uploads\/2023\/10\/x17Dvakidx117-FENIX.jpg\",\"contentUrl\":\"https:\/\/metaltale.com\/wp-content\/uploads\/2023\/10\/x17Dvakidx117-FENIX.jpg\",\"width\":800,\"height\":800},{\"@type\":\"BreadcrumbList\",\"@id\":\"https:\/\/metaltale.com\/lv\/produkts\/fenix-metala-stativais-svecturis\/#breadcrumb\",\"itemListElement\":[{\"@type\":\"ListItem\",\"position\":1,\"name\":\"Home\",\"item\":\"https:\/\/metaltale.com\/lv\/majas\/\"},{\"@type\":\"ListItem\",\"position\":2,\"name\":\"Veikals\",\"item\":\"https:\/\/metaltale.com\/lv\/shop\/\"},{\"@type\":\"ListItem\",\"position\":3,\"name\":\"FENIX met\u0101la stat\u012bvais sve\u010dturis\"}]},{\"@type\":\"WebSite\",\"@id\":\"https:\/\/metaltale.com\/lv\/#website\",\"url\":\"https:\/\/metaltale.com\/lv\/\",\"name\":\"Metaltale.com\",\"description\":\"\",\"potentialAction\":[{\"@type\":\"SearchAction\",\"target\":{\"@type\":\"EntryPoint\",\"urlTemplate\":\"https:\/\/metaltale.com\/lv\/?s={search_term_string}\"},\"query-input\":{\"@type\":\"PropertyValueSpecification\",\"valueRequired\":true,\"valueName\":\"search_term_string\"}}],\"inLanguage\":\"lv-LV\"}]}<\/script>\n<!-- \/ Yoast SEO plugin. -->","yoast_head_json":{"title":"FENIX met\u0101la stat\u012bvais sve\u010dturis - MetalTale.com","robots":{"index":"index","follow":"follow","max-snippet":"max-snippet:-1","max-image-preview":"max-image-preview:large","max-video-preview":"max-video-preview:-1"},"canonical":"https:\/\/metaltale.com\/lv\/produkts\/fenix-metala-stativais-svecturis\/","og_locale":"lv_LV","og_type":"article","og_title":"FENIX met\u0101la stat\u012bvais sve\u010dturis - MetalTale.com","og_description":"Modelis AF.782.330.87 EAN. 5905369923746 Materi\u0101ls Met\u0101ls [cm]Kop\u0113jais garums 24 Kop\u0113jais augstums (cm ) 11 Kop\u0113jais platums (cm ) 10 &#8211;","og_url":"https:\/\/metaltale.com\/lv\/produkts\/fenix-metala-stativais-svecturis\/","og_site_name":"MetalTale.com","twitter_card":"summary_large_image","twitter_misc":{"Est. reading time":"1 minute"},"schema":{"@context":"https:\/\/schema.org","@graph":[{"@type":"WebPage","@id":"https:\/\/metaltale.com\/lv\/produkts\/fenix-metala-stativais-svecturis\/","url":"https:\/\/metaltale.com\/lv\/produkts\/fenix-metala-stativais-svecturis\/","name":"FENIX met\u0101la stat\u012bvais sve\u010dturis - MetalTale.com","isPartOf":{"@id":"https:\/\/metaltale.com\/lv\/#website"},"primaryImageOfPage":{"@id":"https:\/\/metaltale.com\/lv\/produkts\/fenix-metala-stativais-svecturis\/#primaryimage"},"image":{"@id":"https:\/\/metaltale.com\/lv\/produkts\/fenix-metala-stativais-svecturis\/#primaryimage"},"thumbnailUrl":"https:\/\/metaltale.com\/wp-content\/uploads\/2023\/10\/x17Dvakidx117-FENIX.jpg","datePublished":"2024-02-13T12:41:05+00:00","breadcrumb":{"@id":"https:\/\/metaltale.com\/lv\/produkts\/fenix-metala-stativais-svecturis\/#breadcrumb"},"inLanguage":"lv-LV","potentialAction":[{"@type":"ReadAction","target":["https:\/\/metaltale.com\/lv\/produkts\/fenix-metala-stativais-svecturis\/"]}]},{"@type":"ImageObject","inLanguage":"lv-LV","@id":"https:\/\/metaltale.com\/lv\/produkts\/fenix-metala-stativais-svecturis\/#primaryimage","url":"https:\/\/metaltale.com\/wp-content\/uploads\/2023\/10\/x17Dvakidx117-FENIX.jpg","contentUrl":"https:\/\/metaltale.com\/wp-content\/uploads\/2023\/10\/x17Dvakidx117-FENIX.jpg","width":800,"height":800},{"@type":"BreadcrumbList","@id":"https:\/\/metaltale.com\/lv\/produkts\/fenix-metala-stativais-svecturis\/#breadcrumb","itemListElement":[{"@type":"ListItem","position":1,"name":"Home","item":"https:\/\/metaltale.com\/lv\/majas\/"},{"@type":"ListItem","position":2,"name":"Veikals","item":"https:\/\/metaltale.com\/lv\/shop\/"},{"@type":"ListItem","position":3,"name":"FENIX met\u0101la stat\u012bvais sve\u010dturis"}]},{"@type":"WebSite","@id":"https:\/\/metaltale.com\/lv\/#website","url":"https:\/\/metaltale.com\/lv\/","name":"Metaltale.com","description":"","potentialAction":[{"@type":"SearchAction","target":{"@type":"EntryPoint","urlTemplate":"https:\/\/metaltale.com\/lv\/?s={search_term_string}"},"query-input":{"@type":"PropertyValueSpecification","valueRequired":true,"valueName":"search_term_string"}}],"inLanguage":"lv-LV"}]}},"_links":{"self":[{"href":"https:\/\/metaltale.com\/lv\/wp-json\/wp\/v2\/product\/137394","targetHints":{"allow":["GET"]}}],"collection":[{"href":"https:\/\/metaltale.com\/lv\/wp-json\/wp\/v2\/product"}],"about":[{"href":"https:\/\/metaltale.com\/lv\/wp-json\/wp\/v2\/types\/product"}],"replies":[{"embeddable":true,"href":"https:\/\/metaltale.com\/lv\/wp-json\/wp\/v2\/comments?post=137394"}],"version-history":[{"count":0,"href":"https:\/\/metaltale.com\/lv\/wp-json\/wp\/v2\/product\/137394\/revisions"}],"wp:featuredmedia":[{"embeddable":true,"href":"https:\/\/metaltale.com\/lv\/wp-json\/wp\/v2\/media\/89200"}],"wp:attachment":[{"href":"https:\/\/metaltale.com\/lv\/wp-json\/wp\/v2\/media?parent=137394"}],"wp:term":[{"taxonomy":"product_brand","embeddable":true,"href":"https:\/\/metaltale.com\/lv\/wp-json\/wp\/v2\/product_brand?post=137394"},{"taxonomy":"product_cat","embeddable":true,"href":"https:\/\/metaltale.com\/lv\/wp-json\/wp\/v2\/product_cat?post=137394"},{"taxonomy":"product_tag","embeddable":true,"href":"https:\/\/metaltale.com\/lv\/wp-json\/wp\/v2\/product_tag?post=137394"}],"curies":[{"name":"wp","href":"https:\/\/api.w.org\/{rel}","templated":true}]}}