{"id":137385,"date":"2024-02-13T14:39:55","date_gmt":"2024-02-13T12:39:55","guid":{"rendered":"https:\/\/metaltale.com\/produktas\/iris-beninu-terauda-stikla-laterna\/"},"modified":"2024-02-13T14:39:55","modified_gmt":"2024-02-13T12:39:55","slug":"iris-beninu-terauda-stikla-laterna","status":"publish","type":"product","link":"https:\/\/metaltale.com\/lv\/produkts\/iris-beninu-terauda-stikla-laterna\/","title":{"rendered":"IRIS b\u0113ni\u0146u t\u0113rauda stikla laterna"},"content":{"rendered":"<div class=\"prod_data\"><strong>Modelis<\/strong> AF.421.204.00  <br \/><strong>EAN.<\/strong>  5905369923272  <br \/><strong>Materi\u0101ls<\/strong> Met\u0101ls, stikls  <br \/><strong> [cm]Kop\u0113jais garums<\/strong> 17 <strong> <\/strong> <br \/><strong>Kop\u0113jais augstums (cm<\/strong> ) 46  <br \/><strong>Kop\u0113jais platums (cm<\/strong> ) 25  <br \/>T\u0113rauda kr\u0101sa <\/p>\n<p>&#8211; met\u0101la un stikla sve\u010du laterna<br \/>&#8211; dro\u0161s r\u0101v\u0113jsl\u0113dz\u0113js un praktisks rokturis<br \/>&#8211; maigas lodveida k\u0101jas<br \/>&#8211; mitruma iedarb\u012bba izraisa koroziju<\/p>\n<hr>\n<p>Gaismek\u013ci ir iedz\u012bvoju\u0161ies m\u016bsu m\u0101j\u0101s, lapen\u0113s un ziemas d\u0101rzos. Sve\u010du gaisma, ko t\u0101s izstaro, rada \u012bpa\u0161u siltumu, kas veicina \u012bpa\u0161i garas vakara sarunas. IRIS ir neapstr\u0101d\u0101ta met\u0101la konstrukcija, un produkta industri\u0101lo raksturu v\u0113l vair\u0101k pasv\u012btro redzam\u0101s metin\u0101juma \u0161uves un atsegt\u0101s e\u0146\u0123es. R\u016bpn\u012bcas stilu m\u012bkstina izsmalcin\u0101ts r\u0101v\u0113jsl\u0113dz\u0113js un maigas k\u0101jas. Priek\u0161roc\u012bba ir rokturis, kas atvieglo produkta lieto\u0161anu, vienlaikus nor\u0101dot uz sve\u010du s\u0101kotn\u0113jo funkciju &#8211; ce\u013ca apgaismo\u0161anu.<\/p>\n<\/div>\n","protected":false},"excerpt":{"rendered":"<p>Modelis AF.421.204.00 EAN. 5905369923272 Materi\u0101ls Met\u0101ls, stikls [cm]Kop\u0113jais garums 17 Kop\u0113jais augstums (cm ) 46 Kop\u0113jais platums (cm ) 25<\/p>\n","protected":false},"featured_media":88966,"comment_status":"open","ping_status":"closed","template":"","meta":{"_acf_changed":false,"pmpro_default_level":""},"product_brand":[],"product_cat":[24108],"product_tag":[],"class_list":{"0":"post-137385","1":"product","2":"type-product","3":"status-publish","4":"has-post-thumbnail","6":"product_cat-gaismas","7":"pmpro-has-access","9":"first","10":"instock","11":"shipping-taxable","12":"purchasable","13":"product-type-simple"},"acf":[],"yoast_head":"<!-- This site is optimized with the Yoast SEO plugin v24.9 - https:\/\/yoast.com\/wordpress\/plugins\/seo\/ -->\n<title>IRIS b\u0113ni\u0146u t\u0113rauda stikla laterna - MetalTale.com<\/title>\n<meta name=\"robots\" content=\"index, follow, max-snippet:-1, max-image-preview:large, max-video-preview:-1\" \/>\n<link rel=\"canonical\" href=\"https:\/\/metaltale.com\/lv\/produkts\/iris-beninu-terauda-stikla-laterna\/\" \/>\n<meta property=\"og:locale\" content=\"lv_LV\" \/>\n<meta property=\"og:type\" content=\"article\" \/>\n<meta property=\"og:title\" content=\"IRIS b\u0113ni\u0146u t\u0113rauda stikla laterna - MetalTale.com\" \/>\n<meta property=\"og:description\" content=\"Modelis AF.421.204.00 EAN. 5905369923272 Materi\u0101ls Met\u0101ls, stikls [cm]Kop\u0113jais garums 17 Kop\u0113jais augstums (cm ) 46 Kop\u0113jais platums (cm ) 25\" \/>\n<meta property=\"og:url\" content=\"https:\/\/metaltale.com\/lv\/produkts\/iris-beninu-terauda-stikla-laterna\/\" \/>\n<meta property=\"og:site_name\" content=\"MetalTale.com\" \/>\n<meta name=\"twitter:card\" content=\"summary_large_image\" \/>\n<meta name=\"twitter:label1\" content=\"Est. reading time\" \/>\n\t<meta name=\"twitter:data1\" content=\"1 minute\" \/>\n<script type=\"application\/ld+json\" class=\"yoast-schema-graph\">{\"@context\":\"https:\/\/schema.org\",\"@graph\":[{\"@type\":\"WebPage\",\"@id\":\"https:\/\/metaltale.com\/lv\/produkts\/iris-beninu-terauda-stikla-laterna\/\",\"url\":\"https:\/\/metaltale.com\/lv\/produkts\/iris-beninu-terauda-stikla-laterna\/\",\"name\":\"IRIS b\u0113ni\u0146u t\u0113rauda stikla laterna - MetalTale.com\",\"isPartOf\":{\"@id\":\"https:\/\/metaltale.com\/lv\/#website\"},\"primaryImageOfPage\":{\"@id\":\"https:\/\/metaltale.com\/lv\/produkts\/iris-beninu-terauda-stikla-laterna\/#primaryimage\"},\"image\":{\"@id\":\"https:\/\/metaltale.com\/lv\/produkts\/iris-beninu-terauda-stikla-laterna\/#primaryimage\"},\"thumbnailUrl\":\"https:\/\/metaltale.com\/wp-content\/uploads\/2023\/10\/IRIS-x17Eibintx173-dekoravimas.jpg\",\"datePublished\":\"2024-02-13T12:39:55+00:00\",\"breadcrumb\":{\"@id\":\"https:\/\/metaltale.com\/lv\/produkts\/iris-beninu-terauda-stikla-laterna\/#breadcrumb\"},\"inLanguage\":\"lv-LV\",\"potentialAction\":[{\"@type\":\"ReadAction\",\"target\":[\"https:\/\/metaltale.com\/lv\/produkts\/iris-beninu-terauda-stikla-laterna\/\"]}]},{\"@type\":\"ImageObject\",\"inLanguage\":\"lv-LV\",\"@id\":\"https:\/\/metaltale.com\/lv\/produkts\/iris-beninu-terauda-stikla-laterna\/#primaryimage\",\"url\":\"https:\/\/metaltale.com\/wp-content\/uploads\/2023\/10\/IRIS-x17Eibintx173-dekoravimas.jpg\",\"contentUrl\":\"https:\/\/metaltale.com\/wp-content\/uploads\/2023\/10\/IRIS-x17Eibintx173-dekoravimas.jpg\",\"width\":800,\"height\":800},{\"@type\":\"BreadcrumbList\",\"@id\":\"https:\/\/metaltale.com\/lv\/produkts\/iris-beninu-terauda-stikla-laterna\/#breadcrumb\",\"itemListElement\":[{\"@type\":\"ListItem\",\"position\":1,\"name\":\"Home\",\"item\":\"https:\/\/metaltale.com\/lv\/majas\/\"},{\"@type\":\"ListItem\",\"position\":2,\"name\":\"Veikals\",\"item\":\"https:\/\/metaltale.com\/lv\/shop\/\"},{\"@type\":\"ListItem\",\"position\":3,\"name\":\"IRIS b\u0113ni\u0146u t\u0113rauda stikla laterna\"}]},{\"@type\":\"WebSite\",\"@id\":\"https:\/\/metaltale.com\/lv\/#website\",\"url\":\"https:\/\/metaltale.com\/lv\/\",\"name\":\"Metaltale.com\",\"description\":\"\",\"potentialAction\":[{\"@type\":\"SearchAction\",\"target\":{\"@type\":\"EntryPoint\",\"urlTemplate\":\"https:\/\/metaltale.com\/lv\/?s={search_term_string}\"},\"query-input\":{\"@type\":\"PropertyValueSpecification\",\"valueRequired\":true,\"valueName\":\"search_term_string\"}}],\"inLanguage\":\"lv-LV\"}]}<\/script>\n<!-- \/ Yoast SEO plugin. -->","yoast_head_json":{"title":"IRIS b\u0113ni\u0146u t\u0113rauda stikla laterna - MetalTale.com","robots":{"index":"index","follow":"follow","max-snippet":"max-snippet:-1","max-image-preview":"max-image-preview:large","max-video-preview":"max-video-preview:-1"},"canonical":"https:\/\/metaltale.com\/lv\/produkts\/iris-beninu-terauda-stikla-laterna\/","og_locale":"lv_LV","og_type":"article","og_title":"IRIS b\u0113ni\u0146u t\u0113rauda stikla laterna - MetalTale.com","og_description":"Modelis AF.421.204.00 EAN. 5905369923272 Materi\u0101ls Met\u0101ls, stikls [cm]Kop\u0113jais garums 17 Kop\u0113jais augstums (cm ) 46 Kop\u0113jais platums (cm ) 25","og_url":"https:\/\/metaltale.com\/lv\/produkts\/iris-beninu-terauda-stikla-laterna\/","og_site_name":"MetalTale.com","twitter_card":"summary_large_image","twitter_misc":{"Est. reading time":"1 minute"},"schema":{"@context":"https:\/\/schema.org","@graph":[{"@type":"WebPage","@id":"https:\/\/metaltale.com\/lv\/produkts\/iris-beninu-terauda-stikla-laterna\/","url":"https:\/\/metaltale.com\/lv\/produkts\/iris-beninu-terauda-stikla-laterna\/","name":"IRIS b\u0113ni\u0146u t\u0113rauda stikla laterna - MetalTale.com","isPartOf":{"@id":"https:\/\/metaltale.com\/lv\/#website"},"primaryImageOfPage":{"@id":"https:\/\/metaltale.com\/lv\/produkts\/iris-beninu-terauda-stikla-laterna\/#primaryimage"},"image":{"@id":"https:\/\/metaltale.com\/lv\/produkts\/iris-beninu-terauda-stikla-laterna\/#primaryimage"},"thumbnailUrl":"https:\/\/metaltale.com\/wp-content\/uploads\/2023\/10\/IRIS-x17Eibintx173-dekoravimas.jpg","datePublished":"2024-02-13T12:39:55+00:00","breadcrumb":{"@id":"https:\/\/metaltale.com\/lv\/produkts\/iris-beninu-terauda-stikla-laterna\/#breadcrumb"},"inLanguage":"lv-LV","potentialAction":[{"@type":"ReadAction","target":["https:\/\/metaltale.com\/lv\/produkts\/iris-beninu-terauda-stikla-laterna\/"]}]},{"@type":"ImageObject","inLanguage":"lv-LV","@id":"https:\/\/metaltale.com\/lv\/produkts\/iris-beninu-terauda-stikla-laterna\/#primaryimage","url":"https:\/\/metaltale.com\/wp-content\/uploads\/2023\/10\/IRIS-x17Eibintx173-dekoravimas.jpg","contentUrl":"https:\/\/metaltale.com\/wp-content\/uploads\/2023\/10\/IRIS-x17Eibintx173-dekoravimas.jpg","width":800,"height":800},{"@type":"BreadcrumbList","@id":"https:\/\/metaltale.com\/lv\/produkts\/iris-beninu-terauda-stikla-laterna\/#breadcrumb","itemListElement":[{"@type":"ListItem","position":1,"name":"Home","item":"https:\/\/metaltale.com\/lv\/majas\/"},{"@type":"ListItem","position":2,"name":"Veikals","item":"https:\/\/metaltale.com\/lv\/shop\/"},{"@type":"ListItem","position":3,"name":"IRIS b\u0113ni\u0146u t\u0113rauda stikla laterna"}]},{"@type":"WebSite","@id":"https:\/\/metaltale.com\/lv\/#website","url":"https:\/\/metaltale.com\/lv\/","name":"Metaltale.com","description":"","potentialAction":[{"@type":"SearchAction","target":{"@type":"EntryPoint","urlTemplate":"https:\/\/metaltale.com\/lv\/?s={search_term_string}"},"query-input":{"@type":"PropertyValueSpecification","valueRequired":true,"valueName":"search_term_string"}}],"inLanguage":"lv-LV"}]}},"_links":{"self":[{"href":"https:\/\/metaltale.com\/lv\/wp-json\/wp\/v2\/product\/137385","targetHints":{"allow":["GET"]}}],"collection":[{"href":"https:\/\/metaltale.com\/lv\/wp-json\/wp\/v2\/product"}],"about":[{"href":"https:\/\/metaltale.com\/lv\/wp-json\/wp\/v2\/types\/product"}],"replies":[{"embeddable":true,"href":"https:\/\/metaltale.com\/lv\/wp-json\/wp\/v2\/comments?post=137385"}],"version-history":[{"count":0,"href":"https:\/\/metaltale.com\/lv\/wp-json\/wp\/v2\/product\/137385\/revisions"}],"wp:featuredmedia":[{"embeddable":true,"href":"https:\/\/metaltale.com\/lv\/wp-json\/wp\/v2\/media\/88966"}],"wp:attachment":[{"href":"https:\/\/metaltale.com\/lv\/wp-json\/wp\/v2\/media?parent=137385"}],"wp:term":[{"taxonomy":"product_brand","embeddable":true,"href":"https:\/\/metaltale.com\/lv\/wp-json\/wp\/v2\/product_brand?post=137385"},{"taxonomy":"product_cat","embeddable":true,"href":"https:\/\/metaltale.com\/lv\/wp-json\/wp\/v2\/product_cat?post=137385"},{"taxonomy":"product_tag","embeddable":true,"href":"https:\/\/metaltale.com\/lv\/wp-json\/wp\/v2\/product_tag?post=137385"}],"curies":[{"name":"wp","href":"https:\/\/api.w.org\/{rel}","templated":true}]}}