{"id":137381,"date":"2024-02-13T14:39:55","date_gmt":"2024-02-13T12:39:55","guid":{"rendered":"https:\/\/metaltale.com\/produktas\/manhattan-metala-dekorativa-plaksne\/"},"modified":"2024-02-13T14:39:55","modified_gmt":"2024-02-13T12:39:55","slug":"manhattan-metala-dekorativa-plaksne","status":"publish","type":"product","link":"https:\/\/metaltale.com\/lv\/produkts\/manhattan-metala-dekorativa-plaksne\/","title":{"rendered":"MANHATTAN met\u0101la dekorat\u012bv\u0101 pl\u0101ksne"},"content":{"rendered":"<div class=\"prod_data\"><strong>Modelis<\/strong> IN.10792  <br \/><strong>EAN.<\/strong>  5905369907739  <br \/><strong>Platums (cm<\/strong> ) 20  <br \/><strong>Augstums (cm<\/strong> ) 30  <br \/><strong>Materi\u0101ls<\/strong> T\u0113rauds  <br \/><strong>Formos<\/strong> Sta\u010diakampio formos  <br \/><strong>Orient\u0101cija<\/strong> Vertik\u0101l\u0101  <br \/><strong>Istaba<\/strong> B\u0101rs, kafejn\u012bca, restor\u0101ns  <br \/><strong>Motiv<\/strong> dz\u0113rieni, receptes  <\/p>\n<p>Taisnst\u016bra formas met\u0101la pl\u0101ksne. Plak\u0101ts ir p\u0101rkl\u0101ts ar augstas nodilumiztur\u012bbas kr\u0101su un aizsarg\u0101ts ar pret nodilumu aizsarg\u0101jo\u0161u laku. Grafikas un uzraksti uz pl\u0101ksn\u012btes pie\u0161\u0137ir tai unik\u0101lu izskatu un saj\u016btu, kas atg\u0101dina uzrakstus uz t\u0101feles. Katrs eksempl\u0101rs ir iet\u012bts aizsargpl\u0113v\u0113. Produkta pievilc\u012bbu pastiprina tas, ka uz pl\u0101ksn\u012btes ir nor\u0101d\u012btas faktisk\u0101s proporcijas un sast\u0101vda\u013cas, kas nepiecie\u0161amas, lai pagatavotu perfektu dz\u0113rienu. Pl\u0101ksne ir piestiprin\u0101ta ar smalkiem atv\u0113rumiem.<\/p>\n<p>Izstr\u0101d\u0101jum\u0101 ir Manhetenas dz\u0113riena recepte, ko rot\u0101 dz\u0113riena z\u012bm\u0113jums.<\/p>\n<p>Retro z\u012bme noder\u0113s ne tikai b\u0101ros, bet ar\u012b k\u0101 stil\u012bgs papildin\u0101jums vintage stila virtuves dekoram.<br \/>Met\u0101la plak\u0101ts ir ori\u0123in\u0101la d\u0101vin\u0101juma ideja.<\/p>\n<\/div>\n","protected":false},"excerpt":{"rendered":"<p>Modelis IN.10792 EAN. 5905369907739 Platums (cm ) 20 Augstums (cm ) 30 Materi\u0101ls T\u0113rauds Formos Sta\u010diakampio formos Orient\u0101cija Vertik\u0101l\u0101 Istaba<\/p>\n","protected":false},"featured_media":98200,"comment_status":"open","ping_status":"closed","template":"","meta":{"_acf_changed":false,"pmpro_default_level":""},"product_brand":[],"product_cat":[24055],"product_tag":[],"class_list":{"0":"post-137381","1":"product","2":"type-product","3":"status-publish","4":"has-post-thumbnail","6":"product_cat-rotajumi","7":"pmpro-has-access","9":"first","10":"instock","11":"shipping-taxable","12":"purchasable","13":"product-type-simple"},"acf":[],"yoast_head":"<!-- This site is optimized with the Yoast SEO plugin v24.9 - https:\/\/yoast.com\/wordpress\/plugins\/seo\/ -->\n<title>MANHATTAN met\u0101la dekorat\u012bv\u0101 pl\u0101ksne - MetalTale.com<\/title>\n<meta name=\"robots\" content=\"index, follow, max-snippet:-1, max-image-preview:large, max-video-preview:-1\" \/>\n<link rel=\"canonical\" href=\"https:\/\/metaltale.com\/lv\/produkts\/manhattan-metala-dekorativa-plaksne\/\" \/>\n<meta property=\"og:locale\" content=\"lv_LV\" \/>\n<meta property=\"og:type\" content=\"article\" \/>\n<meta property=\"og:title\" content=\"MANHATTAN met\u0101la dekorat\u012bv\u0101 pl\u0101ksne - MetalTale.com\" \/>\n<meta property=\"og:description\" content=\"Modelis IN.10792 EAN. 5905369907739 Platums (cm ) 20 Augstums (cm ) 30 Materi\u0101ls T\u0113rauds Formos Sta\u010diakampio formos Orient\u0101cija Vertik\u0101l\u0101 Istaba\" \/>\n<meta property=\"og:url\" content=\"https:\/\/metaltale.com\/lv\/produkts\/manhattan-metala-dekorativa-plaksne\/\" \/>\n<meta property=\"og:site_name\" content=\"MetalTale.com\" \/>\n<meta name=\"twitter:card\" content=\"summary_large_image\" \/>\n<meta name=\"twitter:label1\" content=\"Est. reading time\" \/>\n\t<meta name=\"twitter:data1\" content=\"1 minute\" \/>\n<script type=\"application\/ld+json\" class=\"yoast-schema-graph\">{\"@context\":\"https:\/\/schema.org\",\"@graph\":[{\"@type\":\"WebPage\",\"@id\":\"https:\/\/metaltale.com\/lv\/produkts\/manhattan-metala-dekorativa-plaksne\/\",\"url\":\"https:\/\/metaltale.com\/lv\/produkts\/manhattan-metala-dekorativa-plaksne\/\",\"name\":\"MANHATTAN met\u0101la dekorat\u012bv\u0101 pl\u0101ksne - MetalTale.com\",\"isPartOf\":{\"@id\":\"https:\/\/metaltale.com\/lv\/#website\"},\"primaryImageOfPage\":{\"@id\":\"https:\/\/metaltale.com\/lv\/produkts\/manhattan-metala-dekorativa-plaksne\/#primaryimage\"},\"image\":{\"@id\":\"https:\/\/metaltale.com\/lv\/produkts\/manhattan-metala-dekorativa-plaksne\/#primaryimage\"},\"thumbnailUrl\":\"https:\/\/metaltale.com\/wp-content\/uploads\/2023\/11\/Dekoratyvinx117-plokx161tx117-MANHATTAN.jpg\",\"datePublished\":\"2024-02-13T12:39:55+00:00\",\"breadcrumb\":{\"@id\":\"https:\/\/metaltale.com\/lv\/produkts\/manhattan-metala-dekorativa-plaksne\/#breadcrumb\"},\"inLanguage\":\"lv-LV\",\"potentialAction\":[{\"@type\":\"ReadAction\",\"target\":[\"https:\/\/metaltale.com\/lv\/produkts\/manhattan-metala-dekorativa-plaksne\/\"]}]},{\"@type\":\"ImageObject\",\"inLanguage\":\"lv-LV\",\"@id\":\"https:\/\/metaltale.com\/lv\/produkts\/manhattan-metala-dekorativa-plaksne\/#primaryimage\",\"url\":\"https:\/\/metaltale.com\/wp-content\/uploads\/2023\/11\/Dekoratyvinx117-plokx161tx117-MANHATTAN.jpg\",\"contentUrl\":\"https:\/\/metaltale.com\/wp-content\/uploads\/2023\/11\/Dekoratyvinx117-plokx161tx117-MANHATTAN.jpg\",\"width\":800,\"height\":800},{\"@type\":\"BreadcrumbList\",\"@id\":\"https:\/\/metaltale.com\/lv\/produkts\/manhattan-metala-dekorativa-plaksne\/#breadcrumb\",\"itemListElement\":[{\"@type\":\"ListItem\",\"position\":1,\"name\":\"Home\",\"item\":\"https:\/\/metaltale.com\/lv\/majas\/\"},{\"@type\":\"ListItem\",\"position\":2,\"name\":\"Veikals\",\"item\":\"https:\/\/metaltale.com\/lv\/shop\/\"},{\"@type\":\"ListItem\",\"position\":3,\"name\":\"MANHATTAN met\u0101la dekorat\u012bv\u0101 pl\u0101ksne\"}]},{\"@type\":\"WebSite\",\"@id\":\"https:\/\/metaltale.com\/lv\/#website\",\"url\":\"https:\/\/metaltale.com\/lv\/\",\"name\":\"Metaltale.com\",\"description\":\"\",\"potentialAction\":[{\"@type\":\"SearchAction\",\"target\":{\"@type\":\"EntryPoint\",\"urlTemplate\":\"https:\/\/metaltale.com\/lv\/?s={search_term_string}\"},\"query-input\":{\"@type\":\"PropertyValueSpecification\",\"valueRequired\":true,\"valueName\":\"search_term_string\"}}],\"inLanguage\":\"lv-LV\"}]}<\/script>\n<!-- \/ Yoast SEO plugin. -->","yoast_head_json":{"title":"MANHATTAN met\u0101la dekorat\u012bv\u0101 pl\u0101ksne - MetalTale.com","robots":{"index":"index","follow":"follow","max-snippet":"max-snippet:-1","max-image-preview":"max-image-preview:large","max-video-preview":"max-video-preview:-1"},"canonical":"https:\/\/metaltale.com\/lv\/produkts\/manhattan-metala-dekorativa-plaksne\/","og_locale":"lv_LV","og_type":"article","og_title":"MANHATTAN met\u0101la dekorat\u012bv\u0101 pl\u0101ksne - MetalTale.com","og_description":"Modelis IN.10792 EAN. 5905369907739 Platums (cm ) 20 Augstums (cm ) 30 Materi\u0101ls T\u0113rauds Formos Sta\u010diakampio formos Orient\u0101cija Vertik\u0101l\u0101 Istaba","og_url":"https:\/\/metaltale.com\/lv\/produkts\/manhattan-metala-dekorativa-plaksne\/","og_site_name":"MetalTale.com","twitter_card":"summary_large_image","twitter_misc":{"Est. reading time":"1 minute"},"schema":{"@context":"https:\/\/schema.org","@graph":[{"@type":"WebPage","@id":"https:\/\/metaltale.com\/lv\/produkts\/manhattan-metala-dekorativa-plaksne\/","url":"https:\/\/metaltale.com\/lv\/produkts\/manhattan-metala-dekorativa-plaksne\/","name":"MANHATTAN met\u0101la dekorat\u012bv\u0101 pl\u0101ksne - MetalTale.com","isPartOf":{"@id":"https:\/\/metaltale.com\/lv\/#website"},"primaryImageOfPage":{"@id":"https:\/\/metaltale.com\/lv\/produkts\/manhattan-metala-dekorativa-plaksne\/#primaryimage"},"image":{"@id":"https:\/\/metaltale.com\/lv\/produkts\/manhattan-metala-dekorativa-plaksne\/#primaryimage"},"thumbnailUrl":"https:\/\/metaltale.com\/wp-content\/uploads\/2023\/11\/Dekoratyvinx117-plokx161tx117-MANHATTAN.jpg","datePublished":"2024-02-13T12:39:55+00:00","breadcrumb":{"@id":"https:\/\/metaltale.com\/lv\/produkts\/manhattan-metala-dekorativa-plaksne\/#breadcrumb"},"inLanguage":"lv-LV","potentialAction":[{"@type":"ReadAction","target":["https:\/\/metaltale.com\/lv\/produkts\/manhattan-metala-dekorativa-plaksne\/"]}]},{"@type":"ImageObject","inLanguage":"lv-LV","@id":"https:\/\/metaltale.com\/lv\/produkts\/manhattan-metala-dekorativa-plaksne\/#primaryimage","url":"https:\/\/metaltale.com\/wp-content\/uploads\/2023\/11\/Dekoratyvinx117-plokx161tx117-MANHATTAN.jpg","contentUrl":"https:\/\/metaltale.com\/wp-content\/uploads\/2023\/11\/Dekoratyvinx117-plokx161tx117-MANHATTAN.jpg","width":800,"height":800},{"@type":"BreadcrumbList","@id":"https:\/\/metaltale.com\/lv\/produkts\/manhattan-metala-dekorativa-plaksne\/#breadcrumb","itemListElement":[{"@type":"ListItem","position":1,"name":"Home","item":"https:\/\/metaltale.com\/lv\/majas\/"},{"@type":"ListItem","position":2,"name":"Veikals","item":"https:\/\/metaltale.com\/lv\/shop\/"},{"@type":"ListItem","position":3,"name":"MANHATTAN met\u0101la dekorat\u012bv\u0101 pl\u0101ksne"}]},{"@type":"WebSite","@id":"https:\/\/metaltale.com\/lv\/#website","url":"https:\/\/metaltale.com\/lv\/","name":"Metaltale.com","description":"","potentialAction":[{"@type":"SearchAction","target":{"@type":"EntryPoint","urlTemplate":"https:\/\/metaltale.com\/lv\/?s={search_term_string}"},"query-input":{"@type":"PropertyValueSpecification","valueRequired":true,"valueName":"search_term_string"}}],"inLanguage":"lv-LV"}]}},"_links":{"self":[{"href":"https:\/\/metaltale.com\/lv\/wp-json\/wp\/v2\/product\/137381","targetHints":{"allow":["GET"]}}],"collection":[{"href":"https:\/\/metaltale.com\/lv\/wp-json\/wp\/v2\/product"}],"about":[{"href":"https:\/\/metaltale.com\/lv\/wp-json\/wp\/v2\/types\/product"}],"replies":[{"embeddable":true,"href":"https:\/\/metaltale.com\/lv\/wp-json\/wp\/v2\/comments?post=137381"}],"version-history":[{"count":0,"href":"https:\/\/metaltale.com\/lv\/wp-json\/wp\/v2\/product\/137381\/revisions"}],"wp:featuredmedia":[{"embeddable":true,"href":"https:\/\/metaltale.com\/lv\/wp-json\/wp\/v2\/media\/98200"}],"wp:attachment":[{"href":"https:\/\/metaltale.com\/lv\/wp-json\/wp\/v2\/media?parent=137381"}],"wp:term":[{"taxonomy":"product_brand","embeddable":true,"href":"https:\/\/metaltale.com\/lv\/wp-json\/wp\/v2\/product_brand?post=137381"},{"taxonomy":"product_cat","embeddable":true,"href":"https:\/\/metaltale.com\/lv\/wp-json\/wp\/v2\/product_cat?post=137381"},{"taxonomy":"product_tag","embeddable":true,"href":"https:\/\/metaltale.com\/lv\/wp-json\/wp\/v2\/product_tag?post=137381"}],"curies":[{"name":"wp","href":"https:\/\/api.w.org\/{rel}","templated":true}]}}