{"id":137378,"date":"2024-02-13T14:39:55","date_gmt":"2024-02-13T12:39:55","guid":{"rendered":"https:\/\/metaltale.com\/produktas\/dubulta-aka-ronda\/"},"modified":"2024-02-13T14:39:55","modified_gmt":"2024-02-13T12:39:55","slug":"dubulta-aka-ronda","status":"publish","type":"product","link":"https:\/\/metaltale.com\/lv\/produkts\/dubulta-aka-ronda\/","title":{"rendered":"Dubult\u0101 \u0101\u0137a RONDA"},"content":{"rendered":"<div class=\"prod_data\">\n<p><strong>Modelis<\/strong> AF.794.697.60<br \/>\n<strong>EAN.<\/strong>  5905369923074<br \/>\n<strong>Materi\u0101ls<\/strong> Met\u0101ls, \u0101da<br \/>\n<strong>Kop\u0113jais augstums (cm<\/strong> ) 14<br \/>\n<strong>Kop\u0113jais platums (cm<\/strong> ) 2<br \/>\n<strong>Kop\u0113j\u0101 projekcija (cm<\/strong> ) 6<br \/>\n<strong>Sugas<\/strong> Dubult\u0101<br \/>\nMont\u0101\u017eas skr\u016bves N\u0113<br \/>\nKr\u0101sa Melna<\/p>\n<p>Dubult\u0101 \u0101das m\u0113te\u013cu pakaram\u0101 ir lielisks veids, k\u0101 p\u0101rveidot gaiteni vai priek\u0161nams. Praktiskajam un stil\u012bgajam RONDA dr\u0113bju pakaram ir elegants un v\u012bri\u0161\u0137\u012bgs izskats, t\u0101p\u0113c tas noder\u0113s ar\u012b k\u0101 \u017eaketes pakaramais biroj\u0101. Dekorat\u012bvie sienas \u0101\u0137\u012b\u0161i \u013cauj jums izveidot jebk\u0101du kompoz\u012bciju, kas ir piem\u0113rota telpai. \u0100\u0137u daudzpus\u012bba un funkcionalit\u0101te ir neap\u0161aub\u0101ma priek\u0161roc\u012bba.<\/p>\n<\/div>\n","protected":false},"excerpt":{"rendered":"<p>Modelis AF.794.697.60 EAN. 5905369923074 Materi\u0101ls Met\u0101ls, \u0101da Kop\u0113jais augstums (cm ) 14 Kop\u0113jais platums (cm ) 2 Kop\u0113j\u0101 projekcija (cm<\/p>\n","protected":false},"featured_media":71674,"comment_status":"open","ping_status":"closed","template":"","meta":{"_acf_changed":false,"pmpro_default_level":""},"product_brand":[],"product_cat":[23837,23862],"product_tag":[],"class_list":{"0":"post-137378","1":"product","2":"type-product","3":"status-publish","4":"has-post-thumbnail","6":"product_cat-mebeles-piederumi","7":"product_cat-pakabos-ir-kabliukai-lv","8":"pmpro-has-access","10":"first","11":"instock","12":"shipping-taxable","13":"purchasable","14":"product-type-simple"},"acf":[],"yoast_head":"<!-- This site is optimized with the Yoast SEO plugin v24.9 - https:\/\/yoast.com\/wordpress\/plugins\/seo\/ -->\n<title>Dubult\u0101 \u0101\u0137a RONDA - MetalTale.com<\/title>\n<meta name=\"robots\" content=\"index, follow, max-snippet:-1, max-image-preview:large, max-video-preview:-1\" \/>\n<link rel=\"canonical\" href=\"https:\/\/metaltale.com\/lv\/produkts\/dubulta-aka-ronda\/\" \/>\n<meta property=\"og:locale\" content=\"lv_LV\" \/>\n<meta property=\"og:type\" content=\"article\" \/>\n<meta property=\"og:title\" content=\"Dubult\u0101 \u0101\u0137a RONDA - MetalTale.com\" \/>\n<meta property=\"og:description\" content=\"Modelis AF.794.697.60 EAN. 5905369923074 Materi\u0101ls Met\u0101ls, \u0101da Kop\u0113jais augstums (cm ) 14 Kop\u0113jais platums (cm ) 2 Kop\u0113j\u0101 projekcija (cm\" \/>\n<meta property=\"og:url\" content=\"https:\/\/metaltale.com\/lv\/produkts\/dubulta-aka-ronda\/\" \/>\n<meta property=\"og:site_name\" content=\"MetalTale.com\" \/>\n<meta property=\"og:image\" content=\"https:\/\/metaltale.com\/wp-content\/uploads\/2023\/09\/Dvigubas-kabliukas-RONDA.jpg\" \/>\n\t<meta property=\"og:image:width\" content=\"800\" \/>\n\t<meta property=\"og:image:height\" content=\"800\" \/>\n\t<meta property=\"og:image:type\" content=\"image\/jpeg\" \/>\n<meta name=\"twitter:card\" content=\"summary_large_image\" \/>\n<meta name=\"twitter:label1\" content=\"Est. reading time\" \/>\n\t<meta name=\"twitter:data1\" content=\"1 minute\" \/>\n<script type=\"application\/ld+json\" class=\"yoast-schema-graph\">{\"@context\":\"https:\/\/schema.org\",\"@graph\":[{\"@type\":\"WebPage\",\"@id\":\"https:\/\/metaltale.com\/lv\/produkts\/dubulta-aka-ronda\/\",\"url\":\"https:\/\/metaltale.com\/lv\/produkts\/dubulta-aka-ronda\/\",\"name\":\"Dubult\u0101 \u0101\u0137a RONDA - MetalTale.com\",\"isPartOf\":{\"@id\":\"https:\/\/metaltale.com\/lv\/#website\"},\"primaryImageOfPage\":{\"@id\":\"https:\/\/metaltale.com\/lv\/produkts\/dubulta-aka-ronda\/#primaryimage\"},\"image\":{\"@id\":\"https:\/\/metaltale.com\/lv\/produkts\/dubulta-aka-ronda\/#primaryimage\"},\"thumbnailUrl\":\"https:\/\/metaltale.com\/wp-content\/uploads\/2023\/09\/Dvigubas-kabliukas-RONDA.jpg\",\"datePublished\":\"2024-02-13T12:39:55+00:00\",\"breadcrumb\":{\"@id\":\"https:\/\/metaltale.com\/lv\/produkts\/dubulta-aka-ronda\/#breadcrumb\"},\"inLanguage\":\"lv-LV\",\"potentialAction\":[{\"@type\":\"ReadAction\",\"target\":[\"https:\/\/metaltale.com\/lv\/produkts\/dubulta-aka-ronda\/\"]}]},{\"@type\":\"ImageObject\",\"inLanguage\":\"lv-LV\",\"@id\":\"https:\/\/metaltale.com\/lv\/produkts\/dubulta-aka-ronda\/#primaryimage\",\"url\":\"https:\/\/metaltale.com\/wp-content\/uploads\/2023\/09\/Dvigubas-kabliukas-RONDA.jpg\",\"contentUrl\":\"https:\/\/metaltale.com\/wp-content\/uploads\/2023\/09\/Dvigubas-kabliukas-RONDA.jpg\",\"width\":800,\"height\":800,\"caption\":\"Dubult\u0101 \u0101\u0137a RONDA\"},{\"@type\":\"BreadcrumbList\",\"@id\":\"https:\/\/metaltale.com\/lv\/produkts\/dubulta-aka-ronda\/#breadcrumb\",\"itemListElement\":[{\"@type\":\"ListItem\",\"position\":1,\"name\":\"Home\",\"item\":\"https:\/\/metaltale.com\/lv\/majas\/\"},{\"@type\":\"ListItem\",\"position\":2,\"name\":\"Veikals\",\"item\":\"https:\/\/metaltale.com\/lv\/shop\/\"},{\"@type\":\"ListItem\",\"position\":3,\"name\":\"Dubult\u0101 \u0101\u0137a RONDA\"}]},{\"@type\":\"WebSite\",\"@id\":\"https:\/\/metaltale.com\/lv\/#website\",\"url\":\"https:\/\/metaltale.com\/lv\/\",\"name\":\"Metaltale.com\",\"description\":\"\",\"potentialAction\":[{\"@type\":\"SearchAction\",\"target\":{\"@type\":\"EntryPoint\",\"urlTemplate\":\"https:\/\/metaltale.com\/lv\/?s={search_term_string}\"},\"query-input\":{\"@type\":\"PropertyValueSpecification\",\"valueRequired\":true,\"valueName\":\"search_term_string\"}}],\"inLanguage\":\"lv-LV\"}]}<\/script>\n<!-- \/ Yoast SEO plugin. -->","yoast_head_json":{"title":"Dubult\u0101 \u0101\u0137a RONDA - MetalTale.com","robots":{"index":"index","follow":"follow","max-snippet":"max-snippet:-1","max-image-preview":"max-image-preview:large","max-video-preview":"max-video-preview:-1"},"canonical":"https:\/\/metaltale.com\/lv\/produkts\/dubulta-aka-ronda\/","og_locale":"lv_LV","og_type":"article","og_title":"Dubult\u0101 \u0101\u0137a RONDA - MetalTale.com","og_description":"Modelis AF.794.697.60 EAN. 5905369923074 Materi\u0101ls Met\u0101ls, \u0101da Kop\u0113jais augstums (cm ) 14 Kop\u0113jais platums (cm ) 2 Kop\u0113j\u0101 projekcija (cm","og_url":"https:\/\/metaltale.com\/lv\/produkts\/dubulta-aka-ronda\/","og_site_name":"MetalTale.com","og_image":[{"width":800,"height":800,"url":"https:\/\/metaltale.com\/wp-content\/uploads\/2023\/09\/Dvigubas-kabliukas-RONDA.jpg","type":"image\/jpeg"}],"twitter_card":"summary_large_image","twitter_misc":{"Est. reading time":"1 minute"},"schema":{"@context":"https:\/\/schema.org","@graph":[{"@type":"WebPage","@id":"https:\/\/metaltale.com\/lv\/produkts\/dubulta-aka-ronda\/","url":"https:\/\/metaltale.com\/lv\/produkts\/dubulta-aka-ronda\/","name":"Dubult\u0101 \u0101\u0137a RONDA - MetalTale.com","isPartOf":{"@id":"https:\/\/metaltale.com\/lv\/#website"},"primaryImageOfPage":{"@id":"https:\/\/metaltale.com\/lv\/produkts\/dubulta-aka-ronda\/#primaryimage"},"image":{"@id":"https:\/\/metaltale.com\/lv\/produkts\/dubulta-aka-ronda\/#primaryimage"},"thumbnailUrl":"https:\/\/metaltale.com\/wp-content\/uploads\/2023\/09\/Dvigubas-kabliukas-RONDA.jpg","datePublished":"2024-02-13T12:39:55+00:00","breadcrumb":{"@id":"https:\/\/metaltale.com\/lv\/produkts\/dubulta-aka-ronda\/#breadcrumb"},"inLanguage":"lv-LV","potentialAction":[{"@type":"ReadAction","target":["https:\/\/metaltale.com\/lv\/produkts\/dubulta-aka-ronda\/"]}]},{"@type":"ImageObject","inLanguage":"lv-LV","@id":"https:\/\/metaltale.com\/lv\/produkts\/dubulta-aka-ronda\/#primaryimage","url":"https:\/\/metaltale.com\/wp-content\/uploads\/2023\/09\/Dvigubas-kabliukas-RONDA.jpg","contentUrl":"https:\/\/metaltale.com\/wp-content\/uploads\/2023\/09\/Dvigubas-kabliukas-RONDA.jpg","width":800,"height":800,"caption":"Dubult\u0101 \u0101\u0137a RONDA"},{"@type":"BreadcrumbList","@id":"https:\/\/metaltale.com\/lv\/produkts\/dubulta-aka-ronda\/#breadcrumb","itemListElement":[{"@type":"ListItem","position":1,"name":"Home","item":"https:\/\/metaltale.com\/lv\/majas\/"},{"@type":"ListItem","position":2,"name":"Veikals","item":"https:\/\/metaltale.com\/lv\/shop\/"},{"@type":"ListItem","position":3,"name":"Dubult\u0101 \u0101\u0137a RONDA"}]},{"@type":"WebSite","@id":"https:\/\/metaltale.com\/lv\/#website","url":"https:\/\/metaltale.com\/lv\/","name":"Metaltale.com","description":"","potentialAction":[{"@type":"SearchAction","target":{"@type":"EntryPoint","urlTemplate":"https:\/\/metaltale.com\/lv\/?s={search_term_string}"},"query-input":{"@type":"PropertyValueSpecification","valueRequired":true,"valueName":"search_term_string"}}],"inLanguage":"lv-LV"}]}},"_links":{"self":[{"href":"https:\/\/metaltale.com\/lv\/wp-json\/wp\/v2\/product\/137378","targetHints":{"allow":["GET"]}}],"collection":[{"href":"https:\/\/metaltale.com\/lv\/wp-json\/wp\/v2\/product"}],"about":[{"href":"https:\/\/metaltale.com\/lv\/wp-json\/wp\/v2\/types\/product"}],"replies":[{"embeddable":true,"href":"https:\/\/metaltale.com\/lv\/wp-json\/wp\/v2\/comments?post=137378"}],"version-history":[{"count":0,"href":"https:\/\/metaltale.com\/lv\/wp-json\/wp\/v2\/product\/137378\/revisions"}],"wp:featuredmedia":[{"embeddable":true,"href":"https:\/\/metaltale.com\/lv\/wp-json\/wp\/v2\/media\/71674"}],"wp:attachment":[{"href":"https:\/\/metaltale.com\/lv\/wp-json\/wp\/v2\/media?parent=137378"}],"wp:term":[{"taxonomy":"product_brand","embeddable":true,"href":"https:\/\/metaltale.com\/lv\/wp-json\/wp\/v2\/product_brand?post=137378"},{"taxonomy":"product_cat","embeddable":true,"href":"https:\/\/metaltale.com\/lv\/wp-json\/wp\/v2\/product_cat?post=137378"},{"taxonomy":"product_tag","embeddable":true,"href":"https:\/\/metaltale.com\/lv\/wp-json\/wp\/v2\/product_tag?post=137378"}],"curies":[{"name":"wp","href":"https:\/\/api.w.org\/{rel}","templated":true}]}}