{"id":137373,"date":"2024-02-13T14:39:55","date_gmt":"2024-02-13T12:39:55","guid":{"rendered":"https:\/\/metaltale.com\/produktas\/lucas-piekaramie-terauda-podinu-gredzeni\/"},"modified":"2024-02-13T14:39:55","modified_gmt":"2024-02-13T12:39:55","slug":"lucas-piekaramie-terauda-podinu-gredzeni","status":"publish","type":"product","link":"https:\/\/metaltale.com\/lv\/produkts\/lucas-piekaramie-terauda-podinu-gredzeni\/","title":{"rendered":"LUCAS piekaramie t\u0113rauda podi\u0146u gredzeni"},"content":{"rendered":"<div class=\"prod_data\"><strong>Modelis<\/strong> AF.797.092-PRGR  <br \/><strong>Materi\u0101ls<\/strong> T\u0113rauds  <br \/><strong>Kop\u0113jais augstums (cm<\/strong> ) 46 \/ 39 \/ 48  <br \/><strong>Kop\u0113jais platums (cm<\/strong> ) 27 \/ 39 \/ 27  <br \/><strong>Kr\u0101sa<\/strong> Melna  <br \/>[CM] P<strong>APILDU INFORM\u0100CIJA<\/strong> Iek\u0161\u0113j\u0101 gredzena diametrs 11 \/ 10 \/ 10 <\/p>\n<p>&#8211; piekaramais poda rokturis<br \/>&#8211; izgatavots no melna t\u0113rauda<br \/>Komplekt\u0101 ir \u0137\u0113d\u012bte roktura piek\u0101r\u0161anai<\/p>\n<hr>\n<p>&#8220;Lucas s\u0113rija pied\u0101v\u0101 modernu alternat\u012bvu klasiskaj\u0101m piekarin\u0101maj\u0101m pu\u0137u dob\u0113m. T\u0113rauda trauku tur\u0113t\u0101ja \u0123eometrisk\u0101s formas pie\u0161\u0137ir tam p\u0101rlaic\u012bgu skaistumu un daudzpus\u012bbu, kas \u013cauj to izmantot da\u017e\u0101dos stilos. Roktura raksturu var main\u012bt, izmantojot podi\u0146u &#8211; t\u0101 materi\u0101lu, rakstu un kr\u0101su.<\/p>\n<p>Tie\u0161a un ilgsto\u0161a mitruma iedarb\u012bba var saboj\u0101t izstr\u0101d\u0101jumu.<\/p>\n<\/div>\n","protected":false},"excerpt":{"rendered":"<p>Modelis AF.797.092-PRGR Materi\u0101ls T\u0113rauds Kop\u0113jais augstums (cm ) 46 \/ 39 \/ 48 Kop\u0113jais platums (cm ) 27 \/ 39<\/p>\n","protected":false},"featured_media":71710,"comment_status":"open","ping_status":"closed","template":"","meta":{"_acf_changed":false,"pmpro_default_level":""},"product_brand":[],"product_cat":[24055],"product_tag":[],"class_list":{"0":"post-137373","1":"product","2":"type-product","3":"status-publish","4":"has-post-thumbnail","6":"product_cat-rotajumi","7":"pmpro-has-access","9":"first","10":"instock","11":"shipping-taxable","12":"purchasable","13":"product-type-simple"},"acf":[],"yoast_head":"<!-- This site is optimized with the Yoast SEO plugin v24.9 - https:\/\/yoast.com\/wordpress\/plugins\/seo\/ -->\n<title>LUCAS piekaramie t\u0113rauda podi\u0146u gredzeni - MetalTale.com<\/title>\n<meta name=\"robots\" content=\"index, follow, max-snippet:-1, max-image-preview:large, max-video-preview:-1\" \/>\n<link rel=\"canonical\" href=\"https:\/\/metaltale.com\/lv\/produkts\/lucas-piekaramie-terauda-podinu-gredzeni\/\" \/>\n<meta property=\"og:locale\" content=\"lv_LV\" \/>\n<meta property=\"og:type\" content=\"article\" \/>\n<meta property=\"og:title\" content=\"LUCAS piekaramie t\u0113rauda podi\u0146u gredzeni - MetalTale.com\" \/>\n<meta property=\"og:description\" content=\"Modelis AF.797.092-PRGR Materi\u0101ls T\u0113rauds Kop\u0113jais augstums (cm ) 46 \/ 39 \/ 48 Kop\u0113jais platums (cm ) 27 \/ 39\" \/>\n<meta property=\"og:url\" content=\"https:\/\/metaltale.com\/lv\/produkts\/lucas-piekaramie-terauda-podinu-gredzeni\/\" \/>\n<meta property=\"og:site_name\" content=\"MetalTale.com\" \/>\n<meta name=\"twitter:card\" content=\"summary_large_image\" \/>\n<meta name=\"twitter:label1\" content=\"Est. reading time\" \/>\n\t<meta name=\"twitter:data1\" content=\"1 minute\" \/>\n<script type=\"application\/ld+json\" class=\"yoast-schema-graph\">{\"@context\":\"https:\/\/schema.org\",\"@graph\":[{\"@type\":\"WebPage\",\"@id\":\"https:\/\/metaltale.com\/lv\/produkts\/lucas-piekaramie-terauda-podinu-gredzeni\/\",\"url\":\"https:\/\/metaltale.com\/lv\/produkts\/lucas-piekaramie-terauda-podinu-gredzeni\/\",\"name\":\"LUCAS piekaramie t\u0113rauda podi\u0146u gredzeni - MetalTale.com\",\"isPartOf\":{\"@id\":\"https:\/\/metaltale.com\/lv\/#website\"},\"primaryImageOfPage\":{\"@id\":\"https:\/\/metaltale.com\/lv\/produkts\/lucas-piekaramie-terauda-podinu-gredzeni\/#primaryimage\"},\"image\":{\"@id\":\"https:\/\/metaltale.com\/lv\/produkts\/lucas-piekaramie-terauda-podinu-gredzeni\/#primaryimage\"},\"thumbnailUrl\":\"https:\/\/metaltale.com\/wp-content\/uploads\/2023\/09\/x17Diedas-gx117lix173-vazonams-LUCAS-3-TRIKAMPIS.jpg\",\"datePublished\":\"2024-02-13T12:39:55+00:00\",\"breadcrumb\":{\"@id\":\"https:\/\/metaltale.com\/lv\/produkts\/lucas-piekaramie-terauda-podinu-gredzeni\/#breadcrumb\"},\"inLanguage\":\"lv-LV\",\"potentialAction\":[{\"@type\":\"ReadAction\",\"target\":[\"https:\/\/metaltale.com\/lv\/produkts\/lucas-piekaramie-terauda-podinu-gredzeni\/\"]}]},{\"@type\":\"ImageObject\",\"inLanguage\":\"lv-LV\",\"@id\":\"https:\/\/metaltale.com\/lv\/produkts\/lucas-piekaramie-terauda-podinu-gredzeni\/#primaryimage\",\"url\":\"https:\/\/metaltale.com\/wp-content\/uploads\/2023\/09\/x17Diedas-gx117lix173-vazonams-LUCAS-3-TRIKAMPIS.jpg\",\"contentUrl\":\"https:\/\/metaltale.com\/wp-content\/uploads\/2023\/09\/x17Diedas-gx117lix173-vazonams-LUCAS-3-TRIKAMPIS.jpg\",\"width\":800,\"height\":800},{\"@type\":\"BreadcrumbList\",\"@id\":\"https:\/\/metaltale.com\/lv\/produkts\/lucas-piekaramie-terauda-podinu-gredzeni\/#breadcrumb\",\"itemListElement\":[{\"@type\":\"ListItem\",\"position\":1,\"name\":\"Home\",\"item\":\"https:\/\/metaltale.com\/lv\/majas\/\"},{\"@type\":\"ListItem\",\"position\":2,\"name\":\"Veikals\",\"item\":\"https:\/\/metaltale.com\/lv\/shop\/\"},{\"@type\":\"ListItem\",\"position\":3,\"name\":\"LUCAS piekaramie t\u0113rauda podi\u0146u gredzeni\"}]},{\"@type\":\"WebSite\",\"@id\":\"https:\/\/metaltale.com\/lv\/#website\",\"url\":\"https:\/\/metaltale.com\/lv\/\",\"name\":\"Metaltale.com\",\"description\":\"\",\"potentialAction\":[{\"@type\":\"SearchAction\",\"target\":{\"@type\":\"EntryPoint\",\"urlTemplate\":\"https:\/\/metaltale.com\/lv\/?s={search_term_string}\"},\"query-input\":{\"@type\":\"PropertyValueSpecification\",\"valueRequired\":true,\"valueName\":\"search_term_string\"}}],\"inLanguage\":\"lv-LV\"}]}<\/script>\n<!-- \/ Yoast SEO plugin. -->","yoast_head_json":{"title":"LUCAS piekaramie t\u0113rauda podi\u0146u gredzeni - MetalTale.com","robots":{"index":"index","follow":"follow","max-snippet":"max-snippet:-1","max-image-preview":"max-image-preview:large","max-video-preview":"max-video-preview:-1"},"canonical":"https:\/\/metaltale.com\/lv\/produkts\/lucas-piekaramie-terauda-podinu-gredzeni\/","og_locale":"lv_LV","og_type":"article","og_title":"LUCAS piekaramie t\u0113rauda podi\u0146u gredzeni - MetalTale.com","og_description":"Modelis AF.797.092-PRGR Materi\u0101ls T\u0113rauds Kop\u0113jais augstums (cm ) 46 \/ 39 \/ 48 Kop\u0113jais platums (cm ) 27 \/ 39","og_url":"https:\/\/metaltale.com\/lv\/produkts\/lucas-piekaramie-terauda-podinu-gredzeni\/","og_site_name":"MetalTale.com","twitter_card":"summary_large_image","twitter_misc":{"Est. reading time":"1 minute"},"schema":{"@context":"https:\/\/schema.org","@graph":[{"@type":"WebPage","@id":"https:\/\/metaltale.com\/lv\/produkts\/lucas-piekaramie-terauda-podinu-gredzeni\/","url":"https:\/\/metaltale.com\/lv\/produkts\/lucas-piekaramie-terauda-podinu-gredzeni\/","name":"LUCAS piekaramie t\u0113rauda podi\u0146u gredzeni - MetalTale.com","isPartOf":{"@id":"https:\/\/metaltale.com\/lv\/#website"},"primaryImageOfPage":{"@id":"https:\/\/metaltale.com\/lv\/produkts\/lucas-piekaramie-terauda-podinu-gredzeni\/#primaryimage"},"image":{"@id":"https:\/\/metaltale.com\/lv\/produkts\/lucas-piekaramie-terauda-podinu-gredzeni\/#primaryimage"},"thumbnailUrl":"https:\/\/metaltale.com\/wp-content\/uploads\/2023\/09\/x17Diedas-gx117lix173-vazonams-LUCAS-3-TRIKAMPIS.jpg","datePublished":"2024-02-13T12:39:55+00:00","breadcrumb":{"@id":"https:\/\/metaltale.com\/lv\/produkts\/lucas-piekaramie-terauda-podinu-gredzeni\/#breadcrumb"},"inLanguage":"lv-LV","potentialAction":[{"@type":"ReadAction","target":["https:\/\/metaltale.com\/lv\/produkts\/lucas-piekaramie-terauda-podinu-gredzeni\/"]}]},{"@type":"ImageObject","inLanguage":"lv-LV","@id":"https:\/\/metaltale.com\/lv\/produkts\/lucas-piekaramie-terauda-podinu-gredzeni\/#primaryimage","url":"https:\/\/metaltale.com\/wp-content\/uploads\/2023\/09\/x17Diedas-gx117lix173-vazonams-LUCAS-3-TRIKAMPIS.jpg","contentUrl":"https:\/\/metaltale.com\/wp-content\/uploads\/2023\/09\/x17Diedas-gx117lix173-vazonams-LUCAS-3-TRIKAMPIS.jpg","width":800,"height":800},{"@type":"BreadcrumbList","@id":"https:\/\/metaltale.com\/lv\/produkts\/lucas-piekaramie-terauda-podinu-gredzeni\/#breadcrumb","itemListElement":[{"@type":"ListItem","position":1,"name":"Home","item":"https:\/\/metaltale.com\/lv\/majas\/"},{"@type":"ListItem","position":2,"name":"Veikals","item":"https:\/\/metaltale.com\/lv\/shop\/"},{"@type":"ListItem","position":3,"name":"LUCAS piekaramie t\u0113rauda podi\u0146u gredzeni"}]},{"@type":"WebSite","@id":"https:\/\/metaltale.com\/lv\/#website","url":"https:\/\/metaltale.com\/lv\/","name":"Metaltale.com","description":"","potentialAction":[{"@type":"SearchAction","target":{"@type":"EntryPoint","urlTemplate":"https:\/\/metaltale.com\/lv\/?s={search_term_string}"},"query-input":{"@type":"PropertyValueSpecification","valueRequired":true,"valueName":"search_term_string"}}],"inLanguage":"lv-LV"}]}},"_links":{"self":[{"href":"https:\/\/metaltale.com\/lv\/wp-json\/wp\/v2\/product\/137373","targetHints":{"allow":["GET"]}}],"collection":[{"href":"https:\/\/metaltale.com\/lv\/wp-json\/wp\/v2\/product"}],"about":[{"href":"https:\/\/metaltale.com\/lv\/wp-json\/wp\/v2\/types\/product"}],"replies":[{"embeddable":true,"href":"https:\/\/metaltale.com\/lv\/wp-json\/wp\/v2\/comments?post=137373"}],"version-history":[{"count":0,"href":"https:\/\/metaltale.com\/lv\/wp-json\/wp\/v2\/product\/137373\/revisions"}],"wp:featuredmedia":[{"embeddable":true,"href":"https:\/\/metaltale.com\/lv\/wp-json\/wp\/v2\/media\/71710"}],"wp:attachment":[{"href":"https:\/\/metaltale.com\/lv\/wp-json\/wp\/v2\/media?parent=137373"}],"wp:term":[{"taxonomy":"product_brand","embeddable":true,"href":"https:\/\/metaltale.com\/lv\/wp-json\/wp\/v2\/product_brand?post=137373"},{"taxonomy":"product_cat","embeddable":true,"href":"https:\/\/metaltale.com\/lv\/wp-json\/wp\/v2\/product_cat?post=137373"},{"taxonomy":"product_tag","embeddable":true,"href":"https:\/\/metaltale.com\/lv\/wp-json\/wp\/v2\/product_tag?post=137373"}],"curies":[{"name":"wp","href":"https:\/\/api.w.org\/{rel}","templated":true}]}}