{"id":137338,"date":"2024-02-13T14:45:52","date_gmt":"2024-02-13T12:45:52","guid":{"rendered":"https:\/\/metaltale.com\/produktas\/dekorativs-metala-panelis-durys-steppenwolf\/"},"modified":"2024-02-13T14:45:52","modified_gmt":"2024-02-13T12:45:52","slug":"dekorativs-metala-panelis-durys-steppenwolf","status":"publish","type":"product","link":"https:\/\/metaltale.com\/lv\/produkts\/dekorativs-metala-panelis-durys-steppenwolf\/","title":{"rendered":"Dekorat\u012bvs met\u0101la panelis DURYS STEPPENWOLF"},"content":{"rendered":"<div class=\"prod_data\"><strong>Modelis<\/strong> IN.40119  <br \/><strong>EAN.<\/strong>  5907772077702  <br \/><strong>Orient\u0101cija<\/strong> Vertik\u0101l\u0101  <br \/><strong>Istaba<\/strong> B\u0101rs, kafejn\u012bca, restor\u0101ns  <br \/><strong>Motivs<\/strong> Cilv\u0113ki, m\u016bzika  <br \/><strong>Materi\u0101ls<\/strong> T\u0113rauds  <br \/><strong>Platums (cm<\/strong> ) 20  <br \/><strong>Augstums (cm<\/strong> ) 30  <br \/><strong>Formos<\/strong> Sta\u010diakampio formos  <\/p>\n<p>Dekorat\u012bvais panelis ir izgatavots no met\u0101la. Plak\u0101ts, kas p\u0101rkl\u0101ts ar augstas nodilumiztur\u012bbas kr\u0101su, ir papildus aizsarg\u0101ts ar pret nodilumu aizsarg\u0101jo\u0161u laku. Plak\u0101ts ir apzin\u0101ti pak\u013cauts noveco\u0161anas ietekmei, piem\u0113ram, korozijai vai kr\u0101sas mai\u0146ai. Dzeltenais fons pie\u0161\u0137ir plak\u0101tam spilgtumu, padarot to \u013coti izteiksm\u012bgu. Met\u0101la plak\u0101ts lieliski ieder\u0113sies vintage un lofta stila interjeros. Plak\u0101ts ir nostiprin\u0101ts, pateicoties smalkiem stiprin\u0101juma caurumiem.<\/p>\n<p>Uz produkta ir plak\u0101ts, kas v\u0113sta par grupas THE DOORS uzst\u0101\u0161anos.<\/p>\n<p>Met\u0101la pl\u0101ksne b\u016bs ori\u0123in\u0101ls b\u0101ru un kafejn\u012bcu rot\u0101jums.<br \/>T\u0101 b\u016bs ar\u012b lieliska d\u0101vin\u0101juma ideja, \u012bpa\u0161i grupas faniem.<\/p>\n<\/div>\n","protected":false},"excerpt":{"rendered":"<p>Modelis IN.40119 EAN. 5907772077702 Orient\u0101cija Vertik\u0101l\u0101 Istaba B\u0101rs, kafejn\u012bca, restor\u0101ns Motivs Cilv\u0113ki, m\u016bzika Materi\u0101ls T\u0113rauds Platums (cm ) 20 Augstums<\/p>\n","protected":false},"featured_media":71944,"comment_status":"open","ping_status":"closed","template":"","meta":{"_acf_changed":false,"pmpro_default_level":""},"product_brand":[],"product_cat":[24055],"product_tag":[],"class_list":{"0":"post-137338","1":"product","2":"type-product","3":"status-publish","4":"has-post-thumbnail","6":"product_cat-rotajumi","7":"pmpro-has-access","9":"first","10":"instock","11":"shipping-taxable","12":"purchasable","13":"product-type-simple"},"acf":[],"yoast_head":"<!-- This site is optimized with the Yoast SEO plugin v24.9 - https:\/\/yoast.com\/wordpress\/plugins\/seo\/ -->\n<title>Dekorat\u012bvs met\u0101la panelis DURYS STEPPENWOLF - MetalTale.com<\/title>\n<meta name=\"robots\" content=\"index, follow, max-snippet:-1, max-image-preview:large, max-video-preview:-1\" \/>\n<link rel=\"canonical\" href=\"https:\/\/metaltale.com\/lv\/produkts\/dekorativs-metala-panelis-durys-steppenwolf\/\" \/>\n<meta property=\"og:locale\" content=\"lv_LV\" \/>\n<meta property=\"og:type\" content=\"article\" \/>\n<meta property=\"og:title\" content=\"Dekorat\u012bvs met\u0101la panelis DURYS STEPPENWOLF - MetalTale.com\" \/>\n<meta property=\"og:description\" content=\"Modelis IN.40119 EAN. 5907772077702 Orient\u0101cija Vertik\u0101l\u0101 Istaba B\u0101rs, kafejn\u012bca, restor\u0101ns Motivs Cilv\u0113ki, m\u016bzika Materi\u0101ls T\u0113rauds Platums (cm ) 20 Augstums\" \/>\n<meta property=\"og:url\" content=\"https:\/\/metaltale.com\/lv\/produkts\/dekorativs-metala-panelis-durys-steppenwolf\/\" \/>\n<meta property=\"og:site_name\" content=\"MetalTale.com\" \/>\n<meta name=\"twitter:card\" content=\"summary_large_image\" \/>\n<meta name=\"twitter:label1\" content=\"Est. reading time\" \/>\n\t<meta name=\"twitter:data1\" content=\"1 minute\" \/>\n<script type=\"application\/ld+json\" class=\"yoast-schema-graph\">{\"@context\":\"https:\/\/schema.org\",\"@graph\":[{\"@type\":\"WebPage\",\"@id\":\"https:\/\/metaltale.com\/lv\/produkts\/dekorativs-metala-panelis-durys-steppenwolf\/\",\"url\":\"https:\/\/metaltale.com\/lv\/produkts\/dekorativs-metala-panelis-durys-steppenwolf\/\",\"name\":\"Dekorat\u012bvs met\u0101la panelis DURYS STEPPENWOLF - MetalTale.com\",\"isPartOf\":{\"@id\":\"https:\/\/metaltale.com\/lv\/#website\"},\"primaryImageOfPage\":{\"@id\":\"https:\/\/metaltale.com\/lv\/produkts\/dekorativs-metala-panelis-durys-steppenwolf\/#primaryimage\"},\"image\":{\"@id\":\"https:\/\/metaltale.com\/lv\/produkts\/dekorativs-metala-panelis-durys-steppenwolf\/#primaryimage\"},\"thumbnailUrl\":\"https:\/\/metaltale.com\/wp-content\/uploads\/2023\/09\/Dekoratyvinx117-metalinx117-plokx161tx117-DURYS-STEPPENWOLF.jpg\",\"datePublished\":\"2024-02-13T12:45:52+00:00\",\"breadcrumb\":{\"@id\":\"https:\/\/metaltale.com\/lv\/produkts\/dekorativs-metala-panelis-durys-steppenwolf\/#breadcrumb\"},\"inLanguage\":\"lv-LV\",\"potentialAction\":[{\"@type\":\"ReadAction\",\"target\":[\"https:\/\/metaltale.com\/lv\/produkts\/dekorativs-metala-panelis-durys-steppenwolf\/\"]}]},{\"@type\":\"ImageObject\",\"inLanguage\":\"lv-LV\",\"@id\":\"https:\/\/metaltale.com\/lv\/produkts\/dekorativs-metala-panelis-durys-steppenwolf\/#primaryimage\",\"url\":\"https:\/\/metaltale.com\/wp-content\/uploads\/2023\/09\/Dekoratyvinx117-metalinx117-plokx161tx117-DURYS-STEPPENWOLF.jpg\",\"contentUrl\":\"https:\/\/metaltale.com\/wp-content\/uploads\/2023\/09\/Dekoratyvinx117-metalinx117-plokx161tx117-DURYS-STEPPENWOLF.jpg\",\"width\":800,\"height\":800},{\"@type\":\"BreadcrumbList\",\"@id\":\"https:\/\/metaltale.com\/lv\/produkts\/dekorativs-metala-panelis-durys-steppenwolf\/#breadcrumb\",\"itemListElement\":[{\"@type\":\"ListItem\",\"position\":1,\"name\":\"Home\",\"item\":\"https:\/\/metaltale.com\/lv\/majas\/\"},{\"@type\":\"ListItem\",\"position\":2,\"name\":\"Veikals\",\"item\":\"https:\/\/metaltale.com\/lv\/shop\/\"},{\"@type\":\"ListItem\",\"position\":3,\"name\":\"Dekorat\u012bvs met\u0101la panelis DURYS STEPPENWOLF\"}]},{\"@type\":\"WebSite\",\"@id\":\"https:\/\/metaltale.com\/lv\/#website\",\"url\":\"https:\/\/metaltale.com\/lv\/\",\"name\":\"Metaltale.com\",\"description\":\"\",\"potentialAction\":[{\"@type\":\"SearchAction\",\"target\":{\"@type\":\"EntryPoint\",\"urlTemplate\":\"https:\/\/metaltale.com\/lv\/?s={search_term_string}\"},\"query-input\":{\"@type\":\"PropertyValueSpecification\",\"valueRequired\":true,\"valueName\":\"search_term_string\"}}],\"inLanguage\":\"lv-LV\"}]}<\/script>\n<!-- \/ Yoast SEO plugin. -->","yoast_head_json":{"title":"Dekorat\u012bvs met\u0101la panelis DURYS STEPPENWOLF - MetalTale.com","robots":{"index":"index","follow":"follow","max-snippet":"max-snippet:-1","max-image-preview":"max-image-preview:large","max-video-preview":"max-video-preview:-1"},"canonical":"https:\/\/metaltale.com\/lv\/produkts\/dekorativs-metala-panelis-durys-steppenwolf\/","og_locale":"lv_LV","og_type":"article","og_title":"Dekorat\u012bvs met\u0101la panelis DURYS STEPPENWOLF - MetalTale.com","og_description":"Modelis IN.40119 EAN. 5907772077702 Orient\u0101cija Vertik\u0101l\u0101 Istaba B\u0101rs, kafejn\u012bca, restor\u0101ns Motivs Cilv\u0113ki, m\u016bzika Materi\u0101ls T\u0113rauds Platums (cm ) 20 Augstums","og_url":"https:\/\/metaltale.com\/lv\/produkts\/dekorativs-metala-panelis-durys-steppenwolf\/","og_site_name":"MetalTale.com","twitter_card":"summary_large_image","twitter_misc":{"Est. reading time":"1 minute"},"schema":{"@context":"https:\/\/schema.org","@graph":[{"@type":"WebPage","@id":"https:\/\/metaltale.com\/lv\/produkts\/dekorativs-metala-panelis-durys-steppenwolf\/","url":"https:\/\/metaltale.com\/lv\/produkts\/dekorativs-metala-panelis-durys-steppenwolf\/","name":"Dekorat\u012bvs met\u0101la panelis DURYS STEPPENWOLF - MetalTale.com","isPartOf":{"@id":"https:\/\/metaltale.com\/lv\/#website"},"primaryImageOfPage":{"@id":"https:\/\/metaltale.com\/lv\/produkts\/dekorativs-metala-panelis-durys-steppenwolf\/#primaryimage"},"image":{"@id":"https:\/\/metaltale.com\/lv\/produkts\/dekorativs-metala-panelis-durys-steppenwolf\/#primaryimage"},"thumbnailUrl":"https:\/\/metaltale.com\/wp-content\/uploads\/2023\/09\/Dekoratyvinx117-metalinx117-plokx161tx117-DURYS-STEPPENWOLF.jpg","datePublished":"2024-02-13T12:45:52+00:00","breadcrumb":{"@id":"https:\/\/metaltale.com\/lv\/produkts\/dekorativs-metala-panelis-durys-steppenwolf\/#breadcrumb"},"inLanguage":"lv-LV","potentialAction":[{"@type":"ReadAction","target":["https:\/\/metaltale.com\/lv\/produkts\/dekorativs-metala-panelis-durys-steppenwolf\/"]}]},{"@type":"ImageObject","inLanguage":"lv-LV","@id":"https:\/\/metaltale.com\/lv\/produkts\/dekorativs-metala-panelis-durys-steppenwolf\/#primaryimage","url":"https:\/\/metaltale.com\/wp-content\/uploads\/2023\/09\/Dekoratyvinx117-metalinx117-plokx161tx117-DURYS-STEPPENWOLF.jpg","contentUrl":"https:\/\/metaltale.com\/wp-content\/uploads\/2023\/09\/Dekoratyvinx117-metalinx117-plokx161tx117-DURYS-STEPPENWOLF.jpg","width":800,"height":800},{"@type":"BreadcrumbList","@id":"https:\/\/metaltale.com\/lv\/produkts\/dekorativs-metala-panelis-durys-steppenwolf\/#breadcrumb","itemListElement":[{"@type":"ListItem","position":1,"name":"Home","item":"https:\/\/metaltale.com\/lv\/majas\/"},{"@type":"ListItem","position":2,"name":"Veikals","item":"https:\/\/metaltale.com\/lv\/shop\/"},{"@type":"ListItem","position":3,"name":"Dekorat\u012bvs met\u0101la panelis DURYS STEPPENWOLF"}]},{"@type":"WebSite","@id":"https:\/\/metaltale.com\/lv\/#website","url":"https:\/\/metaltale.com\/lv\/","name":"Metaltale.com","description":"","potentialAction":[{"@type":"SearchAction","target":{"@type":"EntryPoint","urlTemplate":"https:\/\/metaltale.com\/lv\/?s={search_term_string}"},"query-input":{"@type":"PropertyValueSpecification","valueRequired":true,"valueName":"search_term_string"}}],"inLanguage":"lv-LV"}]}},"_links":{"self":[{"href":"https:\/\/metaltale.com\/lv\/wp-json\/wp\/v2\/product\/137338","targetHints":{"allow":["GET"]}}],"collection":[{"href":"https:\/\/metaltale.com\/lv\/wp-json\/wp\/v2\/product"}],"about":[{"href":"https:\/\/metaltale.com\/lv\/wp-json\/wp\/v2\/types\/product"}],"replies":[{"embeddable":true,"href":"https:\/\/metaltale.com\/lv\/wp-json\/wp\/v2\/comments?post=137338"}],"version-history":[{"count":0,"href":"https:\/\/metaltale.com\/lv\/wp-json\/wp\/v2\/product\/137338\/revisions"}],"wp:featuredmedia":[{"embeddable":true,"href":"https:\/\/metaltale.com\/lv\/wp-json\/wp\/v2\/media\/71944"}],"wp:attachment":[{"href":"https:\/\/metaltale.com\/lv\/wp-json\/wp\/v2\/media?parent=137338"}],"wp:term":[{"taxonomy":"product_brand","embeddable":true,"href":"https:\/\/metaltale.com\/lv\/wp-json\/wp\/v2\/product_brand?post=137338"},{"taxonomy":"product_cat","embeddable":true,"href":"https:\/\/metaltale.com\/lv\/wp-json\/wp\/v2\/product_cat?post=137338"},{"taxonomy":"product_tag","embeddable":true,"href":"https:\/\/metaltale.com\/lv\/wp-json\/wp\/v2\/product_tag?post=137338"}],"curies":[{"name":"wp","href":"https:\/\/api.w.org\/{rel}","templated":true}]}}