{"id":137311,"date":"2024-02-13T14:45:05","date_gmt":"2024-02-13T12:45:05","guid":{"rendered":"https:\/\/metaltale.com\/produktas\/metala-mebelu-kaja-tuba-193-cm-melna\/"},"modified":"2024-02-13T14:45:05","modified_gmt":"2024-02-13T12:45:05","slug":"metala-mebelu-kaja-tuba-193-cm-melna","status":"publish","type":"product","link":"https:\/\/metaltale.com\/lv\/produkts\/metala-mebelu-kaja-tuba-193-cm-melna\/","title":{"rendered":"Met\u0101la m\u0113be\u013cu k\u0101ja TUBA 19,3 cm, melna"},"content":{"rendered":"<div class=\"prod_data\">\n<p>ZA <strong>modelis<\/strong>. N10-TH<br \/>\n<strong>Materi\u0101ls<\/strong> T\u0113rauds<br \/>\n<strong>Kop\u0113jais augstums (cm<\/strong> ) 19,3<br \/>\nKop\u0113jais diametrs (cm ) 2<br \/>\nMont\u0101\u017eas skr\u016bves N\u0113<br \/>\nKr\u0101sa Melna<br \/>\n<strong>Apdare<\/strong> Pulvera p\u0101rkl\u0101jums<\/p>\n<p>melna t\u0113rauda m\u0113be\u013cu k\u0101ja<\/p>\n<p>Viena m\u0113be\u013cu k\u0101ja \u013cauj prec\u012bzi izv\u0113l\u0113ties t\u0101s stiprin\u0101jumu pie m\u0113bel\u0113m<\/p>\n<p>melna pulverkr\u0101sota k\u0101ja ar augstu iztur\u012bbu pret skr\u0101p\u0113jumiem<\/p>\n<p>Vienk\u0101r\u0161\u0101 forma pie\u0161\u0137ir izstr\u0101d\u0101jumam daudzpus\u012bgu raksturu.<\/p>\n<p>8,2 cm gar\u0101 stiprin\u0101juma virsma nodro\u0161ina izgatavoto m\u0113be\u013cu stabiliz\u0101ciju<\/p>\n<hr>\n<p>Vienas vienk\u0101r\u0161as TUBA k\u0101jas daudzpus\u012bgais stils padara to piem\u0113rotu visda\u017e\u0101d\u0101kaj\u0101m kompoz\u012bcij\u0101m. Pulverkr\u0101sot\u0101 k\u0101ja ir iztur\u012bga pret skr\u0101p\u0113jumiem, un tum\u0161i meln\u0101 kr\u0101sa padara to par ide\u0101lu izv\u0113li retro un b\u0113ni\u0146u stila cien\u012bt\u0101jiem. \u0160is izstr\u0101d\u0101jumu veids ir ide\u0101li piem\u0113rots nestandarta m\u0113bel\u0113m ar neparastiem izm\u0113riem. \u0160o modeli var izmantot, lai izveidotu augstu podi\u0146u, k\u0101 ar\u012b tad, ja v\u0113lamies paaugstin\u0101t naktsgaldi\u0146u vai izveidot zemu kafijas galdi\u0146u. Materi\u0101la biezums un iztur\u012bg\u0101 mont\u0101\u017eas pamatne garant\u0113 stabilu m\u0113beli.<\/p>\n<\/div>\n","protected":false},"excerpt":{"rendered":"<p>ZA modelis. N10-TH Materi\u0101ls T\u0113rauds Kop\u0113jais augstums (cm ) 19,3 Kop\u0113jais diametrs (cm ) 2 Mont\u0101\u017eas skr\u016bves N\u0113 Kr\u0101sa Melna<\/p>\n","protected":false},"featured_media":119149,"comment_status":"open","ping_status":"closed","template":"","meta":{"_acf_changed":false,"pmpro_default_level":""},"product_brand":[],"product_cat":[24056,24090],"product_tag":[],"class_list":{"0":"post-137311","1":"product","2":"type-product","3":"status-publish","4":"has-post-thumbnail","6":"product_cat-mebelu-kajas","7":"product_cat-mebelu-kajas-lv","8":"pmpro-has-access","10":"first","11":"instock","12":"shipping-taxable","13":"purchasable","14":"product-type-simple"},"acf":[],"yoast_head":"<!-- This site is optimized with the Yoast SEO plugin v24.9 - https:\/\/yoast.com\/wordpress\/plugins\/seo\/ -->\n<title>Met\u0101la m\u0113be\u013cu k\u0101ja TUBA 19,3 cm, melna - MetalTale.com<\/title>\n<meta name=\"robots\" content=\"index, follow, max-snippet:-1, max-image-preview:large, max-video-preview:-1\" \/>\n<link rel=\"canonical\" href=\"https:\/\/metaltale.com\/lv\/produkts\/metala-mebelu-kaja-tuba-193-cm-melna\/\" \/>\n<meta property=\"og:locale\" content=\"lv_LV\" \/>\n<meta property=\"og:type\" content=\"article\" \/>\n<meta property=\"og:title\" content=\"Met\u0101la m\u0113be\u013cu k\u0101ja TUBA 19,3 cm, melna - MetalTale.com\" \/>\n<meta property=\"og:description\" content=\"ZA modelis. N10-TH Materi\u0101ls T\u0113rauds Kop\u0113jais augstums (cm ) 19,3 Kop\u0113jais diametrs (cm ) 2 Mont\u0101\u017eas skr\u016bves N\u0113 Kr\u0101sa Melna\" \/>\n<meta property=\"og:url\" content=\"https:\/\/metaltale.com\/lv\/produkts\/metala-mebelu-kaja-tuba-193-cm-melna\/\" \/>\n<meta property=\"og:site_name\" content=\"MetalTale.com\" \/>\n<meta name=\"twitter:card\" content=\"summary_large_image\" \/>\n<meta name=\"twitter:label1\" content=\"Est. reading time\" \/>\n\t<meta name=\"twitter:data1\" content=\"1 minute\" \/>\n<script type=\"application\/ld+json\" class=\"yoast-schema-graph\">{\"@context\":\"https:\/\/schema.org\",\"@graph\":[{\"@type\":\"WebPage\",\"@id\":\"https:\/\/metaltale.com\/lv\/produkts\/metala-mebelu-kaja-tuba-193-cm-melna\/\",\"url\":\"https:\/\/metaltale.com\/lv\/produkts\/metala-mebelu-kaja-tuba-193-cm-melna\/\",\"name\":\"Met\u0101la m\u0113be\u013cu k\u0101ja TUBA 19,3 cm, melna - MetalTale.com\",\"isPartOf\":{\"@id\":\"https:\/\/metaltale.com\/lv\/#website\"},\"primaryImageOfPage\":{\"@id\":\"https:\/\/metaltale.com\/lv\/produkts\/metala-mebelu-kaja-tuba-193-cm-melna\/#primaryimage\"},\"image\":{\"@id\":\"https:\/\/metaltale.com\/lv\/produkts\/metala-mebelu-kaja-tuba-193-cm-melna\/#primaryimage\"},\"thumbnailUrl\":\"https:\/\/metaltale.com\/wp-content\/uploads\/2023\/12\/baldu-kojele.jpg\",\"datePublished\":\"2024-02-13T12:45:05+00:00\",\"breadcrumb\":{\"@id\":\"https:\/\/metaltale.com\/lv\/produkts\/metala-mebelu-kaja-tuba-193-cm-melna\/#breadcrumb\"},\"inLanguage\":\"lv-LV\",\"potentialAction\":[{\"@type\":\"ReadAction\",\"target\":[\"https:\/\/metaltale.com\/lv\/produkts\/metala-mebelu-kaja-tuba-193-cm-melna\/\"]}]},{\"@type\":\"ImageObject\",\"inLanguage\":\"lv-LV\",\"@id\":\"https:\/\/metaltale.com\/lv\/produkts\/metala-mebelu-kaja-tuba-193-cm-melna\/#primaryimage\",\"url\":\"https:\/\/metaltale.com\/wp-content\/uploads\/2023\/12\/baldu-kojele.jpg\",\"contentUrl\":\"https:\/\/metaltale.com\/wp-content\/uploads\/2023\/12\/baldu-kojele.jpg\",\"width\":800,\"height\":800,\"caption\":\"M\u0113be\u013cu k\u0101jas\"},{\"@type\":\"BreadcrumbList\",\"@id\":\"https:\/\/metaltale.com\/lv\/produkts\/metala-mebelu-kaja-tuba-193-cm-melna\/#breadcrumb\",\"itemListElement\":[{\"@type\":\"ListItem\",\"position\":1,\"name\":\"Home\",\"item\":\"https:\/\/metaltale.com\/lv\/majas\/\"},{\"@type\":\"ListItem\",\"position\":2,\"name\":\"Veikals\",\"item\":\"https:\/\/metaltale.com\/lv\/shop\/\"},{\"@type\":\"ListItem\",\"position\":3,\"name\":\"Met\u0101la m\u0113be\u013cu k\u0101ja TUBA 19,3 cm, melna\"}]},{\"@type\":\"WebSite\",\"@id\":\"https:\/\/metaltale.com\/lv\/#website\",\"url\":\"https:\/\/metaltale.com\/lv\/\",\"name\":\"Metaltale.com\",\"description\":\"\",\"potentialAction\":[{\"@type\":\"SearchAction\",\"target\":{\"@type\":\"EntryPoint\",\"urlTemplate\":\"https:\/\/metaltale.com\/lv\/?s={search_term_string}\"},\"query-input\":{\"@type\":\"PropertyValueSpecification\",\"valueRequired\":true,\"valueName\":\"search_term_string\"}}],\"inLanguage\":\"lv-LV\"}]}<\/script>\n<!-- \/ Yoast SEO plugin. -->","yoast_head_json":{"title":"Met\u0101la m\u0113be\u013cu k\u0101ja TUBA 19,3 cm, melna - MetalTale.com","robots":{"index":"index","follow":"follow","max-snippet":"max-snippet:-1","max-image-preview":"max-image-preview:large","max-video-preview":"max-video-preview:-1"},"canonical":"https:\/\/metaltale.com\/lv\/produkts\/metala-mebelu-kaja-tuba-193-cm-melna\/","og_locale":"lv_LV","og_type":"article","og_title":"Met\u0101la m\u0113be\u013cu k\u0101ja TUBA 19,3 cm, melna - MetalTale.com","og_description":"ZA modelis. N10-TH Materi\u0101ls T\u0113rauds Kop\u0113jais augstums (cm ) 19,3 Kop\u0113jais diametrs (cm ) 2 Mont\u0101\u017eas skr\u016bves N\u0113 Kr\u0101sa Melna","og_url":"https:\/\/metaltale.com\/lv\/produkts\/metala-mebelu-kaja-tuba-193-cm-melna\/","og_site_name":"MetalTale.com","twitter_card":"summary_large_image","twitter_misc":{"Est. reading time":"1 minute"},"schema":{"@context":"https:\/\/schema.org","@graph":[{"@type":"WebPage","@id":"https:\/\/metaltale.com\/lv\/produkts\/metala-mebelu-kaja-tuba-193-cm-melna\/","url":"https:\/\/metaltale.com\/lv\/produkts\/metala-mebelu-kaja-tuba-193-cm-melna\/","name":"Met\u0101la m\u0113be\u013cu k\u0101ja TUBA 19,3 cm, melna - MetalTale.com","isPartOf":{"@id":"https:\/\/metaltale.com\/lv\/#website"},"primaryImageOfPage":{"@id":"https:\/\/metaltale.com\/lv\/produkts\/metala-mebelu-kaja-tuba-193-cm-melna\/#primaryimage"},"image":{"@id":"https:\/\/metaltale.com\/lv\/produkts\/metala-mebelu-kaja-tuba-193-cm-melna\/#primaryimage"},"thumbnailUrl":"https:\/\/metaltale.com\/wp-content\/uploads\/2023\/12\/baldu-kojele.jpg","datePublished":"2024-02-13T12:45:05+00:00","breadcrumb":{"@id":"https:\/\/metaltale.com\/lv\/produkts\/metala-mebelu-kaja-tuba-193-cm-melna\/#breadcrumb"},"inLanguage":"lv-LV","potentialAction":[{"@type":"ReadAction","target":["https:\/\/metaltale.com\/lv\/produkts\/metala-mebelu-kaja-tuba-193-cm-melna\/"]}]},{"@type":"ImageObject","inLanguage":"lv-LV","@id":"https:\/\/metaltale.com\/lv\/produkts\/metala-mebelu-kaja-tuba-193-cm-melna\/#primaryimage","url":"https:\/\/metaltale.com\/wp-content\/uploads\/2023\/12\/baldu-kojele.jpg","contentUrl":"https:\/\/metaltale.com\/wp-content\/uploads\/2023\/12\/baldu-kojele.jpg","width":800,"height":800,"caption":"M\u0113be\u013cu k\u0101jas"},{"@type":"BreadcrumbList","@id":"https:\/\/metaltale.com\/lv\/produkts\/metala-mebelu-kaja-tuba-193-cm-melna\/#breadcrumb","itemListElement":[{"@type":"ListItem","position":1,"name":"Home","item":"https:\/\/metaltale.com\/lv\/majas\/"},{"@type":"ListItem","position":2,"name":"Veikals","item":"https:\/\/metaltale.com\/lv\/shop\/"},{"@type":"ListItem","position":3,"name":"Met\u0101la m\u0113be\u013cu k\u0101ja TUBA 19,3 cm, melna"}]},{"@type":"WebSite","@id":"https:\/\/metaltale.com\/lv\/#website","url":"https:\/\/metaltale.com\/lv\/","name":"Metaltale.com","description":"","potentialAction":[{"@type":"SearchAction","target":{"@type":"EntryPoint","urlTemplate":"https:\/\/metaltale.com\/lv\/?s={search_term_string}"},"query-input":{"@type":"PropertyValueSpecification","valueRequired":true,"valueName":"search_term_string"}}],"inLanguage":"lv-LV"}]}},"_links":{"self":[{"href":"https:\/\/metaltale.com\/lv\/wp-json\/wp\/v2\/product\/137311","targetHints":{"allow":["GET"]}}],"collection":[{"href":"https:\/\/metaltale.com\/lv\/wp-json\/wp\/v2\/product"}],"about":[{"href":"https:\/\/metaltale.com\/lv\/wp-json\/wp\/v2\/types\/product"}],"replies":[{"embeddable":true,"href":"https:\/\/metaltale.com\/lv\/wp-json\/wp\/v2\/comments?post=137311"}],"version-history":[{"count":0,"href":"https:\/\/metaltale.com\/lv\/wp-json\/wp\/v2\/product\/137311\/revisions"}],"wp:featuredmedia":[{"embeddable":true,"href":"https:\/\/metaltale.com\/lv\/wp-json\/wp\/v2\/media\/119149"}],"wp:attachment":[{"href":"https:\/\/metaltale.com\/lv\/wp-json\/wp\/v2\/media?parent=137311"}],"wp:term":[{"taxonomy":"product_brand","embeddable":true,"href":"https:\/\/metaltale.com\/lv\/wp-json\/wp\/v2\/product_brand?post=137311"},{"taxonomy":"product_cat","embeddable":true,"href":"https:\/\/metaltale.com\/lv\/wp-json\/wp\/v2\/product_cat?post=137311"},{"taxonomy":"product_tag","embeddable":true,"href":"https:\/\/metaltale.com\/lv\/wp-json\/wp\/v2\/product_tag?post=137311"}],"curies":[{"name":"wp","href":"https:\/\/api.w.org\/{rel}","templated":true}]}}