{"id":137274,"date":"2024-02-13T14:43:47","date_gmt":"2024-02-13T12:43:47","guid":{"rendered":"https:\/\/metaltale.com\/produktas\/dekorativs-metala-sienas-vacins-manchester-city-f-c\/"},"modified":"2024-02-13T14:43:47","modified_gmt":"2024-02-13T12:43:47","slug":"dekorativs-metala-sienas-vacins-manchester-city-f-c","status":"publish","type":"product","link":"https:\/\/metaltale.com\/lv\/produkts\/dekorativs-metala-sienas-vacins-manchester-city-f-c\/","title":{"rendered":"Dekorat\u012bvs met\u0101la sienas v\u0101ci\u0146\u0161 MANCHESTER CITY F.C."},"content":{"rendered":"<div class=\"prod_data\">FJ <strong>modelis<\/strong>. JHBC.2310  <br \/><strong>EAN.<\/strong>  5905369925436  <br \/><strong>Motiv<\/strong> Sport  <br \/><strong>Dzi\u013cums (cm<\/strong> ) 4  <br \/><strong>Kop\u0113jais diametrs (cm<\/strong> ) 35  <br \/><strong>Materi\u0101ls<\/strong> T\u0113rauds  <br \/><strong>Forma<\/strong> Apa\u013ca  <br \/><strong>Orient\u0113\u0161an\u0101s<\/strong> Univers\u0101l\u0101  <\/p>\n<p>Met\u0101la dekorat\u012bvais v\u0101ks, kas piestiprin\u0101ms pie fiks\u0113ta roktura izstr\u0101d\u0101juma aizmugur\u0113. V\u0101ku var ar\u012b piek\u0101rt ar auklu vai atspiest pret sienu. Izmantojot augst\u0101k\u0101s kvalit\u0101tes materi\u0101lus un modernas drukas metodes, grafika ir \u013coti skaidra. Maiga malu noapa\u013co\u0161ana nodro\u0161ina lieto\u0161anas dro\u0161\u012bbu. Met\u0101liska apdare b\u016bs piem\u0113rota gan retro, gan vintage interjeriem.<\/p>\n<p>Uz izstr\u0101d\u0101juma ir MANCHESTER CITY F.C. logo.<\/p>\n<p>V\u0101ks ir ide\u0101li piem\u0113rots b\u0101riem, restor\u0101niem un kafejn\u012bc\u0101m.<br \/>Met\u0101liska apdare ir ori\u0123in\u0101la d\u0101vin\u0101juma ideja sporta cien\u012bt\u0101jiem.<\/p>\n<\/div>\n","protected":false},"excerpt":{"rendered":"<p>FJ modelis. JHBC.2310 EAN. 5905369925436 Motiv Sport Dzi\u013cums (cm ) 4 Kop\u0113jais diametrs (cm ) 35 Materi\u0101ls T\u0113rauds Forma Apa\u013ca<\/p>\n","protected":false},"featured_media":90892,"comment_status":"open","ping_status":"closed","template":"","meta":{"_acf_changed":false,"pmpro_default_level":""},"product_brand":[],"product_cat":[24088],"product_tag":[],"class_list":{"0":"post-137274","1":"product","2":"type-product","3":"status-publish","4":"has-post-thumbnail","6":"product_cat-dekorativie-pudelu-aizbazni","7":"pmpro-has-access","9":"first","10":"instock","11":"shipping-taxable","12":"purchasable","13":"product-type-simple"},"acf":[],"yoast_head":"<!-- This site is optimized with the Yoast SEO plugin v24.9 - https:\/\/yoast.com\/wordpress\/plugins\/seo\/ -->\n<title>Dekorat\u012bvs met\u0101la sienas v\u0101ci\u0146\u0161 MANCHESTER CITY F.C. - MetalTale.com<\/title>\n<meta name=\"robots\" content=\"index, follow, max-snippet:-1, max-image-preview:large, max-video-preview:-1\" \/>\n<link rel=\"canonical\" href=\"https:\/\/metaltale.com\/lv\/produkts\/dekorativs-metala-sienas-vacins-manchester-city-f-c\/\" \/>\n<meta property=\"og:locale\" content=\"lv_LV\" \/>\n<meta property=\"og:type\" content=\"article\" \/>\n<meta property=\"og:title\" content=\"Dekorat\u012bvs met\u0101la sienas v\u0101ci\u0146\u0161 MANCHESTER CITY F.C. - MetalTale.com\" \/>\n<meta property=\"og:description\" content=\"FJ modelis. JHBC.2310 EAN. 5905369925436 Motiv Sport Dzi\u013cums (cm ) 4 Kop\u0113jais diametrs (cm ) 35 Materi\u0101ls T\u0113rauds Forma Apa\u013ca\" \/>\n<meta property=\"og:url\" content=\"https:\/\/metaltale.com\/lv\/produkts\/dekorativs-metala-sienas-vacins-manchester-city-f-c\/\" \/>\n<meta property=\"og:site_name\" content=\"MetalTale.com\" \/>\n<meta name=\"twitter:card\" content=\"summary_large_image\" \/>\n<meta name=\"twitter:label1\" content=\"Est. reading time\" \/>\n\t<meta name=\"twitter:data1\" content=\"1 minute\" \/>\n<script type=\"application\/ld+json\" class=\"yoast-schema-graph\">{\"@context\":\"https:\/\/schema.org\",\"@graph\":[{\"@type\":\"WebPage\",\"@id\":\"https:\/\/metaltale.com\/lv\/produkts\/dekorativs-metala-sienas-vacins-manchester-city-f-c\/\",\"url\":\"https:\/\/metaltale.com\/lv\/produkts\/dekorativs-metala-sienas-vacins-manchester-city-f-c\/\",\"name\":\"Dekorat\u012bvs met\u0101la sienas v\u0101ci\u0146\u0161 MANCHESTER CITY F.C. - MetalTale.com\",\"isPartOf\":{\"@id\":\"https:\/\/metaltale.com\/lv\/#website\"},\"primaryImageOfPage\":{\"@id\":\"https:\/\/metaltale.com\/lv\/produkts\/dekorativs-metala-sienas-vacins-manchester-city-f-c\/#primaryimage\"},\"image\":{\"@id\":\"https:\/\/metaltale.com\/lv\/produkts\/dekorativs-metala-sienas-vacins-manchester-city-f-c\/#primaryimage\"},\"thumbnailUrl\":\"https:\/\/metaltale.com\/wp-content\/uploads\/2023\/10\/Dekoratyvinis-metalinis-sieninis-dangtelis-MANCHESTER-CITY-F.C.jpg\",\"datePublished\":\"2024-02-13T12:43:47+00:00\",\"breadcrumb\":{\"@id\":\"https:\/\/metaltale.com\/lv\/produkts\/dekorativs-metala-sienas-vacins-manchester-city-f-c\/#breadcrumb\"},\"inLanguage\":\"lv-LV\",\"potentialAction\":[{\"@type\":\"ReadAction\",\"target\":[\"https:\/\/metaltale.com\/lv\/produkts\/dekorativs-metala-sienas-vacins-manchester-city-f-c\/\"]}]},{\"@type\":\"ImageObject\",\"inLanguage\":\"lv-LV\",\"@id\":\"https:\/\/metaltale.com\/lv\/produkts\/dekorativs-metala-sienas-vacins-manchester-city-f-c\/#primaryimage\",\"url\":\"https:\/\/metaltale.com\/wp-content\/uploads\/2023\/10\/Dekoratyvinis-metalinis-sieninis-dangtelis-MANCHESTER-CITY-F.C.jpg\",\"contentUrl\":\"https:\/\/metaltale.com\/wp-content\/uploads\/2023\/10\/Dekoratyvinis-metalinis-sieninis-dangtelis-MANCHESTER-CITY-F.C.jpg\",\"width\":800,\"height\":800},{\"@type\":\"BreadcrumbList\",\"@id\":\"https:\/\/metaltale.com\/lv\/produkts\/dekorativs-metala-sienas-vacins-manchester-city-f-c\/#breadcrumb\",\"itemListElement\":[{\"@type\":\"ListItem\",\"position\":1,\"name\":\"Home\",\"item\":\"https:\/\/metaltale.com\/lv\/majas\/\"},{\"@type\":\"ListItem\",\"position\":2,\"name\":\"Veikals\",\"item\":\"https:\/\/metaltale.com\/lv\/shop\/\"},{\"@type\":\"ListItem\",\"position\":3,\"name\":\"Dekorat\u012bvs met\u0101la sienas v\u0101ci\u0146\u0161 MANCHESTER CITY F.C.\"}]},{\"@type\":\"WebSite\",\"@id\":\"https:\/\/metaltale.com\/lv\/#website\",\"url\":\"https:\/\/metaltale.com\/lv\/\",\"name\":\"Metaltale.com\",\"description\":\"\",\"potentialAction\":[{\"@type\":\"SearchAction\",\"target\":{\"@type\":\"EntryPoint\",\"urlTemplate\":\"https:\/\/metaltale.com\/lv\/?s={search_term_string}\"},\"query-input\":{\"@type\":\"PropertyValueSpecification\",\"valueRequired\":true,\"valueName\":\"search_term_string\"}}],\"inLanguage\":\"lv-LV\"}]}<\/script>\n<!-- \/ Yoast SEO plugin. -->","yoast_head_json":{"title":"Dekorat\u012bvs met\u0101la sienas v\u0101ci\u0146\u0161 MANCHESTER CITY F.C. - MetalTale.com","robots":{"index":"index","follow":"follow","max-snippet":"max-snippet:-1","max-image-preview":"max-image-preview:large","max-video-preview":"max-video-preview:-1"},"canonical":"https:\/\/metaltale.com\/lv\/produkts\/dekorativs-metala-sienas-vacins-manchester-city-f-c\/","og_locale":"lv_LV","og_type":"article","og_title":"Dekorat\u012bvs met\u0101la sienas v\u0101ci\u0146\u0161 MANCHESTER CITY F.C. - MetalTale.com","og_description":"FJ modelis. JHBC.2310 EAN. 5905369925436 Motiv Sport Dzi\u013cums (cm ) 4 Kop\u0113jais diametrs (cm ) 35 Materi\u0101ls T\u0113rauds Forma Apa\u013ca","og_url":"https:\/\/metaltale.com\/lv\/produkts\/dekorativs-metala-sienas-vacins-manchester-city-f-c\/","og_site_name":"MetalTale.com","twitter_card":"summary_large_image","twitter_misc":{"Est. reading time":"1 minute"},"schema":{"@context":"https:\/\/schema.org","@graph":[{"@type":"WebPage","@id":"https:\/\/metaltale.com\/lv\/produkts\/dekorativs-metala-sienas-vacins-manchester-city-f-c\/","url":"https:\/\/metaltale.com\/lv\/produkts\/dekorativs-metala-sienas-vacins-manchester-city-f-c\/","name":"Dekorat\u012bvs met\u0101la sienas v\u0101ci\u0146\u0161 MANCHESTER CITY F.C. - MetalTale.com","isPartOf":{"@id":"https:\/\/metaltale.com\/lv\/#website"},"primaryImageOfPage":{"@id":"https:\/\/metaltale.com\/lv\/produkts\/dekorativs-metala-sienas-vacins-manchester-city-f-c\/#primaryimage"},"image":{"@id":"https:\/\/metaltale.com\/lv\/produkts\/dekorativs-metala-sienas-vacins-manchester-city-f-c\/#primaryimage"},"thumbnailUrl":"https:\/\/metaltale.com\/wp-content\/uploads\/2023\/10\/Dekoratyvinis-metalinis-sieninis-dangtelis-MANCHESTER-CITY-F.C.jpg","datePublished":"2024-02-13T12:43:47+00:00","breadcrumb":{"@id":"https:\/\/metaltale.com\/lv\/produkts\/dekorativs-metala-sienas-vacins-manchester-city-f-c\/#breadcrumb"},"inLanguage":"lv-LV","potentialAction":[{"@type":"ReadAction","target":["https:\/\/metaltale.com\/lv\/produkts\/dekorativs-metala-sienas-vacins-manchester-city-f-c\/"]}]},{"@type":"ImageObject","inLanguage":"lv-LV","@id":"https:\/\/metaltale.com\/lv\/produkts\/dekorativs-metala-sienas-vacins-manchester-city-f-c\/#primaryimage","url":"https:\/\/metaltale.com\/wp-content\/uploads\/2023\/10\/Dekoratyvinis-metalinis-sieninis-dangtelis-MANCHESTER-CITY-F.C.jpg","contentUrl":"https:\/\/metaltale.com\/wp-content\/uploads\/2023\/10\/Dekoratyvinis-metalinis-sieninis-dangtelis-MANCHESTER-CITY-F.C.jpg","width":800,"height":800},{"@type":"BreadcrumbList","@id":"https:\/\/metaltale.com\/lv\/produkts\/dekorativs-metala-sienas-vacins-manchester-city-f-c\/#breadcrumb","itemListElement":[{"@type":"ListItem","position":1,"name":"Home","item":"https:\/\/metaltale.com\/lv\/majas\/"},{"@type":"ListItem","position":2,"name":"Veikals","item":"https:\/\/metaltale.com\/lv\/shop\/"},{"@type":"ListItem","position":3,"name":"Dekorat\u012bvs met\u0101la sienas v\u0101ci\u0146\u0161 MANCHESTER CITY F.C."}]},{"@type":"WebSite","@id":"https:\/\/metaltale.com\/lv\/#website","url":"https:\/\/metaltale.com\/lv\/","name":"Metaltale.com","description":"","potentialAction":[{"@type":"SearchAction","target":{"@type":"EntryPoint","urlTemplate":"https:\/\/metaltale.com\/lv\/?s={search_term_string}"},"query-input":{"@type":"PropertyValueSpecification","valueRequired":true,"valueName":"search_term_string"}}],"inLanguage":"lv-LV"}]}},"_links":{"self":[{"href":"https:\/\/metaltale.com\/lv\/wp-json\/wp\/v2\/product\/137274","targetHints":{"allow":["GET"]}}],"collection":[{"href":"https:\/\/metaltale.com\/lv\/wp-json\/wp\/v2\/product"}],"about":[{"href":"https:\/\/metaltale.com\/lv\/wp-json\/wp\/v2\/types\/product"}],"replies":[{"embeddable":true,"href":"https:\/\/metaltale.com\/lv\/wp-json\/wp\/v2\/comments?post=137274"}],"version-history":[{"count":0,"href":"https:\/\/metaltale.com\/lv\/wp-json\/wp\/v2\/product\/137274\/revisions"}],"wp:featuredmedia":[{"embeddable":true,"href":"https:\/\/metaltale.com\/lv\/wp-json\/wp\/v2\/media\/90892"}],"wp:attachment":[{"href":"https:\/\/metaltale.com\/lv\/wp-json\/wp\/v2\/media?parent=137274"}],"wp:term":[{"taxonomy":"product_brand","embeddable":true,"href":"https:\/\/metaltale.com\/lv\/wp-json\/wp\/v2\/product_brand?post=137274"},{"taxonomy":"product_cat","embeddable":true,"href":"https:\/\/metaltale.com\/lv\/wp-json\/wp\/v2\/product_cat?post=137274"},{"taxonomy":"product_tag","embeddable":true,"href":"https:\/\/metaltale.com\/lv\/wp-json\/wp\/v2\/product_tag?post=137274"}],"curies":[{"name":"wp","href":"https:\/\/api.w.org\/{rel}","templated":true}]}}