{"id":137258,"date":"2024-02-13T14:43:47","date_gmt":"2024-02-13T12:43:47","guid":{"rendered":"https:\/\/metaltale.com\/produktas\/dekorativs-metala-sienas-vacins-snow-club\/"},"modified":"2024-02-13T14:43:47","modified_gmt":"2024-02-13T12:43:47","slug":"dekorativs-metala-sienas-vacins-snow-club","status":"publish","type":"product","link":"https:\/\/metaltale.com\/lv\/produkts\/dekorativs-metala-sienas-vacins-snow-club\/","title":{"rendered":"Dekorat\u012bvs met\u0101la sienas v\u0101ci\u0146\u0161 SNOW CLUB"},"content":{"rendered":"<div class=\"prod_data\">FJ <strong>modelis<\/strong>. JHBC.1634  <br \/><strong>EAN.<\/strong>  5905369925528  <br \/><strong>Motiv<\/strong> Sport  <br \/><strong>Dzi\u013cums (cm<\/strong> ) 4  <br \/><strong>Kop\u0113jais diametrs (cm<\/strong> ) 35  <br \/><strong>Materi\u0101ls<\/strong> T\u0113rauds  <br \/><strong>Forma<\/strong> Apa\u013ca  <br \/><strong>Orient\u0113\u0161an\u0101s<\/strong> Univers\u0101l\u0101  <\/p>\n<p>Met\u0101la sienas v\u0101ci\u0146\u0161 iek\u0101r\u0161anai. M\u0113s to varam labot, izmantojot rokturi izstr\u0101d\u0101juma aizmugur\u0113. Tas ir izgatavots, izmantojot augst\u0101k\u0101s kvalit\u0101tes apdruku, kas nodro\u0161ina t\u0101 notur\u012bbu pret gaismu un saules gaismu, un grafikas ir \u012bpa\u0161i izteiksm\u012bgas. Izmantot\u0101s kr\u0101sas ir lieliski piem\u0113rotas ziemas sporta veidiem.<\/p>\n<p>Uz produkta ir uzraksts SNOW CLUB un snovbordista fig\u016bri\u0146as.<\/p>\n<p>P\u0101rkl\u0101js ir ide\u0101li piem\u0113rots jaunie\u0161u telp\u0101m, sporta klubiem, restor\u0101niem un b\u0101riem. Ori\u0123in\u0101la d\u0101vanu ideja ziemas sporta veidu cien\u012bt\u0101jiem.<\/p>\n<\/div>\n","protected":false},"excerpt":{"rendered":"<p>FJ modelis. JHBC.1634 EAN. 5905369925528 Motiv Sport Dzi\u013cums (cm ) 4 Kop\u0113jais diametrs (cm ) 35 Materi\u0101ls T\u0113rauds Forma Apa\u013ca<\/p>\n","protected":false},"featured_media":90828,"comment_status":"open","ping_status":"closed","template":"","meta":{"_acf_changed":false,"pmpro_default_level":""},"product_brand":[],"product_cat":[24088],"product_tag":[],"class_list":{"0":"post-137258","1":"product","2":"type-product","3":"status-publish","4":"has-post-thumbnail","6":"product_cat-dekorativie-pudelu-aizbazni","7":"pmpro-has-access","9":"first","10":"instock","11":"shipping-taxable","12":"purchasable","13":"product-type-simple"},"acf":[],"yoast_head":"<!-- This site is optimized with the Yoast SEO plugin v24.9 - https:\/\/yoast.com\/wordpress\/plugins\/seo\/ -->\n<title>Dekorat\u012bvs met\u0101la sienas v\u0101ci\u0146\u0161 SNOW CLUB - MetalTale.com<\/title>\n<meta name=\"robots\" content=\"index, follow, max-snippet:-1, max-image-preview:large, max-video-preview:-1\" \/>\n<link rel=\"canonical\" href=\"https:\/\/metaltale.com\/lv\/produkts\/dekorativs-metala-sienas-vacins-snow-club\/\" \/>\n<meta property=\"og:locale\" content=\"lv_LV\" \/>\n<meta property=\"og:type\" content=\"article\" \/>\n<meta property=\"og:title\" content=\"Dekorat\u012bvs met\u0101la sienas v\u0101ci\u0146\u0161 SNOW CLUB - MetalTale.com\" \/>\n<meta property=\"og:description\" content=\"FJ modelis. JHBC.1634 EAN. 5905369925528 Motiv Sport Dzi\u013cums (cm ) 4 Kop\u0113jais diametrs (cm ) 35 Materi\u0101ls T\u0113rauds Forma Apa\u013ca\" \/>\n<meta property=\"og:url\" content=\"https:\/\/metaltale.com\/lv\/produkts\/dekorativs-metala-sienas-vacins-snow-club\/\" \/>\n<meta property=\"og:site_name\" content=\"MetalTale.com\" \/>\n<meta name=\"twitter:card\" content=\"summary_large_image\" \/>\n<meta name=\"twitter:label1\" content=\"Est. reading time\" \/>\n\t<meta name=\"twitter:data1\" content=\"1 minute\" \/>\n<script type=\"application\/ld+json\" class=\"yoast-schema-graph\">{\"@context\":\"https:\/\/schema.org\",\"@graph\":[{\"@type\":\"WebPage\",\"@id\":\"https:\/\/metaltale.com\/lv\/produkts\/dekorativs-metala-sienas-vacins-snow-club\/\",\"url\":\"https:\/\/metaltale.com\/lv\/produkts\/dekorativs-metala-sienas-vacins-snow-club\/\",\"name\":\"Dekorat\u012bvs met\u0101la sienas v\u0101ci\u0146\u0161 SNOW CLUB - MetalTale.com\",\"isPartOf\":{\"@id\":\"https:\/\/metaltale.com\/lv\/#website\"},\"primaryImageOfPage\":{\"@id\":\"https:\/\/metaltale.com\/lv\/produkts\/dekorativs-metala-sienas-vacins-snow-club\/#primaryimage\"},\"image\":{\"@id\":\"https:\/\/metaltale.com\/lv\/produkts\/dekorativs-metala-sienas-vacins-snow-club\/#primaryimage\"},\"thumbnailUrl\":\"https:\/\/metaltale.com\/wp-content\/uploads\/2023\/10\/Dekoratyvinis-metalinis-sieninis-dangtelis-SNOW-CLUB.jpg\",\"datePublished\":\"2024-02-13T12:43:47+00:00\",\"breadcrumb\":{\"@id\":\"https:\/\/metaltale.com\/lv\/produkts\/dekorativs-metala-sienas-vacins-snow-club\/#breadcrumb\"},\"inLanguage\":\"lv-LV\",\"potentialAction\":[{\"@type\":\"ReadAction\",\"target\":[\"https:\/\/metaltale.com\/lv\/produkts\/dekorativs-metala-sienas-vacins-snow-club\/\"]}]},{\"@type\":\"ImageObject\",\"inLanguage\":\"lv-LV\",\"@id\":\"https:\/\/metaltale.com\/lv\/produkts\/dekorativs-metala-sienas-vacins-snow-club\/#primaryimage\",\"url\":\"https:\/\/metaltale.com\/wp-content\/uploads\/2023\/10\/Dekoratyvinis-metalinis-sieninis-dangtelis-SNOW-CLUB.jpg\",\"contentUrl\":\"https:\/\/metaltale.com\/wp-content\/uploads\/2023\/10\/Dekoratyvinis-metalinis-sieninis-dangtelis-SNOW-CLUB.jpg\",\"width\":800,\"height\":800},{\"@type\":\"BreadcrumbList\",\"@id\":\"https:\/\/metaltale.com\/lv\/produkts\/dekorativs-metala-sienas-vacins-snow-club\/#breadcrumb\",\"itemListElement\":[{\"@type\":\"ListItem\",\"position\":1,\"name\":\"Home\",\"item\":\"https:\/\/metaltale.com\/lv\/majas\/\"},{\"@type\":\"ListItem\",\"position\":2,\"name\":\"Veikals\",\"item\":\"https:\/\/metaltale.com\/lv\/shop\/\"},{\"@type\":\"ListItem\",\"position\":3,\"name\":\"Dekorat\u012bvs met\u0101la sienas v\u0101ci\u0146\u0161 SNOW CLUB\"}]},{\"@type\":\"WebSite\",\"@id\":\"https:\/\/metaltale.com\/lv\/#website\",\"url\":\"https:\/\/metaltale.com\/lv\/\",\"name\":\"Metaltale.com\",\"description\":\"\",\"potentialAction\":[{\"@type\":\"SearchAction\",\"target\":{\"@type\":\"EntryPoint\",\"urlTemplate\":\"https:\/\/metaltale.com\/lv\/?s={search_term_string}\"},\"query-input\":{\"@type\":\"PropertyValueSpecification\",\"valueRequired\":true,\"valueName\":\"search_term_string\"}}],\"inLanguage\":\"lv-LV\"}]}<\/script>\n<!-- \/ Yoast SEO plugin. -->","yoast_head_json":{"title":"Dekorat\u012bvs met\u0101la sienas v\u0101ci\u0146\u0161 SNOW CLUB - MetalTale.com","robots":{"index":"index","follow":"follow","max-snippet":"max-snippet:-1","max-image-preview":"max-image-preview:large","max-video-preview":"max-video-preview:-1"},"canonical":"https:\/\/metaltale.com\/lv\/produkts\/dekorativs-metala-sienas-vacins-snow-club\/","og_locale":"lv_LV","og_type":"article","og_title":"Dekorat\u012bvs met\u0101la sienas v\u0101ci\u0146\u0161 SNOW CLUB - MetalTale.com","og_description":"FJ modelis. JHBC.1634 EAN. 5905369925528 Motiv Sport Dzi\u013cums (cm ) 4 Kop\u0113jais diametrs (cm ) 35 Materi\u0101ls T\u0113rauds Forma Apa\u013ca","og_url":"https:\/\/metaltale.com\/lv\/produkts\/dekorativs-metala-sienas-vacins-snow-club\/","og_site_name":"MetalTale.com","twitter_card":"summary_large_image","twitter_misc":{"Est. reading time":"1 minute"},"schema":{"@context":"https:\/\/schema.org","@graph":[{"@type":"WebPage","@id":"https:\/\/metaltale.com\/lv\/produkts\/dekorativs-metala-sienas-vacins-snow-club\/","url":"https:\/\/metaltale.com\/lv\/produkts\/dekorativs-metala-sienas-vacins-snow-club\/","name":"Dekorat\u012bvs met\u0101la sienas v\u0101ci\u0146\u0161 SNOW CLUB - MetalTale.com","isPartOf":{"@id":"https:\/\/metaltale.com\/lv\/#website"},"primaryImageOfPage":{"@id":"https:\/\/metaltale.com\/lv\/produkts\/dekorativs-metala-sienas-vacins-snow-club\/#primaryimage"},"image":{"@id":"https:\/\/metaltale.com\/lv\/produkts\/dekorativs-metala-sienas-vacins-snow-club\/#primaryimage"},"thumbnailUrl":"https:\/\/metaltale.com\/wp-content\/uploads\/2023\/10\/Dekoratyvinis-metalinis-sieninis-dangtelis-SNOW-CLUB.jpg","datePublished":"2024-02-13T12:43:47+00:00","breadcrumb":{"@id":"https:\/\/metaltale.com\/lv\/produkts\/dekorativs-metala-sienas-vacins-snow-club\/#breadcrumb"},"inLanguage":"lv-LV","potentialAction":[{"@type":"ReadAction","target":["https:\/\/metaltale.com\/lv\/produkts\/dekorativs-metala-sienas-vacins-snow-club\/"]}]},{"@type":"ImageObject","inLanguage":"lv-LV","@id":"https:\/\/metaltale.com\/lv\/produkts\/dekorativs-metala-sienas-vacins-snow-club\/#primaryimage","url":"https:\/\/metaltale.com\/wp-content\/uploads\/2023\/10\/Dekoratyvinis-metalinis-sieninis-dangtelis-SNOW-CLUB.jpg","contentUrl":"https:\/\/metaltale.com\/wp-content\/uploads\/2023\/10\/Dekoratyvinis-metalinis-sieninis-dangtelis-SNOW-CLUB.jpg","width":800,"height":800},{"@type":"BreadcrumbList","@id":"https:\/\/metaltale.com\/lv\/produkts\/dekorativs-metala-sienas-vacins-snow-club\/#breadcrumb","itemListElement":[{"@type":"ListItem","position":1,"name":"Home","item":"https:\/\/metaltale.com\/lv\/majas\/"},{"@type":"ListItem","position":2,"name":"Veikals","item":"https:\/\/metaltale.com\/lv\/shop\/"},{"@type":"ListItem","position":3,"name":"Dekorat\u012bvs met\u0101la sienas v\u0101ci\u0146\u0161 SNOW CLUB"}]},{"@type":"WebSite","@id":"https:\/\/metaltale.com\/lv\/#website","url":"https:\/\/metaltale.com\/lv\/","name":"Metaltale.com","description":"","potentialAction":[{"@type":"SearchAction","target":{"@type":"EntryPoint","urlTemplate":"https:\/\/metaltale.com\/lv\/?s={search_term_string}"},"query-input":{"@type":"PropertyValueSpecification","valueRequired":true,"valueName":"search_term_string"}}],"inLanguage":"lv-LV"}]}},"_links":{"self":[{"href":"https:\/\/metaltale.com\/lv\/wp-json\/wp\/v2\/product\/137258","targetHints":{"allow":["GET"]}}],"collection":[{"href":"https:\/\/metaltale.com\/lv\/wp-json\/wp\/v2\/product"}],"about":[{"href":"https:\/\/metaltale.com\/lv\/wp-json\/wp\/v2\/types\/product"}],"replies":[{"embeddable":true,"href":"https:\/\/metaltale.com\/lv\/wp-json\/wp\/v2\/comments?post=137258"}],"version-history":[{"count":0,"href":"https:\/\/metaltale.com\/lv\/wp-json\/wp\/v2\/product\/137258\/revisions"}],"wp:featuredmedia":[{"embeddable":true,"href":"https:\/\/metaltale.com\/lv\/wp-json\/wp\/v2\/media\/90828"}],"wp:attachment":[{"href":"https:\/\/metaltale.com\/lv\/wp-json\/wp\/v2\/media?parent=137258"}],"wp:term":[{"taxonomy":"product_brand","embeddable":true,"href":"https:\/\/metaltale.com\/lv\/wp-json\/wp\/v2\/product_brand?post=137258"},{"taxonomy":"product_cat","embeddable":true,"href":"https:\/\/metaltale.com\/lv\/wp-json\/wp\/v2\/product_cat?post=137258"},{"taxonomy":"product_tag","embeddable":true,"href":"https:\/\/metaltale.com\/lv\/wp-json\/wp\/v2\/product_tag?post=137258"}],"curies":[{"name":"wp","href":"https:\/\/api.w.org\/{rel}","templated":true}]}}