{"id":137246,"date":"2024-02-13T14:43:47","date_gmt":"2024-02-13T12:43:47","guid":{"rendered":"https:\/\/metaltale.com\/produktas\/dekorativs-metala-sienas-vaks-wifi-2\/"},"modified":"2024-02-13T14:43:47","modified_gmt":"2024-02-13T12:43:47","slug":"dekorativs-metala-sienas-vaks-wifi-2","status":"publish","type":"product","link":"https:\/\/metaltale.com\/lv\/produkts\/dekorativs-metala-sienas-vaks-wifi-2\/","title":{"rendered":"Dekorat\u012bvs met\u0101la sienas v\u0101ks WIFI 2"},"content":{"rendered":"<div class=\"prod_data\">FJ <strong>modelis<\/strong>. JHBC.2812  <br \/><strong>EAN.<\/strong>  5905369925603  <br \/>Inform\u0101cija par <strong>mot\u012bviem<\/strong>  <br \/><strong>Dzi\u013cums (cm<\/strong> ) 4  <br \/><strong>Kop\u0113jais diametrs (cm<\/strong> ) 35  <br \/><strong>Materi\u0101ls<\/strong> T\u0113rauds  <br \/><strong>Forma<\/strong> Apa\u013ca  <br \/><strong>Orient\u0113\u0161an\u0101s<\/strong> Univers\u0101l\u0101  <\/p>\n<p>Dekorat\u012bvais met\u0101la v\u0101ks ir piestiprin\u0101ts ar fiks\u0113tu rokturi izstr\u0101d\u0101juma gal\u0101. V\u0101ku var ar\u012b piek\u0101rt ar auklu vai atspiest pret sienu. Izdruka ir p\u0101rkl\u0101ta ar laku pret skr\u0101p\u0113jumiem, un viegli noapa\u013cot\u0101s malas garant\u0113 dro\u0161u lieto\u0161anu. Sarkan\u0101 fona izmanto\u0161ana padara produktu uzman\u012bbu piesaisto\u0161u. Met\u0101la v\u0101ks ir lieliski piem\u0113rots k\u0101 ori\u0123in\u0101ls viesn\u012bcas vestibila ar WiFi zonu rot\u0101jums.<\/p>\n<p>Produktam ir WIFI OPEN uz sarkana fona.<\/p>\n<p>Tas noder\u0113s k\u0101 dekor\u0101cija b\u0101ros un kafejn\u012bc\u0101s, k\u0101 ar\u012b senatn\u012bgos interjeros. Met\u0101la v\u0101ci\u0146\u0161 ir ori\u0123in\u0101la d\u0101vanu ideja.<\/p>\n<\/div>\n","protected":false},"excerpt":{"rendered":"<p>FJ modelis. JHBC.2812 EAN. 5905369925603 Inform\u0101cija par mot\u012bviem Dzi\u013cums (cm ) 4 Kop\u0113jais diametrs (cm ) 35 Materi\u0101ls T\u0113rauds Forma<\/p>\n","protected":false},"featured_media":90712,"comment_status":"open","ping_status":"closed","template":"","meta":{"_acf_changed":false,"pmpro_default_level":""},"product_brand":[],"product_cat":[24088],"product_tag":[],"class_list":{"0":"post-137246","1":"product","2":"type-product","3":"status-publish","4":"has-post-thumbnail","6":"product_cat-dekorativie-pudelu-aizbazni","7":"pmpro-has-access","9":"first","10":"instock","11":"shipping-taxable","12":"purchasable","13":"product-type-simple"},"acf":[],"yoast_head":"<!-- This site is optimized with the Yoast SEO plugin v24.9 - https:\/\/yoast.com\/wordpress\/plugins\/seo\/ -->\n<title>Dekorat\u012bvs met\u0101la sienas v\u0101ks WIFI 2 - MetalTale.com<\/title>\n<meta name=\"robots\" content=\"index, follow, max-snippet:-1, max-image-preview:large, max-video-preview:-1\" \/>\n<link rel=\"canonical\" href=\"https:\/\/metaltale.com\/lv\/produkts\/dekorativs-metala-sienas-vaks-wifi-2\/\" \/>\n<meta property=\"og:locale\" content=\"lv_LV\" \/>\n<meta property=\"og:type\" content=\"article\" \/>\n<meta property=\"og:title\" content=\"Dekorat\u012bvs met\u0101la sienas v\u0101ks WIFI 2 - MetalTale.com\" \/>\n<meta property=\"og:description\" content=\"FJ modelis. JHBC.2812 EAN. 5905369925603 Inform\u0101cija par mot\u012bviem Dzi\u013cums (cm ) 4 Kop\u0113jais diametrs (cm ) 35 Materi\u0101ls T\u0113rauds Forma\" \/>\n<meta property=\"og:url\" content=\"https:\/\/metaltale.com\/lv\/produkts\/dekorativs-metala-sienas-vaks-wifi-2\/\" \/>\n<meta property=\"og:site_name\" content=\"MetalTale.com\" \/>\n<meta name=\"twitter:card\" content=\"summary_large_image\" \/>\n<meta name=\"twitter:label1\" content=\"Est. reading time\" \/>\n\t<meta name=\"twitter:data1\" content=\"1 minute\" \/>\n<script type=\"application\/ld+json\" class=\"yoast-schema-graph\">{\"@context\":\"https:\/\/schema.org\",\"@graph\":[{\"@type\":\"WebPage\",\"@id\":\"https:\/\/metaltale.com\/lv\/produkts\/dekorativs-metala-sienas-vaks-wifi-2\/\",\"url\":\"https:\/\/metaltale.com\/lv\/produkts\/dekorativs-metala-sienas-vaks-wifi-2\/\",\"name\":\"Dekorat\u012bvs met\u0101la sienas v\u0101ks WIFI 2 - MetalTale.com\",\"isPartOf\":{\"@id\":\"https:\/\/metaltale.com\/lv\/#website\"},\"primaryImageOfPage\":{\"@id\":\"https:\/\/metaltale.com\/lv\/produkts\/dekorativs-metala-sienas-vaks-wifi-2\/#primaryimage\"},\"image\":{\"@id\":\"https:\/\/metaltale.com\/lv\/produkts\/dekorativs-metala-sienas-vaks-wifi-2\/#primaryimage\"},\"thumbnailUrl\":\"https:\/\/metaltale.com\/wp-content\/uploads\/2023\/10\/Dekoratyvinis-metalinis-sieninis-dangtelis-WIFI-2.jpg\",\"datePublished\":\"2024-02-13T12:43:47+00:00\",\"breadcrumb\":{\"@id\":\"https:\/\/metaltale.com\/lv\/produkts\/dekorativs-metala-sienas-vaks-wifi-2\/#breadcrumb\"},\"inLanguage\":\"lv-LV\",\"potentialAction\":[{\"@type\":\"ReadAction\",\"target\":[\"https:\/\/metaltale.com\/lv\/produkts\/dekorativs-metala-sienas-vaks-wifi-2\/\"]}]},{\"@type\":\"ImageObject\",\"inLanguage\":\"lv-LV\",\"@id\":\"https:\/\/metaltale.com\/lv\/produkts\/dekorativs-metala-sienas-vaks-wifi-2\/#primaryimage\",\"url\":\"https:\/\/metaltale.com\/wp-content\/uploads\/2023\/10\/Dekoratyvinis-metalinis-sieninis-dangtelis-WIFI-2.jpg\",\"contentUrl\":\"https:\/\/metaltale.com\/wp-content\/uploads\/2023\/10\/Dekoratyvinis-metalinis-sieninis-dangtelis-WIFI-2.jpg\",\"width\":800,\"height\":800},{\"@type\":\"BreadcrumbList\",\"@id\":\"https:\/\/metaltale.com\/lv\/produkts\/dekorativs-metala-sienas-vaks-wifi-2\/#breadcrumb\",\"itemListElement\":[{\"@type\":\"ListItem\",\"position\":1,\"name\":\"Home\",\"item\":\"https:\/\/metaltale.com\/lv\/majas\/\"},{\"@type\":\"ListItem\",\"position\":2,\"name\":\"Veikals\",\"item\":\"https:\/\/metaltale.com\/lv\/shop\/\"},{\"@type\":\"ListItem\",\"position\":3,\"name\":\"Dekorat\u012bvs met\u0101la sienas v\u0101ks WIFI 2\"}]},{\"@type\":\"WebSite\",\"@id\":\"https:\/\/metaltale.com\/lv\/#website\",\"url\":\"https:\/\/metaltale.com\/lv\/\",\"name\":\"Metaltale.com\",\"description\":\"\",\"potentialAction\":[{\"@type\":\"SearchAction\",\"target\":{\"@type\":\"EntryPoint\",\"urlTemplate\":\"https:\/\/metaltale.com\/lv\/?s={search_term_string}\"},\"query-input\":{\"@type\":\"PropertyValueSpecification\",\"valueRequired\":true,\"valueName\":\"search_term_string\"}}],\"inLanguage\":\"lv-LV\"}]}<\/script>\n<!-- \/ Yoast SEO plugin. -->","yoast_head_json":{"title":"Dekorat\u012bvs met\u0101la sienas v\u0101ks WIFI 2 - MetalTale.com","robots":{"index":"index","follow":"follow","max-snippet":"max-snippet:-1","max-image-preview":"max-image-preview:large","max-video-preview":"max-video-preview:-1"},"canonical":"https:\/\/metaltale.com\/lv\/produkts\/dekorativs-metala-sienas-vaks-wifi-2\/","og_locale":"lv_LV","og_type":"article","og_title":"Dekorat\u012bvs met\u0101la sienas v\u0101ks WIFI 2 - MetalTale.com","og_description":"FJ modelis. JHBC.2812 EAN. 5905369925603 Inform\u0101cija par mot\u012bviem Dzi\u013cums (cm ) 4 Kop\u0113jais diametrs (cm ) 35 Materi\u0101ls T\u0113rauds Forma","og_url":"https:\/\/metaltale.com\/lv\/produkts\/dekorativs-metala-sienas-vaks-wifi-2\/","og_site_name":"MetalTale.com","twitter_card":"summary_large_image","twitter_misc":{"Est. reading time":"1 minute"},"schema":{"@context":"https:\/\/schema.org","@graph":[{"@type":"WebPage","@id":"https:\/\/metaltale.com\/lv\/produkts\/dekorativs-metala-sienas-vaks-wifi-2\/","url":"https:\/\/metaltale.com\/lv\/produkts\/dekorativs-metala-sienas-vaks-wifi-2\/","name":"Dekorat\u012bvs met\u0101la sienas v\u0101ks WIFI 2 - MetalTale.com","isPartOf":{"@id":"https:\/\/metaltale.com\/lv\/#website"},"primaryImageOfPage":{"@id":"https:\/\/metaltale.com\/lv\/produkts\/dekorativs-metala-sienas-vaks-wifi-2\/#primaryimage"},"image":{"@id":"https:\/\/metaltale.com\/lv\/produkts\/dekorativs-metala-sienas-vaks-wifi-2\/#primaryimage"},"thumbnailUrl":"https:\/\/metaltale.com\/wp-content\/uploads\/2023\/10\/Dekoratyvinis-metalinis-sieninis-dangtelis-WIFI-2.jpg","datePublished":"2024-02-13T12:43:47+00:00","breadcrumb":{"@id":"https:\/\/metaltale.com\/lv\/produkts\/dekorativs-metala-sienas-vaks-wifi-2\/#breadcrumb"},"inLanguage":"lv-LV","potentialAction":[{"@type":"ReadAction","target":["https:\/\/metaltale.com\/lv\/produkts\/dekorativs-metala-sienas-vaks-wifi-2\/"]}]},{"@type":"ImageObject","inLanguage":"lv-LV","@id":"https:\/\/metaltale.com\/lv\/produkts\/dekorativs-metala-sienas-vaks-wifi-2\/#primaryimage","url":"https:\/\/metaltale.com\/wp-content\/uploads\/2023\/10\/Dekoratyvinis-metalinis-sieninis-dangtelis-WIFI-2.jpg","contentUrl":"https:\/\/metaltale.com\/wp-content\/uploads\/2023\/10\/Dekoratyvinis-metalinis-sieninis-dangtelis-WIFI-2.jpg","width":800,"height":800},{"@type":"BreadcrumbList","@id":"https:\/\/metaltale.com\/lv\/produkts\/dekorativs-metala-sienas-vaks-wifi-2\/#breadcrumb","itemListElement":[{"@type":"ListItem","position":1,"name":"Home","item":"https:\/\/metaltale.com\/lv\/majas\/"},{"@type":"ListItem","position":2,"name":"Veikals","item":"https:\/\/metaltale.com\/lv\/shop\/"},{"@type":"ListItem","position":3,"name":"Dekorat\u012bvs met\u0101la sienas v\u0101ks WIFI 2"}]},{"@type":"WebSite","@id":"https:\/\/metaltale.com\/lv\/#website","url":"https:\/\/metaltale.com\/lv\/","name":"Metaltale.com","description":"","potentialAction":[{"@type":"SearchAction","target":{"@type":"EntryPoint","urlTemplate":"https:\/\/metaltale.com\/lv\/?s={search_term_string}"},"query-input":{"@type":"PropertyValueSpecification","valueRequired":true,"valueName":"search_term_string"}}],"inLanguage":"lv-LV"}]}},"_links":{"self":[{"href":"https:\/\/metaltale.com\/lv\/wp-json\/wp\/v2\/product\/137246","targetHints":{"allow":["GET"]}}],"collection":[{"href":"https:\/\/metaltale.com\/lv\/wp-json\/wp\/v2\/product"}],"about":[{"href":"https:\/\/metaltale.com\/lv\/wp-json\/wp\/v2\/types\/product"}],"replies":[{"embeddable":true,"href":"https:\/\/metaltale.com\/lv\/wp-json\/wp\/v2\/comments?post=137246"}],"version-history":[{"count":0,"href":"https:\/\/metaltale.com\/lv\/wp-json\/wp\/v2\/product\/137246\/revisions"}],"wp:featuredmedia":[{"embeddable":true,"href":"https:\/\/metaltale.com\/lv\/wp-json\/wp\/v2\/media\/90712"}],"wp:attachment":[{"href":"https:\/\/metaltale.com\/lv\/wp-json\/wp\/v2\/media?parent=137246"}],"wp:term":[{"taxonomy":"product_brand","embeddable":true,"href":"https:\/\/metaltale.com\/lv\/wp-json\/wp\/v2\/product_brand?post=137246"},{"taxonomy":"product_cat","embeddable":true,"href":"https:\/\/metaltale.com\/lv\/wp-json\/wp\/v2\/product_cat?post=137246"},{"taxonomy":"product_tag","embeddable":true,"href":"https:\/\/metaltale.com\/lv\/wp-json\/wp\/v2\/product_tag?post=137246"}],"curies":[{"name":"wp","href":"https:\/\/api.w.org\/{rel}","templated":true}]}}