{"id":137219,"date":"2024-02-13T14:43:05","date_gmt":"2024-02-13T12:43:05","guid":{"rendered":"https:\/\/metaltale.com\/produktas\/izlietnes-maisitajs-lola-4-melns\/"},"modified":"2024-02-13T14:43:05","modified_gmt":"2024-02-13T12:43:05","slug":"izlietnes-maisitajs-lola-4-melns","status":"publish","type":"product","link":"https:\/\/metaltale.com\/lv\/produkts\/izlietnes-maisitajs-lola-4-melns\/","title":{"rendered":"Izlietnes mais\u012bt\u0101js LOLA 4, melns"},"content":{"rendered":"<div class=\"prod_data\">\n<p>WX <strong>modelis<\/strong>. HT99546<br \/>\nLola &amp; Lexie <strong>kolekcija<\/strong><br \/>\n<strong>EAN.<\/strong>  5905369904288<br \/>\n<strong>Mais\u012bt\u0101ja tips<\/strong> Br\u012bvi st\u0101vo\u0161s<br \/>\n<strong>Izsmidzin\u0101t\u0101ja garums (cm<\/strong> ) 15<br \/>\n<strong>Materi\u0101ls<\/strong> Misi\u0146\u0161<br \/>\n<strong>Uzst\u0101d\u012b\u0161anas atveres diametrs<\/strong> 3,2<br \/>\nAugstums (cm ) 29<br \/>\n<strong>Augstums ar paceltu rokturi<\/strong> 31<br \/>\n<strong>Perlators (aerators<\/strong> ) J\u0101<br \/>\n<strong>Rot\u0113jo\u0161s izsmidzin\u0101t\u0101js<\/strong> J\u0101<br \/>\nKr\u0101sa Melna<br \/>\n<strong>Apdare<\/strong> M\u012bksta, sat\u012bna efekts<br \/>\n<strong>Papildus inform\u0101cija<\/strong> \u0160\u013c\u016btene M8x3\/8&#8243; kr\u0101na garums 50cm<\/p>\n<p>&#8211; misi\u0146a akumulators<br \/>\n&#8211; kust\u012bgs izsmidzin\u0101t\u0101js<br \/>\n&#8211; keramikas galva &#8211; elements, kas nodro\u0161ina pareizu \u016bdens sadali.<br \/>\n&#8211; Aerators &#8211; aerators, kas samazina \u016bdens pat\u0113ri\u0146u<br \/>\n&#8211; visi mont\u0101\u017eai nepiecie\u0161amie elementi komplekt\u0101 (\u0161\u013c\u016btenes, skr\u016bve pie galda virsmas, bl\u012bves pie skr\u016bves).<\/p>\n<hr>\n<p>&#8220;Lola &amp;; Lexie&#8221; kolekcija pied\u0101v\u0101 melnus misi\u0146a kr\u0101nus, kas izce\u013cas ar kvalit\u0101ti, funkcionalit\u0101ti un unik\u0101liem dekoriem. Pied\u0101v\u0101jum\u0101 ir melni du\u0161as komplekti, retro st\u0101vkr\u0101ni un sienas kr\u0101ni, kas \u013cauj jums izveidot saska\u0146otu vannas istabas pl\u0101nojumu. Uz izstr\u0101d\u0101jumu virsmas redzami noveco\u0161anas efekti, piem\u0113ram, skr\u0101p\u0113jumi un rakstur\u012bgi izliektas formas raksti. Dizainera kr\u0101ns noteikti k\u013c\u016bs par virtuves vai vannas istabas izk\u0101rtojuma centr\u0101lo punktu. Taj\u0101 pa\u0161\u0101 laik\u0101 mas\u012bvais un smalkais izlietnes mais\u012bt\u0101js neuzkr\u012bto\u0161i piesaista uzman\u012bbu. Praktiskais kr\u0101ns, keramisk\u0101 galvi\u0146a un aerators ir tikai da\u017eas no LOLA mode\u013ca priek\u0161roc\u012bb\u0101m.<\/p>\n<\/div>\n","protected":false},"excerpt":{"rendered":"<p>WX modelis. HT99546 Lola &amp; Lexie kolekcija EAN. 5905369904288 Mais\u012bt\u0101ja tips Br\u012bvi st\u0101vo\u0161s Izsmidzin\u0101t\u0101ja garums (cm ) 15 Materi\u0101ls Misi\u0146\u0161<\/p>\n","protected":false},"featured_media":97060,"comment_status":"open","ping_status":"closed","template":"","meta":{"_acf_changed":false,"pmpro_default_level":""},"product_brand":[],"product_cat":[24094,24073],"product_tag":[],"class_list":{"0":"post-137219","1":"product","2":"type-product","3":"status-publish","4":"has-post-thumbnail","6":"product_cat-izlietnes-maisitaji","7":"product_cat-vannas-istabas-krani","8":"pmpro-has-access","10":"first","11":"instock","12":"shipping-taxable","13":"purchasable","14":"product-type-simple"},"acf":[],"yoast_head":"<!-- This site is optimized with the Yoast SEO plugin v24.9 - https:\/\/yoast.com\/wordpress\/plugins\/seo\/ -->\n<title>Izlietnes mais\u012bt\u0101js LOLA 4, melns - MetalTale.com<\/title>\n<meta name=\"robots\" content=\"index, follow, max-snippet:-1, max-image-preview:large, max-video-preview:-1\" \/>\n<link rel=\"canonical\" href=\"https:\/\/metaltale.com\/lv\/produkts\/izlietnes-maisitajs-lola-4-melns\/\" \/>\n<meta property=\"og:locale\" content=\"lv_LV\" \/>\n<meta property=\"og:type\" content=\"article\" \/>\n<meta property=\"og:title\" content=\"Izlietnes mais\u012bt\u0101js LOLA 4, melns - MetalTale.com\" \/>\n<meta property=\"og:description\" content=\"WX modelis. HT99546 Lola &amp; Lexie kolekcija EAN. 5905369904288 Mais\u012bt\u0101ja tips Br\u012bvi st\u0101vo\u0161s Izsmidzin\u0101t\u0101ja garums (cm ) 15 Materi\u0101ls Misi\u0146\u0161\" \/>\n<meta property=\"og:url\" content=\"https:\/\/metaltale.com\/lv\/produkts\/izlietnes-maisitajs-lola-4-melns\/\" \/>\n<meta property=\"og:site_name\" content=\"MetalTale.com\" \/>\n<meta property=\"og:image\" content=\"https:\/\/metaltale.com\/wp-content\/uploads\/2023\/11\/Praustuvo-maix161ytuvas-juodas-LOLA-4.jpg\" \/>\n\t<meta property=\"og:image:width\" content=\"800\" \/>\n\t<meta property=\"og:image:height\" content=\"800\" \/>\n\t<meta property=\"og:image:type\" content=\"image\/jpeg\" \/>\n<meta name=\"twitter:card\" content=\"summary_large_image\" \/>\n<meta name=\"twitter:label1\" content=\"Est. reading time\" \/>\n\t<meta name=\"twitter:data1\" content=\"1 minute\" \/>\n<script type=\"application\/ld+json\" class=\"yoast-schema-graph\">{\"@context\":\"https:\/\/schema.org\",\"@graph\":[{\"@type\":\"WebPage\",\"@id\":\"https:\/\/metaltale.com\/lv\/produkts\/izlietnes-maisitajs-lola-4-melns\/\",\"url\":\"https:\/\/metaltale.com\/lv\/produkts\/izlietnes-maisitajs-lola-4-melns\/\",\"name\":\"Izlietnes mais\u012bt\u0101js LOLA 4, melns - MetalTale.com\",\"isPartOf\":{\"@id\":\"https:\/\/metaltale.com\/lv\/#website\"},\"primaryImageOfPage\":{\"@id\":\"https:\/\/metaltale.com\/lv\/produkts\/izlietnes-maisitajs-lola-4-melns\/#primaryimage\"},\"image\":{\"@id\":\"https:\/\/metaltale.com\/lv\/produkts\/izlietnes-maisitajs-lola-4-melns\/#primaryimage\"},\"thumbnailUrl\":\"https:\/\/metaltale.com\/wp-content\/uploads\/2023\/11\/Praustuvo-maix161ytuvas-juodas-LOLA-4.jpg\",\"datePublished\":\"2024-02-13T12:43:05+00:00\",\"breadcrumb\":{\"@id\":\"https:\/\/metaltale.com\/lv\/produkts\/izlietnes-maisitajs-lola-4-melns\/#breadcrumb\"},\"inLanguage\":\"lv-LV\",\"potentialAction\":[{\"@type\":\"ReadAction\",\"target\":[\"https:\/\/metaltale.com\/lv\/produkts\/izlietnes-maisitajs-lola-4-melns\/\"]}]},{\"@type\":\"ImageObject\",\"inLanguage\":\"lv-LV\",\"@id\":\"https:\/\/metaltale.com\/lv\/produkts\/izlietnes-maisitajs-lola-4-melns\/#primaryimage\",\"url\":\"https:\/\/metaltale.com\/wp-content\/uploads\/2023\/11\/Praustuvo-maix161ytuvas-juodas-LOLA-4.jpg\",\"contentUrl\":\"https:\/\/metaltale.com\/wp-content\/uploads\/2023\/11\/Praustuvo-maix161ytuvas-juodas-LOLA-4.jpg\",\"width\":800,\"height\":800,\"caption\":\"Izlietnes mais\u012bt\u0101js LOLA 4, melns\"},{\"@type\":\"BreadcrumbList\",\"@id\":\"https:\/\/metaltale.com\/lv\/produkts\/izlietnes-maisitajs-lola-4-melns\/#breadcrumb\",\"itemListElement\":[{\"@type\":\"ListItem\",\"position\":1,\"name\":\"Home\",\"item\":\"https:\/\/metaltale.com\/lv\/majas\/\"},{\"@type\":\"ListItem\",\"position\":2,\"name\":\"Veikals\",\"item\":\"https:\/\/metaltale.com\/lv\/shop\/\"},{\"@type\":\"ListItem\",\"position\":3,\"name\":\"Izlietnes mais\u012bt\u0101js LOLA 4, melns\"}]},{\"@type\":\"WebSite\",\"@id\":\"https:\/\/metaltale.com\/lv\/#website\",\"url\":\"https:\/\/metaltale.com\/lv\/\",\"name\":\"Metaltale.com\",\"description\":\"\",\"potentialAction\":[{\"@type\":\"SearchAction\",\"target\":{\"@type\":\"EntryPoint\",\"urlTemplate\":\"https:\/\/metaltale.com\/lv\/?s={search_term_string}\"},\"query-input\":{\"@type\":\"PropertyValueSpecification\",\"valueRequired\":true,\"valueName\":\"search_term_string\"}}],\"inLanguage\":\"lv-LV\"}]}<\/script>\n<!-- \/ Yoast SEO plugin. -->","yoast_head_json":{"title":"Izlietnes mais\u012bt\u0101js LOLA 4, melns - MetalTale.com","robots":{"index":"index","follow":"follow","max-snippet":"max-snippet:-1","max-image-preview":"max-image-preview:large","max-video-preview":"max-video-preview:-1"},"canonical":"https:\/\/metaltale.com\/lv\/produkts\/izlietnes-maisitajs-lola-4-melns\/","og_locale":"lv_LV","og_type":"article","og_title":"Izlietnes mais\u012bt\u0101js LOLA 4, melns - MetalTale.com","og_description":"WX modelis. HT99546 Lola &amp; Lexie kolekcija EAN. 5905369904288 Mais\u012bt\u0101ja tips Br\u012bvi st\u0101vo\u0161s Izsmidzin\u0101t\u0101ja garums (cm ) 15 Materi\u0101ls Misi\u0146\u0161","og_url":"https:\/\/metaltale.com\/lv\/produkts\/izlietnes-maisitajs-lola-4-melns\/","og_site_name":"MetalTale.com","og_image":[{"width":800,"height":800,"url":"https:\/\/metaltale.com\/wp-content\/uploads\/2023\/11\/Praustuvo-maix161ytuvas-juodas-LOLA-4.jpg","type":"image\/jpeg"}],"twitter_card":"summary_large_image","twitter_misc":{"Est. reading time":"1 minute"},"schema":{"@context":"https:\/\/schema.org","@graph":[{"@type":"WebPage","@id":"https:\/\/metaltale.com\/lv\/produkts\/izlietnes-maisitajs-lola-4-melns\/","url":"https:\/\/metaltale.com\/lv\/produkts\/izlietnes-maisitajs-lola-4-melns\/","name":"Izlietnes mais\u012bt\u0101js LOLA 4, melns - MetalTale.com","isPartOf":{"@id":"https:\/\/metaltale.com\/lv\/#website"},"primaryImageOfPage":{"@id":"https:\/\/metaltale.com\/lv\/produkts\/izlietnes-maisitajs-lola-4-melns\/#primaryimage"},"image":{"@id":"https:\/\/metaltale.com\/lv\/produkts\/izlietnes-maisitajs-lola-4-melns\/#primaryimage"},"thumbnailUrl":"https:\/\/metaltale.com\/wp-content\/uploads\/2023\/11\/Praustuvo-maix161ytuvas-juodas-LOLA-4.jpg","datePublished":"2024-02-13T12:43:05+00:00","breadcrumb":{"@id":"https:\/\/metaltale.com\/lv\/produkts\/izlietnes-maisitajs-lola-4-melns\/#breadcrumb"},"inLanguage":"lv-LV","potentialAction":[{"@type":"ReadAction","target":["https:\/\/metaltale.com\/lv\/produkts\/izlietnes-maisitajs-lola-4-melns\/"]}]},{"@type":"ImageObject","inLanguage":"lv-LV","@id":"https:\/\/metaltale.com\/lv\/produkts\/izlietnes-maisitajs-lola-4-melns\/#primaryimage","url":"https:\/\/metaltale.com\/wp-content\/uploads\/2023\/11\/Praustuvo-maix161ytuvas-juodas-LOLA-4.jpg","contentUrl":"https:\/\/metaltale.com\/wp-content\/uploads\/2023\/11\/Praustuvo-maix161ytuvas-juodas-LOLA-4.jpg","width":800,"height":800,"caption":"Izlietnes mais\u012bt\u0101js LOLA 4, melns"},{"@type":"BreadcrumbList","@id":"https:\/\/metaltale.com\/lv\/produkts\/izlietnes-maisitajs-lola-4-melns\/#breadcrumb","itemListElement":[{"@type":"ListItem","position":1,"name":"Home","item":"https:\/\/metaltale.com\/lv\/majas\/"},{"@type":"ListItem","position":2,"name":"Veikals","item":"https:\/\/metaltale.com\/lv\/shop\/"},{"@type":"ListItem","position":3,"name":"Izlietnes mais\u012bt\u0101js LOLA 4, melns"}]},{"@type":"WebSite","@id":"https:\/\/metaltale.com\/lv\/#website","url":"https:\/\/metaltale.com\/lv\/","name":"Metaltale.com","description":"","potentialAction":[{"@type":"SearchAction","target":{"@type":"EntryPoint","urlTemplate":"https:\/\/metaltale.com\/lv\/?s={search_term_string}"},"query-input":{"@type":"PropertyValueSpecification","valueRequired":true,"valueName":"search_term_string"}}],"inLanguage":"lv-LV"}]}},"_links":{"self":[{"href":"https:\/\/metaltale.com\/lv\/wp-json\/wp\/v2\/product\/137219","targetHints":{"allow":["GET"]}}],"collection":[{"href":"https:\/\/metaltale.com\/lv\/wp-json\/wp\/v2\/product"}],"about":[{"href":"https:\/\/metaltale.com\/lv\/wp-json\/wp\/v2\/types\/product"}],"replies":[{"embeddable":true,"href":"https:\/\/metaltale.com\/lv\/wp-json\/wp\/v2\/comments?post=137219"}],"version-history":[{"count":0,"href":"https:\/\/metaltale.com\/lv\/wp-json\/wp\/v2\/product\/137219\/revisions"}],"wp:featuredmedia":[{"embeddable":true,"href":"https:\/\/metaltale.com\/lv\/wp-json\/wp\/v2\/media\/97060"}],"wp:attachment":[{"href":"https:\/\/metaltale.com\/lv\/wp-json\/wp\/v2\/media?parent=137219"}],"wp:term":[{"taxonomy":"product_brand","embeddable":true,"href":"https:\/\/metaltale.com\/lv\/wp-json\/wp\/v2\/product_brand?post=137219"},{"taxonomy":"product_cat","embeddable":true,"href":"https:\/\/metaltale.com\/lv\/wp-json\/wp\/v2\/product_cat?post=137219"},{"taxonomy":"product_tag","embeddable":true,"href":"https:\/\/metaltale.com\/lv\/wp-json\/wp\/v2\/product_tag?post=137219"}],"curies":[{"name":"wp","href":"https:\/\/api.w.org\/{rel}","templated":true}]}}