{"id":137214,"date":"2024-02-13T14:43:05","date_gmt":"2024-02-13T12:43:05","guid":{"rendered":"https:\/\/metaltale.com\/produktas\/atpakalgaismas-zime-3d-retro-stop\/"},"modified":"2024-02-13T14:43:05","modified_gmt":"2024-02-13T12:43:05","slug":"atpakalgaismas-zime-3d-retro-stop","status":"publish","type":"product","link":"https:\/\/metaltale.com\/lv\/produkts\/atpakalgaismas-zime-3d-retro-stop\/","title":{"rendered":"Atpaka\u013cgaismas z\u012bme 3D retro STOP"},"content":{"rendered":"<div class=\"prod_data\"><strong>Modelis<\/strong> Y.51336  <br \/><strong>EAN.<\/strong>  5905369928253  <br \/><strong>Motiv\u0101cija<\/strong> Inform\u0101cija, citi  <br \/>Augstums (cm ) 33 <br \/><strong>Platums (cm)<\/strong> 33  <br \/><strong>Dzi\u013cums (cm<\/strong> ) 5,5  <br \/><strong>Materi\u0101ls<\/strong> HDF, t\u0113rauds  <br \/><strong>Veidlapas<\/strong> N\u0101kamais  <br \/><strong>Orient\u0101cija<\/strong> Vertik\u0101l\u0101  <\/p>\n<p>&#8211; met\u0101la sienu ap\u0161uvums<br \/>&#8211; 3D z\u012bme ar re\u0101liem izvirz\u012bjumiem<br \/>&#8211; Ieb\u016bv\u0113ti LED spuld\u017eu punkti<br \/>&#8211; Z\u012bmi darbina ar AA baterij\u0101m (nav iek\u013cautas komplekt\u0101)<br \/>&#8211; iesl\u0113g\u0161anas\/izsl\u0113g\u0161anas sl\u0113dzis uz z\u012bmes s\u0101nu sienas.<\/p>\n<hr>\n<p>3D z\u012bme ir dekorat\u012bvs elements, kas pie\u0161\u0137ir pievilc\u012bgu izskatu dz\u012bves telp\u0101m un sabiedriskaj\u0101m zon\u0101m. Fona apgaismojumu nodro\u0161ina nelielas ar akumulatoru darbin\u0101mas spuldz\u012btes. Pateicoties \u0161im risin\u0101jumam, varat br\u012bvi main\u012bt z\u012bmes atra\u0161an\u0101s vietu.<\/p>\n<\/div>\n","protected":false},"excerpt":{"rendered":"<p>Modelis Y.51336 EAN. 5905369928253 Motiv\u0101cija Inform\u0101cija, citi Augstums (cm ) 33 Platums (cm) 33 Dzi\u013cums (cm ) 5,5 Materi\u0101ls HDF,<\/p>\n","protected":false},"featured_media":90390,"comment_status":"open","ping_status":"closed","template":"","meta":{"_acf_changed":false,"pmpro_default_level":""},"product_brand":[],"product_cat":[24087],"product_tag":[],"class_list":{"0":"post-137214","1":"product","2":"type-product","3":"status-publish","4":"has-post-thumbnail","6":"product_cat-3d-izgaismotas-izkartnes","7":"pmpro-has-access","9":"first","10":"instock","11":"shipping-taxable","12":"purchasable","13":"product-type-simple"},"acf":[],"yoast_head":"<!-- This site is optimized with the Yoast SEO plugin v24.9 - https:\/\/yoast.com\/wordpress\/plugins\/seo\/ -->\n<title>Atpaka\u013cgaismas z\u012bme 3D retro STOP - MetalTale.com<\/title>\n<meta name=\"robots\" content=\"index, follow, max-snippet:-1, max-image-preview:large, max-video-preview:-1\" \/>\n<link rel=\"canonical\" href=\"https:\/\/metaltale.com\/lv\/produkts\/atpakalgaismas-zime-3d-retro-stop\/\" \/>\n<meta property=\"og:locale\" content=\"lv_LV\" \/>\n<meta property=\"og:type\" content=\"article\" \/>\n<meta property=\"og:title\" content=\"Atpaka\u013cgaismas z\u012bme 3D retro STOP - MetalTale.com\" \/>\n<meta property=\"og:description\" content=\"Modelis Y.51336 EAN. 5905369928253 Motiv\u0101cija Inform\u0101cija, citi Augstums (cm ) 33 Platums (cm) 33 Dzi\u013cums (cm ) 5,5 Materi\u0101ls HDF,\" \/>\n<meta property=\"og:url\" content=\"https:\/\/metaltale.com\/lv\/produkts\/atpakalgaismas-zime-3d-retro-stop\/\" \/>\n<meta property=\"og:site_name\" content=\"MetalTale.com\" \/>\n<meta name=\"twitter:card\" content=\"summary_large_image\" \/>\n<meta name=\"twitter:label1\" content=\"Est. reading time\" \/>\n\t<meta name=\"twitter:data1\" content=\"1 minute\" \/>\n<script type=\"application\/ld+json\" class=\"yoast-schema-graph\">{\"@context\":\"https:\/\/schema.org\",\"@graph\":[{\"@type\":\"WebPage\",\"@id\":\"https:\/\/metaltale.com\/lv\/produkts\/atpakalgaismas-zime-3d-retro-stop\/\",\"url\":\"https:\/\/metaltale.com\/lv\/produkts\/atpakalgaismas-zime-3d-retro-stop\/\",\"name\":\"Atpaka\u013cgaismas z\u012bme 3D retro STOP - MetalTale.com\",\"isPartOf\":{\"@id\":\"https:\/\/metaltale.com\/lv\/#website\"},\"primaryImageOfPage\":{\"@id\":\"https:\/\/metaltale.com\/lv\/produkts\/atpakalgaismas-zime-3d-retro-stop\/#primaryimage\"},\"image\":{\"@id\":\"https:\/\/metaltale.com\/lv\/produkts\/atpakalgaismas-zime-3d-retro-stop\/#primaryimage\"},\"thumbnailUrl\":\"https:\/\/metaltale.com\/wp-content\/uploads\/2023\/10\/Foninio-apx161vietimo-x17Eenklas-3D-retro-STOP.jpg\",\"datePublished\":\"2024-02-13T12:43:05+00:00\",\"breadcrumb\":{\"@id\":\"https:\/\/metaltale.com\/lv\/produkts\/atpakalgaismas-zime-3d-retro-stop\/#breadcrumb\"},\"inLanguage\":\"lv-LV\",\"potentialAction\":[{\"@type\":\"ReadAction\",\"target\":[\"https:\/\/metaltale.com\/lv\/produkts\/atpakalgaismas-zime-3d-retro-stop\/\"]}]},{\"@type\":\"ImageObject\",\"inLanguage\":\"lv-LV\",\"@id\":\"https:\/\/metaltale.com\/lv\/produkts\/atpakalgaismas-zime-3d-retro-stop\/#primaryimage\",\"url\":\"https:\/\/metaltale.com\/wp-content\/uploads\/2023\/10\/Foninio-apx161vietimo-x17Eenklas-3D-retro-STOP.jpg\",\"contentUrl\":\"https:\/\/metaltale.com\/wp-content\/uploads\/2023\/10\/Foninio-apx161vietimo-x17Eenklas-3D-retro-STOP.jpg\",\"width\":800,\"height\":800},{\"@type\":\"BreadcrumbList\",\"@id\":\"https:\/\/metaltale.com\/lv\/produkts\/atpakalgaismas-zime-3d-retro-stop\/#breadcrumb\",\"itemListElement\":[{\"@type\":\"ListItem\",\"position\":1,\"name\":\"Home\",\"item\":\"https:\/\/metaltale.com\/lv\/majas\/\"},{\"@type\":\"ListItem\",\"position\":2,\"name\":\"Veikals\",\"item\":\"https:\/\/metaltale.com\/lv\/shop\/\"},{\"@type\":\"ListItem\",\"position\":3,\"name\":\"Atpaka\u013cgaismas z\u012bme 3D retro STOP\"}]},{\"@type\":\"WebSite\",\"@id\":\"https:\/\/metaltale.com\/lv\/#website\",\"url\":\"https:\/\/metaltale.com\/lv\/\",\"name\":\"Metaltale.com\",\"description\":\"\",\"potentialAction\":[{\"@type\":\"SearchAction\",\"target\":{\"@type\":\"EntryPoint\",\"urlTemplate\":\"https:\/\/metaltale.com\/lv\/?s={search_term_string}\"},\"query-input\":{\"@type\":\"PropertyValueSpecification\",\"valueRequired\":true,\"valueName\":\"search_term_string\"}}],\"inLanguage\":\"lv-LV\"}]}<\/script>\n<!-- \/ Yoast SEO plugin. -->","yoast_head_json":{"title":"Atpaka\u013cgaismas z\u012bme 3D retro STOP - MetalTale.com","robots":{"index":"index","follow":"follow","max-snippet":"max-snippet:-1","max-image-preview":"max-image-preview:large","max-video-preview":"max-video-preview:-1"},"canonical":"https:\/\/metaltale.com\/lv\/produkts\/atpakalgaismas-zime-3d-retro-stop\/","og_locale":"lv_LV","og_type":"article","og_title":"Atpaka\u013cgaismas z\u012bme 3D retro STOP - MetalTale.com","og_description":"Modelis Y.51336 EAN. 5905369928253 Motiv\u0101cija Inform\u0101cija, citi Augstums (cm ) 33 Platums (cm) 33 Dzi\u013cums (cm ) 5,5 Materi\u0101ls HDF,","og_url":"https:\/\/metaltale.com\/lv\/produkts\/atpakalgaismas-zime-3d-retro-stop\/","og_site_name":"MetalTale.com","twitter_card":"summary_large_image","twitter_misc":{"Est. reading time":"1 minute"},"schema":{"@context":"https:\/\/schema.org","@graph":[{"@type":"WebPage","@id":"https:\/\/metaltale.com\/lv\/produkts\/atpakalgaismas-zime-3d-retro-stop\/","url":"https:\/\/metaltale.com\/lv\/produkts\/atpakalgaismas-zime-3d-retro-stop\/","name":"Atpaka\u013cgaismas z\u012bme 3D retro STOP - MetalTale.com","isPartOf":{"@id":"https:\/\/metaltale.com\/lv\/#website"},"primaryImageOfPage":{"@id":"https:\/\/metaltale.com\/lv\/produkts\/atpakalgaismas-zime-3d-retro-stop\/#primaryimage"},"image":{"@id":"https:\/\/metaltale.com\/lv\/produkts\/atpakalgaismas-zime-3d-retro-stop\/#primaryimage"},"thumbnailUrl":"https:\/\/metaltale.com\/wp-content\/uploads\/2023\/10\/Foninio-apx161vietimo-x17Eenklas-3D-retro-STOP.jpg","datePublished":"2024-02-13T12:43:05+00:00","breadcrumb":{"@id":"https:\/\/metaltale.com\/lv\/produkts\/atpakalgaismas-zime-3d-retro-stop\/#breadcrumb"},"inLanguage":"lv-LV","potentialAction":[{"@type":"ReadAction","target":["https:\/\/metaltale.com\/lv\/produkts\/atpakalgaismas-zime-3d-retro-stop\/"]}]},{"@type":"ImageObject","inLanguage":"lv-LV","@id":"https:\/\/metaltale.com\/lv\/produkts\/atpakalgaismas-zime-3d-retro-stop\/#primaryimage","url":"https:\/\/metaltale.com\/wp-content\/uploads\/2023\/10\/Foninio-apx161vietimo-x17Eenklas-3D-retro-STOP.jpg","contentUrl":"https:\/\/metaltale.com\/wp-content\/uploads\/2023\/10\/Foninio-apx161vietimo-x17Eenklas-3D-retro-STOP.jpg","width":800,"height":800},{"@type":"BreadcrumbList","@id":"https:\/\/metaltale.com\/lv\/produkts\/atpakalgaismas-zime-3d-retro-stop\/#breadcrumb","itemListElement":[{"@type":"ListItem","position":1,"name":"Home","item":"https:\/\/metaltale.com\/lv\/majas\/"},{"@type":"ListItem","position":2,"name":"Veikals","item":"https:\/\/metaltale.com\/lv\/shop\/"},{"@type":"ListItem","position":3,"name":"Atpaka\u013cgaismas z\u012bme 3D retro STOP"}]},{"@type":"WebSite","@id":"https:\/\/metaltale.com\/lv\/#website","url":"https:\/\/metaltale.com\/lv\/","name":"Metaltale.com","description":"","potentialAction":[{"@type":"SearchAction","target":{"@type":"EntryPoint","urlTemplate":"https:\/\/metaltale.com\/lv\/?s={search_term_string}"},"query-input":{"@type":"PropertyValueSpecification","valueRequired":true,"valueName":"search_term_string"}}],"inLanguage":"lv-LV"}]}},"_links":{"self":[{"href":"https:\/\/metaltale.com\/lv\/wp-json\/wp\/v2\/product\/137214","targetHints":{"allow":["GET"]}}],"collection":[{"href":"https:\/\/metaltale.com\/lv\/wp-json\/wp\/v2\/product"}],"about":[{"href":"https:\/\/metaltale.com\/lv\/wp-json\/wp\/v2\/types\/product"}],"replies":[{"embeddable":true,"href":"https:\/\/metaltale.com\/lv\/wp-json\/wp\/v2\/comments?post=137214"}],"version-history":[{"count":0,"href":"https:\/\/metaltale.com\/lv\/wp-json\/wp\/v2\/product\/137214\/revisions"}],"wp:featuredmedia":[{"embeddable":true,"href":"https:\/\/metaltale.com\/lv\/wp-json\/wp\/v2\/media\/90390"}],"wp:attachment":[{"href":"https:\/\/metaltale.com\/lv\/wp-json\/wp\/v2\/media?parent=137214"}],"wp:term":[{"taxonomy":"product_brand","embeddable":true,"href":"https:\/\/metaltale.com\/lv\/wp-json\/wp\/v2\/product_brand?post=137214"},{"taxonomy":"product_cat","embeddable":true,"href":"https:\/\/metaltale.com\/lv\/wp-json\/wp\/v2\/product_cat?post=137214"},{"taxonomy":"product_tag","embeddable":true,"href":"https:\/\/metaltale.com\/lv\/wp-json\/wp\/v2\/product_tag?post=137214"}],"curies":[{"name":"wp","href":"https:\/\/api.w.org\/{rel}","templated":true}]}}