{"id":136900,"date":"2024-02-13T14:51:04","date_gmt":"2024-02-13T12:51:04","guid":{"rendered":"https:\/\/metaltale.com\/produktas\/metala-dekorativais-panelis-elvis-presley-2\/"},"modified":"2024-02-13T14:51:04","modified_gmt":"2024-02-13T12:51:04","slug":"metala-dekorativais-panelis-elvis-presley-2","status":"publish","type":"product","link":"https:\/\/metaltale.com\/lv\/produkts\/metala-dekorativais-panelis-elvis-presley-2\/","title":{"rendered":"Met\u0101la dekorat\u012bvais panelis ELVIS PRESLEY 2"},"content":{"rendered":"<div class=\"prod_data\"><strong>Modelis<\/strong> IN.40434  <br \/><strong>EAN.<\/strong>  5907772077894  <br \/><strong>Orient\u0101cija<\/strong> Vertik\u0101l\u0101  <br \/><strong>Istaba<\/strong> B\u0101rs, restor\u0101ns  <br \/><strong>Motiv M\u016bzika<\/strong>  <br \/><strong>Materi\u0101ls<\/strong> T\u0113rauds  <br \/><strong>Platums (cm<\/strong> ) 20  <br \/><strong>Augstums (cm<\/strong> ) 30  <br \/><strong>Formas<\/strong> Taisnst\u016bra <strong>formas<\/strong>  <\/p>\n<p>Dekorat\u012bvs taisnst\u016bra formas panelis. Plak\u0101ts ir izgatavots no augst\u0101k\u0101s kvalit\u0101tes materi\u0101la un papildus p\u0101rkl\u0101ts ar pret skr\u0101p\u0113jumiem iztur\u012bgu laku. Saskr\u0101p\u0113jumu un korozijas p\u0113das pie\u0161\u0137ir tai \u013coti vecu izskatu. Z\u012bme ieder\u0113sies retro un vintage interjer\u0101. Odere ir nostiprin\u0101ta, pateicoties smalkiem stiprin\u0101juma caurumiem. Grafikas meln\u0101 fona un balto uzrakstu kombin\u0101cija piesaista uzman\u012bbu.<\/p>\n<p>Produkt\u0101 ir att\u0113lots ELVIS PRESLEY, kas sp\u0113l\u0113 \u0123it\u0101ru.<\/p>\n<p>Panelis b\u016bs piem\u0113rots gan retro, gan vintage interjeriem. Tas b\u016bs ori\u0123in\u0101ls dekors kafejn\u012bc\u0101s, restor\u0101nos vai b\u0101ros.<br \/>Met\u0101la plak\u0101ts ar\u012b ir lieliska ideja d\u0101vanai.<\/p>\n<\/div>\n","protected":false},"excerpt":{"rendered":"<p>Modelis IN.40434 EAN. 5907772077894 Orient\u0101cija Vertik\u0101l\u0101 Istaba B\u0101rs, restor\u0101ns Motiv M\u016bzika Materi\u0101ls T\u0113rauds Platums (cm ) 20 Augstums (cm )<\/p>\n","protected":false},"featured_media":72844,"comment_status":"open","ping_status":"closed","template":"","meta":{"_acf_changed":false,"pmpro_default_level":""},"product_brand":[],"product_cat":[24055],"product_tag":[],"class_list":{"0":"post-136900","1":"product","2":"type-product","3":"status-publish","4":"has-post-thumbnail","6":"product_cat-rotajumi","7":"pmpro-has-access","9":"first","10":"instock","11":"shipping-taxable","12":"purchasable","13":"product-type-simple"},"acf":[],"yoast_head":"<!-- This site is optimized with the Yoast SEO plugin v24.9 - https:\/\/yoast.com\/wordpress\/plugins\/seo\/ -->\n<title>Met\u0101la dekorat\u012bvais panelis ELVIS PRESLEY 2 - MetalTale.com<\/title>\n<meta name=\"robots\" content=\"index, follow, max-snippet:-1, max-image-preview:large, max-video-preview:-1\" \/>\n<link rel=\"canonical\" href=\"https:\/\/metaltale.com\/lv\/produkts\/metala-dekorativais-panelis-elvis-presley-2\/\" \/>\n<meta property=\"og:locale\" content=\"lv_LV\" \/>\n<meta property=\"og:type\" content=\"article\" \/>\n<meta property=\"og:title\" content=\"Met\u0101la dekorat\u012bvais panelis ELVIS PRESLEY 2 - MetalTale.com\" \/>\n<meta property=\"og:description\" content=\"Modelis IN.40434 EAN. 5907772077894 Orient\u0101cija Vertik\u0101l\u0101 Istaba B\u0101rs, restor\u0101ns Motiv M\u016bzika Materi\u0101ls T\u0113rauds Platums (cm ) 20 Augstums (cm )\" \/>\n<meta property=\"og:url\" content=\"https:\/\/metaltale.com\/lv\/produkts\/metala-dekorativais-panelis-elvis-presley-2\/\" \/>\n<meta property=\"og:site_name\" content=\"MetalTale.com\" \/>\n<meta name=\"twitter:card\" content=\"summary_large_image\" \/>\n<meta name=\"twitter:label1\" content=\"Est. reading time\" \/>\n\t<meta name=\"twitter:data1\" content=\"1 minute\" \/>\n<script type=\"application\/ld+json\" class=\"yoast-schema-graph\">{\"@context\":\"https:\/\/schema.org\",\"@graph\":[{\"@type\":\"WebPage\",\"@id\":\"https:\/\/metaltale.com\/lv\/produkts\/metala-dekorativais-panelis-elvis-presley-2\/\",\"url\":\"https:\/\/metaltale.com\/lv\/produkts\/metala-dekorativais-panelis-elvis-presley-2\/\",\"name\":\"Met\u0101la dekorat\u012bvais panelis ELVIS PRESLEY 2 - MetalTale.com\",\"isPartOf\":{\"@id\":\"https:\/\/metaltale.com\/lv\/#website\"},\"primaryImageOfPage\":{\"@id\":\"https:\/\/metaltale.com\/lv\/produkts\/metala-dekorativais-panelis-elvis-presley-2\/#primaryimage\"},\"image\":{\"@id\":\"https:\/\/metaltale.com\/lv\/produkts\/metala-dekorativais-panelis-elvis-presley-2\/#primaryimage\"},\"thumbnailUrl\":\"https:\/\/metaltale.com\/wp-content\/uploads\/2023\/09\/Metalinx117-dekoratyvinx117-plokx161tx117-ELVIS-PRESLEY-2.jpg\",\"datePublished\":\"2024-02-13T12:51:04+00:00\",\"breadcrumb\":{\"@id\":\"https:\/\/metaltale.com\/lv\/produkts\/metala-dekorativais-panelis-elvis-presley-2\/#breadcrumb\"},\"inLanguage\":\"lv-LV\",\"potentialAction\":[{\"@type\":\"ReadAction\",\"target\":[\"https:\/\/metaltale.com\/lv\/produkts\/metala-dekorativais-panelis-elvis-presley-2\/\"]}]},{\"@type\":\"ImageObject\",\"inLanguage\":\"lv-LV\",\"@id\":\"https:\/\/metaltale.com\/lv\/produkts\/metala-dekorativais-panelis-elvis-presley-2\/#primaryimage\",\"url\":\"https:\/\/metaltale.com\/wp-content\/uploads\/2023\/09\/Metalinx117-dekoratyvinx117-plokx161tx117-ELVIS-PRESLEY-2.jpg\",\"contentUrl\":\"https:\/\/metaltale.com\/wp-content\/uploads\/2023\/09\/Metalinx117-dekoratyvinx117-plokx161tx117-ELVIS-PRESLEY-2.jpg\",\"width\":800,\"height\":800},{\"@type\":\"BreadcrumbList\",\"@id\":\"https:\/\/metaltale.com\/lv\/produkts\/metala-dekorativais-panelis-elvis-presley-2\/#breadcrumb\",\"itemListElement\":[{\"@type\":\"ListItem\",\"position\":1,\"name\":\"Home\",\"item\":\"https:\/\/metaltale.com\/lv\/majas\/\"},{\"@type\":\"ListItem\",\"position\":2,\"name\":\"Veikals\",\"item\":\"https:\/\/metaltale.com\/lv\/shop\/\"},{\"@type\":\"ListItem\",\"position\":3,\"name\":\"Met\u0101la dekorat\u012bvais panelis ELVIS PRESLEY 2\"}]},{\"@type\":\"WebSite\",\"@id\":\"https:\/\/metaltale.com\/lv\/#website\",\"url\":\"https:\/\/metaltale.com\/lv\/\",\"name\":\"Metaltale.com\",\"description\":\"\",\"potentialAction\":[{\"@type\":\"SearchAction\",\"target\":{\"@type\":\"EntryPoint\",\"urlTemplate\":\"https:\/\/metaltale.com\/lv\/?s={search_term_string}\"},\"query-input\":{\"@type\":\"PropertyValueSpecification\",\"valueRequired\":true,\"valueName\":\"search_term_string\"}}],\"inLanguage\":\"lv-LV\"}]}<\/script>\n<!-- \/ Yoast SEO plugin. -->","yoast_head_json":{"title":"Met\u0101la dekorat\u012bvais panelis ELVIS PRESLEY 2 - MetalTale.com","robots":{"index":"index","follow":"follow","max-snippet":"max-snippet:-1","max-image-preview":"max-image-preview:large","max-video-preview":"max-video-preview:-1"},"canonical":"https:\/\/metaltale.com\/lv\/produkts\/metala-dekorativais-panelis-elvis-presley-2\/","og_locale":"lv_LV","og_type":"article","og_title":"Met\u0101la dekorat\u012bvais panelis ELVIS PRESLEY 2 - MetalTale.com","og_description":"Modelis IN.40434 EAN. 5907772077894 Orient\u0101cija Vertik\u0101l\u0101 Istaba B\u0101rs, restor\u0101ns Motiv M\u016bzika Materi\u0101ls T\u0113rauds Platums (cm ) 20 Augstums (cm )","og_url":"https:\/\/metaltale.com\/lv\/produkts\/metala-dekorativais-panelis-elvis-presley-2\/","og_site_name":"MetalTale.com","twitter_card":"summary_large_image","twitter_misc":{"Est. reading time":"1 minute"},"schema":{"@context":"https:\/\/schema.org","@graph":[{"@type":"WebPage","@id":"https:\/\/metaltale.com\/lv\/produkts\/metala-dekorativais-panelis-elvis-presley-2\/","url":"https:\/\/metaltale.com\/lv\/produkts\/metala-dekorativais-panelis-elvis-presley-2\/","name":"Met\u0101la dekorat\u012bvais panelis ELVIS PRESLEY 2 - MetalTale.com","isPartOf":{"@id":"https:\/\/metaltale.com\/lv\/#website"},"primaryImageOfPage":{"@id":"https:\/\/metaltale.com\/lv\/produkts\/metala-dekorativais-panelis-elvis-presley-2\/#primaryimage"},"image":{"@id":"https:\/\/metaltale.com\/lv\/produkts\/metala-dekorativais-panelis-elvis-presley-2\/#primaryimage"},"thumbnailUrl":"https:\/\/metaltale.com\/wp-content\/uploads\/2023\/09\/Metalinx117-dekoratyvinx117-plokx161tx117-ELVIS-PRESLEY-2.jpg","datePublished":"2024-02-13T12:51:04+00:00","breadcrumb":{"@id":"https:\/\/metaltale.com\/lv\/produkts\/metala-dekorativais-panelis-elvis-presley-2\/#breadcrumb"},"inLanguage":"lv-LV","potentialAction":[{"@type":"ReadAction","target":["https:\/\/metaltale.com\/lv\/produkts\/metala-dekorativais-panelis-elvis-presley-2\/"]}]},{"@type":"ImageObject","inLanguage":"lv-LV","@id":"https:\/\/metaltale.com\/lv\/produkts\/metala-dekorativais-panelis-elvis-presley-2\/#primaryimage","url":"https:\/\/metaltale.com\/wp-content\/uploads\/2023\/09\/Metalinx117-dekoratyvinx117-plokx161tx117-ELVIS-PRESLEY-2.jpg","contentUrl":"https:\/\/metaltale.com\/wp-content\/uploads\/2023\/09\/Metalinx117-dekoratyvinx117-plokx161tx117-ELVIS-PRESLEY-2.jpg","width":800,"height":800},{"@type":"BreadcrumbList","@id":"https:\/\/metaltale.com\/lv\/produkts\/metala-dekorativais-panelis-elvis-presley-2\/#breadcrumb","itemListElement":[{"@type":"ListItem","position":1,"name":"Home","item":"https:\/\/metaltale.com\/lv\/majas\/"},{"@type":"ListItem","position":2,"name":"Veikals","item":"https:\/\/metaltale.com\/lv\/shop\/"},{"@type":"ListItem","position":3,"name":"Met\u0101la dekorat\u012bvais panelis ELVIS PRESLEY 2"}]},{"@type":"WebSite","@id":"https:\/\/metaltale.com\/lv\/#website","url":"https:\/\/metaltale.com\/lv\/","name":"Metaltale.com","description":"","potentialAction":[{"@type":"SearchAction","target":{"@type":"EntryPoint","urlTemplate":"https:\/\/metaltale.com\/lv\/?s={search_term_string}"},"query-input":{"@type":"PropertyValueSpecification","valueRequired":true,"valueName":"search_term_string"}}],"inLanguage":"lv-LV"}]}},"_links":{"self":[{"href":"https:\/\/metaltale.com\/lv\/wp-json\/wp\/v2\/product\/136900","targetHints":{"allow":["GET"]}}],"collection":[{"href":"https:\/\/metaltale.com\/lv\/wp-json\/wp\/v2\/product"}],"about":[{"href":"https:\/\/metaltale.com\/lv\/wp-json\/wp\/v2\/types\/product"}],"replies":[{"embeddable":true,"href":"https:\/\/metaltale.com\/lv\/wp-json\/wp\/v2\/comments?post=136900"}],"version-history":[{"count":0,"href":"https:\/\/metaltale.com\/lv\/wp-json\/wp\/v2\/product\/136900\/revisions"}],"wp:featuredmedia":[{"embeddable":true,"href":"https:\/\/metaltale.com\/lv\/wp-json\/wp\/v2\/media\/72844"}],"wp:attachment":[{"href":"https:\/\/metaltale.com\/lv\/wp-json\/wp\/v2\/media?parent=136900"}],"wp:term":[{"taxonomy":"product_brand","embeddable":true,"href":"https:\/\/metaltale.com\/lv\/wp-json\/wp\/v2\/product_brand?post=136900"},{"taxonomy":"product_cat","embeddable":true,"href":"https:\/\/metaltale.com\/lv\/wp-json\/wp\/v2\/product_cat?post=136900"},{"taxonomy":"product_tag","embeddable":true,"href":"https:\/\/metaltale.com\/lv\/wp-json\/wp\/v2\/product_tag?post=136900"}],"curies":[{"name":"wp","href":"https:\/\/api.w.org\/{rel}","templated":true}]}}