{"id":136838,"date":"2024-02-13T14:55:05","date_gmt":"2024-02-13T12:55:05","guid":{"rendered":"https:\/\/metaltale.com\/produktas\/john-deere-metala-dekorativa-plaksnite\/"},"modified":"2024-02-13T14:55:05","modified_gmt":"2024-02-13T12:55:05","slug":"john-deere-metala-dekorativa-plaksnite","status":"publish","type":"product","link":"https:\/\/metaltale.com\/lv\/produkts\/john-deere-metala-dekorativa-plaksnite\/","title":{"rendered":"JOHN DEERE met\u0101la dekorat\u012bv\u0101 pl\u0101ksn\u012bte"},"content":{"rendered":"<div class=\"prod_data\"><strong>Modelis<\/strong> IN.50703  <br \/><strong>EAN.<\/strong>  5907772079812  <br \/><strong>Orient\u0101cija<\/strong> Horizont\u0101l\u0101  <br \/><strong>Istabas<\/strong> gar\u0101\u017ea  <br \/>Citi <strong>mot\u012bvi<\/strong>  <br \/><strong>Materi\u0101ls<\/strong> T\u0113rauds  <br \/><strong>Platums (cm<\/strong> ) 30  <br \/><strong>Augstums (cm<\/strong> ) 20  <br \/><strong>Formas<\/strong> Taisnst\u016bra <strong>formas<\/strong>  <\/p>\n<p>Taisnst\u016bra formas met\u0101la dekorat\u012bv\u0101 pl\u0101ksne. Plak\u0101ts ir p\u0101rkl\u0101ts ar augstas nodilumiztur\u012bbas kr\u0101su, un tam ir noapa\u013coti st\u016bri, lai m\u0113s to var\u0113tu dro\u0161i lietot. Uz pl\u0101ksnes virsmas ir skr\u0101p\u0113jumi un kr\u0101sas izmai\u0146as, kas pie\u0161\u0137ir tai novecoju\u0161u izskatu. As\u0101 za\u013c\u0101 un dzelten\u0101 grafika piesaista uzman\u012bbu un padara to par ori\u0123in\u0101lu interjera rot\u0101jumu. Stabilu pane\u013ca nostiprin\u0101\u0161anu nodro\u0161ina nelielie caurumi katr\u0101 izstr\u0101d\u0101juma st\u016br\u012b.<\/p>\n<p>Uz produkta ir JOHN DEERE z\u012bmola nosaukums ar QUALITY FARM EQUIPMENT.<\/p>\n<p>Panelis b\u016bs piem\u0113rots gan retro, gan vintage interjeriem. Tas b\u016bs ori\u0123in\u0101ls dekors kafejn\u012bc\u0101s, restor\u0101nos vai b\u0101ros.<br \/>Met\u0101la plak\u0101ts ar\u012b ir lieliska ideja d\u0101vanai.<\/p>\n<\/div>\n","protected":false},"excerpt":{"rendered":"<p>Modelis IN.50703 EAN. 5907772079812 Orient\u0101cija Horizont\u0101l\u0101 Istabas gar\u0101\u017ea Citi mot\u012bvi Materi\u0101ls T\u0113rauds Platums (cm ) 30 Augstums (cm ) 20<\/p>\n","protected":false},"featured_media":73648,"comment_status":"open","ping_status":"closed","template":"","meta":{"_acf_changed":false,"pmpro_default_level":""},"product_brand":[],"product_cat":[24055],"product_tag":[],"class_list":{"0":"post-136838","1":"product","2":"type-product","3":"status-publish","4":"has-post-thumbnail","6":"product_cat-rotajumi","7":"pmpro-has-access","9":"first","10":"instock","11":"shipping-taxable","12":"purchasable","13":"product-type-simple"},"acf":[],"yoast_head":"<!-- This site is optimized with the Yoast SEO plugin v24.9 - https:\/\/yoast.com\/wordpress\/plugins\/seo\/ -->\n<title>JOHN DEERE met\u0101la dekorat\u012bv\u0101 pl\u0101ksn\u012bte - MetalTale.com<\/title>\n<meta name=\"robots\" content=\"index, follow, max-snippet:-1, max-image-preview:large, max-video-preview:-1\" \/>\n<link rel=\"canonical\" href=\"https:\/\/metaltale.com\/lv\/produkts\/john-deere-metala-dekorativa-plaksnite\/\" \/>\n<meta property=\"og:locale\" content=\"lv_LV\" \/>\n<meta property=\"og:type\" content=\"article\" \/>\n<meta property=\"og:title\" content=\"JOHN DEERE met\u0101la dekorat\u012bv\u0101 pl\u0101ksn\u012bte - MetalTale.com\" \/>\n<meta property=\"og:description\" content=\"Modelis IN.50703 EAN. 5907772079812 Orient\u0101cija Horizont\u0101l\u0101 Istabas gar\u0101\u017ea Citi mot\u012bvi Materi\u0101ls T\u0113rauds Platums (cm ) 30 Augstums (cm ) 20\" \/>\n<meta property=\"og:url\" content=\"https:\/\/metaltale.com\/lv\/produkts\/john-deere-metala-dekorativa-plaksnite\/\" \/>\n<meta property=\"og:site_name\" content=\"MetalTale.com\" \/>\n<meta name=\"twitter:card\" content=\"summary_large_image\" \/>\n<meta name=\"twitter:label1\" content=\"Est. reading time\" \/>\n\t<meta name=\"twitter:data1\" content=\"1 minute\" \/>\n<script type=\"application\/ld+json\" class=\"yoast-schema-graph\">{\"@context\":\"https:\/\/schema.org\",\"@graph\":[{\"@type\":\"WebPage\",\"@id\":\"https:\/\/metaltale.com\/lv\/produkts\/john-deere-metala-dekorativa-plaksnite\/\",\"url\":\"https:\/\/metaltale.com\/lv\/produkts\/john-deere-metala-dekorativa-plaksnite\/\",\"name\":\"JOHN DEERE met\u0101la dekorat\u012bv\u0101 pl\u0101ksn\u012bte - MetalTale.com\",\"isPartOf\":{\"@id\":\"https:\/\/metaltale.com\/lv\/#website\"},\"primaryImageOfPage\":{\"@id\":\"https:\/\/metaltale.com\/lv\/produkts\/john-deere-metala-dekorativa-plaksnite\/#primaryimage\"},\"image\":{\"@id\":\"https:\/\/metaltale.com\/lv\/produkts\/john-deere-metala-dekorativa-plaksnite\/#primaryimage\"},\"thumbnailUrl\":\"https:\/\/metaltale.com\/wp-content\/uploads\/2023\/09\/Metalinx117-dekoratyvinx117-plokx161tx117-JOHN-DEERE.jpg\",\"datePublished\":\"2024-02-13T12:55:05+00:00\",\"breadcrumb\":{\"@id\":\"https:\/\/metaltale.com\/lv\/produkts\/john-deere-metala-dekorativa-plaksnite\/#breadcrumb\"},\"inLanguage\":\"lv-LV\",\"potentialAction\":[{\"@type\":\"ReadAction\",\"target\":[\"https:\/\/metaltale.com\/lv\/produkts\/john-deere-metala-dekorativa-plaksnite\/\"]}]},{\"@type\":\"ImageObject\",\"inLanguage\":\"lv-LV\",\"@id\":\"https:\/\/metaltale.com\/lv\/produkts\/john-deere-metala-dekorativa-plaksnite\/#primaryimage\",\"url\":\"https:\/\/metaltale.com\/wp-content\/uploads\/2023\/09\/Metalinx117-dekoratyvinx117-plokx161tx117-JOHN-DEERE.jpg\",\"contentUrl\":\"https:\/\/metaltale.com\/wp-content\/uploads\/2023\/09\/Metalinx117-dekoratyvinx117-plokx161tx117-JOHN-DEERE.jpg\",\"width\":800,\"height\":800},{\"@type\":\"BreadcrumbList\",\"@id\":\"https:\/\/metaltale.com\/lv\/produkts\/john-deere-metala-dekorativa-plaksnite\/#breadcrumb\",\"itemListElement\":[{\"@type\":\"ListItem\",\"position\":1,\"name\":\"Home\",\"item\":\"https:\/\/metaltale.com\/lv\/majas\/\"},{\"@type\":\"ListItem\",\"position\":2,\"name\":\"Veikals\",\"item\":\"https:\/\/metaltale.com\/lv\/shop\/\"},{\"@type\":\"ListItem\",\"position\":3,\"name\":\"JOHN DEERE met\u0101la dekorat\u012bv\u0101 pl\u0101ksn\u012bte\"}]},{\"@type\":\"WebSite\",\"@id\":\"https:\/\/metaltale.com\/lv\/#website\",\"url\":\"https:\/\/metaltale.com\/lv\/\",\"name\":\"Metaltale.com\",\"description\":\"\",\"potentialAction\":[{\"@type\":\"SearchAction\",\"target\":{\"@type\":\"EntryPoint\",\"urlTemplate\":\"https:\/\/metaltale.com\/lv\/?s={search_term_string}\"},\"query-input\":{\"@type\":\"PropertyValueSpecification\",\"valueRequired\":true,\"valueName\":\"search_term_string\"}}],\"inLanguage\":\"lv-LV\"}]}<\/script>\n<!-- \/ Yoast SEO plugin. -->","yoast_head_json":{"title":"JOHN DEERE met\u0101la dekorat\u012bv\u0101 pl\u0101ksn\u012bte - MetalTale.com","robots":{"index":"index","follow":"follow","max-snippet":"max-snippet:-1","max-image-preview":"max-image-preview:large","max-video-preview":"max-video-preview:-1"},"canonical":"https:\/\/metaltale.com\/lv\/produkts\/john-deere-metala-dekorativa-plaksnite\/","og_locale":"lv_LV","og_type":"article","og_title":"JOHN DEERE met\u0101la dekorat\u012bv\u0101 pl\u0101ksn\u012bte - MetalTale.com","og_description":"Modelis IN.50703 EAN. 5907772079812 Orient\u0101cija Horizont\u0101l\u0101 Istabas gar\u0101\u017ea Citi mot\u012bvi Materi\u0101ls T\u0113rauds Platums (cm ) 30 Augstums (cm ) 20","og_url":"https:\/\/metaltale.com\/lv\/produkts\/john-deere-metala-dekorativa-plaksnite\/","og_site_name":"MetalTale.com","twitter_card":"summary_large_image","twitter_misc":{"Est. reading time":"1 minute"},"schema":{"@context":"https:\/\/schema.org","@graph":[{"@type":"WebPage","@id":"https:\/\/metaltale.com\/lv\/produkts\/john-deere-metala-dekorativa-plaksnite\/","url":"https:\/\/metaltale.com\/lv\/produkts\/john-deere-metala-dekorativa-plaksnite\/","name":"JOHN DEERE met\u0101la dekorat\u012bv\u0101 pl\u0101ksn\u012bte - MetalTale.com","isPartOf":{"@id":"https:\/\/metaltale.com\/lv\/#website"},"primaryImageOfPage":{"@id":"https:\/\/metaltale.com\/lv\/produkts\/john-deere-metala-dekorativa-plaksnite\/#primaryimage"},"image":{"@id":"https:\/\/metaltale.com\/lv\/produkts\/john-deere-metala-dekorativa-plaksnite\/#primaryimage"},"thumbnailUrl":"https:\/\/metaltale.com\/wp-content\/uploads\/2023\/09\/Metalinx117-dekoratyvinx117-plokx161tx117-JOHN-DEERE.jpg","datePublished":"2024-02-13T12:55:05+00:00","breadcrumb":{"@id":"https:\/\/metaltale.com\/lv\/produkts\/john-deere-metala-dekorativa-plaksnite\/#breadcrumb"},"inLanguage":"lv-LV","potentialAction":[{"@type":"ReadAction","target":["https:\/\/metaltale.com\/lv\/produkts\/john-deere-metala-dekorativa-plaksnite\/"]}]},{"@type":"ImageObject","inLanguage":"lv-LV","@id":"https:\/\/metaltale.com\/lv\/produkts\/john-deere-metala-dekorativa-plaksnite\/#primaryimage","url":"https:\/\/metaltale.com\/wp-content\/uploads\/2023\/09\/Metalinx117-dekoratyvinx117-plokx161tx117-JOHN-DEERE.jpg","contentUrl":"https:\/\/metaltale.com\/wp-content\/uploads\/2023\/09\/Metalinx117-dekoratyvinx117-plokx161tx117-JOHN-DEERE.jpg","width":800,"height":800},{"@type":"BreadcrumbList","@id":"https:\/\/metaltale.com\/lv\/produkts\/john-deere-metala-dekorativa-plaksnite\/#breadcrumb","itemListElement":[{"@type":"ListItem","position":1,"name":"Home","item":"https:\/\/metaltale.com\/lv\/majas\/"},{"@type":"ListItem","position":2,"name":"Veikals","item":"https:\/\/metaltale.com\/lv\/shop\/"},{"@type":"ListItem","position":3,"name":"JOHN DEERE met\u0101la dekorat\u012bv\u0101 pl\u0101ksn\u012bte"}]},{"@type":"WebSite","@id":"https:\/\/metaltale.com\/lv\/#website","url":"https:\/\/metaltale.com\/lv\/","name":"Metaltale.com","description":"","potentialAction":[{"@type":"SearchAction","target":{"@type":"EntryPoint","urlTemplate":"https:\/\/metaltale.com\/lv\/?s={search_term_string}"},"query-input":{"@type":"PropertyValueSpecification","valueRequired":true,"valueName":"search_term_string"}}],"inLanguage":"lv-LV"}]}},"_links":{"self":[{"href":"https:\/\/metaltale.com\/lv\/wp-json\/wp\/v2\/product\/136838","targetHints":{"allow":["GET"]}}],"collection":[{"href":"https:\/\/metaltale.com\/lv\/wp-json\/wp\/v2\/product"}],"about":[{"href":"https:\/\/metaltale.com\/lv\/wp-json\/wp\/v2\/types\/product"}],"replies":[{"embeddable":true,"href":"https:\/\/metaltale.com\/lv\/wp-json\/wp\/v2\/comments?post=136838"}],"version-history":[{"count":0,"href":"https:\/\/metaltale.com\/lv\/wp-json\/wp\/v2\/product\/136838\/revisions"}],"wp:featuredmedia":[{"embeddable":true,"href":"https:\/\/metaltale.com\/lv\/wp-json\/wp\/v2\/media\/73648"}],"wp:attachment":[{"href":"https:\/\/metaltale.com\/lv\/wp-json\/wp\/v2\/media?parent=136838"}],"wp:term":[{"taxonomy":"product_brand","embeddable":true,"href":"https:\/\/metaltale.com\/lv\/wp-json\/wp\/v2\/product_brand?post=136838"},{"taxonomy":"product_cat","embeddable":true,"href":"https:\/\/metaltale.com\/lv\/wp-json\/wp\/v2\/product_cat?post=136838"},{"taxonomy":"product_tag","embeddable":true,"href":"https:\/\/metaltale.com\/lv\/wp-json\/wp\/v2\/product_tag?post=136838"}],"curies":[{"name":"wp","href":"https:\/\/api.w.org\/{rel}","templated":true}]}}