{"id":136695,"date":"2024-02-13T14:57:04","date_gmt":"2024-02-13T12:57:04","guid":{"rendered":"https:\/\/metaltale.com\/produktas\/durvju-rokturi-devon-black-bez-sledzenes\/"},"modified":"2024-02-13T14:57:04","modified_gmt":"2024-02-13T12:57:04","slug":"durvju-rokturi-devon-black-bez-sledzenes","status":"publish","type":"product","link":"https:\/\/metaltale.com\/lv\/produkts\/durvju-rokturi-devon-black-bez-sledzenes\/","title":{"rendered":"Durvju rokturi DEVON BLACK bez sl\u0113dzenes"},"content":{"rendered":"<div class=\"prod_data\">\n<p><strong>Modelis<\/strong> SU.11B.CZ.PRGR<br \/>\n<strong>Materi\u0101ls<\/strong> T\u0113rauds<br \/>\n<strong>Kop\u0113jais augstums (cm<\/strong> ) 24,5<br \/>\n<strong>Kop\u0113jais platums (cm<\/strong> ) 14<br \/>\n<strong>Kop\u0113j\u0101 projekcija (cm<\/strong> ) 56<br \/>\n<strong>Pamatnes izm\u0113ri (cm)<\/strong> 4&#215;24,5<br \/>\n<strong>Att\u0101lums starp<\/strong> caurumiem (<strong>cm<\/strong> ) 19,5\/3,5<br \/>\n<strong>Pal\u012bdz\u012bba<\/strong> N\u0113<br \/>\n<strong>Roktura garums<\/strong> 13<br \/>\nMont\u0101\u017eas skr\u016bves J\u0101<br \/>\nKr\u0101sa Melna<br \/>\n<strong>Virsmas tips<\/strong> Gluda <strong>virsma<\/strong><br \/>\n<strong>Skaits komplekt\u0101<\/strong> 2 x rokturis\/rokturis + serde + stiprin\u0101juma skr\u016bves<\/p>\n<p>&#8211; Komplekt\u0101 ietilpst divi rokturi (l\u012bdz 1 durvju v\u0113rtnei), serde un mont\u0101\u017eas elementi.<br \/>\n&#8211; izstr\u0101d\u0101jumu var izmantot iek\u0161durv\u012bm un \u0101rdurv\u012bm.<br \/>\n&#8211; Pieejami divi kr\u0101su varianti<\/p>\n<hr>\n<p>Klasiskais un univers\u0101lais Devonas t\u0113rauda rokturis ar smalku apdari ir labs risin\u0101jums iek\u0161durv\u012bm. \u0112rts, pl\u0101ns rokturis garant\u0113 \u0113rtu lieto\u0161anu. \u0160\u012bs s\u0113rijas rokturiem nav balsta, t. i., t\u0101 saukt\u0101 autom\u0101tisk\u0101 roktura atspie\u0161an\u0101s meh\u0101nisma. M\u0113s pied\u0101v\u0101jam vair\u0101kus DEVON rokturu mode\u013cus: piem\u0113ram, ar ielikt\u0146a vai atsl\u0113gas z\u012bmi, ko izv\u0113l\u0113ties, ar tualetes aizv\u0113r\u0161anas z\u012bmi, ar pilnu z\u012bmi un pa\u0161u rokturi.<\/p>\n<\/div>\n","protected":false},"excerpt":{"rendered":"<p>Modelis SU.11B.CZ.PRGR Materi\u0101ls T\u0113rauds Kop\u0113jais augstums (cm ) 24,5 Kop\u0113jais platums (cm ) 14 Kop\u0113j\u0101 projekcija (cm ) 56 Pamatnes<\/p>\n","protected":false},"featured_media":131395,"comment_status":"open","ping_status":"closed","template":"","meta":{"_acf_changed":false,"pmpro_default_level":""},"product_brand":[],"product_cat":[24134,24081,23837],"product_tag":[],"class_list":{"0":"post-136695","1":"product","2":"type-product","3":"status-publish","4":"has-post-thumbnail","6":"product_cat-durvju-rokturi","7":"product_cat-rokturi","8":"product_cat-mebeles-piederumi","9":"pmpro-has-access","11":"first","12":"instock","13":"shipping-taxable","14":"purchasable","15":"product-type-simple"},"acf":[],"yoast_head":"<!-- This site is optimized with the Yoast SEO plugin v24.9 - https:\/\/yoast.com\/wordpress\/plugins\/seo\/ -->\n<title>Durvju rokturi DEVON BLACK bez sl\u0113dzenes - MetalTale.com<\/title>\n<meta name=\"robots\" content=\"index, follow, max-snippet:-1, max-image-preview:large, max-video-preview:-1\" \/>\n<link rel=\"canonical\" href=\"https:\/\/metaltale.com\/lv\/produkts\/durvju-rokturi-devon-black-bez-sledzenes\/\" \/>\n<meta property=\"og:locale\" content=\"lv_LV\" \/>\n<meta property=\"og:type\" content=\"article\" \/>\n<meta property=\"og:title\" content=\"Durvju rokturi DEVON BLACK bez sl\u0113dzenes - MetalTale.com\" \/>\n<meta property=\"og:description\" content=\"Modelis SU.11B.CZ.PRGR Materi\u0101ls T\u0113rauds Kop\u0113jais augstums (cm ) 24,5 Kop\u0113jais platums (cm ) 14 Kop\u0113j\u0101 projekcija (cm ) 56 Pamatnes\" \/>\n<meta property=\"og:url\" content=\"https:\/\/metaltale.com\/lv\/produkts\/durvju-rokturi-devon-black-bez-sledzenes\/\" \/>\n<meta property=\"og:site_name\" content=\"MetalTale.com\" \/>\n<meta property=\"og:image\" content=\"https:\/\/metaltale.com\/wp-content\/uploads\/2024\/02\/Duru-rankenos-DEVON-BLACK-be-uzrakto.jpg\" \/>\n\t<meta property=\"og:image:width\" content=\"800\" \/>\n\t<meta property=\"og:image:height\" content=\"800\" \/>\n\t<meta property=\"og:image:type\" content=\"image\/jpeg\" \/>\n<meta name=\"twitter:card\" content=\"summary_large_image\" \/>\n<meta name=\"twitter:label1\" content=\"Est. reading time\" \/>\n\t<meta name=\"twitter:data1\" content=\"1 minute\" \/>\n<script type=\"application\/ld+json\" class=\"yoast-schema-graph\">{\"@context\":\"https:\/\/schema.org\",\"@graph\":[{\"@type\":\"WebPage\",\"@id\":\"https:\/\/metaltale.com\/lv\/produkts\/durvju-rokturi-devon-black-bez-sledzenes\/\",\"url\":\"https:\/\/metaltale.com\/lv\/produkts\/durvju-rokturi-devon-black-bez-sledzenes\/\",\"name\":\"Durvju rokturi DEVON BLACK bez sl\u0113dzenes - MetalTale.com\",\"isPartOf\":{\"@id\":\"https:\/\/metaltale.com\/lv\/#website\"},\"primaryImageOfPage\":{\"@id\":\"https:\/\/metaltale.com\/lv\/produkts\/durvju-rokturi-devon-black-bez-sledzenes\/#primaryimage\"},\"image\":{\"@id\":\"https:\/\/metaltale.com\/lv\/produkts\/durvju-rokturi-devon-black-bez-sledzenes\/#primaryimage\"},\"thumbnailUrl\":\"https:\/\/metaltale.com\/wp-content\/uploads\/2024\/02\/Duru-rankenos-DEVON-BLACK-be-uzrakto.jpg\",\"datePublished\":\"2024-02-13T12:57:04+00:00\",\"breadcrumb\":{\"@id\":\"https:\/\/metaltale.com\/lv\/produkts\/durvju-rokturi-devon-black-bez-sledzenes\/#breadcrumb\"},\"inLanguage\":\"lv-LV\",\"potentialAction\":[{\"@type\":\"ReadAction\",\"target\":[\"https:\/\/metaltale.com\/lv\/produkts\/durvju-rokturi-devon-black-bez-sledzenes\/\"]}]},{\"@type\":\"ImageObject\",\"inLanguage\":\"lv-LV\",\"@id\":\"https:\/\/metaltale.com\/lv\/produkts\/durvju-rokturi-devon-black-bez-sledzenes\/#primaryimage\",\"url\":\"https:\/\/metaltale.com\/wp-content\/uploads\/2024\/02\/Duru-rankenos-DEVON-BLACK-be-uzrakto.jpg\",\"contentUrl\":\"https:\/\/metaltale.com\/wp-content\/uploads\/2024\/02\/Duru-rankenos-DEVON-BLACK-be-uzrakto.jpg\",\"width\":800,\"height\":800,\"caption\":\"Durvju rokturi DEVON BLACK bez sl\u0113dzenes\"},{\"@type\":\"BreadcrumbList\",\"@id\":\"https:\/\/metaltale.com\/lv\/produkts\/durvju-rokturi-devon-black-bez-sledzenes\/#breadcrumb\",\"itemListElement\":[{\"@type\":\"ListItem\",\"position\":1,\"name\":\"Home\",\"item\":\"https:\/\/metaltale.com\/lv\/majas\/\"},{\"@type\":\"ListItem\",\"position\":2,\"name\":\"Veikals\",\"item\":\"https:\/\/metaltale.com\/lv\/shop\/\"},{\"@type\":\"ListItem\",\"position\":3,\"name\":\"Durvju rokturi DEVON BLACK bez sl\u0113dzenes\"}]},{\"@type\":\"WebSite\",\"@id\":\"https:\/\/metaltale.com\/lv\/#website\",\"url\":\"https:\/\/metaltale.com\/lv\/\",\"name\":\"Metaltale.com\",\"description\":\"\",\"potentialAction\":[{\"@type\":\"SearchAction\",\"target\":{\"@type\":\"EntryPoint\",\"urlTemplate\":\"https:\/\/metaltale.com\/lv\/?s={search_term_string}\"},\"query-input\":{\"@type\":\"PropertyValueSpecification\",\"valueRequired\":true,\"valueName\":\"search_term_string\"}}],\"inLanguage\":\"lv-LV\"}]}<\/script>\n<!-- \/ Yoast SEO plugin. -->","yoast_head_json":{"title":"Durvju rokturi DEVON BLACK bez sl\u0113dzenes - MetalTale.com","robots":{"index":"index","follow":"follow","max-snippet":"max-snippet:-1","max-image-preview":"max-image-preview:large","max-video-preview":"max-video-preview:-1"},"canonical":"https:\/\/metaltale.com\/lv\/produkts\/durvju-rokturi-devon-black-bez-sledzenes\/","og_locale":"lv_LV","og_type":"article","og_title":"Durvju rokturi DEVON BLACK bez sl\u0113dzenes - MetalTale.com","og_description":"Modelis SU.11B.CZ.PRGR Materi\u0101ls T\u0113rauds Kop\u0113jais augstums (cm ) 24,5 Kop\u0113jais platums (cm ) 14 Kop\u0113j\u0101 projekcija (cm ) 56 Pamatnes","og_url":"https:\/\/metaltale.com\/lv\/produkts\/durvju-rokturi-devon-black-bez-sledzenes\/","og_site_name":"MetalTale.com","og_image":[{"width":800,"height":800,"url":"https:\/\/metaltale.com\/wp-content\/uploads\/2024\/02\/Duru-rankenos-DEVON-BLACK-be-uzrakto.jpg","type":"image\/jpeg"}],"twitter_card":"summary_large_image","twitter_misc":{"Est. reading time":"1 minute"},"schema":{"@context":"https:\/\/schema.org","@graph":[{"@type":"WebPage","@id":"https:\/\/metaltale.com\/lv\/produkts\/durvju-rokturi-devon-black-bez-sledzenes\/","url":"https:\/\/metaltale.com\/lv\/produkts\/durvju-rokturi-devon-black-bez-sledzenes\/","name":"Durvju rokturi DEVON BLACK bez sl\u0113dzenes - MetalTale.com","isPartOf":{"@id":"https:\/\/metaltale.com\/lv\/#website"},"primaryImageOfPage":{"@id":"https:\/\/metaltale.com\/lv\/produkts\/durvju-rokturi-devon-black-bez-sledzenes\/#primaryimage"},"image":{"@id":"https:\/\/metaltale.com\/lv\/produkts\/durvju-rokturi-devon-black-bez-sledzenes\/#primaryimage"},"thumbnailUrl":"https:\/\/metaltale.com\/wp-content\/uploads\/2024\/02\/Duru-rankenos-DEVON-BLACK-be-uzrakto.jpg","datePublished":"2024-02-13T12:57:04+00:00","breadcrumb":{"@id":"https:\/\/metaltale.com\/lv\/produkts\/durvju-rokturi-devon-black-bez-sledzenes\/#breadcrumb"},"inLanguage":"lv-LV","potentialAction":[{"@type":"ReadAction","target":["https:\/\/metaltale.com\/lv\/produkts\/durvju-rokturi-devon-black-bez-sledzenes\/"]}]},{"@type":"ImageObject","inLanguage":"lv-LV","@id":"https:\/\/metaltale.com\/lv\/produkts\/durvju-rokturi-devon-black-bez-sledzenes\/#primaryimage","url":"https:\/\/metaltale.com\/wp-content\/uploads\/2024\/02\/Duru-rankenos-DEVON-BLACK-be-uzrakto.jpg","contentUrl":"https:\/\/metaltale.com\/wp-content\/uploads\/2024\/02\/Duru-rankenos-DEVON-BLACK-be-uzrakto.jpg","width":800,"height":800,"caption":"Durvju rokturi DEVON BLACK bez sl\u0113dzenes"},{"@type":"BreadcrumbList","@id":"https:\/\/metaltale.com\/lv\/produkts\/durvju-rokturi-devon-black-bez-sledzenes\/#breadcrumb","itemListElement":[{"@type":"ListItem","position":1,"name":"Home","item":"https:\/\/metaltale.com\/lv\/majas\/"},{"@type":"ListItem","position":2,"name":"Veikals","item":"https:\/\/metaltale.com\/lv\/shop\/"},{"@type":"ListItem","position":3,"name":"Durvju rokturi DEVON BLACK bez sl\u0113dzenes"}]},{"@type":"WebSite","@id":"https:\/\/metaltale.com\/lv\/#website","url":"https:\/\/metaltale.com\/lv\/","name":"Metaltale.com","description":"","potentialAction":[{"@type":"SearchAction","target":{"@type":"EntryPoint","urlTemplate":"https:\/\/metaltale.com\/lv\/?s={search_term_string}"},"query-input":{"@type":"PropertyValueSpecification","valueRequired":true,"valueName":"search_term_string"}}],"inLanguage":"lv-LV"}]}},"_links":{"self":[{"href":"https:\/\/metaltale.com\/lv\/wp-json\/wp\/v2\/product\/136695","targetHints":{"allow":["GET"]}}],"collection":[{"href":"https:\/\/metaltale.com\/lv\/wp-json\/wp\/v2\/product"}],"about":[{"href":"https:\/\/metaltale.com\/lv\/wp-json\/wp\/v2\/types\/product"}],"replies":[{"embeddable":true,"href":"https:\/\/metaltale.com\/lv\/wp-json\/wp\/v2\/comments?post=136695"}],"version-history":[{"count":0,"href":"https:\/\/metaltale.com\/lv\/wp-json\/wp\/v2\/product\/136695\/revisions"}],"wp:featuredmedia":[{"embeddable":true,"href":"https:\/\/metaltale.com\/lv\/wp-json\/wp\/v2\/media\/131395"}],"wp:attachment":[{"href":"https:\/\/metaltale.com\/lv\/wp-json\/wp\/v2\/media?parent=136695"}],"wp:term":[{"taxonomy":"product_brand","embeddable":true,"href":"https:\/\/metaltale.com\/lv\/wp-json\/wp\/v2\/product_brand?post=136695"},{"taxonomy":"product_cat","embeddable":true,"href":"https:\/\/metaltale.com\/lv\/wp-json\/wp\/v2\/product_cat?post=136695"},{"taxonomy":"product_tag","embeddable":true,"href":"https:\/\/metaltale.com\/lv\/wp-json\/wp\/v2\/product_tag?post=136695"}],"curies":[{"name":"wp","href":"https:\/\/api.w.org\/{rel}","templated":true}]}}