{"id":136616,"date":"2024-02-13T15:09:04","date_gmt":"2024-02-13T13:09:04","guid":{"rendered":"https:\/\/metaltale.com\/produktas\/mebelu-rokturis-massive-242-mm\/"},"modified":"2024-02-13T15:09:04","modified_gmt":"2024-02-13T13:09:04","slug":"mebelu-rokturis-massive-242-mm","status":"publish","type":"product","link":"https:\/\/metaltale.com\/lv\/produkts\/mebelu-rokturis-massive-242-mm\/","title":{"rendered":"M\u0113be\u013cu rokturis MASSIVE 242 mm"},"content":{"rendered":"<div class=\"prod_data\">\n<p><strong>Modelis<\/strong> 15097Z. PRGR<br \/>\n<strong>Materi\u0101ls<\/strong> Cinka sakaus\u0113jums<br \/>\n<strong>Kop\u0113j\u0101 projekcija (cm<\/strong> ) 2,8<br \/>\n<strong>Att\u0101lums starp caurumiem (cm<\/strong> ) 5\/16,9,6<br \/>\nMont\u0101\u017eas skr\u016bves J\u0101<br \/>\n<strong>Kr\u0101sa<\/strong> Apzelt\u012bta dzelzs<\/p>\n<p>M\u0113be\u013cu rokturis ir izgatavots no augst\u0101k\u0101s kvalit\u0101tes materi\u0101la, t\u0101p\u0113c izstr\u0101d\u0101jums kalpos ilgu laiku.<\/p>\n<p>Forma un novecojus\u012b virsma pie\u0161\u0137ir izstr\u0101d\u0101jumam industri\u0101lu raksturu.<\/p>\n<p>T\u0101s forma nodro\u0161ina efekt\u012bvu un vieglu atv\u0113r\u0161anu<\/p>\n<hr>\n<p>Pareizi izv\u0113l\u0113ti m\u0113be\u013cu piederumi pie\u0161\u0137ir m\u016bsu m\u0113bel\u0113m ori\u0123in\u0101lu raksturu. M\u0113be\u013cu rokturi noteikti ir viens no tiem aksesu\u0101riem, kas var pie\u0161\u0137irt m\u016bsu m\u0113bel\u0113m jaunu, neparastu izskatu.<\/p>\n<p>Att\u0113l\u0101 redzamais izstr\u0101d\u0101jums atg\u0101dina 19. gadsimta rokturus. R\u016bpniecisk\u0101s iek\u0101rtas. T\u0101 smag\u0101 forma un virsma, kas rada skr\u0101p\u0113ta dzelzs iespaidu, k\u0101 ar\u012b dekorat\u012bvo r\u016bpn\u012bcas skr\u016bvju izmanto\u0161ana padara rokturi izteikti industri\u0101lu. Rokturis ir piem\u0113rots b\u0113ni\u0146u un industri\u0101l\u0101 stila telp\u0101m, k\u0101 ar\u012b var b\u016bt ori\u0123in\u0101ls akcents retro interjer\u0101. Produkts iepriecin\u0101s visus ori\u0123in\u0101la stila cien\u012bt\u0101jus.<\/p>\n<\/div>\n","protected":false},"excerpt":{"rendered":"<p>Modelis 15097Z. PRGR Materi\u0101ls Cinka sakaus\u0113jums Kop\u0113j\u0101 projekcija (cm ) 2,8 Att\u0101lums starp caurumiem (cm ) 5\/16,9,6 Mont\u0101\u017eas skr\u016bves J\u0101<\/p>\n","protected":false},"featured_media":130630,"comment_status":"open","ping_status":"closed","template":"","meta":{"_acf_changed":false,"pmpro_default_level":""},"product_brand":[],"product_cat":[23837,23838,23843],"product_tag":[],"class_list":{"0":"post-136616","1":"product","2":"type-product","3":"status-publish","4":"has-post-thumbnail","6":"product_cat-mebeles-piederumi","7":"product_cat-mebelu-rokturi","8":"product_cat-skapju-rokturi","9":"pmpro-has-access","11":"first","12":"instock","13":"shipping-taxable","14":"purchasable","15":"product-type-simple"},"acf":[],"yoast_head":"<!-- This site is optimized with the Yoast SEO plugin v24.9 - https:\/\/yoast.com\/wordpress\/plugins\/seo\/ -->\n<title>M\u0113be\u013cu rokturis MASSIVE 242 mm - MetalTale.com<\/title>\n<meta name=\"robots\" content=\"index, follow, max-snippet:-1, max-image-preview:large, max-video-preview:-1\" \/>\n<link rel=\"canonical\" href=\"https:\/\/metaltale.com\/lv\/produkts\/mebelu-rokturis-massive-242-mm\/\" \/>\n<meta property=\"og:locale\" content=\"lv_LV\" \/>\n<meta property=\"og:type\" content=\"article\" \/>\n<meta property=\"og:title\" content=\"M\u0113be\u013cu rokturis MASSIVE 242 mm - MetalTale.com\" \/>\n<meta property=\"og:description\" content=\"Modelis 15097Z. PRGR Materi\u0101ls Cinka sakaus\u0113jums Kop\u0113j\u0101 projekcija (cm ) 2,8 Att\u0101lums starp caurumiem (cm ) 5\/16,9,6 Mont\u0101\u017eas skr\u016bves J\u0101\" \/>\n<meta property=\"og:url\" content=\"https:\/\/metaltale.com\/lv\/produkts\/mebelu-rokturis-massive-242-mm\/\" \/>\n<meta property=\"og:site_name\" content=\"MetalTale.com\" \/>\n<meta name=\"twitter:card\" content=\"summary_large_image\" \/>\n<meta name=\"twitter:label1\" content=\"Est. reading time\" \/>\n\t<meta name=\"twitter:data1\" content=\"1 minute\" \/>\n<script type=\"application\/ld+json\" class=\"yoast-schema-graph\">{\"@context\":\"https:\/\/schema.org\",\"@graph\":[{\"@type\":\"WebPage\",\"@id\":\"https:\/\/metaltale.com\/lv\/produkts\/mebelu-rokturis-massive-242-mm\/\",\"url\":\"https:\/\/metaltale.com\/lv\/produkts\/mebelu-rokturis-massive-242-mm\/\",\"name\":\"M\u0113be\u013cu rokturis MASSIVE 242 mm - MetalTale.com\",\"isPartOf\":{\"@id\":\"https:\/\/metaltale.com\/lv\/#website\"},\"primaryImageOfPage\":{\"@id\":\"https:\/\/metaltale.com\/lv\/produkts\/mebelu-rokturis-massive-242-mm\/#primaryimage\"},\"image\":{\"@id\":\"https:\/\/metaltale.com\/lv\/produkts\/mebelu-rokturis-massive-242-mm\/#primaryimage\"},\"thumbnailUrl\":\"https:\/\/metaltale.com\/wp-content\/uploads\/2024\/01\/Baldu-rankena-MASSIVE-242mm.jpg\",\"datePublished\":\"2024-02-13T13:09:04+00:00\",\"breadcrumb\":{\"@id\":\"https:\/\/metaltale.com\/lv\/produkts\/mebelu-rokturis-massive-242-mm\/#breadcrumb\"},\"inLanguage\":\"lv-LV\",\"potentialAction\":[{\"@type\":\"ReadAction\",\"target\":[\"https:\/\/metaltale.com\/lv\/produkts\/mebelu-rokturis-massive-242-mm\/\"]}]},{\"@type\":\"ImageObject\",\"inLanguage\":\"lv-LV\",\"@id\":\"https:\/\/metaltale.com\/lv\/produkts\/mebelu-rokturis-massive-242-mm\/#primaryimage\",\"url\":\"https:\/\/metaltale.com\/wp-content\/uploads\/2024\/01\/Baldu-rankena-MASSIVE-242mm.jpg\",\"contentUrl\":\"https:\/\/metaltale.com\/wp-content\/uploads\/2024\/01\/Baldu-rankena-MASSIVE-242mm.jpg\",\"width\":800,\"height\":800,\"caption\":\"M\u0113be\u013cu rokturis MASSIVE 242 mm\"},{\"@type\":\"BreadcrumbList\",\"@id\":\"https:\/\/metaltale.com\/lv\/produkts\/mebelu-rokturis-massive-242-mm\/#breadcrumb\",\"itemListElement\":[{\"@type\":\"ListItem\",\"position\":1,\"name\":\"Home\",\"item\":\"https:\/\/metaltale.com\/lv\/majas\/\"},{\"@type\":\"ListItem\",\"position\":2,\"name\":\"Veikals\",\"item\":\"https:\/\/metaltale.com\/lv\/shop\/\"},{\"@type\":\"ListItem\",\"position\":3,\"name\":\"M\u0113be\u013cu rokturis MASSIVE 242 mm\"}]},{\"@type\":\"WebSite\",\"@id\":\"https:\/\/metaltale.com\/lv\/#website\",\"url\":\"https:\/\/metaltale.com\/lv\/\",\"name\":\"Metaltale.com\",\"description\":\"\",\"potentialAction\":[{\"@type\":\"SearchAction\",\"target\":{\"@type\":\"EntryPoint\",\"urlTemplate\":\"https:\/\/metaltale.com\/lv\/?s={search_term_string}\"},\"query-input\":{\"@type\":\"PropertyValueSpecification\",\"valueRequired\":true,\"valueName\":\"search_term_string\"}}],\"inLanguage\":\"lv-LV\"}]}<\/script>\n<!-- \/ Yoast SEO plugin. -->","yoast_head_json":{"title":"M\u0113be\u013cu rokturis MASSIVE 242 mm - MetalTale.com","robots":{"index":"index","follow":"follow","max-snippet":"max-snippet:-1","max-image-preview":"max-image-preview:large","max-video-preview":"max-video-preview:-1"},"canonical":"https:\/\/metaltale.com\/lv\/produkts\/mebelu-rokturis-massive-242-mm\/","og_locale":"lv_LV","og_type":"article","og_title":"M\u0113be\u013cu rokturis MASSIVE 242 mm - MetalTale.com","og_description":"Modelis 15097Z. PRGR Materi\u0101ls Cinka sakaus\u0113jums Kop\u0113j\u0101 projekcija (cm ) 2,8 Att\u0101lums starp caurumiem (cm ) 5\/16,9,6 Mont\u0101\u017eas skr\u016bves J\u0101","og_url":"https:\/\/metaltale.com\/lv\/produkts\/mebelu-rokturis-massive-242-mm\/","og_site_name":"MetalTale.com","twitter_card":"summary_large_image","twitter_misc":{"Est. reading time":"1 minute"},"schema":{"@context":"https:\/\/schema.org","@graph":[{"@type":"WebPage","@id":"https:\/\/metaltale.com\/lv\/produkts\/mebelu-rokturis-massive-242-mm\/","url":"https:\/\/metaltale.com\/lv\/produkts\/mebelu-rokturis-massive-242-mm\/","name":"M\u0113be\u013cu rokturis MASSIVE 242 mm - MetalTale.com","isPartOf":{"@id":"https:\/\/metaltale.com\/lv\/#website"},"primaryImageOfPage":{"@id":"https:\/\/metaltale.com\/lv\/produkts\/mebelu-rokturis-massive-242-mm\/#primaryimage"},"image":{"@id":"https:\/\/metaltale.com\/lv\/produkts\/mebelu-rokturis-massive-242-mm\/#primaryimage"},"thumbnailUrl":"https:\/\/metaltale.com\/wp-content\/uploads\/2024\/01\/Baldu-rankena-MASSIVE-242mm.jpg","datePublished":"2024-02-13T13:09:04+00:00","breadcrumb":{"@id":"https:\/\/metaltale.com\/lv\/produkts\/mebelu-rokturis-massive-242-mm\/#breadcrumb"},"inLanguage":"lv-LV","potentialAction":[{"@type":"ReadAction","target":["https:\/\/metaltale.com\/lv\/produkts\/mebelu-rokturis-massive-242-mm\/"]}]},{"@type":"ImageObject","inLanguage":"lv-LV","@id":"https:\/\/metaltale.com\/lv\/produkts\/mebelu-rokturis-massive-242-mm\/#primaryimage","url":"https:\/\/metaltale.com\/wp-content\/uploads\/2024\/01\/Baldu-rankena-MASSIVE-242mm.jpg","contentUrl":"https:\/\/metaltale.com\/wp-content\/uploads\/2024\/01\/Baldu-rankena-MASSIVE-242mm.jpg","width":800,"height":800,"caption":"M\u0113be\u013cu rokturis MASSIVE 242 mm"},{"@type":"BreadcrumbList","@id":"https:\/\/metaltale.com\/lv\/produkts\/mebelu-rokturis-massive-242-mm\/#breadcrumb","itemListElement":[{"@type":"ListItem","position":1,"name":"Home","item":"https:\/\/metaltale.com\/lv\/majas\/"},{"@type":"ListItem","position":2,"name":"Veikals","item":"https:\/\/metaltale.com\/lv\/shop\/"},{"@type":"ListItem","position":3,"name":"M\u0113be\u013cu rokturis MASSIVE 242 mm"}]},{"@type":"WebSite","@id":"https:\/\/metaltale.com\/lv\/#website","url":"https:\/\/metaltale.com\/lv\/","name":"Metaltale.com","description":"","potentialAction":[{"@type":"SearchAction","target":{"@type":"EntryPoint","urlTemplate":"https:\/\/metaltale.com\/lv\/?s={search_term_string}"},"query-input":{"@type":"PropertyValueSpecification","valueRequired":true,"valueName":"search_term_string"}}],"inLanguage":"lv-LV"}]}},"_links":{"self":[{"href":"https:\/\/metaltale.com\/lv\/wp-json\/wp\/v2\/product\/136616","targetHints":{"allow":["GET"]}}],"collection":[{"href":"https:\/\/metaltale.com\/lv\/wp-json\/wp\/v2\/product"}],"about":[{"href":"https:\/\/metaltale.com\/lv\/wp-json\/wp\/v2\/types\/product"}],"replies":[{"embeddable":true,"href":"https:\/\/metaltale.com\/lv\/wp-json\/wp\/v2\/comments?post=136616"}],"version-history":[{"count":0,"href":"https:\/\/metaltale.com\/lv\/wp-json\/wp\/v2\/product\/136616\/revisions"}],"wp:featuredmedia":[{"embeddable":true,"href":"https:\/\/metaltale.com\/lv\/wp-json\/wp\/v2\/media\/130630"}],"wp:attachment":[{"href":"https:\/\/metaltale.com\/lv\/wp-json\/wp\/v2\/media?parent=136616"}],"wp:term":[{"taxonomy":"product_brand","embeddable":true,"href":"https:\/\/metaltale.com\/lv\/wp-json\/wp\/v2\/product_brand?post=136616"},{"taxonomy":"product_cat","embeddable":true,"href":"https:\/\/metaltale.com\/lv\/wp-json\/wp\/v2\/product_cat?post=136616"},{"taxonomy":"product_tag","embeddable":true,"href":"https:\/\/metaltale.com\/lv\/wp-json\/wp\/v2\/product_tag?post=136616"}],"curies":[{"name":"wp","href":"https:\/\/api.w.org\/{rel}","templated":true}]}}