{"id":136611,"date":"2024-02-13T15:07:38","date_gmt":"2024-02-13T13:07:38","guid":{"rendered":"https:\/\/metaltale.com\/produktas\/mebelu-rokturis-antique-95-mm-old-gold\/"},"modified":"2024-02-13T15:07:38","modified_gmt":"2024-02-13T13:07:38","slug":"mebelu-rokturis-antique-95-mm-old-gold","status":"publish","type":"product","link":"https:\/\/metaltale.com\/lv\/produkts\/mebelu-rokturis-antique-95-mm-old-gold\/","title":{"rendered":"M\u0113be\u013cu rokturis ANTIQUE 95 mm OLD GOLD"},"content":{"rendered":"<div class=\"prod_data\">\n<p><strong>Modelis<\/strong> 15120Z064. PRGR<br \/>\n<strong>Materi\u0101ls<\/strong> Cinka sakaus\u0113jums<br \/>\n<strong>Platums (cm<\/strong> ) 9,5<br \/>\n<strong>Augstums (cm<\/strong> ) 3,8<br \/>\n<strong>Kop\u0113j\u0101 projekcija (cm<\/strong> ) 3,6<br \/>\n<strong>Att\u0101lums starp<\/strong> caurumiem (<strong>cm<\/strong> ) 6,4<br \/>\nMont\u0101\u017eas skr\u016bves J\u0101<\/p>\n<p>M\u0113be\u013cu rokturis ir izgatavots no augst\u0101k\u0101s kvalit\u0101tes materi\u0101la, t\u0101p\u0113c izstr\u0101d\u0101jums kalpos ilgu laiku.<\/p>\n<p>Virsma rada noveco\u0161anas iespaidu, pie\u0161\u0137irot rokturim lauku raksturu.<\/p>\n<p>T\u0101s forma \u013cauj efekt\u012bvi un viegli atv\u0113rt m\u0113beles<\/p>\n<hr>\n<p>Pareizi izv\u0113l\u0113ti m\u0113be\u013cu piederumi pie\u0161\u0137ir m\u016bsu m\u0113bel\u0113m ori\u0123in\u0101lu raksturu. M\u0113be\u013cu rokturi noteikti ir viens no tiem aksesu\u0101riem, kas var pie\u0161\u0137irt m\u016bsu m\u0113bel\u0113m jaunu, neparastu izskatu.<\/p>\n<p>&#8220;Korpusa m\u0113be\u013cu rokturi ir neatsl\u0101bsto\u0161i popul\u0101ri to vienk\u0101r\u0161\u0101s un funkcion\u0101l\u0101s formas, k\u0101 ar\u012b ori\u0123in\u0101l\u0101 rakstura d\u0113\u013c. Att\u0113l\u0101 redzamo rokturu virsma rada iespaidu, ka t\u0101 ir novecojusi, pie\u0161\u0137irot tiem interesantu lauku izskatu. J\u016bras glieme\u017ev\u0101ku formas rokturi b\u016bs piem\u0113roti gan klasisk\u0101m, gan rustik\u0101l\u0101m vai retro m\u0113bel\u0113m. Tie lieliski akcent\u0113s m\u016bsu telpas ori\u0123in\u0101lo raksturu.<\/p>\n<\/div>\n","protected":false},"excerpt":{"rendered":"<p>Modelis 15120Z064. PRGR Materi\u0101ls Cinka sakaus\u0113jums Platums (cm ) 9,5 Augstums (cm ) 3,8 Kop\u0113j\u0101 projekcija (cm ) 3,6 Att\u0101lums<\/p>\n","protected":false},"featured_media":130648,"comment_status":"open","ping_status":"closed","template":"","meta":{"_acf_changed":false,"pmpro_default_level":""},"product_brand":[],"product_cat":[23841,23837,23838],"product_tag":[],"class_list":{"0":"post-136611","1":"product","2":"type-product","3":"status-publish","4":"has-post-thumbnail","6":"product_cat-korpusa-rokturi","7":"product_cat-mebeles-piederumi","8":"product_cat-mebelu-rokturi","9":"pmpro-has-access","11":"first","12":"instock","13":"shipping-taxable","14":"purchasable","15":"product-type-simple"},"acf":[],"yoast_head":"<!-- This site is optimized with the Yoast SEO plugin v24.9 - https:\/\/yoast.com\/wordpress\/plugins\/seo\/ -->\n<title>M\u0113be\u013cu rokturis ANTIQUE 95 mm OLD GOLD - MetalTale.com<\/title>\n<meta name=\"robots\" content=\"index, follow, max-snippet:-1, max-image-preview:large, max-video-preview:-1\" \/>\n<link rel=\"canonical\" href=\"https:\/\/metaltale.com\/lv\/produkts\/mebelu-rokturis-antique-95-mm-old-gold\/\" \/>\n<meta property=\"og:locale\" content=\"lv_LV\" \/>\n<meta property=\"og:type\" content=\"article\" \/>\n<meta property=\"og:title\" content=\"M\u0113be\u013cu rokturis ANTIQUE 95 mm OLD GOLD - MetalTale.com\" \/>\n<meta property=\"og:description\" content=\"Modelis 15120Z064. PRGR Materi\u0101ls Cinka sakaus\u0113jums Platums (cm ) 9,5 Augstums (cm ) 3,8 Kop\u0113j\u0101 projekcija (cm ) 3,6 Att\u0101lums\" \/>\n<meta property=\"og:url\" content=\"https:\/\/metaltale.com\/lv\/produkts\/mebelu-rokturis-antique-95-mm-old-gold\/\" \/>\n<meta property=\"og:site_name\" content=\"MetalTale.com\" \/>\n<meta name=\"twitter:card\" content=\"summary_large_image\" \/>\n<meta name=\"twitter:label1\" content=\"Est. reading time\" \/>\n\t<meta name=\"twitter:data1\" content=\"1 minute\" \/>\n<script type=\"application\/ld+json\" class=\"yoast-schema-graph\">{\"@context\":\"https:\/\/schema.org\",\"@graph\":[{\"@type\":\"WebPage\",\"@id\":\"https:\/\/metaltale.com\/lv\/produkts\/mebelu-rokturis-antique-95-mm-old-gold\/\",\"url\":\"https:\/\/metaltale.com\/lv\/produkts\/mebelu-rokturis-antique-95-mm-old-gold\/\",\"name\":\"M\u0113be\u013cu rokturis ANTIQUE 95 mm OLD GOLD - MetalTale.com\",\"isPartOf\":{\"@id\":\"https:\/\/metaltale.com\/lv\/#website\"},\"primaryImageOfPage\":{\"@id\":\"https:\/\/metaltale.com\/lv\/produkts\/mebelu-rokturis-antique-95-mm-old-gold\/#primaryimage\"},\"image\":{\"@id\":\"https:\/\/metaltale.com\/lv\/produkts\/mebelu-rokturis-antique-95-mm-old-gold\/#primaryimage\"},\"thumbnailUrl\":\"https:\/\/metaltale.com\/wp-content\/uploads\/2024\/01\/Baldu-rankena-ANTIQUE-95-mm-SENAS-AUKSAS-1.jpg\",\"datePublished\":\"2024-02-13T13:07:38+00:00\",\"breadcrumb\":{\"@id\":\"https:\/\/metaltale.com\/lv\/produkts\/mebelu-rokturis-antique-95-mm-old-gold\/#breadcrumb\"},\"inLanguage\":\"lv-LV\",\"potentialAction\":[{\"@type\":\"ReadAction\",\"target\":[\"https:\/\/metaltale.com\/lv\/produkts\/mebelu-rokturis-antique-95-mm-old-gold\/\"]}]},{\"@type\":\"ImageObject\",\"inLanguage\":\"lv-LV\",\"@id\":\"https:\/\/metaltale.com\/lv\/produkts\/mebelu-rokturis-antique-95-mm-old-gold\/#primaryimage\",\"url\":\"https:\/\/metaltale.com\/wp-content\/uploads\/2024\/01\/Baldu-rankena-ANTIQUE-95-mm-SENAS-AUKSAS-1.jpg\",\"contentUrl\":\"https:\/\/metaltale.com\/wp-content\/uploads\/2024\/01\/Baldu-rankena-ANTIQUE-95-mm-SENAS-AUKSAS-1.jpg\",\"width\":800,\"height\":800,\"caption\":\"M\u0113be\u013cu rokturis ANTIQUE 95 mm OLD GOLD\"},{\"@type\":\"BreadcrumbList\",\"@id\":\"https:\/\/metaltale.com\/lv\/produkts\/mebelu-rokturis-antique-95-mm-old-gold\/#breadcrumb\",\"itemListElement\":[{\"@type\":\"ListItem\",\"position\":1,\"name\":\"Home\",\"item\":\"https:\/\/metaltale.com\/lv\/majas\/\"},{\"@type\":\"ListItem\",\"position\":2,\"name\":\"Veikals\",\"item\":\"https:\/\/metaltale.com\/lv\/shop\/\"},{\"@type\":\"ListItem\",\"position\":3,\"name\":\"M\u0113be\u013cu rokturis ANTIQUE 95 mm OLD GOLD\"}]},{\"@type\":\"WebSite\",\"@id\":\"https:\/\/metaltale.com\/lv\/#website\",\"url\":\"https:\/\/metaltale.com\/lv\/\",\"name\":\"Metaltale.com\",\"description\":\"\",\"potentialAction\":[{\"@type\":\"SearchAction\",\"target\":{\"@type\":\"EntryPoint\",\"urlTemplate\":\"https:\/\/metaltale.com\/lv\/?s={search_term_string}\"},\"query-input\":{\"@type\":\"PropertyValueSpecification\",\"valueRequired\":true,\"valueName\":\"search_term_string\"}}],\"inLanguage\":\"lv-LV\"}]}<\/script>\n<!-- \/ Yoast SEO plugin. -->","yoast_head_json":{"title":"M\u0113be\u013cu rokturis ANTIQUE 95 mm OLD GOLD - MetalTale.com","robots":{"index":"index","follow":"follow","max-snippet":"max-snippet:-1","max-image-preview":"max-image-preview:large","max-video-preview":"max-video-preview:-1"},"canonical":"https:\/\/metaltale.com\/lv\/produkts\/mebelu-rokturis-antique-95-mm-old-gold\/","og_locale":"lv_LV","og_type":"article","og_title":"M\u0113be\u013cu rokturis ANTIQUE 95 mm OLD GOLD - MetalTale.com","og_description":"Modelis 15120Z064. PRGR Materi\u0101ls Cinka sakaus\u0113jums Platums (cm ) 9,5 Augstums (cm ) 3,8 Kop\u0113j\u0101 projekcija (cm ) 3,6 Att\u0101lums","og_url":"https:\/\/metaltale.com\/lv\/produkts\/mebelu-rokturis-antique-95-mm-old-gold\/","og_site_name":"MetalTale.com","twitter_card":"summary_large_image","twitter_misc":{"Est. reading time":"1 minute"},"schema":{"@context":"https:\/\/schema.org","@graph":[{"@type":"WebPage","@id":"https:\/\/metaltale.com\/lv\/produkts\/mebelu-rokturis-antique-95-mm-old-gold\/","url":"https:\/\/metaltale.com\/lv\/produkts\/mebelu-rokturis-antique-95-mm-old-gold\/","name":"M\u0113be\u013cu rokturis ANTIQUE 95 mm OLD GOLD - MetalTale.com","isPartOf":{"@id":"https:\/\/metaltale.com\/lv\/#website"},"primaryImageOfPage":{"@id":"https:\/\/metaltale.com\/lv\/produkts\/mebelu-rokturis-antique-95-mm-old-gold\/#primaryimage"},"image":{"@id":"https:\/\/metaltale.com\/lv\/produkts\/mebelu-rokturis-antique-95-mm-old-gold\/#primaryimage"},"thumbnailUrl":"https:\/\/metaltale.com\/wp-content\/uploads\/2024\/01\/Baldu-rankena-ANTIQUE-95-mm-SENAS-AUKSAS-1.jpg","datePublished":"2024-02-13T13:07:38+00:00","breadcrumb":{"@id":"https:\/\/metaltale.com\/lv\/produkts\/mebelu-rokturis-antique-95-mm-old-gold\/#breadcrumb"},"inLanguage":"lv-LV","potentialAction":[{"@type":"ReadAction","target":["https:\/\/metaltale.com\/lv\/produkts\/mebelu-rokturis-antique-95-mm-old-gold\/"]}]},{"@type":"ImageObject","inLanguage":"lv-LV","@id":"https:\/\/metaltale.com\/lv\/produkts\/mebelu-rokturis-antique-95-mm-old-gold\/#primaryimage","url":"https:\/\/metaltale.com\/wp-content\/uploads\/2024\/01\/Baldu-rankena-ANTIQUE-95-mm-SENAS-AUKSAS-1.jpg","contentUrl":"https:\/\/metaltale.com\/wp-content\/uploads\/2024\/01\/Baldu-rankena-ANTIQUE-95-mm-SENAS-AUKSAS-1.jpg","width":800,"height":800,"caption":"M\u0113be\u013cu rokturis ANTIQUE 95 mm OLD GOLD"},{"@type":"BreadcrumbList","@id":"https:\/\/metaltale.com\/lv\/produkts\/mebelu-rokturis-antique-95-mm-old-gold\/#breadcrumb","itemListElement":[{"@type":"ListItem","position":1,"name":"Home","item":"https:\/\/metaltale.com\/lv\/majas\/"},{"@type":"ListItem","position":2,"name":"Veikals","item":"https:\/\/metaltale.com\/lv\/shop\/"},{"@type":"ListItem","position":3,"name":"M\u0113be\u013cu rokturis ANTIQUE 95 mm OLD GOLD"}]},{"@type":"WebSite","@id":"https:\/\/metaltale.com\/lv\/#website","url":"https:\/\/metaltale.com\/lv\/","name":"Metaltale.com","description":"","potentialAction":[{"@type":"SearchAction","target":{"@type":"EntryPoint","urlTemplate":"https:\/\/metaltale.com\/lv\/?s={search_term_string}"},"query-input":{"@type":"PropertyValueSpecification","valueRequired":true,"valueName":"search_term_string"}}],"inLanguage":"lv-LV"}]}},"_links":{"self":[{"href":"https:\/\/metaltale.com\/lv\/wp-json\/wp\/v2\/product\/136611","targetHints":{"allow":["GET"]}}],"collection":[{"href":"https:\/\/metaltale.com\/lv\/wp-json\/wp\/v2\/product"}],"about":[{"href":"https:\/\/metaltale.com\/lv\/wp-json\/wp\/v2\/types\/product"}],"replies":[{"embeddable":true,"href":"https:\/\/metaltale.com\/lv\/wp-json\/wp\/v2\/comments?post=136611"}],"version-history":[{"count":0,"href":"https:\/\/metaltale.com\/lv\/wp-json\/wp\/v2\/product\/136611\/revisions"}],"wp:featuredmedia":[{"embeddable":true,"href":"https:\/\/metaltale.com\/lv\/wp-json\/wp\/v2\/media\/130648"}],"wp:attachment":[{"href":"https:\/\/metaltale.com\/lv\/wp-json\/wp\/v2\/media?parent=136611"}],"wp:term":[{"taxonomy":"product_brand","embeddable":true,"href":"https:\/\/metaltale.com\/lv\/wp-json\/wp\/v2\/product_brand?post=136611"},{"taxonomy":"product_cat","embeddable":true,"href":"https:\/\/metaltale.com\/lv\/wp-json\/wp\/v2\/product_cat?post=136611"},{"taxonomy":"product_tag","embeddable":true,"href":"https:\/\/metaltale.com\/lv\/wp-json\/wp\/v2\/product_tag?post=136611"}],"curies":[{"name":"wp","href":"https:\/\/api.w.org\/{rel}","templated":true}]}}