{"id":136561,"date":"2024-02-13T15:07:04","date_gmt":"2024-02-13T13:07:04","guid":{"rendered":"https:\/\/metaltale.com\/produktas\/mebelu-poga-golden-25mm\/"},"modified":"2024-02-13T15:07:04","modified_gmt":"2024-02-13T13:07:04","slug":"mebelu-poga-golden-25mm","status":"publish","type":"product","link":"https:\/\/metaltale.com\/lv\/produkts\/mebelu-poga-golden-25mm\/","title":{"rendered":"M\u0113be\u013cu poga GOLDEN 25mm"},"content":{"rendered":"<div class=\"prod_data\">\n<p><strong>Modelis<\/strong> 70.086.SB. PRGR<br \/>\n<strong>Materi\u0101ls<\/strong> T\u0113rauds<br \/>\n<strong>Kop\u0113jais diametrs (cm<\/strong> ) 2,5<br \/>\n<strong>Kop\u0113j\u0101 projekcija (cm<\/strong> ) 2,3<br \/>\n<strong>Mont\u0101\u017eas skr\u016bves<\/strong> Skr\u016bve<br \/>\nZelta <strong>kr\u0101sa<\/strong> <\/p>\n<p>Izgatavots no augst\u0101k\u0101s kvalit\u0101tes \u010duguna, kas garant\u0113 iztur\u012bbu un iztur\u012bbu.<\/p>\n<p>Klasiskas formas rokturis, kas padara to \u013coti funkcion\u0101lu<\/p>\n<p>Izstr\u0101d\u0101jumam ir pievienota skr\u016bve vieglai mont\u0101\u017eai<\/p>\n<hr>\n<p>M\u0113be\u013cu rokturi ir \u013coti svar\u012bgs elements, kad v\u0113lamies pie\u0161\u0137irt m\u0113bel\u0113m jaunu izskatu. Ir v\u0113rts atcer\u0113ties, ka pat nelielas deta\u013cas vai papildin\u0101jumi var uzlabot visas telpas vizu\u0101lo iespaidu.<\/p>\n<p>Ar savu smalko un eleganto raksturu m\u0113be\u013cu poga iepriecin\u0101s visus ori\u0123in\u0101lu aksesu\u0101ru cien\u012bt\u0101jus. T\u0101 klasisk\u0101 forma m\u0113be\u013cu nozar\u0113 tiek izmantota jau vair\u0101kas paaudzes. Vienk\u0101r\u0161\u0101 forma sast\u0101v no pla\u0161a korpusa, kas uzmont\u0113ts uz \u0161auras k\u0101jas, t\u0101p\u0113c rokturi ir \u013coti \u0113rti lietojams un m\u0113be\u013cu atv\u0113r\u0161ana ir \u013coti vienk\u0101r\u0161a. Zelta kr\u0101sa pie\u0161\u0137ir rokturim smalku eleganci un stilu. Rokturis ir piem\u0113rots daudziem stiliem, s\u0101kot no modern\u0101 l\u012bdz lauku vai vintage stilam, pateicoties t\u0101 vispus\u012bgajai apstr\u0101dei.<\/p>\n<\/div>\n","protected":false},"excerpt":{"rendered":"<p>Modelis 70.086.SB. PRGR Materi\u0101ls T\u0113rauds Kop\u0113jais diametrs (cm ) 2,5 Kop\u0113j\u0101 projekcija (cm ) 2,3 Mont\u0101\u017eas skr\u016bves Skr\u016bve Zelta kr\u0101sa<\/p>\n","protected":false},"featured_media":113963,"comment_status":"open","ping_status":"closed","template":"","meta":{"_acf_changed":false,"pmpro_default_level":""},"product_brand":[],"product_cat":[23864,23837,23875],"product_tag":[],"class_list":{"0":"post-136561","1":"product","2":"type-product","3":"status-publish","4":"has-post-thumbnail","6":"product_cat-baldu-rankeneles-lv","7":"product_cat-mebeles-piederumi","8":"product_cat-rankeneles-lv","9":"pmpro-has-access","11":"first","12":"instock","13":"shipping-taxable","14":"purchasable","15":"product-type-simple"},"acf":[],"yoast_head":"<!-- This site is optimized with the Yoast SEO plugin v24.9 - https:\/\/yoast.com\/wordpress\/plugins\/seo\/ -->\n<title>M\u0113be\u013cu poga GOLDEN 25mm - MetalTale.com<\/title>\n<meta name=\"robots\" content=\"index, follow, max-snippet:-1, max-image-preview:large, max-video-preview:-1\" \/>\n<link rel=\"canonical\" href=\"https:\/\/metaltale.com\/lv\/produkts\/mebelu-poga-golden-25mm\/\" \/>\n<meta property=\"og:locale\" content=\"lv_LV\" \/>\n<meta property=\"og:type\" content=\"article\" \/>\n<meta property=\"og:title\" content=\"M\u0113be\u013cu poga GOLDEN 25mm - MetalTale.com\" \/>\n<meta property=\"og:description\" content=\"Modelis 70.086.SB. PRGR Materi\u0101ls T\u0113rauds Kop\u0113jais diametrs (cm ) 2,5 Kop\u0113j\u0101 projekcija (cm ) 2,3 Mont\u0101\u017eas skr\u016bves Skr\u016bve Zelta kr\u0101sa\" \/>\n<meta property=\"og:url\" content=\"https:\/\/metaltale.com\/lv\/produkts\/mebelu-poga-golden-25mm\/\" \/>\n<meta property=\"og:site_name\" content=\"MetalTale.com\" \/>\n<meta name=\"twitter:card\" content=\"summary_large_image\" \/>\n<meta name=\"twitter:label1\" content=\"Est. reading time\" \/>\n\t<meta name=\"twitter:data1\" content=\"1 minute\" \/>\n<script type=\"application\/ld+json\" class=\"yoast-schema-graph\">{\"@context\":\"https:\/\/schema.org\",\"@graph\":[{\"@type\":\"WebPage\",\"@id\":\"https:\/\/metaltale.com\/lv\/produkts\/mebelu-poga-golden-25mm\/\",\"url\":\"https:\/\/metaltale.com\/lv\/produkts\/mebelu-poga-golden-25mm\/\",\"name\":\"M\u0113be\u013cu poga GOLDEN 25mm - MetalTale.com\",\"isPartOf\":{\"@id\":\"https:\/\/metaltale.com\/lv\/#website\"},\"primaryImageOfPage\":{\"@id\":\"https:\/\/metaltale.com\/lv\/produkts\/mebelu-poga-golden-25mm\/#primaryimage\"},\"image\":{\"@id\":\"https:\/\/metaltale.com\/lv\/produkts\/mebelu-poga-golden-25mm\/#primaryimage\"},\"thumbnailUrl\":\"https:\/\/metaltale.com\/wp-content\/uploads\/2023\/11\/Baldx173-rankenx117lx117-GOLD-35mm.jpg\",\"datePublished\":\"2024-02-13T13:07:04+00:00\",\"breadcrumb\":{\"@id\":\"https:\/\/metaltale.com\/lv\/produkts\/mebelu-poga-golden-25mm\/#breadcrumb\"},\"inLanguage\":\"lv-LV\",\"potentialAction\":[{\"@type\":\"ReadAction\",\"target\":[\"https:\/\/metaltale.com\/lv\/produkts\/mebelu-poga-golden-25mm\/\"]}]},{\"@type\":\"ImageObject\",\"inLanguage\":\"lv-LV\",\"@id\":\"https:\/\/metaltale.com\/lv\/produkts\/mebelu-poga-golden-25mm\/#primaryimage\",\"url\":\"https:\/\/metaltale.com\/wp-content\/uploads\/2023\/11\/Baldx173-rankenx117lx117-GOLD-35mm.jpg\",\"contentUrl\":\"https:\/\/metaltale.com\/wp-content\/uploads\/2023\/11\/Baldx173-rankenx117lx117-GOLD-35mm.jpg\",\"width\":800,\"height\":800,\"caption\":\"M\u0113be\u013cu poga GOLDEN 25mm\"},{\"@type\":\"BreadcrumbList\",\"@id\":\"https:\/\/metaltale.com\/lv\/produkts\/mebelu-poga-golden-25mm\/#breadcrumb\",\"itemListElement\":[{\"@type\":\"ListItem\",\"position\":1,\"name\":\"Home\",\"item\":\"https:\/\/metaltale.com\/lv\/majas\/\"},{\"@type\":\"ListItem\",\"position\":2,\"name\":\"Veikals\",\"item\":\"https:\/\/metaltale.com\/lv\/shop\/\"},{\"@type\":\"ListItem\",\"position\":3,\"name\":\"M\u0113be\u013cu poga GOLDEN 25mm\"}]},{\"@type\":\"WebSite\",\"@id\":\"https:\/\/metaltale.com\/lv\/#website\",\"url\":\"https:\/\/metaltale.com\/lv\/\",\"name\":\"Metaltale.com\",\"description\":\"\",\"potentialAction\":[{\"@type\":\"SearchAction\",\"target\":{\"@type\":\"EntryPoint\",\"urlTemplate\":\"https:\/\/metaltale.com\/lv\/?s={search_term_string}\"},\"query-input\":{\"@type\":\"PropertyValueSpecification\",\"valueRequired\":true,\"valueName\":\"search_term_string\"}}],\"inLanguage\":\"lv-LV\"}]}<\/script>\n<!-- \/ Yoast SEO plugin. -->","yoast_head_json":{"title":"M\u0113be\u013cu poga GOLDEN 25mm - MetalTale.com","robots":{"index":"index","follow":"follow","max-snippet":"max-snippet:-1","max-image-preview":"max-image-preview:large","max-video-preview":"max-video-preview:-1"},"canonical":"https:\/\/metaltale.com\/lv\/produkts\/mebelu-poga-golden-25mm\/","og_locale":"lv_LV","og_type":"article","og_title":"M\u0113be\u013cu poga GOLDEN 25mm - MetalTale.com","og_description":"Modelis 70.086.SB. PRGR Materi\u0101ls T\u0113rauds Kop\u0113jais diametrs (cm ) 2,5 Kop\u0113j\u0101 projekcija (cm ) 2,3 Mont\u0101\u017eas skr\u016bves Skr\u016bve Zelta kr\u0101sa","og_url":"https:\/\/metaltale.com\/lv\/produkts\/mebelu-poga-golden-25mm\/","og_site_name":"MetalTale.com","twitter_card":"summary_large_image","twitter_misc":{"Est. reading time":"1 minute"},"schema":{"@context":"https:\/\/schema.org","@graph":[{"@type":"WebPage","@id":"https:\/\/metaltale.com\/lv\/produkts\/mebelu-poga-golden-25mm\/","url":"https:\/\/metaltale.com\/lv\/produkts\/mebelu-poga-golden-25mm\/","name":"M\u0113be\u013cu poga GOLDEN 25mm - MetalTale.com","isPartOf":{"@id":"https:\/\/metaltale.com\/lv\/#website"},"primaryImageOfPage":{"@id":"https:\/\/metaltale.com\/lv\/produkts\/mebelu-poga-golden-25mm\/#primaryimage"},"image":{"@id":"https:\/\/metaltale.com\/lv\/produkts\/mebelu-poga-golden-25mm\/#primaryimage"},"thumbnailUrl":"https:\/\/metaltale.com\/wp-content\/uploads\/2023\/11\/Baldx173-rankenx117lx117-GOLD-35mm.jpg","datePublished":"2024-02-13T13:07:04+00:00","breadcrumb":{"@id":"https:\/\/metaltale.com\/lv\/produkts\/mebelu-poga-golden-25mm\/#breadcrumb"},"inLanguage":"lv-LV","potentialAction":[{"@type":"ReadAction","target":["https:\/\/metaltale.com\/lv\/produkts\/mebelu-poga-golden-25mm\/"]}]},{"@type":"ImageObject","inLanguage":"lv-LV","@id":"https:\/\/metaltale.com\/lv\/produkts\/mebelu-poga-golden-25mm\/#primaryimage","url":"https:\/\/metaltale.com\/wp-content\/uploads\/2023\/11\/Baldx173-rankenx117lx117-GOLD-35mm.jpg","contentUrl":"https:\/\/metaltale.com\/wp-content\/uploads\/2023\/11\/Baldx173-rankenx117lx117-GOLD-35mm.jpg","width":800,"height":800,"caption":"M\u0113be\u013cu poga GOLDEN 25mm"},{"@type":"BreadcrumbList","@id":"https:\/\/metaltale.com\/lv\/produkts\/mebelu-poga-golden-25mm\/#breadcrumb","itemListElement":[{"@type":"ListItem","position":1,"name":"Home","item":"https:\/\/metaltale.com\/lv\/majas\/"},{"@type":"ListItem","position":2,"name":"Veikals","item":"https:\/\/metaltale.com\/lv\/shop\/"},{"@type":"ListItem","position":3,"name":"M\u0113be\u013cu poga GOLDEN 25mm"}]},{"@type":"WebSite","@id":"https:\/\/metaltale.com\/lv\/#website","url":"https:\/\/metaltale.com\/lv\/","name":"Metaltale.com","description":"","potentialAction":[{"@type":"SearchAction","target":{"@type":"EntryPoint","urlTemplate":"https:\/\/metaltale.com\/lv\/?s={search_term_string}"},"query-input":{"@type":"PropertyValueSpecification","valueRequired":true,"valueName":"search_term_string"}}],"inLanguage":"lv-LV"}]}},"_links":{"self":[{"href":"https:\/\/metaltale.com\/lv\/wp-json\/wp\/v2\/product\/136561","targetHints":{"allow":["GET"]}}],"collection":[{"href":"https:\/\/metaltale.com\/lv\/wp-json\/wp\/v2\/product"}],"about":[{"href":"https:\/\/metaltale.com\/lv\/wp-json\/wp\/v2\/types\/product"}],"replies":[{"embeddable":true,"href":"https:\/\/metaltale.com\/lv\/wp-json\/wp\/v2\/comments?post=136561"}],"version-history":[{"count":0,"href":"https:\/\/metaltale.com\/lv\/wp-json\/wp\/v2\/product\/136561\/revisions"}],"wp:featuredmedia":[{"embeddable":true,"href":"https:\/\/metaltale.com\/lv\/wp-json\/wp\/v2\/media\/113963"}],"wp:attachment":[{"href":"https:\/\/metaltale.com\/lv\/wp-json\/wp\/v2\/media?parent=136561"}],"wp:term":[{"taxonomy":"product_brand","embeddable":true,"href":"https:\/\/metaltale.com\/lv\/wp-json\/wp\/v2\/product_brand?post=136561"},{"taxonomy":"product_cat","embeddable":true,"href":"https:\/\/metaltale.com\/lv\/wp-json\/wp\/v2\/product_cat?post=136561"},{"taxonomy":"product_tag","embeddable":true,"href":"https:\/\/metaltale.com\/lv\/wp-json\/wp\/v2\/product_tag?post=136561"}],"curies":[{"name":"wp","href":"https:\/\/api.w.org\/{rel}","templated":true}]}}